{"id":2835,"date":"2025-02-20T16:43:10","date_gmt":"2025-02-20T08:43:10","guid":{"rendered":"https:\/\/eco-drinkware.com\/?post_type=product&#038;p=2835"},"modified":"2025-02-20T17:00:13","modified_gmt":"2025-02-20T09:00:13","slug":"gv083-vaso-isotermico-de-24-oz-de-acero-inoxidable-con-tapa-magnetica-tu-companero-perfecto-para-cada-sorbo","status":"publish","type":"product","link":"https:\/\/eco-drinkware.com\/es\/product\/gv083-vaso-isotermico-de-24-oz-de-acero-inoxidable-con-tapa-magnetica-tu-companero-perfecto-para-cada-sorbo\/","title":{"rendered":"GV083 Vaso aislante con tapa magn\u00e9tica Ringo de 24 oz de acero inoxidable: \u00a1el compa\u00f1ero perfecto para cada sorbo!"},"content":{"rendered":"<h2 class=\"wp-block-heading\">Caracter\u00edsticas del producto:<\/h2>\n\n\n\n<p>Mant\u00e9ngase hidratado con estilo con nuestro\u00a0<strong>Vaso isot\u00e9rmico con tapa magn\u00e9tica<\/strong>dise\u00f1ado para mantener tus bebidas calientes o fr\u00edas hasta\u00a0<strong>24 horas<\/strong>\u00a1! Tanto si te tomas el caf\u00e9 por la ma\u00f1ana como si disfrutas de un refrescante t\u00e9 helado, este vaso te garantiza que tu bebida se mantendr\u00e1 a la temperatura perfecta durante todo el d\u00eda.<\/p>\n\n\n\n<p>\u2728&nbsp;<strong>Tapa magn\u00e9tica con soporte para tel\u00e9fono:<\/strong>&nbsp;La innovadora tapa magn\u00e9tica no s\u00f3lo sirve para sellar la bebida, sino que tambi\u00e9n sirve como&nbsp;<strong>soporte para tel\u00e9fono<\/strong>\u00a1! S\u00f3lo tienes que sujetar tu tel\u00e9fono a la tapa y disfrutar de navegaci\u00f3n manos libres, videollamadas o entretenimiento mientras bebes a sorbos. Perfecto para tu escritorio, coche o aventuras al aire libre.<\/p>\n\n\n\n<p>\ud83d\udca7&nbsp;<strong>C\u00f3moda pajita para beber a sorbos:<\/strong>&nbsp;La pajita incluida facilita la hidrataci\u00f3n sobre la marcha. Se acab\u00f3 desenroscar tapas o derramar l\u00edquidos: \u00a1s\u00f3lo tienes que sorber y disfrutar!<\/p>\n\n\n\n<p>\ud83c\udf21\ufe0f&nbsp;<strong>Retenci\u00f3n de temperatura durante 24 horas:<\/strong>&nbsp;Fabricado con un aislamiento al vac\u00edo de doble pared, este vaso mantiene tus bebidas calientes calientes y tus bebidas fr\u00edas durante m\u00e1s tiempo.&nbsp;<strong>24 horas<\/strong>. Desp\u00eddase del caf\u00e9 tibio o del agua helada derretida.<\/p>\n\n\n\n<p>\ud83c\udf43&nbsp;<strong>Respetuoso con el medio ambiente y duradero:<\/strong>&nbsp;Fabricado en acero inoxidable de alta calidad sin BPA, este vaso est\u00e1 hecho para durar. Olv\u00eddate de los vasos de un solo uso y reduce los residuos con una opci\u00f3n reutilizable y respetuosa con el medio ambiente.<\/p>\n\n\n\n<p>\ud83c\udfa8\u00a0<strong>Dise\u00f1o elegante y moderno:<\/strong>\u00a0Disponible en una variedad de elegantes colores, este vaso es tan moderno como funcional. Es el accesorio perfecto para el trabajo, los viajes o la rutina diaria.<\/p>\n\n\n\n<p>Tama\u00f1o 24oz \/720ml, perfecto para llevar o colgar en la mochila o cualquier otra cosa. 720ml es buena caapcity para beber un d\u00eda. Tener una botella que tomar son de usted bien.<\/p>\n\n\n\n<p><strong>Por qu\u00e9 te encantar\u00e1:<\/strong><\/p>\n\n\n\n<ul class=\"wp-block-list\">\n<li><strong>Vers\u00e1til y pr\u00e1ctico:<\/strong>\u00a0La tapa magn\u00e9tica transforma tu vaso en un\u00a0<strong>gadget multifuncional<\/strong>\u00a0- soporte para bebidas y tel\u00e9fono en uno<\/li>\n\n\n\n<li><strong>A prueba de fugas y salpicaduras:<\/strong>\u00a0La tapa de seguridad garantiza que no se derramen l\u00edquidos, incluso durante los desplazamientos.<\/li>\n\n\n\n<li><strong>Perfecto para cualquier ocasi\u00f3n:<\/strong>\u00a0Tanto si est\u00e1s en la oficina, en el gimnasio o de excursi\u00f3n, este vaso es tu mejor aliado para mantenerte hidratado y conectado.<\/li>\n<\/ul>\n\n\n\n<p>Color: Podemos hacer cualquier color para los clientes. PMS color es bienvenido. Tanto el cuerpo y la tapa puede hacer PMS color. equipo Eco Drinkware puede ofrecer maqueta con dise\u00f1o personalizado.<br>Esta botella de t\u00e9 de forma recta es buena para adultos, f\u00e1cil de llevar para acampar, caminar, correr, etc. Perfecta para beber agua, t\u00e9, zumo y caf\u00e9.<br>Recubrimiento: sin recubrimiento (acero inoxidable cepillado), pintura en aerosol, recubrimiento en polvo, cobreado, etc.<br>\u25cfPattern: patr\u00f3n personalizado puede ser impreso y se puede hacer por varias t\u00e9cnicas de impresi\u00f3n: serigraf\u00eda, impresi\u00f3n de transferencia de calor, impresi\u00f3n de transferencia de agua, transferencia de sublimaci\u00f3n, etc..<br>\u25cfLogo: F\u00e1cil de trabajar en el logotipo personalizado. Las opciones del logotipo incluyen: logotipo de la calcoman\u00eda, impresi\u00f3n de seda, transferencia de calor, sublimaci\u00f3n, etc. Bienvenido a compartir su logotipo. Nuestro equipo enviar\u00e1 maqueta de vuelta.<br>\u25cfCaja de embalaje: caja blanca, caja impresa personalizada, caja cil\u00edndrica, bolsa de burbujas, caja de regalo, cualquier paquete de dise\u00f1o personalizado es bienvenido, etc.<br>\u25cfBotella de t\u00e9 de acero inoxidable apta para lavavajillas.Se puede lavar a m\u00e1quina.<br>Una botella isot\u00e9rmica de doble pared es un recipiente dise\u00f1ado para mantener las bebidas carbonatadas, como los refrescos o los refrescos de cola, a una temperatura constante durante los desplazamientos. La botella suele ser de doble pared, con un espacio sellado al vac\u00edo entre la pared interior y la exterior, lo que le confiere excelentes propiedades aislantes.<br>\u25cfEl espacio sellado al vac\u00edo entre las paredes act\u00faa como barrera para evitar que el calor entre o salga de la botella. Esto ayuda a mantener calientes bebidas como el caf\u00e9, el t\u00e9 o la sopa durante varias horas, mientras que las bebidas fr\u00edas como el agua, el zumo o los refrescos permanecen fr\u00edas durante un periodo prolongado.<br>Las botellas isot\u00e9rmicas son una opci\u00f3n excelente para quienes desean mantener sus bebidas a una temperatura constante mientras se desplazan, ya sea de excursi\u00f3n, acampada, viaje o simplemente para ir al trabajo.<br>\u25cfSpecialized en la fabricaci\u00f3n y exportaci\u00f3n de todo tipo de drinkware como botellas de agua, vasos al por mayor, contenedores de alimentos, cuencos de perro, ensaladeras, puede enfriadores, botella de vidrio, botellas de bamb\u00fa. Eco Drinkware posee l\u00edneas de producci\u00f3n automatizadas y de alta eficiencia. Adoptamos Industry4.0 y seguimos siendo competitivos en la industria. La producci\u00f3n automatizada hace que nuestros productos sean m\u00e1s baratos y competitivos en precio.<br>\u25cfEco Drinkware hacer OEM y ODM. Con los mejores ingenieros profesionales con m\u00e1s de 10 a\u00f1os de experiencia en la industria de fabricaci\u00f3n de botellas de agua, f\u00e1cil de hacer su idea en productos reales. una calurosa bienvenida a compartir con nosotros para su idea.<br>Hacemos la inspecci\u00f3n de la calidad en l\u00ednea para asegurarnos de que la producci\u00f3n va bien y no cualquier error. Si hay error, podemos corregirlo a tiempo para ahorrar coste. Confiamos en que la calidad trae m\u00e1s para los clientes y fabricantes. Con Eco Drinkware, obtendr\u00e1 m\u00e1s clientes y m\u00e1s mercado, tambi\u00e9n obtendr\u00e1 una buena reputaci\u00f3n de los clientes. Porque nuestro equipo feliz de mejorar nosotros mismos y los productos a ser excelente en nuestra industria.<br>\u25cfM\u00e9todo de env\u00edo : FOB,CIF, DDU, DDP por tren o mar a clientes globales.<\/p>\n\n\n\n<div class=\"wp-block-uagb-image uagb-block-ebf0aa1f wp-block-uagb-image--layout-default wp-block-uagb-image--effect-static wp-block-uagb-image--align-none\"><figure class=\"wp-block-uagb-image__figure\"><img decoding=\"async\" src=\"https:\/\/eco-drinkware.com\/wp-content\/uploads\/2025\/02\/magnetic-lid-bottle-3.jpg\" alt=\"gv083 Vaso isot\u00e9rmico de 24 oz de acero inoxidable con tapa magn\u00e9tica: \u00a1tu compa\u00f1ero perfecto para cada sorbo!\" class=\"uag-image-2841\" width=\"1000\" height=\"1000\" title=\"gv083 Vaso isot\u00e9rmico de 24 oz de acero inoxidable con tapa magn\u00e9tica: \u00a1tu compa\u00f1ero perfecto para cada sorbo!\" loading=\"lazy\" role=\"img\" \/><\/figure><\/div>\n\n\n\n<figure class=\"wp-block-table\"><table class=\"has-fixed-layout\"><tbody><tr><td>N\u00famero de art\u00edculo<\/td><td>GV083<\/td><\/tr><tr><td>Capacidad<\/td><td>24oz\/720ml<\/td><\/tr><tr><td>Aislamiento<\/td><td>S\u00ed&nbsp;&nbsp;&nbsp;&nbsp;&nbsp;&nbsp;&nbsp;&nbsp;&nbsp;&nbsp;&nbsp;&nbsp;&nbsp;<\/td><\/tr><tr><td>Posici\u00f3n del logotipo<\/td><td>Cuerpo de la botella<\/td><\/tr><tr><td>Color<\/td><td>Rojo, plata, verde, azul, blanco, negro, oro rosa, color personalizado, color PMS<\/td><\/tr><tr><td>Material<\/td><td>Acero inoxidable 304 interior y exterior, nueva tapa de pl\u00e1stico pp, junta de silicona<\/td><\/tr><tr><td>Caracter\u00edstica<\/td><td>Termo de doble pared, gran capacidad, dise\u00f1o personalizado<\/td><\/tr><tr><td>MOQ<\/td><td>100 unidades<\/td><\/tr><tr><td>Logotipo<\/td><td>L\u00e1ser, serigraf\u00eda, transferencia de calor, transferencia de agua, transferencia de gas, impresi\u00f3n 3D, sublimaci\u00f3n, etc.<\/td><\/tr><tr><td>Paquete<\/td><td>caja blanca, caja impresa personalizada, caja cil\u00edndrica, bolsa de burbujas, caja de regalo<\/td><\/tr><tr><td>Tiempo de muestreo<\/td><td>3 d\u00edas para muestra de stock, 7 d\u00edas para muestra de logotipo personalizado<\/td><\/tr><tr><td>Tiempo de producci\u00f3n<\/td><td>10-35 d\u00edas dependiendo de la cantidad y los requisitos<\/td><\/tr><tr><td>Sobre el pago<\/td><td>Transferencia bancaria , paypal, western union , trade assurance<\/td><\/tr><tr><td>Pa\u00eds de origen<\/td><td>Fabricado en China<\/td><\/tr><tr><td>Origen del certificado<\/td><td>S\u00ed, podemos ofrecer<\/td><\/tr><tr><td>Nuevo molde de botella<\/td><td>S\u00ed, tenemos un nuevo equipo de desarrollo de moldes<\/td><\/tr><tr><td>T\u00e9rminos<\/td><td>EXW,FOB,CIF, DDU, DDP<\/td><\/tr><\/tbody><\/table><\/figure>\n\n\n\n<p><\/p>","protected":false},"excerpt":{"rendered":"<p>Botella de t\u00e9 de calidad con precio competitivo, dise\u00f1o elegante con infusor.perfecto para la marca de t\u00e9 al por mayor<\/p>\n<ul>\n<li>Material de acero inoxidable 18\/8 sin BPA, seguro para los alimentos y respetuoso con el medio ambiente. Bueno para nuestra salud.<\/li>\n<li>Boca ancha para beber f\u00e1cilmente. Se puede poner un tubo de hielo dentro. Tambi\u00e9n bueno para t\u00e9 helado.<\/li>\n<li>Dise\u00f1o aislante de doble pared, mantiene el t\u00e9 fr\u00edo o caliente durante mucho tiempo.<\/li>\n<li>La tapa con asa es perfecta para llevar. Es buena para el gimnasio, el senderismo, etc. F\u00e1cil de colocar en la bolsa o en otro lugar.<\/li>\n<li>Con infusor para preparar t\u00e9, perfecto para vender con t\u00e9 u otros productos<\/li>\n<li>A prueba de \u00f3xido y derrames.<\/li>\n<li>Disponibles en 500 ml y 700 ml, perfectas para preparar t\u00e9.<\/li>\n<li>Se admiten colores y dise\u00f1os personalizados.<\/li>\n<li>Admite paquetes personalizados<\/li>\n<li>Sin sudor: Esta botella de agua de acero inoxidable nunca suda cuando se llena de agua helada y no quema las manos cuando se llena de agua caliente.<\/li>\n<li>Duradera y resistente: esta botella de agua aislada de acero inoxidable est\u00e1 fabricada con una estructura de acero inoxidable de doble pared, que es resistente y duradera.<\/li>\n<li>Varios colores est\u00e1n disponibles, apoyar el trabajo de color personalizado<\/li>\n<li>apto para lavavajillas, apto para todos los soportes, soporte para coche, soporte para mochila y soporte para bicicleta.<\/li>\n<\/ul>","protected":false},"featured_media":2841,"template":"","meta":{"_acf_changed":true,"_seopress_robots_primary_cat":"none","_seopress_titles_title":"Custom stainless steel tea flask for loose tea with infuser and handle lid","_seopress_titles_desc":"Food safe and BPA free material, custom color and design is welcome. Profession tea bottle manufacturer in China. Door to door delibery worldwide.","_seopress_robots_index":"","_uag_custom_page_level_css":""},"product_brand":[],"product_cat":[32,40,19,24,20],"product_tag":[71,70,77,69,86],"class_list":{"0":"post-2835","1":"product","2":"type-product","3":"status-publish","4":"has-post-thumbnail","6":"product_cat-insulated-water-bottle","7":"product_cat-stainless-steel-tumbler","8":"product_cat-stainless-steel-water-bottle","9":"product_cat-tumblers-mugs","10":"product_cat-vacuum-flask","11":"product_tag-bpa-free-vacuum-flask","12":"product_tag-double-wall-insulated-flask","13":"product_tag-personalized-insulated-mug","14":"product_tag-stainless-steel-flask","15":"product_tag-stainless-steel-insulated-cups-with-lid-and-straw","17":"first","18":"instock","19":"shipping-taxable","20":"product-type-simple"},"acf":[],"uagb_featured_image_src":{"full":["https:\/\/eco-drinkware.com\/wp-content\/uploads\/2025\/02\/magnetic-lid-bottle-3.jpg",800,800,false],"thumbnail":["https:\/\/eco-drinkware.com\/wp-content\/uploads\/2025\/02\/magnetic-lid-bottle-3-150x150.jpg",150,150,true],"medium":["https:\/\/eco-drinkware.com\/wp-content\/uploads\/2025\/02\/magnetic-lid-bottle-3-300x300.jpg",300,300,true],"medium_large":["https:\/\/eco-drinkware.com\/wp-content\/uploads\/2025\/02\/magnetic-lid-bottle-3-768x768.jpg",768,768,true],"large":["https:\/\/eco-drinkware.com\/wp-content\/uploads\/2025\/02\/magnetic-lid-bottle-3.jpg",800,800,false],"1536x1536":["https:\/\/eco-drinkware.com\/wp-content\/uploads\/2025\/02\/magnetic-lid-bottle-3.jpg",800,800,false],"2048x2048":["https:\/\/eco-drinkware.com\/wp-content\/uploads\/2025\/02\/magnetic-lid-bottle-3.jpg",800,800,false],"trp-custom-language-flag":["https:\/\/eco-drinkware.com\/wp-content\/uploads\/2025\/02\/magnetic-lid-bottle-3.jpg",12,12,false],"woocommerce_thumbnail":["https:\/\/eco-drinkware.com\/wp-content\/uploads\/2025\/02\/magnetic-lid-bottle-3-300x300.jpg",300,300,true],"woocommerce_single":["https:\/\/eco-drinkware.com\/wp-content\/uploads\/2025\/02\/magnetic-lid-bottle-3-600x600.jpg",600,600,true],"woocommerce_gallery_thumbnail":["https:\/\/eco-drinkware.com\/wp-content\/uploads\/2025\/02\/magnetic-lid-bottle-3-100x100.jpg",100,100,true]},"uagb_author_info":{"display_name":"Amy","author_link":"https:\/\/eco-drinkware.com\/es\/author\/"},"uagb_comment_info":0,"uagb_excerpt":"Quality tea bottle with competitive price, elegent design with infuser.Perfect for tea brand wholesale BPA Free food safe ecofriendly 18\/8 stainless steel material. scratching resistance. Good for our healthy. Wide mouth for easy drinking. Okay to put ice tube inside. Also good for ice tea. Double wall insulated design,keep syour tea cool or hot for&hellip;","_links":{"self":[{"href":"https:\/\/eco-drinkware.com\/es\/wp-json\/wp\/v2\/product\/2835","targetHints":{"allow":["GET"]}}],"collection":[{"href":"https:\/\/eco-drinkware.com\/es\/wp-json\/wp\/v2\/product"}],"about":[{"href":"https:\/\/eco-drinkware.com\/es\/wp-json\/wp\/v2\/types\/product"}],"wp:featuredmedia":[{"embeddable":true,"href":"https:\/\/eco-drinkware.com\/es\/wp-json\/wp\/v2\/media\/2841"}],"wp:attachment":[{"href":"https:\/\/eco-drinkware.com\/es\/wp-json\/wp\/v2\/media?parent=2835"}],"wp:term":[{"taxonomy":"product_brand","embeddable":true,"href":"https:\/\/eco-drinkware.com\/es\/wp-json\/wp\/v2\/product_brand?post=2835"},{"taxonomy":"product_cat","embeddable":true,"href":"https:\/\/eco-drinkware.com\/es\/wp-json\/wp\/v2\/product_cat?post=2835"},{"taxonomy":"product_tag","embeddable":true,"href":"https:\/\/eco-drinkware.com\/es\/wp-json\/wp\/v2\/product_tag?post=2835"}],"curies":[{"name":"wp","href":"https:\/\/api.w.org\/{rel}","templated":true}]}}