{"id":2899,"date":"2025-03-21T16:11:59","date_gmt":"2025-03-21T08:11:59","guid":{"rendered":"https:\/\/eco-drinkware.com\/?post_type=product&#038;p=2899"},"modified":"2025-03-21T16:45:22","modified_gmt":"2025-03-21T08:45:22","slug":"gv084-frankgreen-34oz-vaso-de-acero-inoxidable-personalizado-diseno-personalizado-durable-aislado-drinkware","status":"publish","type":"product","link":"https:\/\/eco-drinkware.com\/es\/product\/gv084-frankgreen-34oz-vaso-de-acero-inoxidable-personalizado-diseno-personalizado-durable-aislado-drinkware\/","title":{"rendered":"GV084 frankgreen Vaso de Acero Inoxidable Personalizado de 34oz - Dise\u00f1o Personalizado, Duradero y Aislante Drinkware"},"content":{"rendered":"<h2 class=\"wp-block-heading\"><strong>Vaso de acero inoxidable personalizado de 34 oz - Opciones de pedido a granel disponibles<\/strong><\/h2>\n\n\n\n<p><strong>Vajillas personalizables para cada necesidad<\/strong><br>Presentamos nuestro\u00a0<strong>Vaso de acero inoxidable personalizado de 34 oz<\/strong>, es la soluci\u00f3n perfecta para empresas, eventos o regalos promocionales. Dise\u00f1ado pensando en la durabilidad y la personalizaci\u00f3n, este vaso es ideal para pedidos al por mayor, ya que ofrece una calidad y funcionalidad excepcionales a un precio de f\u00e1brica competitivo.<\/p>\n\n\n\n<p><strong>Caracter\u00edsticas principales:<\/strong><\/p>\n\n\n\n<p>\ud83d\udca7\u00a0<strong>Gran capacidad de 34 oz<\/strong>\u00a0- Perfecto para mantener las bebidas calientes o fr\u00edas durante todo el d\u00eda, lo que lo convierte en una opci\u00f3n pr\u00e1ctica para oficinas, eventos o comercios.<\/p>\n\n\n\n<p>\ud83c\udf21\ufe0f\u00a0<strong>Aislamiento de doble pared al vac\u00edo<\/strong>\u00a0- Garantiza que las bebidas permanezcan calientes hasta 12 horas o fr\u00edas hasta 24 horas, proporcionando una retenci\u00f3n superior de la temperatura.<\/p>\n\n\n\n<p>\ud83c\udf43&nbsp;<strong>Respetuoso con el medio ambiente y duradero:<\/strong>&nbsp;Fabricado en acero inoxidable de alta calidad sin BPA, este vaso est\u00e1 hecho para durar. Olv\u00eddate de los vasos de un solo uso y reduce los residuos con una opci\u00f3n reutilizable y respetuosa con el medio ambiente.<\/p>\n\n\n\n<p>\ud83c\udfa8\u00a0<strong>Totalmente personalizable<\/strong>\u00a0- A\u00f1ada su logotipo, marca o dise\u00f1o exclusivo para crear un vaso personalizado que destaque. Nuestra f\u00e1brica admite impresi\u00f3n personalizada, grabado o grabado l\u00e1ser para satisfacer sus necesidades espec\u00edficas.<\/p>\n\n\n\n<p><strong>Construcci\u00f3n de acero inoxidable de primera calidad<\/strong>\u00a0- Fabricado en acero inoxidable de alta calidad para uso alimentario, resistente al \u00f3xido, sin BPA y resistente a la corrosi\u00f3n.<\/p>\n\n\n\n<p><strong>Por qu\u00e9 te encantar\u00e1:<\/strong><\/p>\n\n\n\n<h3 class=\"wp-block-heading\"><strong>\u00bfPor qu\u00e9 elegir nuestro vaso para pedidos al por mayor?<\/strong><\/h3>\n\n\n\n<p>\u2728&nbsp;<strong>Opciones de personalizaci\u00f3n<\/strong>&nbsp;- Como proveedor de confianza, ofrecemos una amplia gama de opciones de personalizaci\u00f3n, incluida la colocaci\u00f3n del logotipo, las opciones de color y el embalaje.<br>\u2728&nbsp;<strong>Precios directos de f\u00e1brica<\/strong>&nbsp;- Disfrute de tarifas competitivas para pedidos al por mayor, que garantizan la rentabilidad sin comprometer la calidad.<br>\u2728&nbsp;<strong>Duradero y fiable<\/strong>&nbsp;- Fabricados para resistir el uso diario, nuestros vasos son perfectos para regalos de empresa, eventos promocionales o ventas al por menor.<br>\u2728&nbsp;<strong>Entrega r\u00e1pida<\/strong>&nbsp;- Nuestra f\u00e1brica est\u00e1 equipada para gestionar pedidos a gran escala con una producci\u00f3n eficiente y una entrega puntual.<br>\u2728&nbsp;<strong>Ecol\u00f3gico y reutilizable<\/strong>&nbsp;- Fomente la sostenibilidad con un vaso reutilizable que reduce los residuos y se ajusta a los valores de la conciencia ecol\u00f3gica.<\/p>\n\n\n\n<hr class=\"wp-block-separator has-alpha-channel-opacity\" \/>\n\n\n\n<h3 class=\"wp-block-heading\"><strong>Perfecto para:<\/strong><\/h3>\n\n\n\n<ul class=\"wp-block-list\">\n<li><strong>Regalos de empresa<\/strong>\u00a0- Impresione a sus clientes o recompense a sus empleados con un vaso de marca de alta calidad.<\/li>\n\n\n\n<li><strong>Eventos promocionales<\/strong>\u00a0- Aumente la visibilidad de su marca con un art\u00edculo de regalo pr\u00e1ctico y elegante.<\/li>\n\n\n\n<li><strong>Ventas al por menor<\/strong>\u00a0- Abast\u00e9cete de vasos personalizables que atraigan a un p\u00fablico amplio.<\/li>\n\n\n\n<li><strong>Recaudaci\u00f3n de fondos y regalos<\/strong>\u00a0- Ofrezca un producto funcional y memorable que encante a los simpatizantes.<\/li>\n<\/ul>\n\n\n\n<hr class=\"wp-block-separator has-alpha-channel-opacity\" \/>\n\n\n\n<p><strong>P\u00eddalo hoy mismo<\/strong><br>Como proveedor l\u00edder de bebidas personalizadas, nos especializamos en ayudar a las empresas a crear productos personalizados que dejen una impresi\u00f3n duradera. Tanto si necesita 100 como 10.000 unidades, nuestra f\u00e1brica est\u00e1 preparada para satisfacer sus demandas con una calidad de primera y un servicio excepcional.<\/p>\n\n\n\n<p><strong>P\u00f3ngase en contacto con nosotros para un presupuesto personalizado y eleve su imagen de marca con nuestro Vaso de Acero Inoxidable Personalizado de 34 oz.<\/strong><\/p>\n\n\n\n<div class=\"wp-block-uagb-image uagb-block-ebf0aa1f wp-block-uagb-image--layout-default wp-block-uagb-image--effect-static wp-block-uagb-image--align-none\"><figure class=\"wp-block-uagb-image__figure\"><img decoding=\"async\" src=\"https:\/\/eco-drinkware.com\/wp-content\/uploads\/2025\/03\/custom-water-tumbler.jpg\" alt=\"gv084 frankgreen 34oz vaso de acero inoxidable personalizado dise\u00f1o personalizado, durable y aislado drinkware\" class=\"uag-image-2901\" width=\"1000\" height=\"1000\" title=\"gv084 frankgreen 34oz vaso de acero inoxidable personalizado dise\u00f1o personalizado, durable y aislado drinkware\" loading=\"lazy\" role=\"img\" \/><\/figure><\/div>\n\n\n\n<figure class=\"wp-block-table\"><table class=\"has-fixed-layout\"><tbody><tr><td>N\u00famero de art\u00edculo<\/td><td>GV084<\/td><\/tr><tr><td>Capacidad<\/td><td>34oz\/1000ml<\/td><\/tr><tr><td>Aislamiento<\/td><td>S\u00ed&nbsp;&nbsp;&nbsp;&nbsp;&nbsp;&nbsp;&nbsp;&nbsp;&nbsp;&nbsp;&nbsp;&nbsp;&nbsp;<\/td><\/tr><tr><td>Posici\u00f3n del logotipo<\/td><td>Cuerpo de la botella <\/td><\/tr><tr><td>Color<\/td><td>Rojo, plata, verde, azul, blanco, negro, oro rosa, color personalizado, color PMS<\/td><\/tr><tr><td>Material<\/td><td>Acero inoxidable 304 interior y exterior, nueva tapa de pl\u00e1stico pp, junta de silicona<\/td><\/tr><tr><td>Caracter\u00edstica<\/td><td>Termo de doble pared, gran capacidad, dise\u00f1o personalizado<\/td><\/tr><tr><td>MOQ<\/td><td>100 unidades<\/td><\/tr><tr><td>Logotipo<\/td><td>L\u00e1ser, serigraf\u00eda, transferencia de calor, transferencia de agua, transferencia de gas, impresi\u00f3n 3D, sublimaci\u00f3n, etc.<\/td><\/tr><tr><td>Paquete<\/td><td>caja blanca, caja impresa personalizada, caja cil\u00edndrica, bolsa de burbujas, caja de regalo<\/td><\/tr><tr><td>Tiempo de muestreo<\/td><td>3 d\u00edas para muestra de stock, 7 d\u00edas para muestra de logotipo personalizado<\/td><\/tr><tr><td>Tiempo de producci\u00f3n<\/td><td>10-35 d\u00edas dependiendo de la cantidad y los requisitos<\/td><\/tr><tr><td>Sobre el pago<\/td><td>Transferencia bancaria , paypal, western union , trade assurance<\/td><\/tr><tr><td>Pa\u00eds de origen<\/td><td>Fabricado en China<\/td><\/tr><tr><td>Origen del certificado<\/td><td>S\u00ed, podemos ofrecer<\/td><\/tr><tr><td>Nuevo molde de botella<\/td><td>S\u00ed, tenemos un nuevo equipo de desarrollo de moldes<\/td><\/tr><tr><td>T\u00e9rminos<\/td><td>EXW,FOB,CIF, DDU, DDP<\/td><\/tr><\/tbody><\/table><\/figure>\n\n\n\n<p><\/p>","protected":false},"excerpt":{"rendered":"<p>Vaso de acero inoxidable de calidad, personalizado y duradero\u00a0<\/p>\n<ul>\n<li>\n<p>\u00a0<strong>Gran capacidad de 34 oz<\/strong>\u00a0- Perfecto para la hidrataci\u00f3n durante todo el d\u00eda.<\/p>\n<\/li>\n<li>\n<p>\u00a0<strong>Dise\u00f1o personalizable<\/strong> - A\u00f1ada su logotipo, texto o ilustraciones para personalizarlo.<\/p>\n<\/li>\n<li>\n<p>\u00a0<strong>Aislamiento de doble pared al vac\u00edo<\/strong>\u00a0- Mantiene las bebidas calientes durante 12 horas y fr\u00edas durante 24 horas.<\/p>\n<\/li>\n<li>\n<p><strong>Acero inoxidable duradero<\/strong> - Resistente a la corrosi\u00f3n, sin BPA y fabricado para durar.Materiales aptos para uso alimentario<\/p>\n<\/li>\n<li>\n<p>\u00a0<strong>A prueba de sudor y fugas<\/strong>\u00a0- Exterior sin condensaci\u00f3n y tapa segura para un uso sin complicaciones.<\/p>\n<\/li>\n<li>\n<p><strong>Vers\u00e1til y port\u00e1til<\/strong>\u00a0- Ideal para el hogar, la oficina, los viajes o las aventuras al aire libre.<\/p>\n<p>Mejora tu vajilla con un vaso tan \u00fanico como t\u00fa.<\/p>\n<\/li>\n<\/ul>","protected":false},"featured_media":2900,"template":"","meta":{"_acf_changed":true,"_seopress_robots_primary_cat":"none","_seopress_titles_title":"Frankgreen 34oz Custom insulated Stainless Steel Tumbler","_seopress_titles_desc":"Food safe and BPA free materials, custom color and design is welcome. Profession drinkware manufacturer in China. Door to door delivery worldwide.","_seopress_robots_index":"","_uag_custom_page_level_css":""},"product_brand":[],"product_cat":[32,40,19,24,20],"product_tag":[71,70,77,69,86],"class_list":{"0":"post-2899","1":"product","2":"type-product","3":"status-publish","4":"has-post-thumbnail","6":"product_cat-insulated-water-bottle","7":"product_cat-stainless-steel-tumbler","8":"product_cat-stainless-steel-water-bottle","9":"product_cat-tumblers-mugs","10":"product_cat-vacuum-flask","11":"product_tag-bpa-free-vacuum-flask","12":"product_tag-double-wall-insulated-flask","13":"product_tag-personalized-insulated-mug","14":"product_tag-stainless-steel-flask","15":"product_tag-stainless-steel-insulated-cups-with-lid-and-straw","17":"first","18":"instock","19":"shipping-taxable","20":"product-type-simple"},"acf":[],"uagb_featured_image_src":{"full":["https:\/\/eco-drinkware.com\/wp-content\/uploads\/2025\/03\/customize-stainless-steel-tumbler.jpg",1200,1200,false],"thumbnail":["https:\/\/eco-drinkware.com\/wp-content\/uploads\/2025\/03\/customize-stainless-steel-tumbler-150x150.jpg",150,150,true],"medium":["https:\/\/eco-drinkware.com\/wp-content\/uploads\/2025\/03\/customize-stainless-steel-tumbler-300x300.jpg",300,300,true],"medium_large":["https:\/\/eco-drinkware.com\/wp-content\/uploads\/2025\/03\/customize-stainless-steel-tumbler-768x768.jpg",768,768,true],"large":["https:\/\/eco-drinkware.com\/wp-content\/uploads\/2025\/03\/customize-stainless-steel-tumbler.jpg",1200,1200,false],"1536x1536":["https:\/\/eco-drinkware.com\/wp-content\/uploads\/2025\/03\/customize-stainless-steel-tumbler.jpg",1200,1200,false],"2048x2048":["https:\/\/eco-drinkware.com\/wp-content\/uploads\/2025\/03\/customize-stainless-steel-tumbler.jpg",1200,1200,false],"trp-custom-language-flag":["https:\/\/eco-drinkware.com\/wp-content\/uploads\/2025\/03\/customize-stainless-steel-tumbler.jpg",12,12,false],"woocommerce_thumbnail":["https:\/\/eco-drinkware.com\/wp-content\/uploads\/2025\/03\/customize-stainless-steel-tumbler-300x300.jpg",300,300,true],"woocommerce_single":["https:\/\/eco-drinkware.com\/wp-content\/uploads\/2025\/03\/customize-stainless-steel-tumbler-600x600.jpg",600,600,true],"woocommerce_gallery_thumbnail":["https:\/\/eco-drinkware.com\/wp-content\/uploads\/2025\/03\/customize-stainless-steel-tumbler-100x100.jpg",100,100,true]},"uagb_author_info":{"display_name":"Amy","author_link":"https:\/\/eco-drinkware.com\/es\/author\/"},"uagb_comment_info":0,"uagb_excerpt":"Quality custom durable stainless steel tumbler\u00a0 \u00a034oz Large Capacity\u00a0\u2013 Perfect for all-day hydration. \u00a0Customizable Design \u2013 Add your logo, text, or artwork for a customization. \u00a0Double-Wall Vacuum Insulation\u00a0\u2013 Keeps drinks hot for 12 hours and cold for 24 hours. Durable Stainless Steel \u2013 Rust-resistant, BPA-free, and built to last.Food safe materials \u00a0Sweat-Proof &amp; Leak-Proof\u00a0\u2013 Condensation-free&hellip;","_links":{"self":[{"href":"https:\/\/eco-drinkware.com\/es\/wp-json\/wp\/v2\/product\/2899","targetHints":{"allow":["GET"]}}],"collection":[{"href":"https:\/\/eco-drinkware.com\/es\/wp-json\/wp\/v2\/product"}],"about":[{"href":"https:\/\/eco-drinkware.com\/es\/wp-json\/wp\/v2\/types\/product"}],"wp:featuredmedia":[{"embeddable":true,"href":"https:\/\/eco-drinkware.com\/es\/wp-json\/wp\/v2\/media\/2900"}],"wp:attachment":[{"href":"https:\/\/eco-drinkware.com\/es\/wp-json\/wp\/v2\/media?parent=2899"}],"wp:term":[{"taxonomy":"product_brand","embeddable":true,"href":"https:\/\/eco-drinkware.com\/es\/wp-json\/wp\/v2\/product_brand?post=2899"},{"taxonomy":"product_cat","embeddable":true,"href":"https:\/\/eco-drinkware.com\/es\/wp-json\/wp\/v2\/product_cat?post=2899"},{"taxonomy":"product_tag","embeddable":true,"href":"https:\/\/eco-drinkware.com\/es\/wp-json\/wp\/v2\/product_tag?post=2899"}],"curies":[{"name":"wp","href":"https:\/\/api.w.org\/{rel}","templated":true}]}}