{"id":2963,"date":"2025-04-22T16:06:51","date_gmt":"2025-04-22T08:06:51","guid":{"rendered":"https:\/\/eco-drinkware.com\/?post_type=product&#038;p=2963"},"modified":"2025-04-24T11:37:42","modified_gmt":"2025-04-24T03:37:42","slug":"stanley-14oz-copa-de-vino-de-acero-inoxidable-aislado-vaso-inastillable-durable-para-el-vino-tinto-blanco-perfecto-para-viajes-camping-uso-al-aire-libre","status":"publish","type":"product","link":"https:\/\/eco-drinkware.com\/es\/product\/stanley-14oz-copa-de-vino-de-acero-inoxidable-aislado-vaso-inastillable-durable-para-el-vino-tinto-blanco-perfecto-para-viajes-camping-uso-al-aire-libre\/","title":{"rendered":"Vaso de vino Stanley de acero inoxidable de 14oz - Vaso aislado, duradero e inastillable para vino tinto\/blanco - Perfecto para viajes, camping y uso al aire libre"},"content":{"rendered":"<h2 class=\"wp-block-heading\"><strong>Descripci\u00f3n del producto:<\/strong><\/h2>\n\n\n\n<p><strong>Mejore su experiencia de consumo<\/strong>&nbsp;- Dise\u00f1ado para los amantes del vino que exigen durabilidad sin sacrificar el estilo, nuestro&nbsp;<strong>Copa de vino de acero inoxidable de 14 oz<\/strong>&nbsp;combina la elegancia con una funcionalidad robusta. Perfecto para&nbsp;<strong>restaurantes, hoteles, organizadores de eventos y compradores al por mayor<\/strong>Este vaso de alta calidad est\u00e1 dise\u00f1ado para resistir el uso diario y mantener las bebidas a la temperatura ideal.<\/p>\n\n\n\n<p><strong>Caracter\u00edsticas principales:<\/strong><\/p>\n\n\n\n<p>\u2714&nbsp;<strong>Acero inoxidable 18\/8 de primera calidad<\/strong>&nbsp;- Hecho de&nbsp;<strong>de calidad alimentaria, resistente a la oxidaci\u00f3n<\/strong>&nbsp;acero inoxidable para un rendimiento duradero.<\/p>\n\n\n\n<p>\u2714&nbsp;<strong>Aislamiento de doble pared al vac\u00edo<\/strong>&nbsp;- Conserva el vino&nbsp;<strong>refrigerado durante horas<\/strong>&nbsp;(o caliente para el vino caliente) sin condensaci\u00f3n.<\/p>\n\n\n\n<p>\u2714&nbsp;<strong>Inastillable e irrompible<\/strong>&nbsp;- Ideal para&nbsp;<strong>eventos al aire libre, acampada, navegaci\u00f3n y uso comercial<\/strong>-\u00a1no m\u00e1s cristales rotos!<\/p>\n\n\n\n<p>\u2714&nbsp;<strong>Capacidad perfecta de 414 ml<\/strong>&nbsp;- Capacidad para una raci\u00f3n completa de vino tinto, blanco o rosado, con un dise\u00f1o elegante y sin pie.<\/p>\n\n\n\n<p>\u2714&nbsp;<strong>No t\u00f3xico y sin BPA<\/strong>&nbsp;- Seguro para bebidas fr\u00edas y calientes, reuni\u00f3n&nbsp;<strong>normas mundiales de seguridad alimentaria<\/strong>.<\/p>\n\n\n\n<p><\/p>\n\n\n\n<p>\u2714&nbsp;<strong>F\u00e1cil de limpiar y apto para lavavajillas<\/strong>&nbsp;- Ahorra tiempo a&nbsp;<strong>bares, servicios de catering y usuarios a granel<\/strong>.<\/p>\n\n\n\n<p><strong>Por qu\u00e9 te encantar\u00e1:<\/strong><\/p>\n\n\n\n<h3 class=\"wp-block-heading\"><strong><strong>\u00bfPor qu\u00e9 elegir nuestra copa de vino de acero inoxidable?<\/strong><\/strong><\/h3>\n\n\n\n<p>\u2705&nbsp;<strong>Marca personalizada y descuentos por volumen<\/strong>&nbsp;- Como l\u00edder&nbsp;<strong>fabricante y proveedor<\/strong>ofrecemos&nbsp;<strong>Servicios OEM\/ODM<\/strong>&nbsp;para empresas que buscan&nbsp;<strong>personalizar<\/strong>&nbsp;estos vasos con logotipos o envoltorios. Perfectos para&nbsp;<strong>regalos de empresa, bodas y actos promocionales<\/strong>.<br>\u2705&nbsp;<strong>Precios directos de f\u00e1brica<\/strong>&nbsp;- Sin intermediarios Suministramos&nbsp;<strong>pedidos al por mayor y a granel<\/strong>&nbsp;a precios competitivos, por lo que son ideales para&nbsp;<strong>cadenas de restaurantes, complejos tur\u00edsticos y minoristas<\/strong>.<br>\u2705&nbsp;<strong>Duradero y rentable<\/strong>&nbsp;- A diferencia de la fr\u00e1gil cristaler\u00eda, nuestras copas de vino de acero inoxidable&nbsp;<strong>reducir los costes de sustituci\u00f3n<\/strong>por lo que son una inversi\u00f3n inteligente para&nbsp;<strong>lugares de gran afluencia<\/strong>.<br>\u2728&nbsp;<strong>Entrega r\u00e1pida<\/strong>&nbsp;- Nuestra f\u00e1brica est\u00e1 equipada para gestionar pedidos a gran escala con una producci\u00f3n eficiente y una entrega puntual.<br>\u2728&nbsp;<strong>Ecol\u00f3gico y reutilizable<\/strong>&nbsp;- Fomente la sostenibilidad con un vaso reutilizable que reduce los residuos y se ajusta a los valores de la conciencia ecol\u00f3gica.<\/p>\n\n\n\n<hr class=\"wp-block-separator has-alpha-channel-opacity\"\/>\n\n\n\n<h3 class=\"wp-block-heading\"><strong>Perfecto para:<\/strong><\/h3>\n\n\n\n<ul class=\"wp-block-list\">\n<li><strong>Hoteles y complejos tur\u00edsticos<\/strong>&nbsp;- Mejore la experiencia de sus clientes con vasos irrompibles<\/li>\n\n\n\n<li><strong>Bares y restaurantes<\/strong>&nbsp;- Reduzca los costes de rotura y mantenimiento.<\/li>\n\n\n\n<li><strong>Ventas al por menor<\/strong>&nbsp;- Abast\u00e9cete de vasos personalizables que atraigan a un p\u00fablico amplio.<\/li>\n\n\n\n<li><strong>Recaudaci\u00f3n de fondos y regalos<\/strong>&nbsp;- Ofrezca un producto funcional y memorable que encante a los simpatizantes.<\/li>\n\n\n\n<li><strong>Eventos de empresa y bodas<\/strong>&nbsp;- Impresi\u00f3n personalizada para marcas o recuerdos.<\/li>\n\n\n\n<li><strong>Aficionados a las actividades al aire libre<\/strong>&nbsp;- Ideal para camping, picnics y viajes.<\/li>\n<\/ul>\n\n\n\n<hr class=\"wp-block-separator has-alpha-channel-opacity\"\/>\n\n\n\n<p><strong><strong>Ventajas de la compra al por mayor:<\/strong><\/strong><br>\ud83d\udd39&nbsp;<strong>MOQ (cantidad m\u00ednima de pedido) Flexibilidad<\/strong>&nbsp;- Disponible en lotes peque\u00f1os o grandes.<br>\ud83d\udd39&nbsp;<strong>Env\u00edo mundial r\u00e1pido<\/strong>&nbsp;- Fiable&nbsp;<strong>proveedor<\/strong>&nbsp;con almacenes en regiones clave.<br>\ud83d\udd39&nbsp;<strong>Envases a medida<\/strong>&nbsp;- Cajas de marca, lotes de regalo u opciones ecol\u00f3gicas.<\/p>\n\n\n\n<p><strong>Cambie hoy mismo a una copa de vino m\u00e1s inteligente y sostenible.<\/strong>&nbsp;Ideal para&nbsp;<strong>distribuidores, minoristas y compradores a granel<\/strong>&nbsp;buscando&nbsp;<strong>soluciones de alta calidad y personalizables<\/strong>.<\/p>\n\n\n\n<p><strong>P\u00f3ngase en contacto con nosotros para precios al por mayor y oportunidades OEM.<\/strong><\/p>\n\n\n\n<div class=\"wp-block-uagb-image uagb-block-ebf0aa1f wp-block-uagb-image--layout-default wp-block-uagb-image--effect-static wp-block-uagb-image--align-none\"><figure class=\"wp-block-uagb-image__figure\"><img decoding=\"async\" srcset=\"https:\/\/eco-drinkware.com\/wp-content\/uploads\/2025\/04\/gv089-stainless-steel-wine-glass.jpg ,https:\/\/eco-drinkware.com\/wp-content\/uploads\/2025\/04\/gv089-stainless-steel-wine-glass.jpg 780w, https:\/\/eco-drinkware.com\/wp-content\/uploads\/2025\/04\/gv089-stainless-steel-wine-glass.jpg 360w\" sizes=\"auto, (max-width: 480px) 150px\" src=\"https:\/\/eco-drinkware.com\/wp-content\/uploads\/2025\/04\/gv089-stainless-steel-wine-glass.jpg\" alt=\"copa de vino stanley de acero inoxidable de 14oz - vaso aislado, duradero e inastillable para vino tinto\/blanco - perfecto para viajes, camping y uso al aire libre\" class=\"uag-image-2968\" width=\"1000\" height=\"1000\" title=\"copa de vino stanley de acero inoxidable de 14oz - vaso aislado, duradero e inastillable para vino tinto\/blanco - perfecto para viajes, camping y uso al aire libre\" loading=\"lazy\" role=\"img\"\/><\/figure><\/div>\n\n\n\n<figure class=\"wp-block-table\"><table class=\"has-fixed-layout\"><tbody><tr><td>N\u00famero de art\u00edculo<\/td><td>GV089<\/td><\/tr><tr><td>Capacidad<\/td><td>14oz\/414ml<\/td><\/tr><tr><td>Aislamiento<\/td><td>S\u00ed&nbsp;&nbsp;&nbsp;&nbsp;&nbsp;&nbsp;&nbsp;&nbsp;&nbsp;&nbsp;&nbsp;&nbsp;&nbsp;<\/td><\/tr><tr><td>Posici\u00f3n del logotipo<\/td><td>Cuerpo de la botella <\/td><\/tr><tr><td>Color<\/td><td>Rojo, plata, verde, azul, blanco, negro, oro rosa, color personalizado, color PMS<\/td><\/tr><tr><td>Material<\/td><td>Acero inoxidable 304 interior y exterior, nueva tapa de pl\u00e1stico pp, junta de silicona<\/td><\/tr><tr><td>Caracter\u00edstica<\/td><td>Termo de doble pared, gran capacidad, dise\u00f1o personalizado<\/td><\/tr><tr><td>MOQ<\/td><td>100 unidades<\/td><\/tr><tr><td>Logotipo<\/td><td>L\u00e1ser, serigraf\u00eda, transferencia de calor, transferencia de agua, transferencia de gas, impresi\u00f3n 3D, sublimaci\u00f3n, etc.<\/td><\/tr><tr><td>Paquete<\/td><td>caja blanca, caja impresa personalizada, caja cil\u00edndrica, bolsa de burbujas, caja de regalo<\/td><\/tr><tr><td>Tiempo de muestreo<\/td><td>3 d\u00edas para muestra de stock, 7 d\u00edas para muestra de logotipo personalizado<\/td><\/tr><tr><td>Tiempo de producci\u00f3n<\/td><td>10-35 d\u00edas dependiendo de la cantidad y los requisitos<\/td><\/tr><tr><td>Sobre el pago<\/td><td>Transferencia bancaria , paypal, western union , trade assurance<\/td><\/tr><tr><td>Pa\u00eds de origen<\/td><td>Fabricado en China<\/td><\/tr><tr><td>Origen del certificado<\/td><td>S\u00ed, podemos ofrecer<\/td><\/tr><tr><td>Nuevo molde de botella<\/td><td>S\u00ed, tenemos un nuevo equipo de desarrollo de moldes<\/td><\/tr><tr><td>T\u00e9rminos<\/td><td>EXW,FOB,CIF, DDU, DDP<\/td><\/tr><\/tbody><\/table><\/figure>\n\n\n\n<p><\/p>","protected":false},"excerpt":{"rendered":"<p class=\"ds-markdown-paragraph\"><strong>Stanley Copa de Vino de Acero Inoxidable de 14oz - Duradera, Aislada y Elegante<\/strong><\/p>\n<p class=\"ds-markdown-paragraph\">\u2705\u00a0<strong>Acero inoxidable 18\/8 de primera calidad<\/strong>\u00a0- A prueba de \u00f3xido, irrompible y fabricado para durar toda la vida: ya no tendr\u00e1 que preocuparse por los cristales rotos.<\/p>\n<p>\u2705 <strong>Capacidad:14oz , tama\u00f1o: 110*200mm\u00a0<\/strong><\/p>\n<p class=\"ds-markdown-paragraph\">\u2705\u00a0<strong>Aislamiento de doble pared al vac\u00edo<\/strong>\u00a0- Mantiene el vino fr\u00edo durante\u00a0<strong>M\u00e1s de 9 horas<\/strong>\u00a0(o caliente para\u00a0<strong>M\u00e1s de 3 horas<\/strong>\u00a0con bebidas calientes).<\/p>\n<p class=\"ds-markdown-paragraph\">\u2705\u00a0<strong>Dise\u00f1o elegante y sin tallo<\/strong>\u00a0- El elegante acabado de espejo y la forma c\u00f3nica imitan a las copas de vino tradicionales: elegantes para interior y exterior.<\/p>\n<p class=\"ds-markdown-paragraph\">\u2705\u00a0<strong>Resistente a salpicaduras y port\u00e1til<\/strong>\u00a0- Su base ligera y resistente se adapta a la mayor\u00eda de portavasos, por lo que es perfecta para viajar, acampar o beber junto a la piscina.<\/p>\n<p class=\"ds-markdown-paragraph\">\u2705\u00a0<strong>Sin BPA y resistente a los olores<\/strong>\u00a0- No retiene sabores ni manchas, a diferencia del pl\u00e1stico o los metales de baja calidad.<\/p>\n<p class=\"ds-markdown-paragraph\">\u2705\u00a0<strong>Apto para lavavajillas<\/strong>\u00a0- F\u00e1cil de limpiar para un mantenimiento sin complicaciones.<\/p>\n<p class=\"ds-markdown-paragraph\"><strong>Ideal para:<\/strong>\u00a0Regalos, excursiones, fiestas en el jard\u00edn o uso diario.\u00a0<strong>Colores:<\/strong> Inoxidable, negro, oro rosa. Azul<\/p>","protected":false},"featured_media":2969,"template":"","meta":{"_acf_changed":true,"_seopress_robots_primary_cat":"none","_seopress_titles_title":"14oz Stainless Steel Wine Glass \u2013 Premium Insulated, Shatterproof Tumbler for Wine Enthusiasts \u2013 Bulk Orders Available","_seopress_titles_desc":"14oz Stainless Steel Wine Glass \u2013 Premium Insulated, Shatterproof Tumbler for Wine Enthusiasts \u2013 Bulk Orders Available","_seopress_robots_index":"","_uag_custom_page_level_css":""},"product_brand":[],"product_cat":[32,40,19,24,20],"product_tag":[105,106,70,108,110,77,86,104,109,107],"class_list":{"0":"post-2963","1":"product","2":"type-product","3":"status-publish","4":"has-post-thumbnail","6":"product_cat-insulated-water-bottle","7":"product_cat-stainless-steel-tumbler","8":"product_cat-stainless-steel-water-bottle","9":"product_cat-tumblers-mugs","10":"product_cat-vacuum-flask","11":"product_tag-bulk-wine-tumblers","12":"product_tag-custom-branded-drinkware","13":"product_tag-double-wall-insulated-flask","14":"product_tag-factory-direct-wine-glasses","15":"product_tag-oem-stainless-steel-manufacturer","16":"product_tag-personalized-insulated-mug","17":"product_tag-stainless-steel-insulated-cups-with-lid-and-straw","18":"product_tag-stainless-steel-wine-glass","19":"product_tag-unbreakable-wine-tumbler-supplier","20":"product_tag-wholesale-stainless-steel-cups","22":"first","23":"instock","24":"shipping-taxable","25":"product-type-simple"},"acf":[],"uagb_featured_image_src":{"full":["https:\/\/eco-drinkware.com\/wp-content\/uploads\/2025\/04\/gv089-wine-glass.jpg",720,720,false],"thumbnail":["https:\/\/eco-drinkware.com\/wp-content\/uploads\/2025\/04\/gv089-wine-glass-150x150.jpg",150,150,true],"medium":["https:\/\/eco-drinkware.com\/wp-content\/uploads\/2025\/04\/gv089-wine-glass-300x300.jpg",300,300,true],"medium_large":["https:\/\/eco-drinkware.com\/wp-content\/uploads\/2025\/04\/gv089-wine-glass.jpg",720,720,false],"large":["https:\/\/eco-drinkware.com\/wp-content\/uploads\/2025\/04\/gv089-wine-glass.jpg",720,720,false],"1536x1536":["https:\/\/eco-drinkware.com\/wp-content\/uploads\/2025\/04\/gv089-wine-glass.jpg",720,720,false],"2048x2048":["https:\/\/eco-drinkware.com\/wp-content\/uploads\/2025\/04\/gv089-wine-glass.jpg",720,720,false],"trp-custom-language-flag":["https:\/\/eco-drinkware.com\/wp-content\/uploads\/2025\/04\/gv089-wine-glass.jpg",12,12,false],"woocommerce_thumbnail":["https:\/\/eco-drinkware.com\/wp-content\/uploads\/2025\/04\/gv089-wine-glass-300x300.jpg",300,300,true],"woocommerce_single":["https:\/\/eco-drinkware.com\/wp-content\/uploads\/2025\/04\/gv089-wine-glass-600x600.jpg",600,600,true],"woocommerce_gallery_thumbnail":["https:\/\/eco-drinkware.com\/wp-content\/uploads\/2025\/04\/gv089-wine-glass-100x100.jpg",100,100,true]},"uagb_author_info":{"display_name":"Amy","author_link":"https:\/\/eco-drinkware.com\/es\/author\/"},"uagb_comment_info":0,"uagb_excerpt":"Stanley 14oz Stainless Steel Wine Glass \u2013 Durable, Insulated &amp; Stylish \u2705\u00a0Premium 18\/8 Stainless Steel\u00a0\u2013 Rust-proof, unbreakable, and built to last a lifetime\u2014no more worrying about shattered glass. \u2705 Capaicty:14oz , size: 110*200mm\u00a0 \u2705\u00a0Double-Wall Vacuum Insulation\u00a0\u2013 Keeps wine chilled for\u00a09+ hours\u00a0(or warm for\u00a03+ hours\u00a0with hot beverages). \u2705\u00a0Elegant, Stemless Design\u00a0\u2013 Sleek mirror finish and tapered shape&hellip;","_links":{"self":[{"href":"https:\/\/eco-drinkware.com\/es\/wp-json\/wp\/v2\/product\/2963","targetHints":{"allow":["GET"]}}],"collection":[{"href":"https:\/\/eco-drinkware.com\/es\/wp-json\/wp\/v2\/product"}],"about":[{"href":"https:\/\/eco-drinkware.com\/es\/wp-json\/wp\/v2\/types\/product"}],"wp:featuredmedia":[{"embeddable":true,"href":"https:\/\/eco-drinkware.com\/es\/wp-json\/wp\/v2\/media\/2969"}],"wp:attachment":[{"href":"https:\/\/eco-drinkware.com\/es\/wp-json\/wp\/v2\/media?parent=2963"}],"wp:term":[{"taxonomy":"product_brand","embeddable":true,"href":"https:\/\/eco-drinkware.com\/es\/wp-json\/wp\/v2\/product_brand?post=2963"},{"taxonomy":"product_cat","embeddable":true,"href":"https:\/\/eco-drinkware.com\/es\/wp-json\/wp\/v2\/product_cat?post=2963"},{"taxonomy":"product_tag","embeddable":true,"href":"https:\/\/eco-drinkware.com\/es\/wp-json\/wp\/v2\/product_tag?post=2963"}],"curies":[{"name":"wp","href":"https:\/\/api.w.org\/{rel}","templated":true}]}}