{"id":2964,"date":"2025-04-22T16:13:38","date_gmt":"2025-04-22T08:13:38","guid":{"rendered":"https:\/\/eco-drinkware.com\/?post_type=product&#038;p=2964"},"modified":"2025-06-13T12:18:36","modified_gmt":"2025-06-13T04:18:36","slug":"gv085-taza-isotermica-de-acero-inoxidable-de-doble-pared-con-asa","status":"publish","type":"product","link":"https:\/\/eco-drinkware.com\/es\/product\/gv085-taza-isotermica-de-acero-inoxidable-de-doble-pared-con-asa\/","title":{"rendered":"GV085 Taza isot\u00e9rmica de acero inoxidable de doble pared con asa"},"content":{"rendered":"<h2 class=\"wp-block-heading\"><strong>Vaso de acero inoxidable personalizado de 7oz 12oz 16oz 17oz - Opciones de pedido a granel disponibles<\/strong><\/h2>\n\n\n\n<p><strong>Taza de caf\u00e9 de acero inoxidable personalizable para todas las necesidades<\/strong><br>Presentamos nuestro&nbsp;<strong><strong>7oz 12oz 16oz 17oz<\/strong><\/strong> <strong>Acero inoxidable a medida <\/strong>la soluci\u00f3n perfecta para empresas, eventos o regalos promocionales. Dise\u00f1ado pensando en la durabilidad y la personalizaci\u00f3n, este vaso es ideal para pedidos al por mayor, ya que ofrece una calidad y funcionalidad excepcionales a un precio de f\u00e1brica competitivo.<\/p>\n\n\n\n<p><strong>Caracter\u00edsticas principales:<\/strong><\/p>\n\n\n\n<p>\ud83d\udca7 Varias opciones de tama\u00f1o - <strong>7oz 12oz 16oz 17oz<\/strong> disponible, lo que la convierte en una opci\u00f3n pr\u00e1ctica para oficinas, eventos o comercios. Perfecto para acampar, bueno para sostener el jugo, agua, cerveza, vino y otras bebidas.<\/p>\n\n\n\n<p>\ud83c\udf21\ufe0f&nbsp;<strong>Doble pared <\/strong>Construcci\u00f3n insualted - Garantiza que las bebidas permanezcan calientes hasta 6 horas o fr\u00edas hasta 10 horas, proporcionando una retenci\u00f3n superior de la temperatura.<\/p>\n\n\n\n<p>\ud83c\udf43&nbsp;<strong>Respetuoso con el medio ambiente y duradero:<\/strong>&nbsp;Fabricado en acero inoxidable 304 de alta calidad sin BPA, este vaso es duradero. Desh\u00e1gase de los vasos de un solo uso y reduzca los residuos con una opci\u00f3n reutilizable y respetuosa con el medio ambiente. Reusebale taza en lugar de la taza de pl\u00e1stico desechable o taza de papel.<\/p>\n\n\n\n<p>\ud83c\udfa8&nbsp;<strong>Totalmente personalizable<\/strong>&nbsp;- A\u00f1ada su color, logotipo, marca o dise\u00f1o exclusivo para crear una taza personalizada que destaque. Nuestra f\u00e1brica admite impresi\u00f3n personalizada, grabado o grabado l\u00e1ser para satisfacer sus necesidades espec\u00edficas.<\/p>\n\n\n\n<p><strong>Construcci\u00f3n de acero inoxidable de primera calidad<\/strong>&nbsp;- Hecha de acero inoxidable de alta calidad, de grado alimenticio que es resistente a la oxidaci\u00f3n, libre de BPA, y construido taza de acero inoxidable duradero. Tambi\u00e9n es de dise\u00f1o libre de pl\u00e1stico.<\/p>\n\n\n\n<p><strong>Por qu\u00e9 te encantar\u00e1:<\/strong><\/p>\n\n\n\n<h3 class=\"wp-block-heading\"><strong>\u00bfPor qu\u00e9 elegir nuestro vaso para pedidos al por mayor?<\/strong><\/h3>\n\n\n\n<p>\u2728&nbsp;<strong>Opciones de personalizaci\u00f3n<\/strong>&nbsp;- Como proveedor de confianza, ofrecemos una amplia gama de opciones de personalizaci\u00f3n, incluida la colocaci\u00f3n del logotipo, las opciones de color y el embalaje. Env\u00edenos su idea y la convertiremos en un producto real.<br>\u2728&nbsp;<strong>Precios directos de f\u00e1brica<\/strong>&nbsp;- Disfrute de tarifas competitivas para pedidos al por mayor, que garantizan la rentabilidad sin comprometer la calidad.<br>\u2728&nbsp;<strong>Duradero y fiable<\/strong>&nbsp;- Fabricados para resistir el uso diario, nuestros vasos son perfectos para regalos de empresa, eventos promocionales o ventas al por menor.<br>\u2728&nbsp;<strong>Entrega r\u00e1pida<\/strong>&nbsp;- Nuestra f\u00e1brica est\u00e1 equipada para gestionar pedidos a gran escala con una producci\u00f3n eficiente y una entrega puntual.<br>\u2728&nbsp;<strong>Ecol\u00f3gico y reutilizable<\/strong>&nbsp;- Promueva la sostenibilidad con un vaso reutilizable que reduce los residuos y se alinea con los valores de conciencia ecol\u00f3gica.                                                                                                                    Entrega en todo el mundo- Ofrecemos entrega en todo el mundo a su almac\u00e9n. Muy conveniente para trabajar con Eco Drinkware.You s\u00f3lo tiene que esperar a que su pedido en la oficina.                                                              <\/p>\n\n\n\n<hr class=\"wp-block-separator has-alpha-channel-opacity\"\/>\n\n\n\n<h3 class=\"wp-block-heading\"><strong>Perfecto para:<\/strong><\/h3>\n\n\n\n<ul class=\"wp-block-list\">\n<li><strong>Regalos de empresa<\/strong>&nbsp;- Impresione a sus clientes o recompense a sus empleados con una taza de marca de alta calidad.<\/li>\n\n\n\n<li><strong>Eventos promocionales<\/strong>&nbsp;- Aumente la visibilidad de su marca con un art\u00edculo de regalo pr\u00e1ctico y elegante.<\/li>\n\n\n\n<li><strong>Ventas al por menor<\/strong>&nbsp;- Abast\u00e9zcase de vasos personalizables que atraigan a un p\u00fablico amplio. F\u00e1cil de personalizar con l\u00e1ser el nombre o algo similar en la taza. <\/li>\n\n\n\n<li><strong>Recaudaci\u00f3n de fondos y regalos<\/strong>&nbsp;- Ofrezca un producto funcional y memorable que encantar\u00e1 a los simpatizantes. Y su marca o logotipo en la taza ser\u00e1 una publicidad muy agradable.<\/li>\n<\/ul>\n\n\n\n<hr class=\"wp-block-separator has-alpha-channel-opacity\"\/>\n\n\n\n<p><strong>P\u00eddalo hoy mismo<\/strong><br>Como proveedor l\u00edder de bebidas personalizadas, nos especializamos en ayudar a las empresas a crear productos personalizados que dejen una impresi\u00f3n duradera. Tanto si necesita 100 como 10.000 unidades, nuestra f\u00e1brica est\u00e1 preparada para satisfacer sus demandas con una calidad de primera y un servicio excepcional.<\/p>\n\n\n\n<p><strong>P\u00f3ngase en contacto con nosotros para un presupuesto personalizado y eleve su imagen de marca con nuestro Vaso de Acero Inoxidable Personalizado de 34 oz.<\/strong><\/p>\n\n\n\n<div class=\"wp-block-uagb-image uagb-block-ebf0aa1f wp-block-uagb-image--layout-default wp-block-uagb-image--effect-static wp-block-uagb-image--align-none\"><figure class=\"wp-block-uagb-image__figure\"><img decoding=\"async\" srcset=\"https:\/\/eco-drinkware.com\/wp-content\/uploads\/2025\/04\/gv085-4.jpg ,https:\/\/eco-drinkware.com\/wp-content\/uploads\/2025\/04\/gv085-4.jpg 780w, https:\/\/eco-drinkware.com\/wp-content\/uploads\/2025\/04\/gv085-4.jpg 360w\" sizes=\"auto, (max-width: 480px) 150px\" src=\"https:\/\/eco-drinkware.com\/wp-content\/uploads\/2025\/04\/gv085-4.jpg\" alt=\"gv085 taza isot\u00e9rmica de doble pared con asa\" class=\"uag-image-3057\" width=\"1000\" height=\"1000\" title=\"gv085 taza isot\u00e9rmica de doble pared con asa\" loading=\"lazy\" role=\"img\"\/><\/figure><\/div>\n\n\n\n<figure class=\"wp-block-table\"><table class=\"has-fixed-layout\"><tbody><tr><td>N\u00famero de art\u00edculo<\/td><td>GV085<\/td><\/tr><tr><td>Capacidad<\/td><td><strong>7oz\/200ml 12oz\/350ml 16oz\/450ml 17oz<\/strong>\/500 ml<\/td><\/tr><tr><td>Aislamiento<\/td><td>S\u00ed&nbsp;&nbsp;&nbsp;&nbsp;&nbsp;&nbsp;&nbsp;&nbsp;&nbsp;&nbsp;&nbsp;&nbsp;&nbsp;<\/td><\/tr><tr><td>Posici\u00f3n del logotipo<\/td><td>cuerpo de la taza<\/td><\/tr><tr><td>Color<\/td><td>Rojo, plata, verde, azul, blanco, negro, oro rosa, color personalizado, color PMS<\/td><\/tr><tr><td>Material<\/td><td>Acero inoxidable 304 interior y exterior, nueva tapa de pl\u00e1stico pp, junta de silicona<\/td><\/tr><tr><td>Caracter\u00edstica<\/td><td>Acero inoxidable duradero, gran capacidad, dise\u00f1o personalizado, construcci\u00f3n aislada, con asa<\/td><\/tr><tr><td>MOQ<\/td><td>100 unidades<\/td><\/tr><tr><td>Logotipo<\/td><td>L\u00e1ser, serigraf\u00eda, transferencia de calor, transferencia de agua, transferencia de gas, impresi\u00f3n 3D, sublimaci\u00f3n, etc.<\/td><\/tr><tr><td>Paquete<\/td><td>caja blanca, caja impresa personalizada, caja cil\u00edndrica, bolsa de burbujas, caja de regalo, caja expositora, etc.<\/td><\/tr><tr><td>Tiempo de muestreo<\/td><td>3 d\u00edas para muestra de stock, 7 d\u00edas para muestra de logotipo personalizado<\/td><\/tr><tr><td>Tiempo de producci\u00f3n<\/td><td>10-35 d\u00edas, dependiendo de la cantidad y los requisitos<\/td><\/tr><tr><td>Sobre el pago<\/td><td>Transferencia bancaria , paypal, western union , trade assurance<\/td><\/tr><tr><td>Pa\u00eds de origen<\/td><td>Fabricado en China<\/td><\/tr><tr><td>Origen del certificado<\/td><td>S\u00ed, podemos ofrecer <\/td><\/tr><tr><td>Nuevo molde de botella<\/td><td>S\u00ed, tenemos un nuevo equipo de desarrollo de moldes<\/td><\/tr><tr><td>T\u00e9rminos<\/td><td>EXW,FOB,CIF, DDU, DDP<\/td><\/tr><\/tbody><\/table><\/figure>\n\n\n\n<p><\/p>","protected":false},"excerpt":{"rendered":"<p>Taza de acero inoxidable de calidad, personalizada y duradera<\/p>\n<ul>\n<li>\n<p><strong>Varias opciones de tama\u00f1o<\/strong> - 7oz 12oz 16oz 17oz tama\u00f1o disponible. Ambos son adecuados para ni\u00f1os y adultos.\u00a0<\/p>\n<\/li>\n<li>\n<p>\u00a0<strong>Dise\u00f1o personalizable<\/strong> - A\u00f1ada su logotipo, texto o ilustraciones para personalizarlo.<\/p>\n<\/li>\n<li>\n<p>\u00a0<strong>Aislamiento de doble pared<\/strong> - Mantiene las bebidas calientes durante 6 horas y fr\u00edas durante 10 horas.<\/p>\n<\/li>\n<li>\n<p><strong>Acero inoxidable duradero<\/strong> - Resistente al \u00f3xido, sin BPA y fabricado para durar.Materiales de acero inoxidable aptos para uso alimentario<\/p>\n<\/li>\n<li>\n<p><strong>Dise\u00f1o sin pl\u00e1stico<\/strong> -- No hay palstico en esta taza<\/p>\n<\/li>\n<li>\n<p><strong>Vers\u00e1til y port\u00e1til<\/strong>\u00a0- Ideal para el hogar, la oficina, los viajes o las aventuras al aire libre.<\/p>\n<p>Actualice su juego de bebidas con una taza que se adapte a su marca o a su empresa.<\/p>\n<\/li>\n<\/ul>","protected":false},"featured_media":3059,"template":"","meta":{"_acf_changed":true,"_seopress_robots_primary_cat":"none","_seopress_titles_title":"Plastic free custom stainless steel mug for camping travel or promotion","_seopress_titles_desc":"Plastic free design,Food safe and BPA free materials, custom color and design is welcome. Profession drinkware manufacturer in China. Door to door delivery worldwide.","_seopress_robots_index":"","_uag_custom_page_level_css":""},"product_brand":[],"product_cat":[32,41,40,19,39,24,20],"product_tag":[116,111,114,77,113,86,112,115],"class_list":{"0":"post-2964","1":"product","2":"type-product","3":"status-publish","4":"has-post-thumbnail","6":"product_cat-insulated-water-bottle","7":"product_cat-stainless-steel-mug","8":"product_cat-stainless-steel-tumbler","9":"product_cat-stainless-steel-water-bottle","10":"product_cat-sublimation-mug","11":"product_cat-tumblers-mugs","12":"product_cat-vacuum-flask","13":"product_tag-camping-mug","14":"product_tag-custom-mug","15":"product_tag-hiking-mug","16":"product_tag-personalized-insulated-mug","17":"product_tag-personalizpersonalised-to-go-mug","18":"product_tag-stainless-steel-insulated-cups-with-lid-and-straw","19":"product_tag-sublimation-mug","20":"product_tag-to-go-mug","22":"first","23":"instock","24":"shipping-taxable","25":"product-type-simple"},"acf":[],"uagb_featured_image_src":{"full":["https:\/\/eco-drinkware.com\/wp-content\/uploads\/2025\/06\/gv085-2.jpg",800,800,false],"thumbnail":["https:\/\/eco-drinkware.com\/wp-content\/uploads\/2025\/06\/gv085-2-150x150.jpg",150,150,true],"medium":["https:\/\/eco-drinkware.com\/wp-content\/uploads\/2025\/06\/gv085-2-300x300.jpg",300,300,true],"medium_large":["https:\/\/eco-drinkware.com\/wp-content\/uploads\/2025\/06\/gv085-2-768x768.jpg",768,768,true],"large":["https:\/\/eco-drinkware.com\/wp-content\/uploads\/2025\/06\/gv085-2.jpg",800,800,false],"1536x1536":["https:\/\/eco-drinkware.com\/wp-content\/uploads\/2025\/06\/gv085-2.jpg",800,800,false],"2048x2048":["https:\/\/eco-drinkware.com\/wp-content\/uploads\/2025\/06\/gv085-2.jpg",800,800,false],"trp-custom-language-flag":["https:\/\/eco-drinkware.com\/wp-content\/uploads\/2025\/06\/gv085-2.jpg",12,12,false],"woocommerce_thumbnail":["https:\/\/eco-drinkware.com\/wp-content\/uploads\/2025\/06\/gv085-2-300x300.jpg",300,300,true],"woocommerce_single":["https:\/\/eco-drinkware.com\/wp-content\/uploads\/2025\/06\/gv085-2-600x600.jpg",600,600,true],"woocommerce_gallery_thumbnail":["https:\/\/eco-drinkware.com\/wp-content\/uploads\/2025\/06\/gv085-2-100x100.jpg",100,100,true]},"uagb_author_info":{"display_name":"Amy","author_link":"https:\/\/eco-drinkware.com\/es\/author\/"},"uagb_comment_info":0,"uagb_excerpt":"Quality custom durable stainless steel\u00a0 mug Various size options \u2013 7oz 12oz 16oz 17oz size available. Both okay for kids and adults.\u00a0 \u00a0Customizable Design \u2013 Add your logo, text, or artwork for a customization. \u00a0Double-Wall\u00a0 Insulation \u2013 Keeps drinks hot for 6 hours and cold for 10 hours. Durable Stainless Steel \u2013 Rust-resistant, BPA-free, and&hellip;","_links":{"self":[{"href":"https:\/\/eco-drinkware.com\/es\/wp-json\/wp\/v2\/product\/2964","targetHints":{"allow":["GET"]}}],"collection":[{"href":"https:\/\/eco-drinkware.com\/es\/wp-json\/wp\/v2\/product"}],"about":[{"href":"https:\/\/eco-drinkware.com\/es\/wp-json\/wp\/v2\/types\/product"}],"wp:featuredmedia":[{"embeddable":true,"href":"https:\/\/eco-drinkware.com\/es\/wp-json\/wp\/v2\/media\/3059"}],"wp:attachment":[{"href":"https:\/\/eco-drinkware.com\/es\/wp-json\/wp\/v2\/media?parent=2964"}],"wp:term":[{"taxonomy":"product_brand","embeddable":true,"href":"https:\/\/eco-drinkware.com\/es\/wp-json\/wp\/v2\/product_brand?post=2964"},{"taxonomy":"product_cat","embeddable":true,"href":"https:\/\/eco-drinkware.com\/es\/wp-json\/wp\/v2\/product_cat?post=2964"},{"taxonomy":"product_tag","embeddable":true,"href":"https:\/\/eco-drinkware.com\/es\/wp-json\/wp\/v2\/product_tag?post=2964"}],"curies":[{"name":"wp","href":"https:\/\/api.w.org\/{rel}","templated":true}]}}