{"id":3087,"date":"2025-08-01T17:42:38","date_gmt":"2025-08-01T09:42:38","guid":{"rendered":"https:\/\/eco-drinkware.com\/?post_type=product&#038;p=3087"},"modified":"2025-11-10T11:42:46","modified_gmt":"2025-11-10T03:42:46","slug":"bpa-free-food-safe-550ml-bamboo-lid-glass-water-bottle-with-silicone-sleeve","status":"publish","type":"product","link":"https:\/\/eco-drinkware.com\/es\/product\/bpa-free-food-safe-550ml-bamboo-lid-glass-water-bottle-with-silicone-sleeve\/","title":{"rendered":"Botella de agua de cristal con tapa de bamb\u00fa y funda de silicona, 550 ml, sin BPA y apta para uso alimentario"},"content":{"rendered":"<h2 class=\"wp-block-heading\">Botella de vidrio perfecta para proyectos de venta al por mayor y de promoci\u00f3n<\/h2>\n\n\n\n<p>\u25cf Material: vidrio de borosilicato de alta calidad Tapa: pp, silicona, bamb\u00fa natural <br>100% Sin BPA y seguro para la salud. Todos los materiales son at\u00f3xicos. Es la tendencia a utilizar botellas de agua duraderas en lugar de botellas de pl\u00e1stico desechables, por lo que el mundo ser\u00e1 m\u00e1s limpio y hermoso.<br>Con elemento de bamb\u00fa natural, m\u00e1s natural y ecol\u00f3gico. Su botella para llevar.<br>\u25cf Hay <a href=\"https:\/\/legenday.com.cn\/silicone-cup-sleeves\/\">funda de silicona<\/a> para proteger bien el vidrio. La botella de vidrio no se rompe f\u00e1cilmente.<br>\u25cf Dise\u00f1o simple y forma cl\u00e1sica,perfecto para la vida moderna simple.Muy bueno para promociones de marca o venta al por mayor.<\/p>\n\n\n\n<p>\u25cf Con tapa de bamb\u00fa de la naturaleza, estilo de vida muy origin.There es pirce de acero dentro de la tapa, no cualquier agua de contacto de pl\u00e1stico. Menos pl\u00e1stico, mejor mundo.<br>Color: Podemos hacer cualquier color para los clientes. PMS color es bienvenido . F\u00e1cil de hacer manga de color personalizado con dise\u00f1o personalizado o impresi\u00f3n de logotipo. Eco Drinkware equipo puede ofrecer maqueta con dise\u00f1o personalizado.<br>\u25cf Esta botella de t\u00e9 de forma recta es buena para adultos, f\u00e1cil de llevar para acampar, caminar, correr, etc. Perfecta para beber agua, t\u00e9, zumo y caf\u00e9.<br>\u25cfCapa: ninguna capa (color de cristal claro), pintura de espray o galjanoplastia de cobre, etc. Si el cliente quiere a\u00f1adir acabado de sublimaci\u00f3n que est\u00e1 disponible para la sublimaci\u00f3n, que tambi\u00e9n est\u00e1 bien. Esta botella de vidrio puede ser botella de vidrio de sublimaci\u00f3n.<br>\u25cfPattern: patr\u00f3n personalizado puede ser impreso y se puede hacer por varias t\u00e9cnicas de impresi\u00f3n: serigraf\u00eda, impresi\u00f3n de transferencia de calor, impresi\u00f3n de transferencia de agua, transferencia de sublimaci\u00f3n, etc..<br>\u25cfLogo: F\u00e1cil de trabajar en el logotipo personalizado. Las opciones del logotipo incluyen: logotipo de la calcoman\u00eda, impresi\u00f3n de seda, transferencia de calor, sublimaci\u00f3n, etc. Bienvenido a compartir su logotipo. Nuestro equipo enviar\u00e1 maqueta de vuelta.<br>\u25cfCaja de embalaje: caja blanca, caja impresa personalizada, caja cil\u00edndrica, bolsa de burbujas, caja de regalo, cualquier paquete de dise\u00f1o personalizado es bienvenido, etc.<br>Botella de t\u00e9 de cristal apta para lavavajillas.<br>\u25cf Esta botella infusora de vidrio de borosilicato es una excelente opci\u00f3n para las personas que desean mantener sus bebidas a una temperatura constante mientras est\u00e1n en movimiento, ya sea que est\u00e9n de excursi\u00f3n, acampando, viajando o simplemente yendo al trabajo.<br>\u25cfSpecialized en la fabricaci\u00f3n y exportaci\u00f3n de todo tipo de drinkware como botellas de agua, botella de vidrio, vaso de vidrio, vasos al por mayor, contenedores de alimentos, cuencos de perro, ensaladeras, puede enfriadores, botella de vidrio, botellas de bamb\u00fa. Eco Drinkware posee l\u00edneas de producci\u00f3n automatizadas y de alta eficiencia. Adoptamos Industry4.0 y mantener la competitividad en la industria. La producci\u00f3n automatizada hace que nuestros productos sean m\u00e1s baratos y competitivos en precio.<br>\u25cfEco Drinkware hacer OEM y ODM. Con los mejores ingenieros profesionales con m\u00e1s de 10 a\u00f1os de experiencia en la industria de fabricaci\u00f3n de botellas de agua, f\u00e1cil de hacer su idea en productos reales. una calurosa bienvenida a compartir con nosotros para su idea.<br>Hacemos la inspecci\u00f3n de la calidad en l\u00ednea para asegurarnos de que la producci\u00f3n va bien y no cualquier error. Si hay error, podemos corregirlo a tiempo para ahorrar coste. Confiamos en que la calidad trae m\u00e1s para los clientes y fabricantes. Con Eco Drinkware, obtendr\u00e1 m\u00e1s clientes y m\u00e1s mercado, tambi\u00e9n obtendr\u00e1 una buena reputaci\u00f3n de los clientes. Porque nuestro equipo feliz de mejorar nosotros mismos y los productos a ser excelente en nuestra industria.<br>\u25cfM\u00e9todo de env\u00edo : FOB,CIF, DDU, DDP por tren o mar a clientes globales.<\/p>\n\n\n\n<figure class=\"wp-block-image size-full\"><img loading=\"lazy\" decoding=\"async\" width=\"800\" height=\"800\" src=\"https:\/\/eco-drinkware.com\/wp-content\/uploads\/2025\/08\/ga5064a-4.jpg\" alt=\"bpa free food safe 550ml bamboo lid glass water bottle with silicone sleeve\" class=\"wp-image-3091\" srcset=\"https:\/\/eco-drinkware.com\/wp-content\/uploads\/2025\/08\/ga5064a-4.jpg 800w, https:\/\/eco-drinkware.com\/wp-content\/uploads\/2025\/08\/ga5064a-4-300x300.jpg 300w, https:\/\/eco-drinkware.com\/wp-content\/uploads\/2025\/08\/ga5064a-4-150x150.jpg 150w, https:\/\/eco-drinkware.com\/wp-content\/uploads\/2025\/08\/ga5064a-4-768x768.jpg 768w, https:\/\/eco-drinkware.com\/wp-content\/uploads\/2025\/08\/ga5064a-4-600x600.jpg 600w, https:\/\/eco-drinkware.com\/wp-content\/uploads\/2025\/08\/ga5064a-4-100x100.jpg 100w\" sizes=\"auto, (max-width: 800px) 100vw, 800px\" \/><figcaption class=\"wp-element-caption\">Botella de cristal personalizada<\/figcaption><\/figure>\n\n\n\n<p>Descripci\u00f3n del producto<\/p>\n\n\n\n<figure class=\"wp-block-table\"><table class=\"has-fixed-layout\"><tbody><tr><td>Capacidad<\/td><td>550ml\/18OZ<\/td><\/tr><tr><td>MOQ<\/td><td>100 unidades para la impresi\u00f3n de logotipos personalizados<\/td><\/tr><tr><td>Di\u00e1metro<\/td><td>Di\u00e1metro: 70 mm (2,76 pulgadas)&nbsp;&nbsp;&nbsp;&nbsp;&nbsp;&nbsp;&nbsp;&nbsp;&nbsp;&nbsp;&nbsp;&nbsp;&nbsp;&nbsp;&nbsp;&nbsp;&nbsp;&nbsp;&nbsp;&nbsp;&nbsp;<\/td><\/tr><tr><td>Altura<\/td><td>240 mm (9,45 pulgadas)<\/td><\/tr><tr><td>Color<\/td><td>Transparente, color personalizado, pintura por sublimaci\u00f3n <\/td><\/tr><tr><td>Logotipo<\/td><td>calcoman\u00eda logo, serigraf\u00eda, transferencia t\u00e9rmica, sublimaci\u00f3n, etc.<\/td><\/tr><tr><td>Paquete<\/td><td>caja blanca, caja impresa personalizada, caja cil\u00edndrica, bolsa de burbujas, caja de regalo<\/td><\/tr><tr><td>Tiempo de muestreo<\/td><td>3 d\u00edas para muestra de stock, 7 d\u00edas para muestra de logotipo personalizado<\/td><\/tr><tr><td>Tiempo de producci\u00f3n<\/td><td>10-35 d\u00edas dependiendo de la cantidad y los requisitos<\/td><\/tr><tr><td>Sobre el pago<\/td><td>Transferencia bancaria, paypal, western union<\/td><\/tr><tr><td>Pa\u00eds de origen<\/td><td>Fabricado en China<\/td><\/tr><\/tbody><\/table><\/figure>\n\n\n\n<p><\/p>","protected":false},"excerpt":{"rendered":"<p><!-- wp:heading --><\/p>\n<p><!-- \/wp:heading --><\/p>\n<p><!-- wp:paragraph --><\/p>\n<p>Botella de cristal personalizada de calidad con precio competitivo y dise\u00f1o elegante, perfecta para proyectos de promoci\u00f3n y venta al por mayor de marcas.<br \/><strong>\u25cf Material<\/strong>Cuerpo de vidrio de borosilicato, silicona, tapa: pl\u00e1stico pp nuevo, bamb\u00fa natural.<br \/><strong>\u25cf Con tapa de bamb\u00fa natural, estilo de vida natural<\/strong>. Esta manga toc\u00f3 softt y puede proteger la botella de t\u00e9 de vidrio bien<br \/><strong>\u25cf Color<\/strong>Botella de vidrio: normalmente en color claro. Eco Drinkware puede hacer botella colorida por pintura en aerosol, UV galvanoplastia habilidad.<br \/><strong>\u25cf Funci\u00f3n especial:<\/strong>Hay una pieza de acero inoxidable dentro de la tapa, no hay agua de contacto de pl\u00e1stico. Menos pl\u00e1stico, mejor vida.<br \/><strong>\u25cf Patr\u00f3n: <\/strong>Se pueden imprimir motivos personalizados mediante diversas t\u00e9cnicas de impresi\u00f3n: serigraf\u00eda, impresi\u00f3n por transferencia de calor, impresi\u00f3n por transferencia de agua, transferencia por sublimaci\u00f3n, etc.<br \/><strong>\u25cf Logotipo: <\/strong>F\u00e1cil de trabajar en el logotipo personalizado. Las opciones del logotipo incluyen: logotipo de la calcoman\u00eda, impresi\u00f3n de seda, transferencia de calor, sublimaci\u00f3n, etc. Es bueno para la marca builing, la publicidad y la impresi\u00f3n de regalos.<br \/>\u25cf Apto para lavavajillas y microondas.<br \/><strong>\u25cf Caja de embalaje: <\/strong>caja blanca, caja impresa personalizada, caja cil\u00edndrica, bolsa de burbujas, caja de regalo, cualquier paquete de dise\u00f1o personalizado es bienvenido, etc.\u00a0<\/p>\n<p><!-- \/wp:paragraph --><\/p>","protected":false},"featured_media":3088,"template":"","meta":{"_acf_changed":false,"_seopress_robots_primary_cat":"none","_seopress_titles_title":"BPA free food safe 550ml bamboo lid glass water bottle with silicone sleeve","_seopress_titles_desc":"Quality custom water drinking bottle for brand wholesale or promotion. With nature bamboo lid and silicone sleeve as protective. BPA free,food safe. Whatsapp:0086 13567428830","_seopress_robots_index":"","_uag_custom_page_level_css":""},"product_brand":[],"product_cat":[22,35],"product_tag":[119,59,121,100,120,101,117,118,58],"class_list":{"0":"post-3087","1":"product","2":"type-product","3":"status-publish","4":"has-post-thumbnail","6":"product_cat-glass-water-bottle","7":"product_cat-single-wall-gass-bottle","8":"product_tag-bamboo-lid-glass-bottle","9":"product_tag-bpa-free","10":"product_tag-bpa-free-bottle","11":"product_tag-custom-glass-bottle","12":"product_tag-glass-bottle-with-bamboo-lid","13":"product_tag-glass-bottle-with-silicone-sleeve","14":"product_tag-glass-driking-bottle","15":"product_tag-glass-flask","16":"product_tag-glass-water-bottle","18":"first","19":"instock","20":"shipping-taxable","21":"product-type-simple"},"acf":[],"uagb_featured_image_src":{"full":["https:\/\/eco-drinkware.com\/wp-content\/uploads\/2025\/08\/ga5064a-1.jpg",800,800,false],"thumbnail":["https:\/\/eco-drinkware.com\/wp-content\/uploads\/2025\/08\/ga5064a-1-150x150.jpg",150,150,true],"medium":["https:\/\/eco-drinkware.com\/wp-content\/uploads\/2025\/08\/ga5064a-1-300x300.jpg",300,300,true],"medium_large":["https:\/\/eco-drinkware.com\/wp-content\/uploads\/2025\/08\/ga5064a-1-768x768.jpg",768,768,true],"large":["https:\/\/eco-drinkware.com\/wp-content\/uploads\/2025\/08\/ga5064a-1.jpg",800,800,false],"1536x1536":["https:\/\/eco-drinkware.com\/wp-content\/uploads\/2025\/08\/ga5064a-1.jpg",800,800,false],"2048x2048":["https:\/\/eco-drinkware.com\/wp-content\/uploads\/2025\/08\/ga5064a-1.jpg",800,800,false],"trp-custom-language-flag":["https:\/\/eco-drinkware.com\/wp-content\/uploads\/2025\/08\/ga5064a-1.jpg",12,12,false],"woocommerce_thumbnail":["https:\/\/eco-drinkware.com\/wp-content\/uploads\/2025\/08\/ga5064a-1-300x300.jpg",300,300,true],"woocommerce_single":["https:\/\/eco-drinkware.com\/wp-content\/uploads\/2025\/08\/ga5064a-1-600x600.jpg",600,600,true],"woocommerce_gallery_thumbnail":["https:\/\/eco-drinkware.com\/wp-content\/uploads\/2025\/08\/ga5064a-1-100x100.jpg",100,100,true]},"uagb_author_info":{"display_name":"Amy","author_link":"https:\/\/eco-drinkware.com\/es\/author\/"},"uagb_comment_info":0,"uagb_excerpt":"Quality custom glass drnking bottle with competitive price, elegent design.Perfect for brand wholesale and promotion project.\u25cf Material: high bright high clear borosilicate glass body ,silicone, lid :new pp plastic ,nature bamboo\u25cf With nature bamboo lid,nature life style. This sleeve touched softt and can protect the glass tea bottle well\u25cf Color: glass bottle normally in clear&hellip;","_links":{"self":[{"href":"https:\/\/eco-drinkware.com\/es\/wp-json\/wp\/v2\/product\/3087","targetHints":{"allow":["GET"]}}],"collection":[{"href":"https:\/\/eco-drinkware.com\/es\/wp-json\/wp\/v2\/product"}],"about":[{"href":"https:\/\/eco-drinkware.com\/es\/wp-json\/wp\/v2\/types\/product"}],"wp:featuredmedia":[{"embeddable":true,"href":"https:\/\/eco-drinkware.com\/es\/wp-json\/wp\/v2\/media\/3088"}],"wp:attachment":[{"href":"https:\/\/eco-drinkware.com\/es\/wp-json\/wp\/v2\/media?parent=3087"}],"wp:term":[{"taxonomy":"product_brand","embeddable":true,"href":"https:\/\/eco-drinkware.com\/es\/wp-json\/wp\/v2\/product_brand?post=3087"},{"taxonomy":"product_cat","embeddable":true,"href":"https:\/\/eco-drinkware.com\/es\/wp-json\/wp\/v2\/product_cat?post=3087"},{"taxonomy":"product_tag","embeddable":true,"href":"https:\/\/eco-drinkware.com\/es\/wp-json\/wp\/v2\/product_tag?post=3087"}],"curies":[{"name":"wp","href":"https:\/\/api.w.org\/{rel}","templated":true}]}}