{"id":3128,"date":"2025-08-21T17:06:51","date_gmt":"2025-08-21T09:06:51","guid":{"rendered":"https:\/\/eco-drinkware.com\/?post_type=product&#038;p=3128"},"modified":"2025-09-12T15:10:39","modified_gmt":"2025-09-12T07:10:39","slug":"botellas-de-agua-de-sublimacion-personalizados-de-acero-inoxidable-drinkware-transferencia-de-calor-impreso-botella-de-deportes-reutilizables-eco-amigable-termo-de-hidratacion","status":"publish","type":"product","link":"https:\/\/eco-drinkware.com\/es\/product\/botellas-de-agua-de-sublimacion-personalizados-de-acero-inoxidable-drinkware-transferencia-de-calor-impreso-botella-de-deportes-reutilizables-eco-amigable-termo-de-hidratacion\/","title":{"rendered":"Sublimaci\u00f3n personalizada Botellas de agua Personalizada de acero inoxidable Drinkware Transferencia de calor Impreso Deportes Botella Reutilizable y Ecol\u00f3gico Flask Hidrataci\u00f3n"},"content":{"rendered":"<h2 class=\"wp-block-heading\">350ml 500ml 750ml 1000ml personalizado de acero inoxidable aislado botellas de agua de sublimaci\u00f3n para la venta al por mayor<\/h2>\n\n\n\n<p>Fabricado en <strong>acero inoxidable 18\/8 de alta calidad<\/strong>Estas botellas de sublimaci\u00f3n ofrecen <strong>duradero, a prueba de sudor y 100% a prueba de fugas<\/strong> hidrataci\u00f3n. Ideal para <strong>regalos de empresa, eventos de equipo o campa\u00f1as promocionales<\/strong>Nuestras botellas tienen un <strong>dise\u00f1o envolvente sin costuras<\/strong> que muestre su logotipo, material gr\u00e1fico o marca en <strong>colores vivos y duraderos<\/strong> mediante impresi\u00f3n por transferencia t\u00e9rmica.<\/p>\n\n\n\n<p><strong>Caracter\u00edsticas principales:<\/strong><\/p>\n\n\n\n<p>\ud83d\udca7&nbsp;<strong>Varias opciones de tama\u00f1o<\/strong>&nbsp;- Tama\u00f1os de 350 ml, 500 ml, 750 ml y 1.000 ml, adecuados para personas de distintas edades. 350ml y 500ml son buenos para los ni\u00f1os. 750ml y 1000ml son perfectos para adultos. <\/p>\n\n\n\n<p>\ud83c\udf21\ufe0f&nbsp;<strong>Aislamiento de doble pared al vac\u00edo<\/strong>&nbsp;- Garantiza que las bebidas permanezcan calientes hasta 12 horas o fr\u00edas hasta 24 horas, proporcionando una retenci\u00f3n superior de la temperatura. erfecta para mantener las bebidas calientes o fr\u00edas durante todo el d\u00eda, lo que la convierte en una opci\u00f3n pr\u00e1ctica para oficinas, eventos o comercios. Perfecto para t\u00e9 helado, caf\u00e9, zumo o cualquier l\u00edquido.<\/p>\n\n\n\n<p>\ud83c\udf43&nbsp;<strong>Respetuoso con el medio ambiente y duradero:<\/strong>&nbsp;Fabricado en acero inoxidable de alta calidad sin BPA, este vaso est\u00e1 hecho para durar. Todos los materiales son aptos para uso alimentario. Olv\u00eddate de los vasos de un solo uso y reduce los residuos con una opci\u00f3n reutilizable y respetuosa con el medio ambiente.<\/p>\n\n\n\n<p>\ud83c\udfa8&nbsp;<strong>Totalmente personalizable<\/strong> <strong>por sublimaci\u00f3n<\/strong>&nbsp;- A\u00f1ada su logotipo, marca o dise\u00f1o exclusivo para crear un frasco personalizado que destaque. Si usted tiene la m\u00e1quina de sublimaci\u00f3n y papel en su estudio o taller,f\u00e1cil de hacer botella impresa personalizada para sus frends o customers.No necesita ninguna herramienta especial. La forma m\u00e1s sencilla de hacer trabajos personalizados brillantes y coloridos.<\/p>\n\n\n\n<p><strong>Construcci\u00f3n de acero inoxidable de primera calidad<\/strong>&nbsp;- Fabricado en acero inoxidable de alta calidad apto para uso alimentario, resistente a la oxidaci\u00f3n, sin BPA y dise\u00f1ado para un uso prolongado. Material y dise\u00f1o muy duraderos. <\/p>\n\n\n\n<p><strong>&nbsp;Personalizaci\u00f3n B2B<\/strong> - Pedido m\u00ednimo <strong>M\u00e1s de 50 unidades<\/strong> wto strart with your business.<\/p>\n\n\n\n<p><strong>Por qu\u00e9 te encantar\u00e1:<\/strong><\/p>\n\n\n\n<h3 class=\"wp-block-heading\"><strong>\u00bfPor qu\u00e9 elegir nuestra botella de agua por sublimaci\u00f3n para pedidos al por mayor?<\/strong><\/h3>\n\n\n\n<p>\u2728&nbsp;<strong>Opciones de personalizaci\u00f3n<\/strong>&nbsp;- Como proveedor de confianza, ofrecemos una amplia gama de opciones de personalizaci\u00f3n, como la colocaci\u00f3n del logotipo, opciones de color y envases personalizados.<br>\u2728&nbsp;<strong>Precios directos de f\u00e1brica<\/strong>&nbsp;- Disfrute de tarifas competitivas para pedidos al por mayor, que garantizan la rentabilidad sin comprometer la calidad.<br>\u2728&nbsp;<strong>Duradero y fiable<\/strong>&nbsp;- Construidos para soportar el uso diario, nuestros vasos son perfectos para regalos de empresa, eventos promocionales o ventas al por menor. Eco Drinkware ofrece un buen servicio postventa para nuestros vasos de sublimaci\u00f3n.<br>\u2728&nbsp;<strong>Entrega r\u00e1pida<\/strong>&nbsp;- Nuestra f\u00e1brica est\u00e1 equipada para gestionar pedidos a gran escala con una producci\u00f3n eficiente y una entrega puntual. Especialmente que utilizamos el robot en la producci\u00f3n que hizo la producci\u00f3n mucho m\u00e1s r\u00e1pida ahora.<br>\u2728&nbsp;<strong>Ecol\u00f3gico y reutilizable<\/strong>&nbsp;- Promueva la sostenibilidad con un vaso reutilizable que reduce los residuos y se alinea con los valores de conciencia ecol\u00f3gica. Cada vez m\u00e1s clientes eligen el termo aislante de acero inoxidable para sustituir la botella de pl\u00e1stico.                                                                                                                              \u2728<strong>Entrega mundial<\/strong>&nbsp;- Ofrecemos entrega global a todos los clientes. Incluso ofrecemos env\u00edos DDP a muchos pa\u00edses. Ayuda a los clientes a ahorrar dinero.                                                                                 \u2728<strong>Proveedor fiable<\/strong>&nbsp;- Eco Drinkware ha trabajado en este campo durante 10 a\u00f1os. Con el equipo experimentado de la tecnolog\u00eda y la persona de las ventas para resolver todo el nuevo proyecto bien. Es aconsejable trabajar con un proveedor profesional para ahorrar dinero y tiempo. Confianza tendr\u00e1 experiencia de compra satisfecho.                     <\/p>\n\n\n\n<hr class=\"wp-block-separator has-alpha-channel-opacity\"\/>\n\n\n\n<h3 class=\"wp-block-heading\"><strong>Perfecto para:<\/strong><\/h3>\n\n\n\n<ul class=\"wp-block-list\">\n<li><strong>Regalos de empresa<\/strong>&nbsp;- Impresione a sus clientes o recompense a sus empleados con una botella sublimada de alta calidad.<\/li>\n\n\n\n<li><strong>Eventos promocionales<\/strong>&nbsp;- Aumente la visibilidad de su marca con un art\u00edculo de regalo pr\u00e1ctico y elegante.<\/li>\n\n\n\n<li><strong>Ventas al por menor<\/strong>&nbsp;- Abast\u00e9zcase de botellas de agua por sublimaci\u00f3n personalizables, \u00fanicas y especiales que atraigan a un p\u00fablico amplio.<\/li>\n\n\n\n<li><strong>Recaudaci\u00f3n de fondos y regalos<\/strong>&nbsp;- Ofrezca un producto funcional y memorable que encante a los simpatizantes.<\/li>\n<\/ul>\n\n\n\n<hr class=\"wp-block-separator has-alpha-channel-opacity\"\/>\n\n\n\n<p><strong>P\u00eddalo hoy mismo<\/strong><br>Como proveedor l\u00edder de bebidas personalizadas, nos especializamos en ayudar a las empresas a crear productos personalizados que dejen una impresi\u00f3n duradera. Tanto si necesita 1000 como 10.000 unidades, nuestra f\u00e1brica est\u00e1 preparada para satisfacer sus demandas con una calidad de primera y un servicio excepcional.<\/p>\n\n\n\n<p><strong>P\u00f3ngase en contacto con nosotros para un presupuesto personalizado y eleve su imagen de marca con nuestra petaca de acero inoxidable personalizada de 32 oz.<\/strong><\/p>\n\n\n\n<figure class=\"wp-block-image size-full\"><img loading=\"lazy\" decoding=\"async\" width=\"1024\" height=\"1024\" src=\"https:\/\/eco-drinkware.com\/wp-content\/uploads\/2025\/09\/water-bottles-comparison.webp\" alt=\"Comparaci\u00f3n de una botella de agua de sublimaci\u00f3n lisa a la izquierda con la etiqueta &quot;Antes&quot; y una botella de agua de colores a la derecha con la etiqueta &quot;Despu\u00e9s&quot;.\" class=\"wp-image-3209\" srcset=\"https:\/\/eco-drinkware.com\/wp-content\/uploads\/2025\/09\/water-bottles-comparison.webp 1024w, https:\/\/eco-drinkware.com\/wp-content\/uploads\/2025\/09\/water-bottles-comparison-300x300.webp 300w, https:\/\/eco-drinkware.com\/wp-content\/uploads\/2025\/09\/water-bottles-comparison-150x150.webp 150w, https:\/\/eco-drinkware.com\/wp-content\/uploads\/2025\/09\/water-bottles-comparison-768x768.webp 768w, https:\/\/eco-drinkware.com\/wp-content\/uploads\/2025\/09\/water-bottles-comparison-600x600.webp 600w, https:\/\/eco-drinkware.com\/wp-content\/uploads\/2025\/09\/water-bottles-comparison-100x100.webp 100w\" sizes=\"auto, (max-width: 1024px) 100vw, 1024px\" \/><\/figure>\n\n\n\n<figure class=\"wp-block-image size-full\"><img loading=\"lazy\" decoding=\"async\" width=\"800\" height=\"800\" src=\"https:\/\/eco-drinkware.com\/wp-content\/uploads\/2025\/08\/white-bottles.webp\" alt=\"Cuatro botellas blancas S&#039;well de distintos tama\u00f1os: 350 ml, 500 ml, 750 ml y 1000 ml.\" class=\"wp-image-3124\" srcset=\"https:\/\/eco-drinkware.com\/wp-content\/uploads\/2025\/08\/white-bottles.webp 800w, https:\/\/eco-drinkware.com\/wp-content\/uploads\/2025\/08\/white-bottles-300x300.webp 300w, https:\/\/eco-drinkware.com\/wp-content\/uploads\/2025\/08\/white-bottles-150x150.webp 150w, https:\/\/eco-drinkware.com\/wp-content\/uploads\/2025\/08\/white-bottles-768x768.webp 768w, https:\/\/eco-drinkware.com\/wp-content\/uploads\/2025\/08\/white-bottles-600x600.webp 600w, https:\/\/eco-drinkware.com\/wp-content\/uploads\/2025\/08\/white-bottles-100x100.webp 100w\" sizes=\"auto, (max-width: 800px) 100vw, 800px\" \/><\/figure>\n\n\n\n<figure class=\"wp-block-table\"><table class=\"has-fixed-layout\"><tbody><tr><td>N\u00famero de art\u00edculo<\/td><td>GV003S<\/td><\/tr><tr><td>Capacidad<\/td><td>350ml 500ml 750ml 1000ml<\/td><\/tr><tr><td>Aislamiento<\/td><td>S\u00ed&nbsp;&nbsp;&nbsp;&nbsp;&nbsp;&nbsp;&nbsp;&nbsp;&nbsp;&nbsp;&nbsp;&nbsp;&nbsp;<\/td><\/tr><tr><td>Posici\u00f3n del logotipo<\/td><td>Cuerpo de la botella <\/td><\/tr><tr><td>Color<\/td><td>Rojo, plata, verde, azul, blanco, negro, oro rosa, color personalizado, color Pantone<\/td><\/tr><tr><td>Material<\/td><td>Acero inoxidable 304 interior y acero inoxidable 201 exterior, nueva tapa de pl\u00e1stico pp, junta de silicona<\/td><\/tr><tr><td>Caracter\u00edstica<\/td><td>Termo de doble pared, gran capacidad, dise\u00f1o personalizado<\/td><\/tr><tr><td>MOQ<\/td><td>1000 unidades<\/td><\/tr><tr><td>Logotipo<\/td><td>L\u00e1ser, serigraf\u00eda, transferencia de calor, transferencia de agua, transferencia de gas, impresi\u00f3n 3D, sublimaci\u00f3n, etc.<\/td><\/tr><tr><td>Paquete<\/td><td>caja blanca, caja impresa personalizada, caja cil\u00edndrica, bolsa de burbujas, caja de regalo<\/td><\/tr><tr><td>Tiempo de muestreo<\/td><td>3 d\u00edas para muestra de stock, 7 d\u00edas para muestra de logotipo personalizado<\/td><\/tr><tr><td>Tiempo de producci\u00f3n<\/td><td>25-35 d\u00edas, dependiendo de la cantidad y los requisitos<\/td><\/tr><tr><td>Sobre el pago<\/td><td>Transferencia bancaria , paypal, western union , trade assurance<\/td><\/tr><tr><td>Pa\u00eds de origen<\/td><td>Fabricado en China<\/td><\/tr><tr><td>Origen del certificado<\/td><td>S\u00ed, podemos ofrecer<\/td><\/tr><tr><td>Nuevo molde de botella<\/td><td>S\u00ed, tenemos un nuevo equipo de desarrollo de moldes<\/td><\/tr><tr><td>T\u00e9rminos<\/td><td>EXW,FOB,CIF, DDU, DDP<\/td><\/tr><\/tbody><\/table><\/figure>\n\n\n\n<p><\/p>","protected":false},"excerpt":{"rendered":"<h3><strong>Botellas de agua de acero inoxidable personalizadas con sublimaci\u00f3n de alta calidad<\/strong><\/h3>\n<ul>\n<li>\n<p>\u00a0<strong>Mucha Capacidad disponible<\/strong>-350ml, 500ml,750ml y 1000ml.  Perfectas para hidratarse durante todo el d\u00eda.<\/p>\n<\/li>\n<li>\n<p>\u00a0<strong>Dise\u00f1o personalizable<\/strong> - A\u00f1ada su logotipo, texto o ilustraciones para personalizarlo.<\/p>\n<\/li>\n<li>\n<p>\u00a0<strong>Aislamiento de doble pared al vac\u00edo<\/strong>\u00a0- Mantiene las bebidas calientes durante 12 horas y fr\u00edas durante 24 horas.<\/p>\n<\/li>\n<li>\n<p><strong>Acero inoxidable duradero<\/strong> - Resistente a la corrosi\u00f3n, sin BPA y fabricado para durar.Materiales aptos para uso alimentario.<\/p>\n<\/li>\n<li>\n<p>\u00a0<strong>A prueba de sudor y fugas<\/strong>\u00a0- Exterior sin condensaci\u00f3n y tapa segura para un uso sin complicaciones.<\/p>\n<\/li>\n<li>\n<p><strong>Vers\u00e1til y port\u00e1til<\/strong> - Ideal para el hogar, la oficina, los viajes o las aventuras al aire libre.<\/p>\n<\/li>\n<li>\n<p>\u00a0<strong>Entrega r\u00e1pida<\/strong> - 7-10 d\u00edas de producci\u00f3n + env\u00edo global.<\/p>\n<\/li>\n<li><strong>MOQ 50 unidades<\/strong> - Cantidades flexibles para nuevas y grandes empresas.<\/li>\n<\/ul>","protected":false},"featured_media":3124,"template":"","meta":{"_acf_changed":true,"_seopress_robots_primary_cat":"none","_seopress_titles_title":"Custom Sublimation Water Bottles Personalized stainless steel Drinkware Heat Transfer Printed Sports Bottle Reusable & Eco-Friendly Hydration Flask","_seopress_titles_desc":"Recycled stainless steel material.Food safe and BPA free materials, custom color and design is welcome. Profession drinkware manufacturer in China. Door to door delivery worldwide.  Whatsapp:0086 13567428830","_seopress_robots_index":"","_uag_custom_page_level_css":""},"product_brand":[],"product_cat":[37,23,20],"product_tag":[132,129,77,69,127,130,133,126,128,125,131],"class_list":{"0":"post-3128","1":"product","2":"type-product","3":"status-publish","4":"has-post-thumbnail","6":"product_cat-sublimation-water-bottle","7":"product_cat-sublimation-water-bottle-tumbler","8":"product_cat-vacuum-flask","9":"product_tag-blank-sublimation-water-bottles","10":"product_tag-bottle-sublimation","11":"product_tag-personalized-insulated-mug","12":"product_tag-stainless-steel-flask","13":"product_tag-sublimation-bottle","14":"product_tag-sublimation-bottles","15":"product_tag-sublimation-insulated-water-bottles","16":"product_tag-sublimation-water-bottle","17":"product_tag-sublimation-water-bottle-blanks","18":"product_tag-sublimation-water-bottles","19":"product_tag-water-bottles-for-sublimation","21":"first","22":"instock","23":"shipping-taxable","24":"product-type-simple"},"acf":[],"uagb_featured_image_src":{"full":["https:\/\/eco-drinkware.com\/wp-content\/uploads\/2025\/08\/white-bottles.webp",800,800,false],"thumbnail":["https:\/\/eco-drinkware.com\/wp-content\/uploads\/2025\/08\/white-bottles-150x150.webp",150,150,true],"medium":["https:\/\/eco-drinkware.com\/wp-content\/uploads\/2025\/08\/white-bottles-300x300.webp",300,300,true],"medium_large":["https:\/\/eco-drinkware.com\/wp-content\/uploads\/2025\/08\/white-bottles-768x768.webp",768,768,true],"large":["https:\/\/eco-drinkware.com\/wp-content\/uploads\/2025\/08\/white-bottles.webp",800,800,false],"1536x1536":["https:\/\/eco-drinkware.com\/wp-content\/uploads\/2025\/08\/white-bottles.webp",800,800,false],"2048x2048":["https:\/\/eco-drinkware.com\/wp-content\/uploads\/2025\/08\/white-bottles.webp",800,800,false],"trp-custom-language-flag":["https:\/\/eco-drinkware.com\/wp-content\/uploads\/2025\/08\/white-bottles.webp",12,12,false],"woocommerce_thumbnail":["https:\/\/eco-drinkware.com\/wp-content\/uploads\/2025\/08\/white-bottles-300x300.webp",300,300,true],"woocommerce_single":["https:\/\/eco-drinkware.com\/wp-content\/uploads\/2025\/08\/white-bottles-600x600.webp",600,600,true],"woocommerce_gallery_thumbnail":["https:\/\/eco-drinkware.com\/wp-content\/uploads\/2025\/08\/white-bottles-100x100.webp",100,100,true]},"uagb_author_info":{"display_name":"Amy","author_link":"https:\/\/eco-drinkware.com\/es\/author\/"},"uagb_comment_info":0,"uagb_excerpt":"Premium Custom Sublimation Stainless Steel Water Bottles \u00a0Many \u00a0Capacity available\u2013350ml, 500ml,750ml and 1000ml.\u00a0 Perfect for all-day hydration. \u00a0Customizable Design \u2013 Add your logo, text, or artwork for customization. \u00a0Double-Wall Vacuum Insulation\u00a0\u2013 Keeps drinks hot for 12 hours and cold for 24 hours. Durable Stainless Steel \u2013 Rust-resistant, BPA-free, and built to last.Food safe materials. \u00a0Sweat-Proof&hellip;","_links":{"self":[{"href":"https:\/\/eco-drinkware.com\/es\/wp-json\/wp\/v2\/product\/3128","targetHints":{"allow":["GET"]}}],"collection":[{"href":"https:\/\/eco-drinkware.com\/es\/wp-json\/wp\/v2\/product"}],"about":[{"href":"https:\/\/eco-drinkware.com\/es\/wp-json\/wp\/v2\/types\/product"}],"wp:featuredmedia":[{"embeddable":true,"href":"https:\/\/eco-drinkware.com\/es\/wp-json\/wp\/v2\/media\/3124"}],"wp:attachment":[{"href":"https:\/\/eco-drinkware.com\/es\/wp-json\/wp\/v2\/media?parent=3128"}],"wp:term":[{"taxonomy":"product_brand","embeddable":true,"href":"https:\/\/eco-drinkware.com\/es\/wp-json\/wp\/v2\/product_brand?post=3128"},{"taxonomy":"product_cat","embeddable":true,"href":"https:\/\/eco-drinkware.com\/es\/wp-json\/wp\/v2\/product_cat?post=3128"},{"taxonomy":"product_tag","embeddable":true,"href":"https:\/\/eco-drinkware.com\/es\/wp-json\/wp\/v2\/product_tag?post=3128"}],"curies":[{"name":"wp","href":"https:\/\/api.w.org\/{rel}","templated":true}]}}