{"id":3175,"date":"2025-08-29T15:32:05","date_gmt":"2025-08-29T07:32:05","guid":{"rendered":"https:\/\/eco-drinkware.com\/?post_type=product&#038;p=3175"},"modified":"2025-08-29T16:13:05","modified_gmt":"2025-08-29T08:13:05","slug":"12-oz-20oz-sublimacion-sippy-flask-con-boquilla-suave-a-prueba-de-derrames-en-blanco-vasos-termos-de-acero-inoxidable-para-bebidas-calientes-a-granel-de-doble-pared-con-aislamiento-al-vacio-botella-de","status":"publish","type":"product","link":"https:\/\/eco-drinkware.com\/es\/product\/12-oz-20oz-sublimacion-sippy-flask-con-boquilla-suave-a-prueba-de-derrames-en-blanco-vasos-termos-de-acero-inoxidable-para-bebidas-calientes-a-granel-de-doble-pared-con-aislamiento-al-vacio-botella-de\/","title":{"rendered":"12 oz 20oz Sublimaci\u00f3n Sippy frasco con boquilla suave a prueba de derrames en blanco Vasos Termos de acero inoxidable para bebidas calientes a granel de doble pared con aislamiento al vac\u00edo Botella de agua para la escuela"},"content":{"rendered":"<h2 class=\"wp-block-heading\">Frasco de sublimaci\u00f3n aislado de acero inoxidable a granel con tapa deslizante<\/h2>\n\n\n\n<p>Nuestras petacas de sublimaci\u00f3n est\u00e1n dise\u00f1adas para empresas que buscan soluciones de bebida fiables y personalizables. Disponibles en <strong>Tama\u00f1os de 12oz y 20oz<\/strong>Cada petaca tiene un <strong>cuerpo de acero inoxidable aislado<\/strong> para mantener las bebidas calientes o fr\u00edas durante horas. Con opciones que incluyen un <strong>tapa abatible y pajita<\/strong>Estos frascos combinan funcionalidad y comodidad. El <strong>recubrimiento listo para sublimaci\u00f3n<\/strong> garantiza impresiones vibrantes y duraderas, lo que las convierte en la opci\u00f3n perfecta para marcas corporativas, regalos promocionales o proyectos de personalizaci\u00f3n a granel.<\/p>\n\n\n\n<p><strong>Caracter\u00edsticas principales:<\/strong><\/p>\n\n\n\n<p><strong>1<\/strong> <strong>Varios tama\u00f1os disponibles<\/strong><br>- Se ofrece en <strong>12oz y 20oz<\/strong> opciones, que satisfacen las distintas demandas del mercado, desde los frascos para ni\u00f1os hasta los de uso diario est\u00e1ndar.<\/p>\n\n\n\n<p><strong>2<\/strong> <strong>Acero inoxidable y aislamiento de primera calidad<\/strong><br>- Fabricado con <strong>acero inoxidable de alta calidad<\/strong>con <strong>aislamiento de doble pared<\/strong> para mantener las bebidas calientes hasta 8 horas y fr\u00edas hasta 12 horas.<\/p>\n\n\n\n<p><strong>3<\/strong> <strong>Opciones de tapas funcionales<\/strong><br>- Viene con un <strong>tapa abatible<\/strong> y <strong>paja<\/strong>La boquilla es de silicona suave, perfecta para los ni\u00f1os. La boquilla es de material de silicona suave, pefect para los ni\u00f1os.<\/p>\n\n\n\n<p><strong>4<\/strong> <strong>Superficie lista para la sublimaci\u00f3n<\/strong><br>- Revestimiento profesional <strong>capa de sublimaci\u00f3n<\/strong>que garantiza una impresi\u00f3n vibrante a todo color, resistente a los ara\u00f1azos y de larga duraci\u00f3n, ideal para <strong>logotipo, marca o dise\u00f1o personalizado<\/strong>. F\u00e1cil de hacer el dise\u00f1o personalizado o imprimir la foto en el frasco por el horno o la m\u00e1quina de sublimaci\u00f3n.<\/p>\n\n\n\n<p><strong>5<\/strong> <strong>Perfecto para empresas de personalizaci\u00f3n<\/strong><br>- Dise\u00f1ado para <strong>personalizaci\u00f3n masiva<\/strong>Regalos promocionales, marcas corporativas, eventos escolares, equipos deportivos, regalos de boda y programas de reventa.<\/p>\n\n\n\n<p><strong>6<\/strong> <strong>Suministro al por mayor y a granel<\/strong><br>- Disponible en grandes cantidades con <strong>precios competitivos<\/strong>, apoyando a distribuidores, empresas de regalos y vendedores de comercio electr\u00f3nico que buscan ampliar su l\u00ednea de productos de bebidas personalizados.<\/p>\n\n\n\n<p><strong>\u00a07 Personalizaci\u00f3n B2B<\/strong> - Pedido m\u00ednimo <strong>M\u00e1s de 50 unidades<\/strong> para empezar con su negocio. Si desea obtener peque\u00f1as cantidades de botellas o vasos para sus clientes o empleados. Es la mejor opci\u00f3n.<\/p>\n\n\n\n<p><strong>Por qu\u00e9 te encantar\u00e1:<\/strong><\/p>\n\n\n\n<h3 class=\"wp-block-heading\"><strong>\u00bfPor qu\u00e9 elegir nuestro vaso en blanco de acero inoxidable para sublimaci\u00f3n para pedidos a granel?<\/strong><\/h3>\n\n\n\n<p>\u2728\u00a0<strong>Opciones de personalizaci\u00f3n<\/strong>\u00a0- Como proveedor de confianza, ofrecemos una amplia gama de opciones de personalizaci\u00f3n, como la colocaci\u00f3n del logotipo, opciones de color y envases personalizados.<br>\u2728\u00a0<strong>Precios directos de f\u00e1brica<\/strong>\u00a0- Disfrute de tarifas competitivas para pedidos al por mayor, que garantizan la rentabilidad sin comprometer la calidad.<br>\u2728\u00a0<strong>Duradero y fiable<\/strong>\u00a0- Construidos para soportar el uso diario, nuestros vasos son perfectos para regalos de empresa, eventos promocionales o ventas al por menor. Eco Drinkware ofrece un buen servicio postventa para nuestros vasos de sublimaci\u00f3n.<br>\u2728\u00a0<strong>Entrega r\u00e1pida<\/strong>\u00a0- Nuestra f\u00e1brica est\u00e1 equipada para gestionar pedidos a gran escala con una producci\u00f3n eficiente y una entrega puntual. Especialmente que utilizamos robot en la producci\u00f3n que hizo la producci\u00f3n mucho m\u00e1s r\u00e1pida ahora. Hay 200 trabajadores y 10 l\u00edneas de producci\u00f3n trabajan para nuestros clientes todos los d\u00edas.<br>\u2728\u00a0<strong>Ecol\u00f3gico y reutilizable<\/strong>\u00a0- Promueva la sostenibilidad con un vaso reutilizable que reduce los residuos y se alinea con los valores de conciencia ecol\u00f3gica. Cada vez m\u00e1s clientes eligen el termo aislante de acero inoxidable para sustituir la botella de pl\u00e1stico. \u2728<strong>Entrega mundial<\/strong>\u00a0- Ofrecemos entrega global a todos los clientes. Incluso ofrecemos env\u00edos DDP a muchos pa\u00edses. Ayuda a los clientes a ahorrar dinero. \u2728<strong>Proveedor fiable<\/strong>\u00a0- Eco Drinkware ha trabajado en este campo durante 10 a\u00f1os. Con el equipo experimentado de la tecnolog\u00eda y la persona de las ventas para resolver todo el nuevo proyecto bien. Es aconsejable trabajar con un proveedor profesional para ahorrar dinero y tiempo. Conf\u00ede en que usted tendr\u00e1 experiencia de compra satisfecho.<\/p>\n\n\n\n<hr class=\"wp-block-separator has-alpha-channel-opacity\"\/>\n\n\n\n<h3 class=\"wp-block-heading\">El vaso de sublimaci\u00f3n es <strong>Perfecto para:<\/strong><\/h3>\n\n\n\n<ul class=\"wp-block-list\">\n<li><strong>Regalos de empresa<\/strong>&nbsp;- Impresione a sus clientes o recompense a sus empleados con una botella sublimada de alta calidad.<\/li>\n\n\n\n<li><strong>Eventos promocionales<\/strong>&nbsp;- Aumente la visibilidad de su marca con un art\u00edculo de regalo pr\u00e1ctico y elegante.<\/li>\n\n\n\n<li><strong>Ventas al por menor<\/strong>&nbsp;- Abast\u00e9zcase de vasos en blanco personalizables, \u00fanicos y especiales para sublimaci\u00f3n que atraigan a un p\u00fablico amplio. Y ofrezca un servicio personalizado a sus clientes.<\/li>\n\n\n\n<li><strong>Recaudaci\u00f3n de fondos y regalos<\/strong>&nbsp;- Ofrezca un producto funcional y memorable que encante a los simpatizantes.<\/li>\n\n\n\n<li><strong>Estudio personalizado<\/strong>-Ofrecer un servicio muy personalizado para el cliente final.<\/li>\n\n\n\n<li><strong>Imorter<\/strong>- La capacidad de importaci\u00f3n profesional y de almacenamiento de los importadores puede ayudar a reducir el coste del vaso de sublimaci\u00f3n en blanco, permiti\u00e9ndoles servir a los mayoristas locales a peque\u00f1a escala.<\/li>\n<\/ul>\n\n\n\n<hr class=\"wp-block-separator has-alpha-channel-opacity\"\/>\n\n\n\n<p><strong>P\u00eddalo hoy mismo<\/strong><br>Como proveedor l\u00edder de frascos de sublimaci\u00f3n, estamos especializados en ayudar a las empresas a crear productos personalizados que dejen una impresi\u00f3n duradera. Tanto si necesita 100 como 10.000 unidades, nuestra f\u00e1brica est\u00e1 preparada para satisfacer sus demandas con una calidad de primera y un servicio excepcional.<\/p>\n\n\n\n<p><strong>P\u00f3ngase en contacto con nosotros ahora para obtener un presupuesto personalizado y eleve su marca con nuestra petaca de sublimaci\u00f3n aislada de acero inoxidable de 12 oz y 20 oz.<\/strong><\/p>\n\n\n\n<div class=\"wp-block-uagb-image uagb-block-86cd3ece wp-block-uagb-image--layout-default wp-block-uagb-image--effect-static wp-block-uagb-image--align-none\"><figure class=\"wp-block-uagb-image__figure\"><img decoding=\"async\" srcset=\"https:\/\/eco-drinkware.com\/wp-content\/uploads\/2025\/08\/after-sublimation.webp ,https:\/\/eco-drinkware.com\/wp-content\/uploads\/2025\/08\/after-sublimation.webp 780w, https:\/\/eco-drinkware.com\/wp-content\/uploads\/2025\/08\/after-sublimation.webp 360w\" sizes=\"auto, (max-width: 480px) 150px\" src=\"https:\/\/eco-drinkware.com\/wp-content\/uploads\/2025\/08\/after-sublimation.webp\" alt=\"Dos fotos de frascos de sublimaci\u00f3n mostrados antes y despu\u00e9s del proceso de sublimaci\u00f3n. La primera foto muestra frascos blancos lisos, mientras que la segunda muestra los mismos frascos con dise\u00f1os impresos que muestran una ni\u00f1a sosteniendo una bandera estadounidense y un explorador submarino con un tibur\u00f3n.\" class=\"uag-image-3178\" width=\"800\" height=\"800\" title=\"matraz de sublimaci\u00f3n Despu\u00e9s de la sublimaci\u00f3n\" loading=\"lazy\" role=\"img\"\/><\/figure><\/div>\n\n\n\n<figure class=\"wp-block-table\"><table class=\"has-fixed-layout\"><tbody><tr><td>N\u00famero de art\u00edculo<\/td><td>GV021<\/td><\/tr><tr><td>Capacidad<\/td><td>12oz\/350ml, 20oz\/600ml<\/td><\/tr><tr><td>Aislamiento<\/td><td>S\u00ed&nbsp;&nbsp;&nbsp;&nbsp;&nbsp;&nbsp;&nbsp;&nbsp;&nbsp;&nbsp;&nbsp;&nbsp;&nbsp;<\/td><\/tr><tr><td>Revestimiento especial<\/td><td>recubrimiento por sublimaci\u00f3n<\/td><\/tr><tr><td>Color<\/td><td>Rojo, plata, verde, azul, blanco, negro, oro rosa, color personalizado, color Pantone<\/td><\/tr><tr><td>Material<\/td><td>Acero inoxidable 304 interior y acero inoxidable 201 exterior, nueva tapa de pl\u00e1stico pp, junta de silicona<\/td><\/tr><tr><td>Caracter\u00edstica<\/td><td>Termo de doble pared, gran capacidad, dise\u00f1o personalizado<\/td><\/tr><tr><td>MOQ<\/td><td>50 unidades<\/td><\/tr><tr><td>Logotipo<\/td><td>L\u00e1ser, serigraf\u00eda, transferencia de calor, transferencia de agua, transferencia de gas, impresi\u00f3n 3D, sublimaci\u00f3n, etc.<\/td><\/tr><tr><td>Paquete<\/td><td>caja blanca, caja impresa personalizada, caja cil\u00edndrica, bolsa de burbujas, caja de regalo<\/td><\/tr><tr><td>Tiempo de muestreo<\/td><td>3 d\u00edas para muestra de stock, 7 d\u00edas para muestra de logotipo personalizado<\/td><\/tr><tr><td>Tiempo de producci\u00f3n<\/td><td>10-35 d\u00edas dependiendo de la cantidad y los requisitos<\/td><\/tr><tr><td>Sobre el pago<\/td><td>Transferencia bancaria , paypal, western union , trade assurance<\/td><\/tr><tr><td>Pa\u00eds de origen<\/td><td>Fabricado en China<\/td><\/tr><tr><td>Origen del certificado<\/td><td>S\u00ed, podemos ofrecer<\/td><\/tr><tr><td>Nuevo molde de botella<\/td><td>S\u00ed, tenemos un nuevo equipo de desarrollo de moldes<\/td><\/tr><tr><td>T\u00e9rminos<\/td><td>EXW,FOB,CIF, DDU, DDP<\/td><\/tr><\/tbody><\/table><\/figure>","protected":false},"excerpt":{"rendered":"<h3><strong>Vaso de sublimaci\u00f3n de alta calidad al por mayor<\/strong><\/h3>\n<ul>\n<li>\n<p>\u00a0<strong>Muchos tama\u00f1os disponibles<\/strong>-350ml, 500ml,750ml y 1000ml.  Perfectas para hidratarse durante todo el d\u00eda.<\/p>\n<\/li>\n<li>\n<p>\u00a0<strong>Dise\u00f1o personalizable<\/strong> - A\u00f1ada su logotipo, texto o ilustraciones para personalizarlo. Revestimiento especial para personalizaci\u00f3n por sublimaci\u00f3n.<\/p>\n<\/li>\n<li>\n<p>\u00a0<strong>Aislamiento de doble pared al vac\u00edo<\/strong>\u00a0- Mantiene las bebidas calientes durante 12 horas y fr\u00edas durante 24 horas.<\/p>\n<\/li>\n<li>\n<p><strong>Acero inoxidable duradero<\/strong> - Resistente a la corrosi\u00f3n, sin BPA y fabricado para durar.Materiales aptos para uso alimentario.<\/p>\n<\/li>\n<li>\n<p>\u00a0<strong>A prueba de sudor y fugas<\/strong>\u00a0- Exterior sin condensaci\u00f3n y tapa segura para un uso sin complicaciones.<\/p>\n<\/li>\n<li><strong>Tapa deslizante a prueba de fugas<\/strong>- Con tapa deslizante a prueba de inclinaci\u00f3n emparejada. Pajita f\u00e1cil de insertar.<\/li>\n<li>\n<p><strong>Vers\u00e1til y port\u00e1til<\/strong> - Ideal para el hogar, la oficina, los viajes o las aventuras al aire libre.<\/p>\n<\/li>\n<li>\n<p>\u00a0<strong>Entrega r\u00e1pida<\/strong> - Env\u00edo global de 7 a 10 d\u00edas de producci\u00f3n.<\/p>\n<\/li>\n<li><strong>Env\u00edos internacionales<\/strong> - CIF, DAT, DDP env\u00edo a todos los pa\u00edses<\/li>\n<li><strong>MOQ 50 unidades<\/strong> - Cantidades flexibles para nuevas y grandes empresas.<\/li>\n<\/ul>","protected":false},"featured_media":3178,"template":"","meta":{"_acf_changed":true,"_seopress_robots_primary_cat":"none","_seopress_titles_title":"Personalised BPA free12 oz 20oz Sublimation flask wholesale","_seopress_titles_desc":"Recycled stainless steel material.Food safe and BPA free materials, custom color and design is welcome.Door to door delivery worldwide.  Whatsapp:0086 13567428830","_seopress_robots_index":"","_uag_custom_page_level_css":""},"product_brand":[],"product_cat":[38,37,23,20],"product_tag":[132,77,130,140,126,128,125,131],"class_list":{"0":"post-3175","1":"product","2":"type-product","3":"status-publish","4":"has-post-thumbnail","6":"product_cat-sublimation-tumbler","7":"product_cat-sublimation-water-bottle","8":"product_cat-sublimation-water-bottle-tumbler","9":"product_cat-vacuum-flask","10":"product_tag-blank-sublimation-water-bottles","11":"product_tag-personalized-insulated-mug","12":"product_tag-sublimation-bottles","13":"product_tag-sublimation-flask","14":"product_tag-sublimation-water-bottle","15":"product_tag-sublimation-water-bottle-blanks","16":"product_tag-sublimation-water-bottles","17":"product_tag-water-bottles-for-sublimation","19":"first","20":"instock","21":"shipping-taxable","22":"product-type-simple"},"acf":[],"uagb_featured_image_src":{"full":["https:\/\/eco-drinkware.com\/wp-content\/uploads\/2025\/08\/after-sublimation.webp",800,800,false],"thumbnail":["https:\/\/eco-drinkware.com\/wp-content\/uploads\/2025\/08\/after-sublimation-150x150.webp",150,150,true],"medium":["https:\/\/eco-drinkware.com\/wp-content\/uploads\/2025\/08\/after-sublimation-300x300.webp",300,300,true],"medium_large":["https:\/\/eco-drinkware.com\/wp-content\/uploads\/2025\/08\/after-sublimation-768x768.webp",768,768,true],"large":["https:\/\/eco-drinkware.com\/wp-content\/uploads\/2025\/08\/after-sublimation.webp",800,800,false],"1536x1536":["https:\/\/eco-drinkware.com\/wp-content\/uploads\/2025\/08\/after-sublimation.webp",800,800,false],"2048x2048":["https:\/\/eco-drinkware.com\/wp-content\/uploads\/2025\/08\/after-sublimation.webp",800,800,false],"trp-custom-language-flag":["https:\/\/eco-drinkware.com\/wp-content\/uploads\/2025\/08\/after-sublimation.webp",12,12,false],"woocommerce_thumbnail":["https:\/\/eco-drinkware.com\/wp-content\/uploads\/2025\/08\/after-sublimation-300x300.webp",300,300,true],"woocommerce_single":["https:\/\/eco-drinkware.com\/wp-content\/uploads\/2025\/08\/after-sublimation-600x600.webp",600,600,true],"woocommerce_gallery_thumbnail":["https:\/\/eco-drinkware.com\/wp-content\/uploads\/2025\/08\/after-sublimation-100x100.webp",100,100,true]},"uagb_author_info":{"display_name":"Amy","author_link":"https:\/\/eco-drinkware.com\/es\/author\/"},"uagb_comment_info":0,"uagb_excerpt":"Premium Custom Sublimation tumbler blanks wholesale \u00a0Many size available\u2013350ml, 500ml,750ml and 1000ml.\u00a0 Perfect for all-day hydration. \u00a0Customizable Design \u2013 Add your logo, text, or artwork for customization. Special sublimation coating for sublimation customization. \u00a0Double-Wall Vacuum Insulation\u00a0\u2013 Keeps drinks hot for 12 hours and cold for 24 hours. Durable Stainless Steel \u2013 Rust-resistant, BPA-free, and built&hellip;","_links":{"self":[{"href":"https:\/\/eco-drinkware.com\/es\/wp-json\/wp\/v2\/product\/3175","targetHints":{"allow":["GET"]}}],"collection":[{"href":"https:\/\/eco-drinkware.com\/es\/wp-json\/wp\/v2\/product"}],"about":[{"href":"https:\/\/eco-drinkware.com\/es\/wp-json\/wp\/v2\/types\/product"}],"wp:featuredmedia":[{"embeddable":true,"href":"https:\/\/eco-drinkware.com\/es\/wp-json\/wp\/v2\/media\/3178"}],"wp:attachment":[{"href":"https:\/\/eco-drinkware.com\/es\/wp-json\/wp\/v2\/media?parent=3175"}],"wp:term":[{"taxonomy":"product_brand","embeddable":true,"href":"https:\/\/eco-drinkware.com\/es\/wp-json\/wp\/v2\/product_brand?post=3175"},{"taxonomy":"product_cat","embeddable":true,"href":"https:\/\/eco-drinkware.com\/es\/wp-json\/wp\/v2\/product_cat?post=3175"},{"taxonomy":"product_tag","embeddable":true,"href":"https:\/\/eco-drinkware.com\/es\/wp-json\/wp\/v2\/product_tag?post=3175"}],"curies":[{"name":"wp","href":"https:\/\/api.w.org\/{rel}","templated":true}]}}