{"id":3185,"date":"2025-09-03T16:40:42","date_gmt":"2025-09-03T08:40:42","guid":{"rendered":"https:\/\/eco-drinkware.com\/?post_type=product&#038;p=3185"},"modified":"2025-09-15T16:43:36","modified_gmt":"2025-09-15T08:43:36","slug":"vaso-de-sublimacion-de-40oz-al-por-mayor-con-asa-extraible","status":"publish","type":"product","link":"https:\/\/eco-drinkware.com\/es\/product\/vaso-de-sublimacion-de-40oz-al-por-mayor-con-asa-extraible\/","title":{"rendered":"Vaso de Sublimaci\u00f3n de 40oz al por mayor al por mayor al por mayor al por mayor al por mayor al por mayor al por mayor al por mayor al por mayor con asa extra\u00edble"},"content":{"rendered":"<h2 class=\"wp-block-heading\">Vaso a granel de acero inoxidable aislado para sublimaci\u00f3n de 40 oz con asa <\/h2>\n\n\n\n<p>Presentamos el Vaso de Sublimaci\u00f3n de 40 oz con asa extra\u00edble, que cambiar\u00e1 las reglas del juego de su negocio de bebidas. Dise\u00f1ado para pedidos al por mayor y a granel, este vaso est\u00e1 fabricado en acero inoxidable resistente y cuenta con un recubrimiento de sublimaci\u00f3n de primera calidad que garantiza impresiones vibrantes y duraderas.<\/p>\n\n\n\n<p>El asa extra\u00edble a\u00f1ade una capa de versatilidad y comodidad, atrayendo a una amplia gama de clientes. Su generosa capacidad y excelente aislamiento mantienen las bebidas a la temperatura perfecta durante horas. Se trata de un producto B2B esencial, perfecto para las empresas de personalizaci\u00f3n que deseen ofrecer bebidas de alta calidad, rentables y personalizables.<\/p>\n\n\n\n<p><strong>Caracter\u00edsticas principales:<\/strong><\/p>\n\n\n\n<p><strong>1<\/strong> <strong>40 oz de gran capacidad<\/strong> - Este vaso de sublimaci\u00f3n tiene una impresionante capacidad de 40 oz, por lo que es ideal para hidratarse durante todo el d\u00eda, para la oficina y para viajes largos. Su generoso tama\u00f1o reduce la frecuencia de rellenado, ofreciendo comodidad tanto para uso personal como profesional. Para las empresas, el dise\u00f1o de gran capacidad la convierte en una opci\u00f3n popular para regalos corporativos y campa\u00f1as promocionales. Los mayoristas y distribuidores la encontrar\u00e1n especialmente atractiva para satisfacer las diversas necesidades de los clientes en el mercado de las bebidas.<\/p>\n\n\n\n<p><strong>2<\/strong> <strong>Recubrimiento por sublimaci\u00f3n de alta calidad<\/strong> - El vaso est\u00e1 recubierto con una capa de sublimaci\u00f3n de alta calidad que permite impresiones n\u00edtidas, vibrantes y duraderas. Tanto si imprime logotipos de empresa, material gr\u00e1fico promocional o dise\u00f1os personalizados, la superficie garantiza excelentes resultados de transferencia del color. Esta caracter\u00edstica convierte al vaso en una opci\u00f3n rentable para proyectos de personalizaci\u00f3n de marca, empresas de marca blanca y personalizaci\u00f3n de grandes cantidades. Es el producto perfecto para compradores B2B que buscan ampliar su l\u00ednea de productos de sublimaci\u00f3n con resultados fiables.<\/p>\n\n\n\n<p><strong>3<\/strong> <strong>Dise\u00f1o de asa extra\u00edble<\/strong> - El asa flexible proporciona comodidad a los usuarios finales, al tiempo que mejora la eficacia del embalaje y el env\u00edo de pedidos a granel. Lo m\u00e1s importante es que podemos quitar el asa de pl\u00e1stico cuando se realiza el proceso de sublimaci\u00f3n. As\u00ed pues, ning\u00fan pl\u00e1stico ser\u00e1 da\u00f1o en el horno o la m\u00e1quina de alta temperatura de la sublimaci\u00f3n.<\/p>\n\n\n\n<p><strong>4<\/strong> <strong>Acero inoxidable aislado de doble pared<\/strong> - Fabricado con acero inoxidable de primera calidad y aislamiento al vac\u00edo de doble pared, este vaso garantiza que las bebidas se mantengan calientes hasta 12 horas o fr\u00edas hasta 24 horas. Su construcci\u00f3n resistente proporciona un rendimiento duradero, por lo que es una excelente opci\u00f3n para las empresas que dan prioridad a la calidad en sus l\u00edneas de productos. Su dise\u00f1o aislado la hace adecuada para su uso durante todo el a\u00f1o, ofreciendo un valor a\u00f1adido a las empresas promocionales y a los distribuidores. Una soluci\u00f3n pr\u00e1ctica y fiable que mejora su oferta de bebidas con un rendimiento de confianza.<\/p>\n\n\n\n<p><strong>5<\/strong> <strong>Perfecto para empresas de personalizaci\u00f3n<\/strong><br>- Dise\u00f1ado para <strong>personalizaci\u00f3n masiva<\/strong>Regalos promocionales, marcas corporativas, eventos escolares, equipos deportivos, regalos de boda y programas de reventa.<\/p>\n\n\n\n<p>6 <strong>Soluci\u00f3n B2B<\/strong> - Dise\u00f1ado pensando en mayoristas, distribuidores y compradores corporativos, este vaso combina durabilidad, funcionalidad y rentabilidad. Su gran \u00e1rea de impresi\u00f3n y su superficie de sublimaci\u00f3n de alta calidad lo hacen perfecto para la personalizaci\u00f3n a gran escala, la marca blanca y los eventos promocionales. El producto est\u00e1 empaquetado y estructurado para soportar pedidos a gran escala de forma eficiente, garantizando que las empresas puedan satisfacer la demanda del mercado con facilidad. Como opci\u00f3n de bebida vers\u00e1til y personalizable, ofrece un excelente retorno de la inversi\u00f3n a los clientes B2B.<\/p>\n\n\n\n<p><strong>Por qu\u00e9 te encantar\u00e1:<\/strong><\/p>\n\n\n\n<h3 class=\"wp-block-heading\"><strong>\u00bfPor qu\u00e9 elegir nuestro vaso en blanco de 40 oz para sublimaci\u00f3n con asa extra\u00edble para pedidos a granel?<\/strong><\/h3>\n\n\n\n<p>\u2728&nbsp;<strong>Opciones de personalizaci\u00f3n<\/strong>&nbsp;- Como proveedor de confianza, ofrecemos una amplia gama de opciones de personalizaci\u00f3n, como la colocaci\u00f3n del logotipo, opciones de color y envases personalizados.<br>\u2728&nbsp;<strong>Precios directos de f\u00e1brica<\/strong>&nbsp;- Disfrute de tarifas competitivas para pedidos al por mayor, que garantizan la rentabilidad sin comprometer la calidad.<br>\u2728&nbsp;<strong>Duradero y fiable<\/strong>&nbsp;- Construidos para soportar el uso diario, nuestros vasos son perfectos para regalos de empresa, eventos promocionales o ventas al por menor. Eco Drinkware ofrece un buen servicio postventa para nuestros vasos de sublimaci\u00f3n.<br>\u2728&nbsp;<strong>Entrega r\u00e1pida<\/strong>&nbsp;- Nuestra f\u00e1brica est\u00e1 equipada para gestionar pedidos a gran escala con una producci\u00f3n eficiente y una entrega puntual. Especialmente que utilizamos robot en la producci\u00f3n que hizo la producci\u00f3n mucho m\u00e1s r\u00e1pida ahora. Hay 200 trabajadores y 10 l\u00edneas de producci\u00f3n trabajan para nuestros clientes todos los d\u00edas.<br>\u2728&nbsp;<strong>Ecol\u00f3gico y reutilizable<\/strong>&nbsp;- Promueva la sostenibilidad con un vaso reutilizable que reduce los residuos y se alinea con los valores de conciencia ecol\u00f3gica. Cada vez m\u00e1s clientes eligen el termo aislante de acero inoxidable para sustituir la botella de pl\u00e1stico. \u2728<strong>Entrega mundial<\/strong>&nbsp;- Ofrecemos entrega global a todos los clientes. Incluso ofrecemos env\u00edos DDP a muchos pa\u00edses. Ayuda a los clientes a ahorrar dinero. \u2728<strong>Proveedor fiable<\/strong>&nbsp;- Eco Drinkware ha trabajado en este campo durante 10 a\u00f1os. Con el equipo experimentado de la tecnolog\u00eda y la persona de las ventas para resolver todo el nuevo proyecto bien. Es aconsejable trabajar con un proveedor profesional para ahorrar dinero y tiempo. Conf\u00ede en que usted tendr\u00e1 experiencia de compra satisfecho.<\/p>\n\n\n\n<hr class=\"wp-block-separator has-alpha-channel-opacity\"\/>\n\n\n\n<h3 class=\"wp-block-heading\">El vaso de sublimaci\u00f3n es <strong>Perfecto para:<\/strong><\/h3>\n\n\n\n<ul class=\"wp-block-list\">\n<li><strong>Regalos de empresa<\/strong>&nbsp;- Impresione a sus clientes o recompense a sus empleados con una botella sublimada de alta calidad.<\/li>\n\n\n\n<li><strong>Eventos promocionales<\/strong>&nbsp;- Aumente la visibilidad de su marca con un art\u00edculo de regalo pr\u00e1ctico y elegante.<\/li>\n\n\n\n<li><strong>Ventas al por menor<\/strong>&nbsp;- Abast\u00e9zcase de vasos en blanco personalizables, \u00fanicos y especiales para sublimaci\u00f3n que atraigan a un p\u00fablico amplio. Y ofrezca un servicio personalizado a sus clientes.<\/li>\n\n\n\n<li><strong>Recaudaci\u00f3n de fondos y regalos<\/strong>&nbsp;- Ofrezca un producto funcional y memorable que encante a los simpatizantes.<\/li>\n\n\n\n<li><strong>Estudio personalizado<\/strong>-Ofrecer un servicio muy personalizado para el cliente final.<\/li>\n\n\n\n<li><strong>Imorter<\/strong>- La capacidad de importaci\u00f3n profesional y de almacenamiento de los importadores puede ayudar a reducir el coste del vaso de sublimaci\u00f3n en blanco, permiti\u00e9ndoles servir a los mayoristas locales a peque\u00f1a escala.<\/li>\n<\/ul>\n\n\n\n<hr class=\"wp-block-separator has-alpha-channel-opacity\"\/>\n\n\n\n<p><strong>P\u00eddalo hoy mismo<\/strong><br>Como proveedor l\u00edder de tazas de sublimaci\u00f3n, estamos especializados en ayudar a las empresas a crear productos personalizados que dejen una impresi\u00f3n duradera. Tanto si necesita 100 como 10.000 unidades, nuestra f\u00e1brica est\u00e1 preparada para satisfacer sus demandas con una calidad de primera y un servicio excepcional.<\/p>\n\n\n\n<p><strong>Contacte con nosotros ahora para un presupuesto personalizado con Vaso Sublimaci\u00f3n 40oz Con Asa Desmontable<\/strong>!<\/p>\n\n\n\n<figure class=\"wp-block-image size-full\"><img loading=\"lazy\" decoding=\"async\" width=\"800\" height=\"800\" src=\"https:\/\/eco-drinkware.com\/wp-content\/uploads\/2025\/09\/custom-tumblr-before-after.webp\" alt=\"Una imagen del antes y el despu\u00e9s que muestra un vaso blanco transformado con un dise\u00f1o que incluye Vaso de sublimaci\u00f3n de 40 oz con asa extra\u00edble.\" class=\"wp-image-3183\" srcset=\"https:\/\/eco-drinkware.com\/wp-content\/uploads\/2025\/09\/custom-tumblr-before-after.webp 800w, https:\/\/eco-drinkware.com\/wp-content\/uploads\/2025\/09\/custom-tumblr-before-after-300x300.webp 300w, https:\/\/eco-drinkware.com\/wp-content\/uploads\/2025\/09\/custom-tumblr-before-after-150x150.webp 150w, https:\/\/eco-drinkware.com\/wp-content\/uploads\/2025\/09\/custom-tumblr-before-after-768x768.webp 768w, https:\/\/eco-drinkware.com\/wp-content\/uploads\/2025\/09\/custom-tumblr-before-after-600x600.webp 600w, https:\/\/eco-drinkware.com\/wp-content\/uploads\/2025\/09\/custom-tumblr-before-after-100x100.webp 100w\" sizes=\"auto, (max-width: 800px) 100vw, 800px\" \/><\/figure>\n\n\n\n<figure class=\"wp-block-table\"><table class=\"has-fixed-layout\"><tbody><tr><td>N\u00famero de art\u00edculo<\/td><td>GV074S<\/td><\/tr><tr><td>Capacidad<\/td><td>40oz\/1200ml<\/td><\/tr><tr><td>Aislamiento<\/td><td>S\u00ed&nbsp;&nbsp;&nbsp;&nbsp;&nbsp;&nbsp;&nbsp;&nbsp;&nbsp;&nbsp;&nbsp;&nbsp;&nbsp;<\/td><\/tr><tr><td>Revestimiento especial<\/td><td>recubrimiento por sublimaci\u00f3n<\/td><\/tr><tr><td>Color<\/td><td>Rojo, plata, verde, azul, blanco, negro, oro rosa, color personalizado, color Pantone<\/td><\/tr><tr><td>Material<\/td><td>Acero inoxidable 304 interior y acero inoxidable 201 exterior, nueva tapa de pl\u00e1stico pp, junta de silicona<\/td><\/tr><tr><td>Caracter\u00edstica<\/td><td>Termo de doble pared, gran capacidad, dise\u00f1o personalizado<\/td><\/tr><tr><td>MOQ<\/td><td>500 unidades<\/td><\/tr><tr><td>Logotipo<\/td><td>L\u00e1ser, serigraf\u00eda, transferencia de calor, transferencia de agua, transferencia de gas, impresi\u00f3n 3D, sublimaci\u00f3n, etc.<\/td><\/tr><tr><td>Paquete<\/td><td>caja blanca, caja impresa personalizada, caja cil\u00edndrica, bolsa de burbujas, caja de regalo<\/td><\/tr><tr><td>Tiempo de muestreo<\/td><td>3 d\u00edas para muestra de stock, 7 d\u00edas para muestra de logotipo personalizado<\/td><\/tr><tr><td>Tiempo de producci\u00f3n<\/td><td>10-35 d\u00edas dependiendo de la cantidad y los requisitos<\/td><\/tr><tr><td>Sobre el pago<\/td><td>Transferencia bancaria , paypal, western union , trade assurance<\/td><\/tr><tr><td>Pa\u00eds de origen<\/td><td>Fabricado en China<\/td><\/tr><tr><td>Origen del certificado<\/td><td>S\u00ed, podemos ofrecer<\/td><\/tr><tr><td>Nuevo molde de botella<\/td><td>S\u00ed, tenemos un nuevo equipo de desarrollo de moldes<\/td><\/tr><tr><td>T\u00e9rminos<\/td><td>EXW,FOB,CIF, DDU, DDP<\/td><\/tr><\/tbody><\/table><\/figure>\n\n\n\n<p><\/p>","protected":false},"excerpt":{"rendered":"<h3><strong>Vaso de sublimaci\u00f3n premium de 40 oz con asa extra\u00edble al por mayor<\/strong><\/h3>\n<ul>\n<li>\n<p><strong> 40 oz de gran capacidad<\/strong>-Gran capacidad puede contener 1200ml. Es suficiente para beber un d\u00eda, tama\u00f1o perfecto.\u00a0<\/p>\n<\/li>\n<li>\n<p><strong data-start=\"334\" data-end=\"365\">Recubrimiento por sublimaci\u00f3n de alta calidad<\/strong> - Su superficie lisa garantiza una transferencia de color vibrante y duradera, perfecta para la impresi\u00f3n de logotipos, la promoci\u00f3n de marcas y proyectos de marcas blancas.<\/p>\n<\/li>\n<li><strong data-start=\"505\" data-end=\"532\">Dise\u00f1o de asa extra\u00edble<\/strong> - El asa de pl\u00e1stico se puede quitar. Muy conveniente para el proceso de sublimaci\u00f3n.<\/li>\n<li>\n<p>\u00a0<strong>Aislamiento de doble pared al vac\u00edo<\/strong>\u00a0- Mantiene las bebidas calientes durante 12 horas y fr\u00edas durante 24 horas.<\/p>\n<\/li>\n<li>\n<p><strong>Acero inoxidable duradero<\/strong> - Resistente a la corrosi\u00f3n, sin BPA y fabricado para durar.Materiales aptos para uso alimentario.<\/p>\n<\/li>\n<li>\n<p>\u00a0<strong>A prueba de sudor y fugas<\/strong>\u00a0- Exterior sin condensaci\u00f3n y tapa segura para un uso sin complicaciones.<\/p>\n<\/li>\n<li><strong>Tapa deslizante a prueba de fugas<\/strong>- Con tapa deslizante a prueba de inclinaci\u00f3n emparejada. Pajita f\u00e1cil de insertar.<\/li>\n<li>\n<p><strong>Vers\u00e1til y port\u00e1til<\/strong> - Ideal para casa, la oficina, viajes, excursiones o aventuras al aire libre.<\/p>\n<\/li>\n<li>\n<p>\u00a0<strong>Entrega r\u00e1pida<\/strong> - Env\u00edo global de 7 a 10 d\u00edas de producci\u00f3n.<\/p>\n<\/li>\n<li><strong>Env\u00edos internacionales<\/strong> - CIF, DAT,DDP env\u00edo a todos los pa\u00edses<\/li>\n<\/ul>","protected":false},"featured_media":3183,"template":"","meta":{"_acf_changed":true,"_seopress_robots_primary_cat":"none","_seopress_titles_title":"40oz Sublimatio Stanley Mug With Removable Handle wholesale","_seopress_titles_desc":"Recycled stainless steel material.Food safe and BPA free materials,custom color and design is welcome.Door to door delivery worldwide. Whatsapp:0086 13567428830","_seopress_robots_index":"","_uag_custom_page_level_css":""},"product_brand":[],"product_cat":[38,23,20],"product_tag":[141,77,130,140,142,126,128,125],"class_list":{"0":"post-3185","1":"product","2":"type-product","3":"status-publish","4":"has-post-thumbnail","6":"product_cat-sublimation-tumbler","7":"product_cat-sublimation-water-bottle-tumbler","8":"product_cat-vacuum-flask","9":"product_tag-40oz-sublimation-tumbler-with-removeable-handle-wholesale","10":"product_tag-personalized-insulated-mug","11":"product_tag-sublimation-bottles","12":"product_tag-sublimation-flask","13":"product_tag-sublimation-tumbker","14":"product_tag-sublimation-water-bottle","15":"product_tag-sublimation-water-bottle-blanks","16":"product_tag-sublimation-water-bottles","18":"first","19":"instock","20":"shipping-taxable","21":"product-type-simple"},"acf":[],"uagb_featured_image_src":{"full":["https:\/\/eco-drinkware.com\/wp-content\/uploads\/2025\/09\/custom-tumblr-before-after.webp",800,800,false],"thumbnail":["https:\/\/eco-drinkware.com\/wp-content\/uploads\/2025\/09\/custom-tumblr-before-after-150x150.webp",150,150,true],"medium":["https:\/\/eco-drinkware.com\/wp-content\/uploads\/2025\/09\/custom-tumblr-before-after-300x300.webp",300,300,true],"medium_large":["https:\/\/eco-drinkware.com\/wp-content\/uploads\/2025\/09\/custom-tumblr-before-after-768x768.webp",768,768,true],"large":["https:\/\/eco-drinkware.com\/wp-content\/uploads\/2025\/09\/custom-tumblr-before-after.webp",800,800,false],"1536x1536":["https:\/\/eco-drinkware.com\/wp-content\/uploads\/2025\/09\/custom-tumblr-before-after.webp",800,800,false],"2048x2048":["https:\/\/eco-drinkware.com\/wp-content\/uploads\/2025\/09\/custom-tumblr-before-after.webp",800,800,false],"trp-custom-language-flag":["https:\/\/eco-drinkware.com\/wp-content\/uploads\/2025\/09\/custom-tumblr-before-after.webp",12,12,false],"woocommerce_thumbnail":["https:\/\/eco-drinkware.com\/wp-content\/uploads\/2025\/09\/custom-tumblr-before-after-300x300.webp",300,300,true],"woocommerce_single":["https:\/\/eco-drinkware.com\/wp-content\/uploads\/2025\/09\/custom-tumblr-before-after-600x600.webp",600,600,true],"woocommerce_gallery_thumbnail":["https:\/\/eco-drinkware.com\/wp-content\/uploads\/2025\/09\/custom-tumblr-before-after-100x100.webp",100,100,true]},"uagb_author_info":{"display_name":"Amy","author_link":"https:\/\/eco-drinkware.com\/es\/author\/"},"uagb_comment_info":0,"uagb_excerpt":"Premium 40oz Sublimation Tumbler With Removable Handle wholesale 40oz Large Capacity\u2013Big capacity can hold 1200ml. It's enough for one day drinking, perfect size.\u00a0 Premium Sublimation Coating \u2013 Smooth surface ensures vibrant, long-lasting color transfer, perfect for logo printing, brand promotion, and private label projects. Removable Handle Design \u2013 The plastic handle can be removed. Very&hellip;","_links":{"self":[{"href":"https:\/\/eco-drinkware.com\/es\/wp-json\/wp\/v2\/product\/3185","targetHints":{"allow":["GET"]}}],"collection":[{"href":"https:\/\/eco-drinkware.com\/es\/wp-json\/wp\/v2\/product"}],"about":[{"href":"https:\/\/eco-drinkware.com\/es\/wp-json\/wp\/v2\/types\/product"}],"wp:featuredmedia":[{"embeddable":true,"href":"https:\/\/eco-drinkware.com\/es\/wp-json\/wp\/v2\/media\/3183"}],"wp:attachment":[{"href":"https:\/\/eco-drinkware.com\/es\/wp-json\/wp\/v2\/media?parent=3185"}],"wp:term":[{"taxonomy":"product_brand","embeddable":true,"href":"https:\/\/eco-drinkware.com\/es\/wp-json\/wp\/v2\/product_brand?post=3185"},{"taxonomy":"product_cat","embeddable":true,"href":"https:\/\/eco-drinkware.com\/es\/wp-json\/wp\/v2\/product_cat?post=3185"},{"taxonomy":"product_tag","embeddable":true,"href":"https:\/\/eco-drinkware.com\/es\/wp-json\/wp\/v2\/product_tag?post=3185"}],"curies":[{"name":"wp","href":"https:\/\/api.w.org\/{rel}","templated":true}]}}