{"id":3206,"date":"2025-09-09T16:01:29","date_gmt":"2025-09-09T08:01:29","guid":{"rendered":"https:\/\/eco-drinkware.com\/?post_type=product&#038;p=3206"},"modified":"2025-09-09T18:22:19","modified_gmt":"2025-09-09T10:22:19","slug":"tazas-personalizadas-12-oz-para-sublimacion-tazas-de-sublimacion-al-por-mayor","status":"publish","type":"product","link":"https:\/\/eco-drinkware.com\/es\/product\/tazas-personalizadas-12-oz-para-sublimacion-tazas-de-sublimacion-al-por-mayor\/","title":{"rendered":"Tazas personalizadas de 12 oz para sublimaci\u00f3n tazas de sublimaci\u00f3n al por mayor"},"content":{"rendered":"<h2 class=\"wp-block-heading\">Tazas de caf\u00e9 de sublimaci\u00f3n a granel en blanco aptas para alimentos <\/h2>\n\n\n\n<p>Las tazas de sublimaci\u00f3n se utilizan principalmente para personalizar motivos y logotipos, lo que facilita el suministro r\u00e1pido y en peque\u00f1os lotes de dise\u00f1os personalizados. Son de acero inoxidable 304, respetuosas con el medio ambiente y seguras para el cuerpo. El proceso de sublimaci\u00f3n es cada vez m\u00e1s popular y es la mejor opci\u00f3n para que empresas e instituciones educativas creen regalos personalizados.<\/p>\n\n\n\n<p><strong>Caracter\u00edsticas principales:<\/strong><\/p>\n\n\n\n<p>\ud83d\udca7\u00a0<strong>Tama\u00f1o perfecto<\/strong>\u00a0- 12oz\/350ml, tama\u00f1o de uso muy diario. Perfecto para caf\u00e9, t\u00e9 o cualquier otro l\u00edquido. Tama\u00f1o muy popular en el mercado.<\/p>\n\n\n\n<p>\ud83c\udf21\ufe0f&nbsp;<strong>Aislamiento de doble pared al vac\u00edo<\/strong>&nbsp;- Garantiza que las bebidas permanezcan calientes hasta 12 horas o fr\u00edas hasta 24 horas, proporcionando una retenci\u00f3n superior de la temperatura. erfecta para mantener las bebidas calientes o fr\u00edas durante todo el d\u00eda, lo que la convierte en una opci\u00f3n pr\u00e1ctica para oficinas, eventos o comercios. Perfecto para t\u00e9 helado, caf\u00e9, zumo o cualquier l\u00edquido.<\/p>\n\n\n\n<p>\ud83c\udf43&nbsp;<strong>Respetuoso con el medio ambiente y duradero:<\/strong>&nbsp;Fabricado en acero inoxidable de alta calidad sin BPA, este vaso est\u00e1 hecho para durar. Todos los materiales son aptos para uso alimentario. Olv\u00eddate de los vasos de un solo uso y reduce los residuos con una opci\u00f3n reutilizable y respetuosa con el medio ambiente.<\/p>\n\n\n\n<p>\ud83c\udfa8\u00a0<strong>Totalmente personalizable<\/strong> <strong>por sublimaci\u00f3n<\/strong>\u00a0- Con sublimaci\u00f3n especial recubierto de acabado.  Esta sublimaci\u00f3n en blanco tazas espacios en blanco est\u00e1n listos para la sublimaci\u00f3n recubierto por la m\u00e1quina de la prensa del calor del vaso o el horno de sublimaci\u00f3n, el color de impresi\u00f3n sale brillante no foggy.easy para hacer la botella impresa personalizada para sus frends o customers.No necesita ninguna herramienta especial. La forma m\u00e1s sencilla de hacer brillante y colorido vaso personalizado.<\/p>\n\n\n\n<p><strong>Elegante forma de huevo <\/strong>Nuestra taza de sublimaci\u00f3n es elegante forma de huevo que es f\u00e1cil de hacer la impresi\u00f3n de sublimaci\u00f3n envoltura completa por la m\u00e1quina de prensa taza vaso o sublimaci\u00f3n horno. Muy bonita forma de la taza.<\/p>\n\n\n\n<p><strong>Tapa deslizante a prueba de fugas <\/strong>Esta taza de caf\u00e9 sublimaci\u00f3n viene con la tapa transparente a prueba de fugas, el agua no sale de ninguna parte. La tapa deslizante con orificio para insertar la pajita para beber o beber directamente. Muy pr\u00e1ctico. <\/p>\n\n\n\n<p><strong>Construcci\u00f3n de acero inoxidable de primera calidad<\/strong>&nbsp;- Fabricado en acero inoxidable de alta calidad apto para uso alimentario, resistente a la oxidaci\u00f3n, sin BPA y dise\u00f1ado para un uso prolongado. Material y dise\u00f1o muy duraderos. <\/p>\n\n\n\n<p><strong>&nbsp;Personalizaci\u00f3n B2B<\/strong> - Pedido m\u00ednimo <strong>M\u00e1s de 50 unidades<\/strong> para empezar con su negocio. Si desea obtener peque\u00f1as cantidades de botellas o vasos para sus clientes o empleados. Es la mejor opci\u00f3n.<\/p>\n\n\n\n<p><strong>Por qu\u00e9 te encantar\u00e1:<\/strong><\/p>\n\n\n\n<h3 class=\"wp-block-heading\"><strong>\u00bfPor qu\u00e9 elegir nuestras tazas de sublimaci\u00f3n para pedidos al por mayor?<\/strong><\/h3>\n\n\n\n<p>\u2728\u00a0<strong>Opciones de personalizaci\u00f3n<\/strong>\u00a0- Como proveedor de confianza, ofrecemos una amplia gama de opciones de personalizaci\u00f3n, incluyendo la colocaci\u00f3n del logotipo, opciones de color y embalaje personalizado como caja de color, caja de exhibici\u00f3n, caja de regalo, cilindro redondo y as\u00ed sucesivamente.<br>\u2728\u00a0<strong>Precios directos de f\u00e1brica<\/strong>\u00a0- Disfrute de tarifas competitivas para pedidos al por mayor, que garantizan la rentabilidad sin comprometer la calidad.<br>\u2728\u00a0<strong>Duradero y fiable<\/strong>\u00a0- Construido para soportar el uso diario, nuestras tazas de sublimaci\u00f3n al por mayor son perfectos para regalos de empresa, eventos promocionales, o las ventas al por menor. Eco Drinkware oferta agradable despu\u00e9s de serevice de ventas para nuestra botella de sublimaci\u00f3n.<br>\u2728\u00a0<strong>Entrega r\u00e1pida<\/strong>\u00a0- Nuestra f\u00e1brica est\u00e1 equipada para gestionar pedidos a gran escala con una producci\u00f3n eficiente y una entrega puntual. Especialmente que utilizamos robot en la producci\u00f3n que hizo la producci\u00f3n mucho m\u00e1s r\u00e1pida ahora. Hay 200 trabajadores y 10 l\u00edneas de producci\u00f3n trabajan para nuestros clientes todos los d\u00edas.<br>\u2728\u00a0<strong>Ecol\u00f3gico y reutilizable<\/strong>\u00a0- Promueva la sostenibilidad con un vaso reutilizable que reduce los residuos y se alinea con los valores de conciencia ecol\u00f3gica. Cada vez m\u00e1s clientes eligen el termo aislante de acero inoxidable para sustituir la botella de pl\u00e1stico.                                                                          \u2728<strong>MOQ peque\u00f1o<\/strong>\u00a0- Con stock para muchos art\u00edculos normales, ofrecemos peque\u00f1as MOQ como 50 piezas, 100 piezas para apoyar su negocio establecido. Si usted necesita el paquete de encargo de la caja, MOQ es apenas 200 PC.                                                                                    \u2728<strong>Entrega mundial<\/strong>\u00a0- Ofrecemos entrega global a todos los clientes. Incluso ofrecemos env\u00edos DDP a muchos pa\u00edses. Ayuda a los clientes a ahorrar dinero.                                                                              \u2728<strong>Proveedor fiable<\/strong>\u00a0- Eco Drinkware ha trabajado en este campo durante 10 a\u00f1os. Con el equipo experimentado de la tecnolog\u00eda y la persona de las ventas para resolver todo el nuevo proyecto bien. Es aconsejable trabajar con un proveedor profesional para ahorrar dinero y tiempo. Confianza tendr\u00e1 experiencia de compra satisfecho.<\/p>\n\n\n\n<hr class=\"wp-block-separator has-alpha-channel-opacity\"\/>\n\n\n\n<h3 class=\"wp-block-heading\">La taza de sublimaci\u00f3n es <strong>Perfecto para:<\/strong><\/h3>\n\n\n\n<ul class=\"wp-block-list\">\n<li><strong>Regalos de empresa<\/strong>\u00a0- Impresione a sus clientes o recompense a sus empleados con tazas de sublimaci\u00f3n de marca de alta calidad.<\/li>\n\n\n\n<li><strong>Eventos promocionales<\/strong>&nbsp;- Aumente la visibilidad de su marca con un art\u00edculo de regalo pr\u00e1ctico y elegante.<\/li>\n\n\n\n<li><strong>Ventas al por menor<\/strong>\u00a0- Abast\u00e9zcase de tazas en blanco personalizables, \u00fanicas y especiales para sublimaci\u00f3n que atraigan a un p\u00fablico amplio. Y ofrezca un servicio personalizado a sus clientes.<\/li>\n\n\n\n<li><strong>Recaudaci\u00f3n de fondos y regalos<\/strong>&nbsp;- Ofrezca un producto funcional y memorable que encante a los simpatizantes.<\/li>\n\n\n\n<li><strong>Estudio personalizado<\/strong>-Ofrecer un servicio muy personalizado para el cliente final.<\/li>\n\n\n\n<li><strong>Imorter<\/strong>- La capacidad de importaci\u00f3n profesional y de almacenamiento de los importadores puede ayudar a reducir el coste de la taza de caf\u00e9 de sublimaci\u00f3n en blanco, lo que les permite servir a los mayoristas locales a peque\u00f1a escala<\/li>\n<\/ul>\n\n\n\n<hr class=\"wp-block-separator has-alpha-channel-opacity\"\/>\n\n\n\n<p><strong>P\u00eddalo hoy mismo<\/strong><br>Como proveedor l\u00edder de tazas de sublimaci\u00f3n, estamos especializados en ayudar a las empresas a crear productos personalizados que dejen una impresi\u00f3n duradera. Tanto si necesita 100 como 10.000 unidades, nuestra f\u00e1brica est\u00e1 preparada para satisfacer sus demandas con una calidad de primera y un servicio excepcional.<\/p>\n\n\n\n<p><strong>P\u00f3ngase en contacto con nosotros ahora para un presupuesto personalizado y elevar su marca con nuestras tazas de 12 oz para la sublimaci\u00f3n tazas de sublimaci\u00f3n al por mayor<\/strong>.<\/p>\n\n\n\n<div class=\"wp-block-uagb-image uagb-block-86cd3ece wp-block-uagb-image--layout-default wp-block-uagb-image--effect-static wp-block-uagb-image--align-none\"><figure class=\"wp-block-uagb-image__figure\"><img decoding=\"async\" srcset=\"https:\/\/eco-drinkware.com\/wp-content\/uploads\/2025\/09\/before-and-after-tumbler-design.webp ,https:\/\/eco-drinkware.com\/wp-content\/uploads\/2025\/09\/before-and-after-tumbler-design.webp 780w, https:\/\/eco-drinkware.com\/wp-content\/uploads\/2025\/09\/before-and-after-tumbler-design.webp 360w\" sizes=\"auto, (max-width: 480px) 150px\" src=\"https:\/\/eco-drinkware.com\/wp-content\/uploads\/2025\/09\/before-and-after-tumbler-design.webp\" alt=\"Comparaci\u00f3n de un vaso blanco liso y un vaso de dise\u00f1o colorido con el texto &quot;su dise\u00f1o&quot;.\" class=\"uag-image-3204\" width=\"800\" height=\"800\" title=\"Antes y despu\u00e9s de la taza de sublimaci\u00f3n\" loading=\"lazy\" role=\"img\"\/><\/figure><\/div>\n\n\n\n<figure class=\"wp-block-table\"><table class=\"has-fixed-layout\"><tbody><tr><td>N\u00famero de art\u00edculo<\/td><td>GV050S<\/td><\/tr><tr><td>Capacidad<\/td><td>350 ml<\/td><\/tr><tr><td>Aislamiento<\/td><td>S\u00ed&nbsp;&nbsp;&nbsp;&nbsp;&nbsp;&nbsp;&nbsp;&nbsp;&nbsp;&nbsp;&nbsp;&nbsp;&nbsp;<\/td><\/tr><tr><td>Revestimiento especial<\/td><td>recubrimiento por sublimaci\u00f3n<\/td><\/tr><tr><td>Color<\/td><td>Rojo, plata, verde, azul, blanco, negro, oro rosa, color personalizado, color Pantone<\/td><\/tr><tr><td>Material<\/td><td>Acero inoxidable 304 interior y acero inoxidable 201 exterior, nueva tapa de pl\u00e1stico AS, anillo de sellado de silicona<\/td><\/tr><tr><td>Caracter\u00edstica<\/td><td>Termo de doble pared, gran capacidad, dise\u00f1o personalizado<\/td><\/tr><tr><td>MOQ<\/td><td>50 unidades<\/td><\/tr><tr><td>Logotipo<\/td><td>L\u00e1ser, serigraf\u00eda, transferencia de calor, transferencia de agua, transferencia de gas, impresi\u00f3n 3D, sublimaci\u00f3n, etc.<\/td><\/tr><tr><td>Paquete<\/td><td>caja blanca, caja impresa personalizada, caja cil\u00edndrica, bolsa de burbujas, caja de regalo<\/td><\/tr><tr><td>Tiempo de muestreo<\/td><td>3 d\u00edas para muestra de stock, 7 d\u00edas para muestra de logotipo personalizado<\/td><\/tr><tr><td>Tiempo de producci\u00f3n<\/td><td>10-35 d\u00edas dependiendo de la cantidad y los requisitos<\/td><\/tr><tr><td>Sobre el pago<\/td><td>Transferencia bancaria , paypal, western union , trade assurance<\/td><\/tr><tr><td>Pa\u00eds de origen<\/td><td>Fabricado en China<\/td><\/tr><tr><td>Origen del certificado<\/td><td>S\u00ed, podemos ofrecer<\/td><\/tr><tr><td>Nuevo molde de botella<\/td><td>S\u00ed, tenemos un nuevo equipo de desarrollo de moldes<\/td><\/tr><tr><td>T\u00e9rminos<\/td><td>EXW,FOB,CIF, DDU, DDP<\/td><\/tr><\/tbody><\/table><\/figure>","protected":false},"excerpt":{"rendered":"<h3><strong>Tazas de sublimaci\u00f3n personalizadas al por mayor<\/strong><\/h3>\n<ul>\n<li>\n<p>\u00a0<strong>Buen tama\u00f1o de 12 oz<\/strong>-350ml,muy buen tama\u00f1o para el caf\u00e9 y para beber agua a diario.<\/p>\n<\/li>\n<li>\n<p>\u00a0<strong>Dise\u00f1o personalizable<\/strong> - A\u00f1ada su logotipo, texto o ilustraciones para personalizarlo. Revestimiento especial para personalizaci\u00f3n por sublimaci\u00f3n.<\/p>\n<\/li>\n<li>\n<p>\u00a0<strong>Aislamiento de doble pared al vac\u00edo<\/strong>\u00a0- Mantiene las bebidas calientes durante 12 horas y fr\u00edas durante 24 horas.<\/p>\n<\/li>\n<li>\n<p><strong>Acero inoxidable duradero<\/strong> - Resistente a la corrosi\u00f3n, sin BPA y fabricado para durar.Materiales aptos para uso alimentario.<\/p>\n<\/li>\n<li>\n<p>\u00a0<strong>A prueba de sudor y fugas<\/strong>\u00a0- Exterior sin condensaci\u00f3n y tapa segura para un uso sin complicaciones.<\/p>\n<\/li>\n<li><strong>Tapa deslizante a prueba de fugas<\/strong>- Con tapa deslizante a prueba de inclinaci\u00f3n emparejada. Pajita f\u00e1cil de insertar.<\/li>\n<li>\n<p><strong>Vers\u00e1til y port\u00e1til<\/strong> - Ideal para el hogar, la oficina, los viajes o las aventuras al aire libre.<\/p>\n<\/li>\n<li>\n<p>\u00a0<strong>Entrega r\u00e1pida<\/strong> - 7-10 d\u00edas de producci\u00f3n.<\/p>\n<\/li>\n<li><strong>Env\u00edos internacionales<\/strong> - CIF, DAT, DDP env\u00edo a todos los pa\u00edses<\/li>\n<li><strong>MOQ 50 unidades<\/strong> - Cantidades flexibles para nuevas y grandes empresas.<\/li>\n<\/ul>","protected":false},"featured_media":3204,"template":"","meta":{"_acf_changed":true,"_seopress_robots_primary_cat":"none","_seopress_titles_title":"Personalised 12 oz mugs for sublimation sublimation mugs wholesale","_seopress_titles_desc":"Recycled stainless steel material.Food safe and BPA free materials, custom color and design is welcome.Door to door delivery worldwide.  Whatsapp:0086 13567428830","_seopress_robots_index":"","_uag_custom_page_level_css":""},"product_brand":[],"product_cat":[39,23],"product_tag":[77,69,144,143,145,128],"class_list":{"0":"post-3206","1":"product","2":"type-product","3":"status-publish","4":"has-post-thumbnail","6":"product_cat-sublimation-mug","7":"product_cat-sublimation-water-bottle-tumbler","8":"product_tag-personalized-insulated-mug","9":"product_tag-stainless-steel-flask","10":"product_tag-sublimation-coffee-mugs","11":"product_tag-sublimation-mugs","12":"product_tag-sublimation-mugs-wholesale","13":"product_tag-sublimation-water-bottle-blanks","15":"first","16":"instock","17":"shipping-taxable","18":"product-type-simple"},"acf":[],"uagb_featured_image_src":{"full":["https:\/\/eco-drinkware.com\/wp-content\/uploads\/2025\/09\/before-and-after-tumbler-design.webp",1024,1024,false],"thumbnail":["https:\/\/eco-drinkware.com\/wp-content\/uploads\/2025\/09\/before-and-after-tumbler-design-150x150.webp",150,150,true],"medium":["https:\/\/eco-drinkware.com\/wp-content\/uploads\/2025\/09\/before-and-after-tumbler-design-300x300.webp",300,300,true],"medium_large":["https:\/\/eco-drinkware.com\/wp-content\/uploads\/2025\/09\/before-and-after-tumbler-design-768x768.webp",768,768,true],"large":["https:\/\/eco-drinkware.com\/wp-content\/uploads\/2025\/09\/before-and-after-tumbler-design.webp",1024,1024,false],"1536x1536":["https:\/\/eco-drinkware.com\/wp-content\/uploads\/2025\/09\/before-and-after-tumbler-design.webp",1024,1024,false],"2048x2048":["https:\/\/eco-drinkware.com\/wp-content\/uploads\/2025\/09\/before-and-after-tumbler-design.webp",1024,1024,false],"trp-custom-language-flag":["https:\/\/eco-drinkware.com\/wp-content\/uploads\/2025\/09\/before-and-after-tumbler-design.webp",12,12,false],"woocommerce_thumbnail":["https:\/\/eco-drinkware.com\/wp-content\/uploads\/2025\/09\/before-and-after-tumbler-design-300x300.webp",300,300,true],"woocommerce_single":["https:\/\/eco-drinkware.com\/wp-content\/uploads\/2025\/09\/before-and-after-tumbler-design-600x600.webp",600,600,true],"woocommerce_gallery_thumbnail":["https:\/\/eco-drinkware.com\/wp-content\/uploads\/2025\/09\/before-and-after-tumbler-design-100x100.webp",100,100,true]},"uagb_author_info":{"display_name":"Amy","author_link":"https:\/\/eco-drinkware.com\/es\/author\/"},"uagb_comment_info":0,"uagb_excerpt":"Premium Custom sublimation mugs wholesale \u00a0Nice 12 oz size\u2013350ml,very nice size for coffee and daily water drinking. \u00a0Customizable Design \u2013 Add your logo, text, or artwork for customization. Special sublimation coating for sublimation customization. \u00a0Double-Wall Vacuum Insulation\u00a0\u2013 Keeps drinks hot for 12 hours and cold for 24 hours. Durable Stainless Steel \u2013 Rust-resistant, BPA-free, and&hellip;","_links":{"self":[{"href":"https:\/\/eco-drinkware.com\/es\/wp-json\/wp\/v2\/product\/3206","targetHints":{"allow":["GET"]}}],"collection":[{"href":"https:\/\/eco-drinkware.com\/es\/wp-json\/wp\/v2\/product"}],"about":[{"href":"https:\/\/eco-drinkware.com\/es\/wp-json\/wp\/v2\/types\/product"}],"wp:featuredmedia":[{"embeddable":true,"href":"https:\/\/eco-drinkware.com\/es\/wp-json\/wp\/v2\/media\/3204"}],"wp:attachment":[{"href":"https:\/\/eco-drinkware.com\/es\/wp-json\/wp\/v2\/media?parent=3206"}],"wp:term":[{"taxonomy":"product_brand","embeddable":true,"href":"https:\/\/eco-drinkware.com\/es\/wp-json\/wp\/v2\/product_brand?post=3206"},{"taxonomy":"product_cat","embeddable":true,"href":"https:\/\/eco-drinkware.com\/es\/wp-json\/wp\/v2\/product_cat?post=3206"},{"taxonomy":"product_tag","embeddable":true,"href":"https:\/\/eco-drinkware.com\/es\/wp-json\/wp\/v2\/product_tag?post=3206"}],"curies":[{"name":"wp","href":"https:\/\/api.w.org\/{rel}","templated":true}]}}