{"id":3215,"date":"2025-09-15T16:09:32","date_gmt":"2025-09-15T08:09:32","guid":{"rendered":"https:\/\/eco-drinkware.com\/?post_type=product&#038;p=3215"},"modified":"2025-09-15T16:53:57","modified_gmt":"2025-09-15T08:53:57","slug":"venta-al-por-mayor-de-alimentos-12oz-16oz-tazas-de-acero-inoxidable-de-sublimacion-con-base-de-corcho-extraible","status":"publish","type":"product","link":"https:\/\/eco-drinkware.com\/es\/product\/venta-al-por-mayor-de-alimentos-12oz-16oz-tazas-de-acero-inoxidable-de-sublimacion-con-base-de-corcho-extraible\/","title":{"rendered":"Tazas de sublimaci\u00f3n de acero inoxidable de 12oz 16oz al por mayor con base de corcho extra\u00edble seguro para los alimentos"},"content":{"rendered":"<h2 class=\"wp-block-heading\">Taza sublimable aislada de acero inoxidable a granel con fondo de corcho extra\u00edble<\/h2>\n\n\n\n<p>Presentamos la taza de sublimaci\u00f3n de 12 oz y 16 oz con fondo de corcho extra\u00edble, que cambiar\u00e1 las reglas del juego de su negocio de bebidas. Dise\u00f1ada para pedidos al por mayor, esta taza de acero inoxidable est\u00e1 fabricada en acero inoxidable resistente y cuenta con un revestimiento de sublimaci\u00f3n de alta calidad que garantiza impresiones vibrantes y duraderas.<\/p>\n\n\n\n<p>El fondo de corcho extra\u00edble a\u00f1ade una capa de versatilidad y comodidad, atrayendo a una amplia gama de clientes. Su generosa capacidad y excelente aislamiento mantienen las bebidas a la temperatura perfecta durante horas. Se trata de un producto B2B esencial, perfecto para las empresas de personalizaci\u00f3n que deseen ofrecer bebidas de alta calidad, rentables y personalizables.<\/p>\n\n\n\n<p><strong>Caracter\u00edsticas principales:<\/strong><\/p>\n\n\n\n<p><strong>1 Capacidad de 12oz y 16oz<\/strong> - Nuestros tama\u00f1os de 12 y 16 oz est\u00e1n perfectamente dise\u00f1ados para satisfacer sus necesidades diarias de hidrataci\u00f3n. Compacta pero pr\u00e1ctica, la opci\u00f3n de 12 oz es ideal para un caf\u00e9 o t\u00e9 r\u00e1pido sobre la marcha, mientras que el tama\u00f1o de 16 oz proporciona capacidad extra para aquellos que disfrutan de porciones m\u00e1s grandes de caf\u00e9, bebidas heladas o agua durante todo el d\u00eda. Ambos tama\u00f1os son port\u00e1tiles, elegantes y vers\u00e1tiles, lo que los convierte en una excelente opci\u00f3n para el uso diario en casa, en la oficina o durante los desplazamientos. Los mayoristas y distribuidores la encontrar\u00e1n especialmente atractiva para satisfacer las diversas necesidades de los clientes en el mercado de las bebidas.<\/p>\n\n\n\n<p><strong>2<\/strong> <strong>Recubrimiento por sublimaci\u00f3n de alta calidad<\/strong> - El vaso est\u00e1 recubierto con una capa de sublimaci\u00f3n de alta calidad que permite impresiones n\u00edtidas, vibrantes y duraderas. Tanto si imprime logotipos de empresa, material gr\u00e1fico promocional o dise\u00f1os personalizados, la superficie garantiza excelentes resultados de transferencia del color. Esta caracter\u00edstica convierte al vaso en una opci\u00f3n rentable para proyectos de personalizaci\u00f3n de marca, empresas de marca blanca y personalizaci\u00f3n de grandes cantidades. Es el producto perfecto para compradores B2B que buscan ampliar su l\u00ednea de productos de sublimaci\u00f3n con resultados fiables.<\/p>\n\n\n\n<p><strong>3<\/strong> <strong>Fondo de corcho extra\u00edble<\/strong> - Con una base de corcho extra\u00edble, esta taza destaca tanto por su estilo como por su funcionalidad. El corcho a\u00f1ade un toque natural y ecol\u00f3gico, mientras que su dise\u00f1o desmontable aporta un sentido de diversi\u00f3n y versatilidad, haciendo que la taza no s\u00f3lo sea pr\u00e1ctica, sino tambi\u00e9n \u00fanica para el uso diarioEl punto m\u00e1s importnat es que podemos quitar el asa de pl\u00e1stico al hacer el proceso de sublimaci\u00f3n. As\u00ed, no se da\u00f1ar\u00e1 el pl\u00e1stico en el horno de alta temperatura o en la m\u00e1quina de sublimaci\u00f3n.<\/p>\n\n\n\n<p><strong>4<\/strong> <strong>Acero inoxidable aislado de doble pared<\/strong> - Fabricado con acero inoxidable de primera calidad y aislamiento al vac\u00edo de doble pared, este vaso garantiza que las bebidas se mantengan calientes hasta 12 horas o fr\u00edas hasta 24 horas. Su construcci\u00f3n resistente proporciona un rendimiento duradero, por lo que es una excelente opci\u00f3n para las empresas que dan prioridad a la calidad en sus l\u00edneas de productos. Su dise\u00f1o aislado la hace adecuada para su uso durante todo el a\u00f1o, ofreciendo un valor a\u00f1adido a las empresas promocionales y a los distribuidores. Una soluci\u00f3n pr\u00e1ctica y fiable que mejora su oferta de bebidas con un rendimiento de confianza.<\/p>\n\n\n\n<p><strong>5<\/strong> <strong>Perfecto para empresas de personalizaci\u00f3n<\/strong><br>- Dise\u00f1ado para <strong>personalizaci\u00f3n masiva<\/strong>Regalos promocionales, marcas corporativas, eventos escolares, equipos deportivos, regalos de boda y programas de reventa.<\/p>\n\n\n\n<p>6 <strong>Soluci\u00f3n B2B<\/strong> - Dise\u00f1ado pensando en mayoristas, distribuidores y compradores corporativos, este vaso combina durabilidad, funcionalidad y rentabilidad. Su gran \u00e1rea de impresi\u00f3n y su superficie de sublimaci\u00f3n de alta calidad lo hacen perfecto para la personalizaci\u00f3n a gran escala, la marca blanca y los eventos promocionales. El producto est\u00e1 empaquetado y estructurado para soportar pedidos a gran escala de forma eficiente, garantizando que las empresas puedan satisfacer la demanda del mercado con facilidad. Como opci\u00f3n de bebida vers\u00e1til y personalizable, ofrece un excelente retorno de la inversi\u00f3n a los clientes B2B.<\/p>\n\n\n\n<p><strong>Por qu\u00e9 te encantar\u00e1:<\/strong><\/p>\n\n\n\n<h3 class=\"wp-block-heading\"><strong>\u00bfPor qu\u00e9 elegir nuestra taza en blanco 12oz 16oz sublimaci\u00f3n con base extra\u00edble pedidos a granel?<\/strong><\/h3>\n\n\n\n<p>\u2728&nbsp;<strong>Opciones de personalizaci\u00f3n<\/strong>&nbsp;- Como proveedor de confianza, ofrecemos una amplia gama de opciones de personalizaci\u00f3n, como la colocaci\u00f3n del logotipo, opciones de color y envases personalizados.<br>\u2728&nbsp;<strong>Precios directos de f\u00e1brica<\/strong>&nbsp;- Disfrute de tarifas competitivas para pedidos al por mayor, que garantizan la rentabilidad sin comprometer la calidad.<br>\u2728&nbsp;<strong>Duradero y fiable<\/strong>&nbsp;- Construidos para soportar el uso diario, nuestros vasos son perfectos para regalos de empresa, eventos promocionales o ventas al por menor. Eco Drinkware ofrece un buen servicio postventa para nuestros vasos de sublimaci\u00f3n.<br>\u2728&nbsp;<strong>Entrega r\u00e1pida<\/strong>&nbsp;- Nuestra f\u00e1brica est\u00e1 equipada para gestionar pedidos a gran escala con una producci\u00f3n eficiente y una entrega puntual. Especialmente que utilizamos robot en la producci\u00f3n que hizo la producci\u00f3n mucho m\u00e1s r\u00e1pida ahora. Hay 200 trabajadores y 10 l\u00edneas de producci\u00f3n trabajan para nuestros clientes todos los d\u00edas.<br>\u2728&nbsp;<strong>Ecol\u00f3gico y reutilizable<\/strong>&nbsp;- Promueva la sostenibilidad con un vaso reutilizable que reduce los residuos y se alinea con los valores de conciencia ecol\u00f3gica. Cada vez m\u00e1s clientes eligen el termo aislante de acero inoxidable para sustituir la botella de pl\u00e1stico. \u2728<strong>Entrega mundial<\/strong>&nbsp;- Ofrecemos entrega global a todos los clientes. Incluso ofrecemos env\u00edos DDP a muchos pa\u00edses. Ayuda a los clientes a ahorrar dinero. \u2728<strong>Proveedor fiable<\/strong>&nbsp;- Eco Drinkware ha trabajado en este campo durante 10 a\u00f1os. Con el equipo experimentado de la tecnolog\u00eda y la persona de las ventas para resolver todo el nuevo proyecto bien. Es aconsejable trabajar con un proveedor profesional para ahorrar dinero y tiempo. Conf\u00ede en que usted tendr\u00e1 experiencia de compra satisfecho.<\/p>\n\n\n\n<hr class=\"wp-block-separator has-alpha-channel-opacity\"\/>\n\n\n\n<h3 class=\"wp-block-heading\">Mugis de sublimaci\u00f3n <strong>Perfecto para:<\/strong><\/h3>\n\n\n\n<ul class=\"wp-block-list\">\n<li><strong>Regalos de empresa<\/strong>&nbsp;- Impresione a sus clientes o recompense a sus empleados con una botella sublimada de alta calidad. <\/li>\n\n\n\n<li><strong>Eventos promocionales<\/strong>&nbsp;- Aumente la visibilidad de su marca con un art\u00edculo de regalo pr\u00e1ctico y elegante.<\/li>\n\n\n\n<li><strong>Ventas al por menor<\/strong>&nbsp;- Abast\u00e9zcase de vasos en blanco personalizables, \u00fanicos y especiales para sublimaci\u00f3n que atraigan a un p\u00fablico amplio. Y ofrezca un servicio personalizado a sus clientes.<\/li>\n\n\n\n<li><strong>Recaudaci\u00f3n de fondos y regalos<\/strong>&nbsp;- Ofrezca un producto funcional y memorable que encantar\u00e1 a sus seguidores. Por ejemplo, en una fiesta de cumplea\u00f1os, una boda o cualquier otro d\u00eda importante.<\/li>\n\n\n\n<li><strong>Estudio personalizado<\/strong>-Ofrecer un servicio muy personalizado para el cliente final.<\/li>\n\n\n\n<li><strong>Imorter<\/strong>- La capacidad de importaci\u00f3n profesional y de almacenamiento de los importadores puede ayudar a reducir el coste de la taza de sublimaci\u00f3n de acero inoxidable en blanco, lo que les permite servir a los mayoristas locales a peque\u00f1a escala.<\/li>\n<\/ul>\n\n\n\n<hr class=\"wp-block-separator has-alpha-channel-opacity\"\/>\n\n\n\n<p><strong>P\u00eddalo hoy mismo<\/strong><br>Como proveedor l\u00edder de tazas de sublimaci\u00f3n, estamos especializados en ayudar a las empresas a crear productos personalizados que dejen una impresi\u00f3n duradera. Tanto si necesita 100 como 10.000 unidades, nuestra f\u00e1brica est\u00e1 preparada para satisfacer sus demandas con una calidad de primera y un servicio excepcional.<\/p>\n\n\n\n<p><strong>P\u00f3ngase en contacto con nosotros ahora para una cotizaci\u00f3n personalizada con 12oz 16oz A granel tazas de sublimaci\u00f3n de acero inoxidable con base de corcho extra\u00edble.<\/strong><\/p>\n\n\n\n<figure class=\"wp-block-image size-full\"><img loading=\"lazy\" decoding=\"async\" width=\"800\" height=\"800\" src=\"https:\/\/eco-drinkware.com\/wp-content\/uploads\/2025\/09\/sublimation-mug-with-cork-base.jpg\" alt=\"taza de sublimaci\u00f3n con base de corcho\" class=\"wp-image-3216\" srcset=\"https:\/\/eco-drinkware.com\/wp-content\/uploads\/2025\/09\/sublimation-mug-with-cork-base.jpg 800w, https:\/\/eco-drinkware.com\/wp-content\/uploads\/2025\/09\/sublimation-mug-with-cork-base-300x300.jpg 300w, https:\/\/eco-drinkware.com\/wp-content\/uploads\/2025\/09\/sublimation-mug-with-cork-base-150x150.jpg 150w, https:\/\/eco-drinkware.com\/wp-content\/uploads\/2025\/09\/sublimation-mug-with-cork-base-768x768.jpg 768w, https:\/\/eco-drinkware.com\/wp-content\/uploads\/2025\/09\/sublimation-mug-with-cork-base-600x600.jpg 600w, https:\/\/eco-drinkware.com\/wp-content\/uploads\/2025\/09\/sublimation-mug-with-cork-base-100x100.jpg 100w\" sizes=\"auto, (max-width: 800px) 100vw, 800px\" \/><\/figure>\n\n\n\n<figure class=\"wp-block-table\"><table class=\"has-fixed-layout\"><tbody><tr><td>N\u00famero de art\u00edculo<\/td><td>GV046<\/td><\/tr><tr><td>Capacidad<\/td><td>12oz\/360ml, 16oz\/480ml <\/td><\/tr><tr><td>Aislamiento<\/td><td>S\u00ed&nbsp;&nbsp;&nbsp;&nbsp;&nbsp;&nbsp;&nbsp;&nbsp;&nbsp;&nbsp;&nbsp;&nbsp;&nbsp;<\/td><\/tr><tr><td>Revestimiento especial<\/td><td>recubrimiento por sublimaci\u00f3n, recubrimiento en polvo, pintura en aerosol, plata cepillada, espejo <\/td><\/tr><tr><td>Color<\/td><td>Rojo, plata, verde, azul, blanco, negro, oro rosa, color personalizado, color Pantone<\/td><\/tr><tr><td>Material<\/td><td>Acero inoxidable 304 interior y acero inoxidable 201 exterior, nueva tapa de pl\u00e1stico pp, junta de silicona<\/td><\/tr><tr><td>Caracter\u00edstica<\/td><td>Termo de doble pared, gran capacidad, dise\u00f1o personalizado<\/td><\/tr><tr><td>MOQ<\/td><td>1000 unidades<\/td><\/tr><tr><td>Logotipo<\/td><td>L\u00e1ser, serigraf\u00eda, transferencia de calor, transferencia de agua, transferencia de gas, impresi\u00f3n 3D, sublimaci\u00f3n, etc.<\/td><\/tr><tr><td>Paquete<\/td><td>caja blanca, caja impresa personalizada, caja cil\u00edndrica, caja expositora, bolsa de burbujas, caja de regalo<\/td><\/tr><tr><td>Tiempo de muestreo<\/td><td>3 d\u00edas para muestra de stock, 7 d\u00edas para muestra de logotipo personalizado<\/td><\/tr><tr><td>Tiempo de producci\u00f3n<\/td><td>30 d\u00edas dependiendo de la cantidad y los requisitos<\/td><\/tr><tr><td>Sobre el pago<\/td><td>Transferencia bancaria , paypal, western union , trade assurance<\/td><\/tr><tr><td>Pa\u00eds de origen<\/td><td>Fabricado en China<\/td><\/tr><tr><td>Origen del certificado<\/td><td>S\u00ed, podemos ofrecer<\/td><\/tr><tr><td>Nuevo molde de botella<\/td><td>S\u00ed, tenemos un nuevo equipo de desarrollo de moldes<\/td><\/tr><tr><td>T\u00e9rminos<\/td><td>EXW,FOB,CIF, DDU, DDP<\/td><\/tr><\/tbody><\/table><\/figure>\n\n\n\n<p><\/p>","protected":false},"excerpt":{"rendered":"<h3><strong>Taza Premium 12oz 16oz Sublimaci\u00f3n Con Base De Corcho Extra\u00edble al por mayor<\/strong><\/h3>\n<ul>\n<li>\n<p><strong> Opciones de tama\u00f1o 12oz 16oz<\/strong>-Nuestros vasos de 12 y 16 oz son perfectos para la hidrataci\u00f3n diaria, ya que ofrecen tama\u00f1os pr\u00e1cticos para agua, caf\u00e9 o bebidas heladas. Compactas, elegantes y vers\u00e1tiles, satisfacen las necesidades diarias en casa, en la oficina o fuera de ella.<\/p>\n<\/li>\n<li>\n<p><strong data-start=\"334\" data-end=\"365\">Recubrimiento por sublimaci\u00f3n de alta calidad<\/strong> - Su superficie lisa garantiza una transferencia de color vibrante y duradera, perfecta para la impresi\u00f3n de logotipos, la promoci\u00f3n de marcas y proyectos de marcas blancas.<\/p>\n<\/li>\n<li><strong data-start=\"505\" data-end=\"532\">Base de corcho extra\u00edble Dise\u00f1o<\/strong> - La base de corcho puede retirarse. Muy conveniente para el proceso de sublimaci\u00f3n.<\/li>\n<li>\n<p>\u00a0<strong>Aislamiento de doble pared al vac\u00edo<\/strong>\u00a0- Mantiene las bebidas calientes durante 12 horas y fr\u00edas durante 24 horas.<\/p>\n<\/li>\n<li>\n<p><strong>Acero inoxidable duradero<\/strong> - Resistente a la corrosi\u00f3n, sin BPA y fabricado para durar.Materiales aptos para uso alimentario.<\/p>\n<\/li>\n<li>\n<p>\u00a0<strong>A prueba de sudor y fugas<\/strong>\u00a0- Exterior sin condensaci\u00f3n y tapa segura para un uso sin complicaciones.<\/p>\n<\/li>\n<li><strong>Tapa deslizante a prueba de fugas<\/strong>- Con tapa deslizante a prueba de fugas emparejada. Pajita f\u00e1cil de insertar.<\/li>\n<li>\n<p><strong>Vers\u00e1til y port\u00e1til<\/strong> - Ideal para casa, la oficina, viajes, excursiones o aventuras al aire libre.<\/p>\n<\/li>\n<li>\n<p>\u00a0<strong>Naturaleza corcho Elemento<\/strong>- El dise\u00f1o de corcho es natural, ecol\u00f3gico y encaja perfectamente con el estilo de vida sostenible de hoy en d\u00eda.<\/p>\n<\/li>\n<li><strong>Env\u00edos internacionales<\/strong> - CIF, DAT,DDP env\u00edo a todos los pa\u00edses<\/li>\n<\/ul>","protected":false},"featured_media":3217,"template":"","meta":{"_acf_changed":true,"_seopress_robots_primary_cat":"none","_seopress_titles_title":"12oz 16oz Stainless Steel Sublimation Mug With Removable base","_seopress_titles_desc":"Recycled stainless steel material.Food safe and BPA free materials,custom color and design is welcome.Door to door delivery worldwide. Whatsapp:0086 13567428830","_seopress_robots_index":"","_uag_custom_page_level_css":""},"product_brand":[],"product_cat":[39,23,20],"product_tag":[141,77,130,140,142,126,128,125],"class_list":{"0":"post-3215","1":"product","2":"type-product","3":"status-publish","4":"has-post-thumbnail","6":"product_cat-sublimation-mug","7":"product_cat-sublimation-water-bottle-tumbler","8":"product_cat-vacuum-flask","9":"product_tag-40oz-sublimation-tumbler-with-removeable-handle-wholesale","10":"product_tag-personalized-insulated-mug","11":"product_tag-sublimation-bottles","12":"product_tag-sublimation-flask","13":"product_tag-sublimation-tumbker","14":"product_tag-sublimation-water-bottle","15":"product_tag-sublimation-water-bottle-blanks","16":"product_tag-sublimation-water-bottles","18":"first","19":"instock","20":"shipping-taxable","21":"product-type-simple"},"acf":[],"uagb_featured_image_src":{"full":["https:\/\/eco-drinkware.com\/wp-content\/uploads\/2025\/09\/sublimation-mug-with-reovable-cork-base.jpg",800,800,false],"thumbnail":["https:\/\/eco-drinkware.com\/wp-content\/uploads\/2025\/09\/sublimation-mug-with-reovable-cork-base-150x150.jpg",150,150,true],"medium":["https:\/\/eco-drinkware.com\/wp-content\/uploads\/2025\/09\/sublimation-mug-with-reovable-cork-base-300x300.jpg",300,300,true],"medium_large":["https:\/\/eco-drinkware.com\/wp-content\/uploads\/2025\/09\/sublimation-mug-with-reovable-cork-base-768x768.jpg",768,768,true],"large":["https:\/\/eco-drinkware.com\/wp-content\/uploads\/2025\/09\/sublimation-mug-with-reovable-cork-base.jpg",800,800,false],"1536x1536":["https:\/\/eco-drinkware.com\/wp-content\/uploads\/2025\/09\/sublimation-mug-with-reovable-cork-base.jpg",800,800,false],"2048x2048":["https:\/\/eco-drinkware.com\/wp-content\/uploads\/2025\/09\/sublimation-mug-with-reovable-cork-base.jpg",800,800,false],"trp-custom-language-flag":["https:\/\/eco-drinkware.com\/wp-content\/uploads\/2025\/09\/sublimation-mug-with-reovable-cork-base.jpg",12,12,false],"woocommerce_thumbnail":["https:\/\/eco-drinkware.com\/wp-content\/uploads\/2025\/09\/sublimation-mug-with-reovable-cork-base-300x300.jpg",300,300,true],"woocommerce_single":["https:\/\/eco-drinkware.com\/wp-content\/uploads\/2025\/09\/sublimation-mug-with-reovable-cork-base-600x600.jpg",600,600,true],"woocommerce_gallery_thumbnail":["https:\/\/eco-drinkware.com\/wp-content\/uploads\/2025\/09\/sublimation-mug-with-reovable-cork-base-100x100.jpg",100,100,true]},"uagb_author_info":{"display_name":"Amy","author_link":"https:\/\/eco-drinkware.com\/es\/author\/"},"uagb_comment_info":0,"uagb_excerpt":"Premium 12oz 16oz Sublimation mugr With Removable Cork Base wholesale 12oz 16oz size options\u2013Our 12oz and 16oz drinkware are perfect for daily hydration, offering convenient sizes for water, coffee, or iced drinks. Compact, stylish, and versatile, they meet everyday needs at home, in the office, or on the go Premium Sublimation Coating \u2013 Smooth surface&hellip;","_links":{"self":[{"href":"https:\/\/eco-drinkware.com\/es\/wp-json\/wp\/v2\/product\/3215","targetHints":{"allow":["GET"]}}],"collection":[{"href":"https:\/\/eco-drinkware.com\/es\/wp-json\/wp\/v2\/product"}],"about":[{"href":"https:\/\/eco-drinkware.com\/es\/wp-json\/wp\/v2\/types\/product"}],"wp:featuredmedia":[{"embeddable":true,"href":"https:\/\/eco-drinkware.com\/es\/wp-json\/wp\/v2\/media\/3217"}],"wp:attachment":[{"href":"https:\/\/eco-drinkware.com\/es\/wp-json\/wp\/v2\/media?parent=3215"}],"wp:term":[{"taxonomy":"product_brand","embeddable":true,"href":"https:\/\/eco-drinkware.com\/es\/wp-json\/wp\/v2\/product_brand?post=3215"},{"taxonomy":"product_cat","embeddable":true,"href":"https:\/\/eco-drinkware.com\/es\/wp-json\/wp\/v2\/product_cat?post=3215"},{"taxonomy":"product_tag","embeddable":true,"href":"https:\/\/eco-drinkware.com\/es\/wp-json\/wp\/v2\/product_tag?post=3215"}],"curies":[{"name":"wp","href":"https:\/\/api.w.org\/{rel}","templated":true}]}}