{"id":337,"date":"2022-11-03T08:01:28","date_gmt":"2022-11-03T00:01:28","guid":{"rendered":"https:\/\/eco-drinkware.com\/?post_type=product&#038;p=337"},"modified":"2022-12-02T17:24:55","modified_gmt":"2022-12-02T09:24:55","slug":"13-botella-de-vidrio-infusora-de-te-ecologica-de-doble-pared-con-tapa-de-bambu-natural-13","status":"publish","type":"product","link":"https:\/\/eco-drinkware.com\/es\/product\/13-botella-de-vidrio-infusora-de-te-ecologica-de-doble-pared-con-tapa-de-bambu-natural-13\/","title":{"rendered":"Infusor de t\u00e9 de frutas ecol\u00f3gico de doble pared Botella de agua de vidrio con tapa de bamb\u00fa natural"},"content":{"rendered":"<h2 class=\"wp-block-heading\">Las mejores botellas de agua de vidrio borosilicato de doble pared de 500 ml<\/h2>\n\n\n\n<p>El material de esta botella de agua de vidrio de doble pared de 500 ml es vidrio de borosilicato de alta calidad, bamb\u00fa natural, acero inoxidable 18\/8 304, nuevo pp y anillo de silicona.<br><br>Infusor tambi\u00e9n est\u00e1 hecho de acero inoxidable 304, f\u00e1cil de sostener en la botella de agua de vidrio de doble pared. Es muy popular en Europa, EE.UU. y Australia. Europa pa\u00eds como Reino Unido, Alemania, Francia, Espa\u00f1a y as\u00ed sucesivamente.<br><br>Esta botella de agua de cristal de borosilicato de 500 ml puede ir con funda, lo que hace que la botella de agua de cristal sea f\u00e1cil de llevar y est\u00e9 aislada t\u00e9rmicamente.<br><br>Fabricado por Fressco\u00a0<br><br>Informe de pruebas FDA y LFGB disponible<br>Tama\u00f1o disponible: 350 ml, 450 ml, 500 ml<br>Opci\u00f3n de embalaje: caja blanca, caja impresa personalizada para botella de agua de vidrio con tapa de bamb\u00fa, cilindro redondeado, caja de regalo<br>Condiciones :EXW, FOB, CIF, DDU y DDP<br>Esta botella de agua de vidrio con tapa de bamb\u00fa de la naturaleza. f\u00e1cil de l\u00e1ser logotipo personalizado en la tapa e imprimir logotipo personalizado en vidrio borosilicato<br><br>La funda de neopreno disponible . Tambi\u00e9n puede imprimir logotipo personalizado\u00a0<\/p>\n\n\n\n<figure class=\"wp-block-image size-full\"><img loading=\"lazy\" decoding=\"async\" width=\"1000\" height=\"1000\" src=\"https:\/\/eco-drinkware.com\/wp-content\/uploads\/2021-05-21-15-45-324.webp\" alt=\"\" class=\"wp-image-391\" srcset=\"https:\/\/eco-drinkware.com\/wp-content\/uploads\/2021-05-21-15-45-324.webp 1000w, https:\/\/eco-drinkware.com\/wp-content\/uploads\/2021-05-21-15-45-324-300x300.webp 300w, https:\/\/eco-drinkware.com\/wp-content\/uploads\/2021-05-21-15-45-324-150x150.webp 150w, https:\/\/eco-drinkware.com\/wp-content\/uploads\/2021-05-21-15-45-324-768x768.webp 768w, https:\/\/eco-drinkware.com\/wp-content\/uploads\/2021-05-21-15-45-324-600x600.webp 600w, https:\/\/eco-drinkware.com\/wp-content\/uploads\/2021-05-21-15-45-324-100x100.webp 100w\" sizes=\"auto, (max-width: 1000px) 100vw, 1000px\" \/><figcaption class=\"wp-element-caption\">\u00bfQu\u00e9 puede hacer esta botella de agua de vidrio con tapa de bamb\u00fa? Preparaci\u00f3n de t\u00e9, caf\u00e9 y t\u00e9 de frutas. .\u00a0<\/figcaption><\/figure>\n\n\n\n<figure class=\"wp-block-image size-large\"><img loading=\"lazy\" decoding=\"async\" width=\"1024\" height=\"1024\" src=\"https:\/\/eco-drinkware.com\/wp-content\/uploads\/2021-05-21-15-46-231-1024x1024.webp\" alt=\"\" class=\"wp-image-392\" srcset=\"https:\/\/eco-drinkware.com\/wp-content\/uploads\/2021-05-21-15-46-231-1024x1024.webp 1024w, https:\/\/eco-drinkware.com\/wp-content\/uploads\/2021-05-21-15-46-231-300x300.webp 300w, https:\/\/eco-drinkware.com\/wp-content\/uploads\/2021-05-21-15-46-231-150x150.webp 150w, https:\/\/eco-drinkware.com\/wp-content\/uploads\/2021-05-21-15-46-231-768x768.webp 768w, https:\/\/eco-drinkware.com\/wp-content\/uploads\/2021-05-21-15-46-231-600x600.webp 600w, https:\/\/eco-drinkware.com\/wp-content\/uploads\/2021-05-21-15-46-231-100x100.webp 100w, https:\/\/eco-drinkware.com\/wp-content\/uploads\/2021-05-21-15-46-231.webp 1500w\" sizes=\"auto, (max-width: 1024px) 100vw, 1024px\" \/><figcaption class=\"wp-element-caption\">M\u00e1s informaci\u00f3n sobre nuestra botella de agua de vidrio con tapa de bamb\u00fa<\/figcaption><\/figure>\n\n\n\n<figure class=\"wp-block-image size-large\"><img loading=\"lazy\" decoding=\"async\" width=\"1024\" height=\"1024\" src=\"https:\/\/eco-drinkware.com\/wp-content\/uploads\/2021-05-21-15-47-148-1024x1024.webp\" alt=\"\" class=\"wp-image-393\" srcset=\"https:\/\/eco-drinkware.com\/wp-content\/uploads\/2021-05-21-15-47-148-1024x1024.webp 1024w, https:\/\/eco-drinkware.com\/wp-content\/uploads\/2021-05-21-15-47-148-300x300.webp 300w, https:\/\/eco-drinkware.com\/wp-content\/uploads\/2021-05-21-15-47-148-150x150.webp 150w, https:\/\/eco-drinkware.com\/wp-content\/uploads\/2021-05-21-15-47-148-768x768.webp 768w, https:\/\/eco-drinkware.com\/wp-content\/uploads\/2021-05-21-15-47-148-600x600.webp 600w, https:\/\/eco-drinkware.com\/wp-content\/uploads\/2021-05-21-15-47-148-100x100.webp 100w, https:\/\/eco-drinkware.com\/wp-content\/uploads\/2021-05-21-15-47-148.webp 1500w\" sizes=\"auto, (max-width: 1024px) 100vw, 1024px\" \/><\/figure>\n\n\n\n<p>\u00bfDesea personalizar su propia botella? P\u00f3ngase en contacto con nosotros. Gracias.<\/p>","protected":false},"excerpt":{"rendered":"<p>La mejor opci\u00f3n de botella de vidrio para t\u00e9 y caf\u00e9. 500ml es el tama\u00f1o m\u00e1s grande para la botella de agua de vidrio de doble pared ahora.<\/p>","protected":false},"featured_media":387,"template":"","meta":{"_acf_changed":false,"_seopress_robots_primary_cat":"","_seopress_titles_title":"","_seopress_titles_desc":"","_seopress_robots_index":"","_uag_custom_page_level_css":""},"product_brand":[],"product_cat":[36,42,25,22,54],"product_tag":[],"class_list":{"0":"post-337","1":"product","2":"type-product","3":"status-publish","4":"has-post-thumbnail","6":"product_cat-double-wall-gass-bottle","7":"product_cat-glass-tumbler","8":"product_cat-glass-tumbler-mugs","9":"product_cat-glass-water-bottle","10":"product_cat-tea-bottle-coffee-tumblers","12":"first","13":"instock","14":"shipping-taxable","15":"product-type-simple"},"acf":[],"uagb_featured_image_src":{"full":["https:\/\/eco-drinkware.com\/wp-content\/uploads\/13_0.webp",800,800,false],"thumbnail":["https:\/\/eco-drinkware.com\/wp-content\/uploads\/13_0-150x150.webp",150,150,true],"medium":["https:\/\/eco-drinkware.com\/wp-content\/uploads\/13_0-300x300.webp",300,300,true],"medium_large":["https:\/\/eco-drinkware.com\/wp-content\/uploads\/13_0-768x768.webp",768,768,true],"large":["https:\/\/eco-drinkware.com\/wp-content\/uploads\/13_0.webp",800,800,false],"1536x1536":["https:\/\/eco-drinkware.com\/wp-content\/uploads\/13_0.webp",800,800,false],"2048x2048":["https:\/\/eco-drinkware.com\/wp-content\/uploads\/13_0.webp",800,800,false],"trp-custom-language-flag":["https:\/\/eco-drinkware.com\/wp-content\/uploads\/13_0.webp",12,12,false],"woocommerce_thumbnail":["https:\/\/eco-drinkware.com\/wp-content\/uploads\/13_0-300x300.webp",300,300,true],"woocommerce_single":["https:\/\/eco-drinkware.com\/wp-content\/uploads\/13_0-600x600.webp",600,600,true],"woocommerce_gallery_thumbnail":["https:\/\/eco-drinkware.com\/wp-content\/uploads\/13_0-100x100.webp",100,100,true]},"uagb_author_info":{"display_name":"Amy","author_link":"https:\/\/eco-drinkware.com\/es\/author\/"},"uagb_comment_info":0,"uagb_excerpt":"Best glass water bottle choice for tea, coffee. 500ml is the biggest size for double wall glass water bottle now.","_links":{"self":[{"href":"https:\/\/eco-drinkware.com\/es\/wp-json\/wp\/v2\/product\/337","targetHints":{"allow":["GET"]}}],"collection":[{"href":"https:\/\/eco-drinkware.com\/es\/wp-json\/wp\/v2\/product"}],"about":[{"href":"https:\/\/eco-drinkware.com\/es\/wp-json\/wp\/v2\/types\/product"}],"wp:featuredmedia":[{"embeddable":true,"href":"https:\/\/eco-drinkware.com\/es\/wp-json\/wp\/v2\/media\/387"}],"wp:attachment":[{"href":"https:\/\/eco-drinkware.com\/es\/wp-json\/wp\/v2\/media?parent=337"}],"wp:term":[{"taxonomy":"product_brand","embeddable":true,"href":"https:\/\/eco-drinkware.com\/es\/wp-json\/wp\/v2\/product_brand?post=337"},{"taxonomy":"product_cat","embeddable":true,"href":"https:\/\/eco-drinkware.com\/es\/wp-json\/wp\/v2\/product_cat?post=337"},{"taxonomy":"product_tag","embeddable":true,"href":"https:\/\/eco-drinkware.com\/es\/wp-json\/wp\/v2\/product_tag?post=337"}],"curies":[{"name":"wp","href":"https:\/\/api.w.org\/{rel}","templated":true}]}}