{"id":3416,"date":"2026-02-09T15:13:32","date_gmt":"2026-02-09T07:13:32","guid":{"rendered":"https:\/\/eco-drinkware.com\/?post_type=product&#038;p=3416"},"modified":"2026-02-09T15:45:03","modified_gmt":"2026-02-09T07:45:03","slug":"gv0245-custom-18oz-22oz-32oz-stainless-steel-tea-infuser-tumbler-304-food-grade-insulated-bottle-for-wholesale-private-label","status":"publish","type":"product","link":"https:\/\/eco-drinkware.com\/es\/product\/gv0245-custom-18oz-22oz-32oz-stainless-steel-tea-infuser-tumbler-304-food-grade-insulated-bottle-for-wholesale-private-label\/","title":{"rendered":"GV0245 Custom 18oz \/ 22oz \/ 32oz Stainless Steel Tea Infuser Tumbler \u2013 304 Food-Grade Insulated Bottle for Wholesale &amp; Private Label"},"content":{"rendered":"<h2 class=\"wp-block-heading\">Caracter\u00edsticas del producto:<\/h2>\n\n\n\n<p>\u25cf <strong>Premium 304 Stainless Steel Material<\/strong> \u2013 Made from food-grade 304 stainless steel, this tea infuser tumbler is rust-resistant, durable, BPA-free, and safe for long-term daily use, meeting international quality standards for global markets.<br>\u25cf T<strong>Multiple Sizes for Different Markets<\/strong> \u2013 Available in <strong>18oz, 22oz, and 32oz<\/strong>, suitable for tea, fruit-infused water, and coffee, making it a versatile option for retail, promotional, and corporate gift channels.<br>\u25cf This stainless steel tea bottle is double wall insulated with copper coated , reusable water bottle . <strong>Double Wall Insulated Design<\/strong> \u2013 The vacuum-insulated stainless steel body keeps beverages hot or cold for hours while preventing heat transfer, ensuring a comfortable grip and enhanced user experience.<br>\u25cf <strong>Removable Tea Infuser<\/strong> \u2013 Designed with a stainless steel infuser, perfect for loose leaf tea, fruit tea, and coffee brewing, ideal for modern lifestyle drinkware collections.<br>\u25cf <strong>Wholesale &amp; Custom Branding Support<\/strong> \u2013 Available for <strong>bulk orders and wholesale supply<\/strong>, with full customization options including <strong>colors, logo printing or laser engraving, and private label packaging<\/strong>, ideal for brand owners, distributors, and corporate gift projects.<\/p>\n\n\n\n<p>Color: Podemos hacer cualquier color para los clientes. PMS color es bienvenido. Tanto el cuerpo y la tapa puede hacer PMS color. equipo Eco Drinkware puede ofrecer maqueta con dise\u00f1o personalizado.<br>\u25cf This straight shape tea bottle is good for adult .Easy to take it out for camping ,walk ,running and so on.Perfect for water,tea ,juice and coffee drinking<br>Recubrimiento: sin recubrimiento (acero inoxidable cepillado), pintura en aerosol, recubrimiento en polvo, cobreado, etc.<br>\u25cfPattern: patr\u00f3n personalizado puede ser impreso y se puede hacer por varias t\u00e9cnicas de impresi\u00f3n: serigraf\u00eda, impresi\u00f3n de transferencia de calor, impresi\u00f3n de transferencia de agua, transferencia de sublimaci\u00f3n, etc..<br>\u25cfLogo: F\u00e1cil de trabajar en el logotipo personalizado. Las opciones del logotipo incluyen: logotipo de la calcoman\u00eda, impresi\u00f3n de seda, transferencia de calor, sublimaci\u00f3n, etc. Bienvenido a compartir su logotipo. Nuestro equipo enviar\u00e1 maqueta de vuelta.<br>\u25cfCaja de embalaje: caja blanca, caja impresa personalizada, caja cil\u00edndrica, bolsa de burbujas, caja de regalo, cualquier paquete de dise\u00f1o personalizado es bienvenido, etc.<br>\u25cfBotella de t\u00e9 de acero inoxidable apta para lavavajillas.Se puede lavar a m\u00e1quina.<br>Una botella isot\u00e9rmica de doble pared es un recipiente dise\u00f1ado para mantener las bebidas carbonatadas, como los refrescos o los refrescos de cola, a una temperatura constante durante los desplazamientos. La botella suele ser de doble pared, con un espacio sellado al vac\u00edo entre la pared interior y la exterior, lo que le confiere excelentes propiedades aislantes.<br>\u25cfEl espacio sellado al vac\u00edo entre las paredes act\u00faa como barrera para evitar que el calor entre o salga de la botella. Esto ayuda a mantener calientes bebidas como el caf\u00e9, el t\u00e9 o la sopa durante varias horas, mientras que las bebidas fr\u00edas como el agua, el zumo o los refrescos permanecen fr\u00edas durante un periodo prolongado.<br>Las botellas isot\u00e9rmicas son una opci\u00f3n excelente para quienes desean mantener sus bebidas a una temperatura constante mientras se desplazan, ya sea de excursi\u00f3n, acampada, viaje o simplemente para ir al trabajo.<br>\u25cfSpecialized en la fabricaci\u00f3n y exportaci\u00f3n de todo tipo de drinkware como botellas de agua, vasos al por mayor, contenedores de alimentos, cuencos de perro, ensaladeras, puede enfriadores, botella de vidrio, botellas de bamb\u00fa. Eco Drinkware posee l\u00edneas de producci\u00f3n automatizadas y de alta eficiencia. Adoptamos Industry4.0 y seguimos siendo competitivos en la industria. La producci\u00f3n automatizada hace que nuestros productos sean m\u00e1s baratos y competitivos en precio.<br>\u25cfEco Drinkware hacer OEM y ODM. Con los mejores ingenieros profesionales con m\u00e1s de 10 a\u00f1os de experiencia en la industria de fabricaci\u00f3n de botellas de agua, f\u00e1cil de hacer su idea en productos reales. una calurosa bienvenida a compartir con nosotros para su idea.<br>Hacemos la inspecci\u00f3n de la calidad en l\u00ednea para asegurarnos de que la producci\u00f3n va bien y no cualquier error. Si hay error, podemos corregirlo a tiempo para ahorrar coste. Confiamos en que la calidad trae m\u00e1s para los clientes y fabricantes. Con Eco Drinkware, obtendr\u00e1 m\u00e1s clientes y m\u00e1s mercado, tambi\u00e9n obtendr\u00e1 una buena reputaci\u00f3n de los clientes. Porque nuestro equipo feliz de mejorar nosotros mismos y los productos a ser excelente en nuestra industria.<br>\u25cfM\u00e9todo de env\u00edo : FOB,CIF, DDU, DDP por tren o mar a clientes globales.<\/p>\n\n\n\n<p><strong>Q1: Is this tea infuser tumbler FDA and LFGB certified?<\/strong><br>Yes, the tumbler is manufactured using food-grade materials and complies with <strong>FDA and LFGB standards<\/strong>, suitable for the US, EU, and other international markets.<\/p>\n\n\n\n<p><strong>Q2: Can I customize the logo and color?<\/strong><br>Yes. We support <strong>custom colors, laser engraving or printed logos<\/strong>, as well as <strong>private label packaging<\/strong> for wholesale and bulk orders.<\/p>\n\n\n\n<p><strong>Q3: What beverages is this tumbler suitable for?<\/strong><br>It is designed for <strong>loose leaf tea, fruit tea, coffee, and infused water<\/strong>, suitable for both hot and cold drinks.<\/p>\n\n\n\n<p><strong>Q4: Does the tumbler fit in car cup holders?<\/strong><br>Yes. The slim body design fits <strong>most standard car cup holders<\/strong>, making it convenient for daily commuting and travel.<\/p>\n\n\n\n<p><strong>Q5: What is the minimum order quantity (MOQ)?<\/strong><br>MOQ depends on customization requirements. Please contact us for <strong>wholesale pricing and bulk order details<\/strong>.<\/p>\n\n\n\n<div class=\"wp-block-uagb-image uagb-block-ebf0aa1f wp-block-uagb-image--layout-default wp-block-uagb-image--effect-static wp-block-uagb-image--align-none\"><figure class=\"wp-block-uagb-image__figure\"><img decoding=\"async\" srcset=\"https:\/\/eco-drinkware.com\/wp-content\/uploads\/2026\/02\/black-insulated-thermos-tea-infuser.webp ,https:\/\/eco-drinkware.com\/wp-content\/uploads\/2026\/02\/black-insulated-thermos-tea-infuser.webp 780w, https:\/\/eco-drinkware.com\/wp-content\/uploads\/2026\/02\/black-insulated-thermos-tea-infuser.webp 360w\" sizes=\"auto, (max-width: 480px) 150px\" src=\"https:\/\/eco-drinkware.com\/wp-content\/uploads\/2026\/02\/black-insulated-thermos-tea-infuser.webp\" alt=\"Two black insulated thermos bottles with silver tea infusers on a kitchen counter.\" class=\"uag-image-3415\" width=\"1000\" height=\"1000\" title=\"Black Insulated Thermos with Tea Infuser\" loading=\"lazy\" role=\"img\"\/><\/figure><\/div>\n\n\n\n<figure class=\"wp-block-table\"><table class=\"has-fixed-layout\"><tbody><tr><td>N\u00famero de art\u00edculo<\/td><td>GV0245<\/td><\/tr><tr><td>Capacidad<\/td><td>18OZ \/500ml  22oz\/660ml  32oz\/1000ml<\/td><\/tr><tr><td>Aislamiento<\/td><td>S\u00ed&nbsp;&nbsp;&nbsp;&nbsp;&nbsp;&nbsp;&nbsp;&nbsp;&nbsp;&nbsp;&nbsp;&nbsp;&nbsp;<\/td><\/tr><tr><td>Posici\u00f3n del logotipo<\/td><td>Cuerpo de la botella<\/td><\/tr><tr><td>Color<\/td><td>Rojo, plata, verde, azul, blanco, negro, oro rosa, color personalizado, color PMS<\/td><\/tr><tr><td>Material<\/td><td>304 stainless steel also called 18\/8 stainless steel inner and outer ,new pp plastic lid ,silicone seal ring<\/td><\/tr><tr><td>Caracter\u00edstica<\/td><td>Termo de doble pared, gran capacidad, dise\u00f1o personalizado<\/td><\/tr><tr><td>MOQ<\/td><td>200 unidades<\/td><\/tr><tr><td>Logotipo<\/td><td>L\u00e1ser, serigraf\u00eda, transferencia de calor, transferencia de agua, transferencia de gas, impresi\u00f3n 3D, sublimaci\u00f3n, etc.<\/td><\/tr><tr><td>Paquete<\/td><td>caja blanca, caja impresa personalizada, caja cil\u00edndrica, bolsa de burbujas, caja de regalo<\/td><\/tr><tr><td>Tiempo de muestreo<\/td><td>3 d\u00edas para muestra de stock, 7 d\u00edas para muestra de logotipo personalizado<\/td><\/tr><tr><td>Tiempo de producci\u00f3n<\/td><td>10-35 d\u00edas dependiendo de la cantidad y los requisitos<\/td><\/tr><tr><td>Sobre el pago<\/td><td>Transferencia bancaria , paypal, western union , trade assurance<\/td><\/tr><tr><td>Pa\u00eds de origen<\/td><td>Fabricado en China<\/td><\/tr><tr><td>Origen del certificado<\/td><td>S\u00ed, podemos ofrecer<\/td><\/tr><tr><td>Nuevo molde de botella<\/td><td>S\u00ed, tenemos un nuevo equipo de desarrollo de moldes<\/td><\/tr><tr><td>T\u00e9rminos<\/td><td>EXW,FOB,CIF, DDU, DDP<\/td><\/tr><\/tbody><\/table><\/figure>","protected":false},"excerpt":{"rendered":"<ul>\n<li data-start=\"1466\" data-end=\"1563\">\n<p data-start=\"1468\" data-end=\"1563\"><strong data-start=\"1468\" data-end=\"1502\">Food-Grade 304 Stainless Steel<\/strong> \u2013 BPA-free, rust-resistant, and designed for long-term use<\/p>\n<\/li>\n<li data-start=\"1564\" data-end=\"1644\">\n<p data-start=\"1566\" data-end=\"1644\"><strong data-start=\"1566\" data-end=\"1590\">FDA &amp; LFGB Certified<\/strong> \u2013 Compliant with US and EU food contact regulations<\/p>\n<\/li>\n<li data-start=\"1645\" data-end=\"1733\">\n<p data-start=\"1647\" data-end=\"1733\"><strong data-start=\"1647\" data-end=\"1675\">Varios tama\u00f1os disponibles<\/strong> \u2013 18oz, 22oz, and 32oz to meet different market demands<\/p>\n<\/li>\n<li data-start=\"1734\" data-end=\"1808\">\n<p data-start=\"1736\" data-end=\"1808\"><strong data-start=\"1736\" data-end=\"1769\">Double Wall Vacuum Insulation<\/strong> \u2013 Keeps drinks hot or cold for hours<\/p>\n<\/li>\n<li data-start=\"1809\" data-end=\"1888\">\n<p data-start=\"1811\" data-end=\"1888\"><strong data-start=\"1811\" data-end=\"1836\">Removable Tea Infuser<\/strong> \u2013 Ideal for loose leaf tea, fruit tea, and coffee<\/p>\n<\/li>\n<li data-start=\"1889\" data-end=\"1965\">\n<p data-start=\"1891\" data-end=\"1965\"><strong data-start=\"1891\" data-end=\"1918\">Car Cup Holder Friendly<\/strong> \u2013 Slim design fits most standard car holders<\/p>\n<\/li>\n<li data-start=\"1966\" data-end=\"2052\">\n<p data-start=\"1968\" data-end=\"2052\"><strong data-start=\"1968\" data-end=\"1997\">Custom Branding Supported<\/strong> \u2013 Logo, color, and packaging customization available<\/p>\n<\/li>\n<\/ul>","protected":false},"featured_media":3417,"template":"","meta":{"_acf_changed":true,"_seopress_robots_primary_cat":"none","_seopress_titles_title":"Custom stainless steel tea flask for loose tea with infuser and handle lid","_seopress_titles_desc":"FDA & LFGB certified 18oz \/ 22oz \/ 32oz stainless steel tea infuser tumbler with 304 food-grade material. Custom logo, color & packaging available for wholesale and private label orders.","_seopress_robots_index":"","_uag_custom_page_level_css":""},"product_brand":[],"product_cat":[32,40,19,54,24,20],"product_tag":[70,77,69,84,82,151],"class_list":{"0":"post-3416","1":"product","2":"type-product","3":"status-publish","4":"has-post-thumbnail","6":"product_cat-insulated-water-bottle","7":"product_cat-stainless-steel-tumbler","8":"product_cat-stainless-steel-water-bottle","9":"product_cat-tea-bottle-coffee-tumblers","10":"product_cat-tumblers-mugs","11":"product_cat-vacuum-flask","12":"product_tag-double-wall-insulated-flask","13":"product_tag-personalized-insulated-mug","14":"product_tag-stainless-steel-flask","15":"product_tag-tea-flask","16":"product_tag-tea-infuser-bottle","17":"product_tag-tea-tumbler","19":"first","20":"instock","21":"shipping-taxable","22":"product-type-simple"},"acf":[],"uagb_featured_image_src":{"full":["https:\/\/eco-drinkware.com\/wp-content\/uploads\/2026\/02\/eco-teal-vacuum-flask-infuser.webp",1000,1000,false],"thumbnail":["https:\/\/eco-drinkware.com\/wp-content\/uploads\/2026\/02\/eco-teal-vacuum-flask-infuser-150x150.webp",150,150,true],"medium":["https:\/\/eco-drinkware.com\/wp-content\/uploads\/2026\/02\/eco-teal-vacuum-flask-infuser-300x300.webp",300,300,true],"medium_large":["https:\/\/eco-drinkware.com\/wp-content\/uploads\/2026\/02\/eco-teal-vacuum-flask-infuser-768x768.webp",768,768,true],"large":["https:\/\/eco-drinkware.com\/wp-content\/uploads\/2026\/02\/eco-teal-vacuum-flask-infuser.webp",1000,1000,false],"1536x1536":["https:\/\/eco-drinkware.com\/wp-content\/uploads\/2026\/02\/eco-teal-vacuum-flask-infuser.webp",1000,1000,false],"2048x2048":["https:\/\/eco-drinkware.com\/wp-content\/uploads\/2026\/02\/eco-teal-vacuum-flask-infuser.webp",1000,1000,false],"trp-custom-language-flag":["https:\/\/eco-drinkware.com\/wp-content\/uploads\/2026\/02\/eco-teal-vacuum-flask-infuser-12x12.webp",12,12,true],"woocommerce_thumbnail":["https:\/\/eco-drinkware.com\/wp-content\/uploads\/2026\/02\/eco-teal-vacuum-flask-infuser-300x300.webp",300,300,true],"woocommerce_single":["https:\/\/eco-drinkware.com\/wp-content\/uploads\/2026\/02\/eco-teal-vacuum-flask-infuser-600x600.webp",600,600,true],"woocommerce_gallery_thumbnail":["https:\/\/eco-drinkware.com\/wp-content\/uploads\/2026\/02\/eco-teal-vacuum-flask-infuser-100x100.webp",100,100,true]},"uagb_author_info":{"display_name":"Amy","author_link":"https:\/\/eco-drinkware.com\/es\/author\/"},"uagb_comment_info":0,"uagb_excerpt":"Food-Grade 304 Stainless Steel \u2013 BPA-free, rust-resistant, and designed for long-term use FDA &amp; LFGB Certified \u2013 Compliant with US and EU food contact regulations Multiple Sizes Available \u2013 18oz, 22oz, and 32oz to meet different market demands Double Wall Vacuum Insulation \u2013 Keeps drinks hot or cold for hours Removable Tea Infuser \u2013 Ideal&hellip;","_links":{"self":[{"href":"https:\/\/eco-drinkware.com\/es\/wp-json\/wp\/v2\/product\/3416","targetHints":{"allow":["GET"]}}],"collection":[{"href":"https:\/\/eco-drinkware.com\/es\/wp-json\/wp\/v2\/product"}],"about":[{"href":"https:\/\/eco-drinkware.com\/es\/wp-json\/wp\/v2\/types\/product"}],"wp:featuredmedia":[{"embeddable":true,"href":"https:\/\/eco-drinkware.com\/es\/wp-json\/wp\/v2\/media\/3417"}],"wp:attachment":[{"href":"https:\/\/eco-drinkware.com\/es\/wp-json\/wp\/v2\/media?parent=3416"}],"wp:term":[{"taxonomy":"product_brand","embeddable":true,"href":"https:\/\/eco-drinkware.com\/es\/wp-json\/wp\/v2\/product_brand?post=3416"},{"taxonomy":"product_cat","embeddable":true,"href":"https:\/\/eco-drinkware.com\/es\/wp-json\/wp\/v2\/product_cat?post=3416"},{"taxonomy":"product_tag","embeddable":true,"href":"https:\/\/eco-drinkware.com\/es\/wp-json\/wp\/v2\/product_tag?post=3416"}],"curies":[{"name":"wp","href":"https:\/\/api.w.org\/{rel}","templated":true}]}}