{"id":344,"date":"2022-11-03T08:17:48","date_gmt":"2022-11-03T08:17:48","guid":{"rendered":"https:\/\/eco-drinkware.com\/?post_type=product&#038;p=344"},"modified":"2022-11-03T13:45:29","modified_gmt":"2022-11-03T13:45:29","slug":"105-en-stock-fiambrera-de-acero-inoxidable-con-tapa-de-bambu-105","status":"publish","type":"product","link":"https:\/\/eco-drinkware.com\/es\/product\/105-en-stock-fiambrera-de-acero-inoxidable-con-tapa-de-bambu-105\/","title":{"rendered":"En stock Fiambrera bento de acero inoxidable ecol\u00f3gica Recipiente para sopa con tapa de bamb\u00fa"},"content":{"rendered":"<p>800 ml 1200 ml<\/p>\n\n\n\n<p><strong>En stock Fiambrera bento de acero inoxidable ecol\u00f3gica Recipiente para sopa con tapa de bamb\u00fa<\/strong><\/p>\n\n\n\n<p><strong>Tapa de bamb\u00fa Nature:<\/strong>La tapa del termo aislante de bamb\u00fa est\u00e1 hecha de bamb\u00fa natural, f\u00e1cil de personalizar con logotipo l\u00e1ser. Muy grueso y ecol\u00f3gico.<br><br><strong>Sin pl\u00e1stico:<\/strong>304 de acero inoxidable que es el material est\u00e1ndar de alimentos, sin ning\u00fan tipo de pl\u00e1stico en este bamb\u00fa tapa de la lonchera recipiente de alimentos<br><br><strong>2 tama\u00f1os:<\/strong>800ml, 1200ml. El frasco de bamb\u00fa de 800ml es adecuado para ni\u00f1os, la fiambrera de bamb\u00fa de 1200ml es una buena opci\u00f3n para adultos.<br><br>Tambi\u00e9n disponemos de fiambrera de acero inoxidable 304, todas las piezas son de acero inoxidable, no de pl\u00e1stico.<br><br>Esta fiambrera bento es de dise\u00f1o libre de pl\u00e1stico. No es s\u00f3lo la naturaleza de bamb\u00fa y material de acero inoxidable 304. Lo que significa que no hay ning\u00fan pl\u00e1stico. Es la nueva tendencia a cerca de la naturaleza sobre el estilo de vida origic.  Si desea reducir el pl\u00e1stico en dailylife, bienvenido a unirse a nosotros y vender este contenedor de alimentos a sus clientes. .<br><br>tama\u00f1o de la fiambrera con tapa de bamb\u00fa para su referencia<\/p>\n\n\n\n<figure class=\"wp-block-image size-full\"><img loading=\"lazy\" decoding=\"async\" width=\"750\" height=\"968\" src=\"https:\/\/eco-drinkware.com\/wp-content\/uploads\/2021-05-21-16-00-279.webp\" alt=\"\" class=\"wp-image-412\" srcset=\"https:\/\/eco-drinkware.com\/wp-content\/uploads\/2021-05-21-16-00-279.webp 750w, https:\/\/eco-drinkware.com\/wp-content\/uploads\/2021-05-21-16-00-279-232x300.webp 232w, https:\/\/eco-drinkware.com\/wp-content\/uploads\/2021-05-21-16-00-279-116x150.webp 116w, https:\/\/eco-drinkware.com\/wp-content\/uploads\/2021-05-21-16-00-279-600x774.webp 600w\" sizes=\"auto, (max-width: 750px) 100vw, 750px\" \/><\/figure>\n\n\n\n<p>M\u00e1s fotos detalladas de la fiambrera bento con tapa de bamb\u00fa para su referencia.  F\u00e1cil de l\u00e1ser su nombre de marca en la lonchera y la tapa de bamb\u00fa.<br>Tambi\u00e9n es un buen regalo para sus clientes, empleados y amigos.<\/p>\n\n\n\n<figure class=\"wp-block-image size-large\"><img loading=\"lazy\" decoding=\"async\" width=\"600\" height=\"1024\" src=\"https:\/\/eco-drinkware.com\/wp-content\/uploads\/2021-05-21-16-01-590-600x1024.webp\" alt=\"\" class=\"wp-image-413\" srcset=\"https:\/\/eco-drinkware.com\/wp-content\/uploads\/2021-05-21-16-01-590-600x1025.webp 600w, https:\/\/eco-drinkware.com\/wp-content\/uploads\/2021-05-21-16-01-590-176x300.webp 176w, https:\/\/eco-drinkware.com\/wp-content\/uploads\/2021-05-21-16-01-590-88x150.webp 88w, https:\/\/eco-drinkware.com\/wp-content\/uploads\/2021-05-21-16-01-590.webp 750w\" sizes=\"auto, (max-width: 600px) 100vw, 600px\" \/><\/figure>\n\n\n\n<figure class=\"wp-block-image size-large\"><img loading=\"lazy\" decoding=\"async\" width=\"670\" height=\"1024\" src=\"https:\/\/eco-drinkware.com\/wp-content\/uploads\/2021-05-21-16-02-568-670x1024.webp\" alt=\"\" class=\"wp-image-416\" srcset=\"https:\/\/eco-drinkware.com\/wp-content\/uploads\/2021-05-21-16-02-568-670x1024.webp 670w, https:\/\/eco-drinkware.com\/wp-content\/uploads\/2021-05-21-16-02-568-196x300.webp 196w, https:\/\/eco-drinkware.com\/wp-content\/uploads\/2021-05-21-16-02-568-98x150.webp 98w, https:\/\/eco-drinkware.com\/wp-content\/uploads\/2021-05-21-16-02-568-600x918.webp 600w, https:\/\/eco-drinkware.com\/wp-content\/uploads\/2021-05-21-16-02-568.webp 750w\" sizes=\"auto, (max-width: 670px) 100vw, 670px\" \/><\/figure>\n\n\n\n<figure class=\"wp-block-table\"><table><tbody><tr><td>Nombre<\/td><td>El mejor termo aislante de bamb\u00fa para comida<\/td><\/tr><tr><td>Material<\/td><td>Bamb\u00fa natural, acero inoxidable 304<\/td><\/tr><tr><td>Talla<\/td><td>800 ml, 1200 ml<\/td><\/tr><tr><td>Logotipo<\/td><td>Personalizado<\/td><\/tr><tr><td>Paquete<\/td><td>Caja marr\u00f3n Nature, caja de color personalizado<\/td><\/tr><tr><td>Caracter\u00edstica<\/td><td>Sin pl\u00e1stico<\/td><\/tr><\/tbody><\/table><\/figure>","protected":false},"excerpt":{"rendered":"<p>La tapa del termo aislante de bamb\u00fa est\u00e1 hecha de bamb\u00fa natural, f\u00e1cil de personalizar con logotipo l\u00e1ser. Muy grueso y ecol\u00f3gico. Sin dise\u00f1o de pl\u00e1stico.<\/p>","protected":false},"featured_media":411,"template":"","meta":{"_acf_changed":false,"_seopress_robots_primary_cat":"","_seopress_titles_title":"","_seopress_titles_desc":"","_seopress_robots_index":"","_uag_custom_page_level_css":""},"product_brand":[],"product_cat":[15],"product_tag":[],"class_list":{"0":"post-344","1":"product","2":"type-product","3":"status-publish","4":"has-post-thumbnail","6":"product_cat-drinkware-accessories","8":"first","9":"instock","10":"shipping-taxable","11":"product-type-simple"},"acf":[],"uagb_featured_image_src":{"full":["https:\/\/eco-drinkware.com\/wp-content\/uploads\/105_3.webp",1000,1000,false],"thumbnail":["https:\/\/eco-drinkware.com\/wp-content\/uploads\/105_3-150x150.webp",150,150,true],"medium":["https:\/\/eco-drinkware.com\/wp-content\/uploads\/105_3-300x300.webp",300,300,true],"medium_large":["https:\/\/eco-drinkware.com\/wp-content\/uploads\/105_3-768x768.webp",768,768,true],"large":["https:\/\/eco-drinkware.com\/wp-content\/uploads\/105_3.webp",1000,1000,false],"1536x1536":["https:\/\/eco-drinkware.com\/wp-content\/uploads\/105_3.webp",1000,1000,false],"2048x2048":["https:\/\/eco-drinkware.com\/wp-content\/uploads\/105_3.webp",1000,1000,false],"trp-custom-language-flag":["https:\/\/eco-drinkware.com\/wp-content\/uploads\/105_3.webp",12,12,false],"woocommerce_thumbnail":["https:\/\/eco-drinkware.com\/wp-content\/uploads\/105_3-300x300.webp",300,300,true],"woocommerce_single":["https:\/\/eco-drinkware.com\/wp-content\/uploads\/105_3-600x600.webp",600,600,true],"woocommerce_gallery_thumbnail":["https:\/\/eco-drinkware.com\/wp-content\/uploads\/105_3-100x100.webp",100,100,true]},"uagb_author_info":{"display_name":"Amy","author_link":"https:\/\/eco-drinkware.com\/es\/author\/"},"uagb_comment_info":0,"uagb_excerpt":"The lid of bamboo insulated thermos food flask is made of nature bamboo, easy to do custom laser logo on. Very thick and eco friendly. No plastic design.","_links":{"self":[{"href":"https:\/\/eco-drinkware.com\/es\/wp-json\/wp\/v2\/product\/344","targetHints":{"allow":["GET"]}}],"collection":[{"href":"https:\/\/eco-drinkware.com\/es\/wp-json\/wp\/v2\/product"}],"about":[{"href":"https:\/\/eco-drinkware.com\/es\/wp-json\/wp\/v2\/types\/product"}],"wp:featuredmedia":[{"embeddable":true,"href":"https:\/\/eco-drinkware.com\/es\/wp-json\/wp\/v2\/media\/411"}],"wp:attachment":[{"href":"https:\/\/eco-drinkware.com\/es\/wp-json\/wp\/v2\/media?parent=344"}],"wp:term":[{"taxonomy":"product_brand","embeddable":true,"href":"https:\/\/eco-drinkware.com\/es\/wp-json\/wp\/v2\/product_brand?post=344"},{"taxonomy":"product_cat","embeddable":true,"href":"https:\/\/eco-drinkware.com\/es\/wp-json\/wp\/v2\/product_cat?post=344"},{"taxonomy":"product_tag","embeddable":true,"href":"https:\/\/eco-drinkware.com\/es\/wp-json\/wp\/v2\/product_tag?post=344"}],"curies":[{"name":"wp","href":"https:\/\/api.w.org\/{rel}","templated":true}]}}