{"id":350,"date":"2022-11-03T08:56:59","date_gmt":"2022-11-03T00:56:59","guid":{"rendered":"https:\/\/eco-drinkware.com\/?post_type=product&#038;p=350"},"modified":"2022-12-02T17:20:14","modified_gmt":"2022-12-02T09:20:14","slug":"63-en-stock-termo-de-acero-inoxidable-natural-taza-de-cafe-de-bambu-63","status":"publish","type":"product","link":"https:\/\/eco-drinkware.com\/es\/product\/63-en-stock-termo-de-acero-inoxidable-natural-taza-de-cafe-de-bambu-63\/","title":{"rendered":"En stock Termo de acero inoxidable natural Taza de caf\u00e9 de bamb\u00fa"},"content":{"rendered":"<p><strong>Hecho de bamb\u00fa natural:<\/strong>La materia prima es el bamb\u00fa natural, se puede ver la piel de bamb\u00fa alrededor. Material muy ecol\u00f3gico. El agua de bamb\u00fa termo aislado debe en lugar seco.<br><strong>Ning\u00fan pl\u00e1stico toca el agua:<\/strong>Hay 304 de acero inoxidable interior de la tapa, cesta infusor es tambi\u00e9n 304 de acero inoxidable, material de calidad alimentaria.\u00a0<br><strong>Frasco de vac\u00edo:<\/strong>Este termo aislante de agua de bamb\u00fa ecol\u00f3gico puede mantener el agua caliente durante 10-12 horas, mantener el agua fr\u00eda durante m\u00e1s de 12 horas. Buen termo aislante para almacenar t\u00e9 caliente, caf\u00e9 fr\u00edo, caf\u00e9 caliente y as\u00ed sucesivamente.<br><strong>El termo de bamb\u00fa m\u00e1s peque\u00f1o:<\/strong>\u00a1Tambi\u00e9n tenemos 380ml, 500ml, 550ml, 600ml agua de bamb\u00fa termo aislante, crear el molde para hacer otros tama\u00f1os tambi\u00e9n est\u00e1 bien!<\/p>\n\n\n\n<figure class=\"wp-block-image size-full is-resized\"><img loading=\"lazy\" decoding=\"async\" src=\"https:\/\/eco-drinkware.com\/wp-content\/uploads\/63_1.webp\" alt=\"\" class=\"wp-image-432\" width=\"563\" height=\"563\" srcset=\"https:\/\/eco-drinkware.com\/wp-content\/uploads\/63_1.webp 750w, https:\/\/eco-drinkware.com\/wp-content\/uploads\/63_1-300x300.webp 300w, https:\/\/eco-drinkware.com\/wp-content\/uploads\/63_1-150x150.webp 150w, https:\/\/eco-drinkware.com\/wp-content\/uploads\/63_1-600x600.webp 600w, https:\/\/eco-drinkware.com\/wp-content\/uploads\/63_1-100x100.webp 100w\" sizes=\"auto, (max-width: 563px) 100vw, 563px\" \/><\/figure>\n\n\n\n<figure class=\"wp-block-image size-full\"><img loading=\"lazy\" decoding=\"async\" width=\"700\" height=\"500\" src=\"https:\/\/eco-drinkware.com\/wp-content\/uploads\/2020-11-19-15-50-210.webp\" alt=\"\" class=\"wp-image-430\" srcset=\"https:\/\/eco-drinkware.com\/wp-content\/uploads\/2020-11-19-15-50-210.webp 700w, https:\/\/eco-drinkware.com\/wp-content\/uploads\/2020-11-19-15-50-210-300x214.webp 300w, https:\/\/eco-drinkware.com\/wp-content\/uploads\/2020-11-19-15-50-210-150x107.webp 150w, https:\/\/eco-drinkware.com\/wp-content\/uploads\/2020-11-19-15-50-210-600x429.webp 600w\" sizes=\"auto, (max-width: 700px) 100vw, 700px\" \/><\/figure>","protected":false},"excerpt":{"rendered":"<p>Este termo aislante de agua de bamb\u00fa ecol\u00f3gico puede mantener el agua caliente durante 10-12 horas, mantener el agua fr\u00eda durante m\u00e1s de 12 horas. Buen termo aislante para almacenar t\u00e9 caliente, caf\u00e9 fr\u00edo, caf\u00e9 caliente y as\u00ed sucesivamente.<\/p>","protected":false},"featured_media":431,"template":"","meta":{"_acf_changed":false,"_seopress_robots_primary_cat":"","_seopress_titles_title":"","_seopress_titles_desc":"","_seopress_robots_index":"","_uag_custom_page_level_css":""},"product_brand":[],"product_cat":[33,34,21,32,54,20],"product_tag":[],"class_list":{"0":"post-350","1":"product","2":"type-product","3":"status-publish","4":"has-post-thumbnail","6":"product_cat-bamboo-flask","7":"product_cat-bamboo-tumbler","8":"product_cat-bamboo-water-bottle","9":"product_cat-insulated-water-bottle","10":"product_cat-tea-bottle-coffee-tumblers","11":"product_cat-vacuum-flask","13":"first","14":"instock","15":"shipping-taxable","16":"product-type-simple"},"acf":[],"uagb_featured_image_src":{"full":["https:\/\/eco-drinkware.com\/wp-content\/uploads\/63_0.webp",750,750,false],"thumbnail":["https:\/\/eco-drinkware.com\/wp-content\/uploads\/63_0-150x150.webp",150,150,true],"medium":["https:\/\/eco-drinkware.com\/wp-content\/uploads\/63_0-300x300.webp",300,300,true],"medium_large":["https:\/\/eco-drinkware.com\/wp-content\/uploads\/63_0.webp",750,750,false],"large":["https:\/\/eco-drinkware.com\/wp-content\/uploads\/63_0.webp",750,750,false],"1536x1536":["https:\/\/eco-drinkware.com\/wp-content\/uploads\/63_0.webp",750,750,false],"2048x2048":["https:\/\/eco-drinkware.com\/wp-content\/uploads\/63_0.webp",750,750,false],"trp-custom-language-flag":["https:\/\/eco-drinkware.com\/wp-content\/uploads\/63_0.webp",12,12,false],"woocommerce_thumbnail":["https:\/\/eco-drinkware.com\/wp-content\/uploads\/63_0-300x300.webp",300,300,true],"woocommerce_single":["https:\/\/eco-drinkware.com\/wp-content\/uploads\/63_0-600x600.webp",600,600,true],"woocommerce_gallery_thumbnail":["https:\/\/eco-drinkware.com\/wp-content\/uploads\/63_0-100x100.webp",100,100,true]},"uagb_author_info":{"display_name":"Amy","author_link":"https:\/\/eco-drinkware.com\/es\/author\/"},"uagb_comment_info":0,"uagb_excerpt":"This eco friendly bamboo water insulated thermos flask can keep water hot for 10-12 hours, keep water cold for over 12 hours. Good insulated flask to store hot tea, cold coffee, hot coffee and so on","_links":{"self":[{"href":"https:\/\/eco-drinkware.com\/es\/wp-json\/wp\/v2\/product\/350","targetHints":{"allow":["GET"]}}],"collection":[{"href":"https:\/\/eco-drinkware.com\/es\/wp-json\/wp\/v2\/product"}],"about":[{"href":"https:\/\/eco-drinkware.com\/es\/wp-json\/wp\/v2\/types\/product"}],"wp:featuredmedia":[{"embeddable":true,"href":"https:\/\/eco-drinkware.com\/es\/wp-json\/wp\/v2\/media\/431"}],"wp:attachment":[{"href":"https:\/\/eco-drinkware.com\/es\/wp-json\/wp\/v2\/media?parent=350"}],"wp:term":[{"taxonomy":"product_brand","embeddable":true,"href":"https:\/\/eco-drinkware.com\/es\/wp-json\/wp\/v2\/product_brand?post=350"},{"taxonomy":"product_cat","embeddable":true,"href":"https:\/\/eco-drinkware.com\/es\/wp-json\/wp\/v2\/product_cat?post=350"},{"taxonomy":"product_tag","embeddable":true,"href":"https:\/\/eco-drinkware.com\/es\/wp-json\/wp\/v2\/product_tag?post=350"}],"curies":[{"name":"wp","href":"https:\/\/api.w.org\/{rel}","templated":true}]}}