{"id":354,"date":"2022-11-03T08:58:50","date_gmt":"2022-11-03T08:58:50","guid":{"rendered":"https:\/\/eco-drinkware.com\/?post_type=product&#038;p=354"},"modified":"2022-11-03T14:15:27","modified_gmt":"2022-11-03T14:15:27","slug":"134-infusor-de-te-de-vidrio-con-tapon-de-corcho-134","status":"publish","type":"product","link":"https:\/\/eco-drinkware.com\/es\/product\/134-infusor-de-te-de-vidrio-con-tapon-de-corcho-134\/","title":{"rendered":"Colador Infusor de T\u00e9 de Vidrio de Borosilicato Ecol\u00f3gico con Forma de Tubo de \u00daltimo Dise\u00f1oTap\u00f3n de Corcho"},"content":{"rendered":"<p><strong>Vidrio de alto borosilicato:<\/strong>este infusor de vidrio est\u00e1 hecho de vidrio de borosilicato de alta, un material de vidrio especial, con baja tasa de expansi\u00f3n. Tanto el agua fr\u00eda como la caliente est\u00e1n bien, es seguro, duradero y respetuoso con el medio ambiente.<br><br><strong>Buena filtrabilidad:<\/strong>Cada infusor de t\u00e9 tiene 8 orificios para filtrar el agua. La abertura de cristal del infusor puede filtrar todo tipo de hojas de t\u00e9 y evitar que se filtren restos de t\u00e9, part\u00edculas o residuos.<br><strong>Tap\u00f3n de corcho:<\/strong>el corcho se utiliza para sellar el t\u00e9 dentro del infusor de t\u00e9, que puede infusionar completamente las hojas de t\u00e9. Conserva al m\u00e1ximo el aroma del t\u00e9 y mejora su sabor.<br><br><strong>F\u00e1cil de limpiar:<\/strong>El infusor de t\u00e9 es f\u00e1cil de limpiar, y las hojas no se escapar\u00e1n ni se atascar\u00e1n en los agujeros. Basta con llenar la base con agua, darle la vuelta y verter las hojas, y seguir enjuagando.<br><br>Logotipo personalizado f\u00e1cil de imprimir en vidrio y logotipo l\u00e1ser en corcho.<br>El paquete impreso de encargo de la caja es tambi\u00e9n realizable para este colador de cristal del infuser con la tapa del corcho, apenas comparte con nosotros su idea. .<br>Nos pondremos en contacto con usted con el producto real. .<br><br>Por favor, tenga en cuenta que Eco Drinkware con servicio DDP a muchos pa\u00edses. Esto significa que la entrega a su puerta y el impuesto incluido. Usted ahorrar\u00e1 mucho dinero de esta manera.<br>P\u00f3ngase en contacto con nosotros para ahorrar dinero.<\/p>\n\n\n\n<figure class=\"wp-block-image size-full is-resized\"><img loading=\"lazy\" decoding=\"async\" src=\"https:\/\/eco-drinkware.com\/wp-content\/uploads\/134_0.webp\" alt=\"\" class=\"wp-image-443\" width=\"563\" height=\"563\" srcset=\"https:\/\/eco-drinkware.com\/wp-content\/uploads\/134_0.webp 750w, https:\/\/eco-drinkware.com\/wp-content\/uploads\/134_0-300x300.webp 300w, https:\/\/eco-drinkware.com\/wp-content\/uploads\/134_0-150x150.webp 150w, https:\/\/eco-drinkware.com\/wp-content\/uploads\/134_0-600x600.webp 600w, https:\/\/eco-drinkware.com\/wp-content\/uploads\/134_0-100x100.webp 100w\" sizes=\"auto, (max-width: 563px) 100vw, 563px\" \/><\/figure>\n\n\n\n<p>Infusor de vidrio con tapa de corcho tama\u00f1o : di\u00e1metro 2,5cm , altura 15 cm<\/p>\n\n\n\n<figure class=\"wp-block-image size-full is-resized\"><img loading=\"lazy\" decoding=\"async\" src=\"https:\/\/eco-drinkware.com\/wp-content\/uploads\/2021-12-24-16-44-138.webp\" alt=\"\" class=\"wp-image-441\" width=\"563\" height=\"563\" srcset=\"https:\/\/eco-drinkware.com\/wp-content\/uploads\/2021-12-24-16-44-138.webp 750w, https:\/\/eco-drinkware.com\/wp-content\/uploads\/2021-12-24-16-44-138-300x300.webp 300w, https:\/\/eco-drinkware.com\/wp-content\/uploads\/2021-12-24-16-44-138-150x150.webp 150w, https:\/\/eco-drinkware.com\/wp-content\/uploads\/2021-12-24-16-44-138-600x600.webp 600w, https:\/\/eco-drinkware.com\/wp-content\/uploads\/2021-12-24-16-44-138-100x100.webp 100w\" sizes=\"auto, (max-width: 563px) 100vw, 563px\" \/><\/figure>\n\n\n\n<p>Bueno para hacer t\u00e9 en la vida cotidiana .<\/p>\n\n\n\n<figure class=\"wp-block-image size-full is-resized\"><img loading=\"lazy\" decoding=\"async\" src=\"https:\/\/eco-drinkware.com\/wp-content\/uploads\/2021-12-24-16-44-558.webp\" alt=\"\" class=\"wp-image-442\" width=\"563\" height=\"440\" srcset=\"https:\/\/eco-drinkware.com\/wp-content\/uploads\/2021-12-24-16-44-558.webp 750w, https:\/\/eco-drinkware.com\/wp-content\/uploads\/2021-12-24-16-44-558-300x234.webp 300w, https:\/\/eco-drinkware.com\/wp-content\/uploads\/2021-12-24-16-44-558-150x117.webp 150w, https:\/\/eco-drinkware.com\/wp-content\/uploads\/2021-12-24-16-44-558-600x469.webp 600w\" sizes=\"auto, (max-width: 563px) 100vw, 563px\" \/><\/figure>\n\n\n\n<p>F\u00e1cil de hacer logotipo personalizado en vidrio , corcho y caja de embalaje . Bienvenido a compartir su dise\u00f1o.<\/p>","protected":false},"excerpt":{"rendered":"<p>Este infusor de t\u00e9 con la acci\u00f3n hecha de vidrio de borosilicato de alta, 8 agujeros para fugas, f\u00e1cil de limpiar. F\u00e1cil de hacer logotipo personalizado en el vidrio , corcho y el paquete . Perfecto para beber t\u00e9.<\/p>","protected":false},"featured_media":443,"template":"","meta":{"_acf_changed":false,"_seopress_robots_primary_cat":"","_seopress_titles_title":"","_seopress_titles_desc":"","_seopress_robots_index":"","_uag_custom_page_level_css":""},"product_brand":[],"product_cat":[15],"product_tag":[],"class_list":{"0":"post-354","1":"product","2":"type-product","3":"status-publish","4":"has-post-thumbnail","6":"product_cat-drinkware-accessories","8":"first","9":"instock","10":"shipping-taxable","11":"product-type-simple"},"acf":[],"uagb_featured_image_src":{"full":["https:\/\/eco-drinkware.com\/wp-content\/uploads\/134_0.webp",750,750,false],"thumbnail":["https:\/\/eco-drinkware.com\/wp-content\/uploads\/134_0-150x150.webp",150,150,true],"medium":["https:\/\/eco-drinkware.com\/wp-content\/uploads\/134_0-300x300.webp",300,300,true],"medium_large":["https:\/\/eco-drinkware.com\/wp-content\/uploads\/134_0.webp",750,750,false],"large":["https:\/\/eco-drinkware.com\/wp-content\/uploads\/134_0.webp",750,750,false],"1536x1536":["https:\/\/eco-drinkware.com\/wp-content\/uploads\/134_0.webp",750,750,false],"2048x2048":["https:\/\/eco-drinkware.com\/wp-content\/uploads\/134_0.webp",750,750,false],"trp-custom-language-flag":["https:\/\/eco-drinkware.com\/wp-content\/uploads\/134_0.webp",12,12,false],"woocommerce_thumbnail":["https:\/\/eco-drinkware.com\/wp-content\/uploads\/134_0-300x300.webp",300,300,true],"woocommerce_single":["https:\/\/eco-drinkware.com\/wp-content\/uploads\/134_0-600x600.webp",600,600,true],"woocommerce_gallery_thumbnail":["https:\/\/eco-drinkware.com\/wp-content\/uploads\/134_0-100x100.webp",100,100,true]},"uagb_author_info":{"display_name":"Amy","author_link":"https:\/\/eco-drinkware.com\/es\/author\/"},"uagb_comment_info":0,"uagb_excerpt":"This tea infuser with stock made of high borosilicate glass, 8 holes to leak, easy to clean. Easy to do custom logo on glass , cork and package . Perfect for tea drinking.","_links":{"self":[{"href":"https:\/\/eco-drinkware.com\/es\/wp-json\/wp\/v2\/product\/354","targetHints":{"allow":["GET"]}}],"collection":[{"href":"https:\/\/eco-drinkware.com\/es\/wp-json\/wp\/v2\/product"}],"about":[{"href":"https:\/\/eco-drinkware.com\/es\/wp-json\/wp\/v2\/types\/product"}],"wp:featuredmedia":[{"embeddable":true,"href":"https:\/\/eco-drinkware.com\/es\/wp-json\/wp\/v2\/media\/443"}],"wp:attachment":[{"href":"https:\/\/eco-drinkware.com\/es\/wp-json\/wp\/v2\/media?parent=354"}],"wp:term":[{"taxonomy":"product_brand","embeddable":true,"href":"https:\/\/eco-drinkware.com\/es\/wp-json\/wp\/v2\/product_brand?post=354"},{"taxonomy":"product_cat","embeddable":true,"href":"https:\/\/eco-drinkware.com\/es\/wp-json\/wp\/v2\/product_cat?post=354"},{"taxonomy":"product_tag","embeddable":true,"href":"https:\/\/eco-drinkware.com\/es\/wp-json\/wp\/v2\/product_tag?post=354"}],"curies":[{"name":"wp","href":"https:\/\/api.w.org\/{rel}","templated":true}]}}