{"id":360,"date":"2022-11-03T09:06:02","date_gmt":"2022-11-03T09:06:02","guid":{"rendered":"https:\/\/eco-drinkware.com\/?post_type=product&#038;p=360"},"modified":"2022-11-03T14:45:46","modified_gmt":"2022-11-03T14:45:46","slug":"termo-de-acero-inoxidable-de-doble-pared-de-color-stock-128","status":"publish","type":"product","link":"https:\/\/eco-drinkware.com\/es\/product\/termo-de-acero-inoxidable-de-doble-pared-de-color-stock-128\/","title":{"rendered":"Klean kanteen Termo de acero inoxidable de doble pared con tapa de bamb\u00fa y recubrimiento en polvo de color stock"},"content":{"rendered":"<p><strong>Color de stock:<\/strong>Hay 10 colores de stock de aspecto agradable para este termo de acero inoxidable de doble pared, bienvenido a logotipo personalizado.<\/p>\n\n\n\n<p><strong>Tallas disponibles:<\/strong>350 ml, 500 ml, 600 ml, 750 ml<\/p>\n\n\n\n<p><strong>Botella de agua aislada:<\/strong>Este termo aislante de doble pared y boca grande de klean canteen mantiene el l\u00edquido caliente durante 12 horas, fr\u00edo durante 14 horas, adecuado para actividades deportivas, nataci\u00f3n, camping, escalada y otras actividades.<\/p>\n\n\n\n<p><strong>Varias tapas:<\/strong>Este termo de acero inoxidable puede ser con tapa de acero de bamb\u00fa, tapa de pico, tapa abatible......<\/p>\n\n\n\n<p>Opci\u00f3n de logotipo: l\u00e1ser, serigraf\u00eda, transferencia t\u00e9rmica, impresi\u00f3n 3D, transferencia de agua, transferencia de gas.<br>Opci\u00f3n de embalaje: caja blanca, caja impresa personalizada, cilindro redondo, caja de regalo<br>Bienvenido al color pantone personalizado y al paquete personalizado\u00a0<\/p>\n\n\n\n<p>Color de stock para el termo de cantimplora klean con tapa de bamb\u00fa<\/p>\n\n\n\n<figure class=\"wp-block-image size-full is-resized\"><img loading=\"lazy\" decoding=\"async\" src=\"https:\/\/eco-drinkware.com\/wp-content\/uploads\/131_2.webp\" alt=\"\" class=\"wp-image-462\" width=\"629\" height=\"629\" srcset=\"https:\/\/eco-drinkware.com\/wp-content\/uploads\/131_2.webp 839w, https:\/\/eco-drinkware.com\/wp-content\/uploads\/131_2-300x300.webp 300w, https:\/\/eco-drinkware.com\/wp-content\/uploads\/131_2-150x150.webp 150w, https:\/\/eco-drinkware.com\/wp-content\/uploads\/131_2-768x768.webp 768w, https:\/\/eco-drinkware.com\/wp-content\/uploads\/131_2-600x600.webp 600w, https:\/\/eco-drinkware.com\/wp-content\/uploads\/131_2-100x100.webp 100w\" sizes=\"auto, (max-width: 629px) 100vw, 629px\" \/><\/figure>\n\n\n\n<p>Diferentes tama\u00f1os para el termo de cantimplora klean con tapa de bamb\u00fa<\/p>\n\n\n\n<figure class=\"wp-block-image size-full\"><img loading=\"lazy\" decoding=\"async\" width=\"1000\" height=\"1000\" src=\"https:\/\/eco-drinkware.com\/wp-content\/uploads\/2022-04-27-15-23-064.webp\" alt=\"\" class=\"wp-image-478\" srcset=\"https:\/\/eco-drinkware.com\/wp-content\/uploads\/2022-04-27-15-23-064.webp 1000w, https:\/\/eco-drinkware.com\/wp-content\/uploads\/2022-04-27-15-23-064-300x300.webp 300w, https:\/\/eco-drinkware.com\/wp-content\/uploads\/2022-04-27-15-23-064-150x150.webp 150w, https:\/\/eco-drinkware.com\/wp-content\/uploads\/2022-04-27-15-23-064-768x768.webp 768w, https:\/\/eco-drinkware.com\/wp-content\/uploads\/2022-04-27-15-23-064-600x600.webp 600w, https:\/\/eco-drinkware.com\/wp-content\/uploads\/2022-04-27-15-23-064-100x100.webp 100w\" sizes=\"auto, (max-width: 1000px) 100vw, 1000px\" \/><\/figure>\n\n\n\n<p>Diferentes tama\u00f1os y tapas para su referencia<\/p>\n\n\n\n<figure class=\"wp-block-image size-full\"><img loading=\"lazy\" decoding=\"async\" width=\"1000\" height=\"1000\" src=\"https:\/\/eco-drinkware.com\/wp-content\/uploads\/2021-12-10-16-24-052.webp\" alt=\"\" class=\"wp-image-460\" srcset=\"https:\/\/eco-drinkware.com\/wp-content\/uploads\/2021-12-10-16-24-052.webp 1000w, https:\/\/eco-drinkware.com\/wp-content\/uploads\/2021-12-10-16-24-052-300x300.webp 300w, https:\/\/eco-drinkware.com\/wp-content\/uploads\/2021-12-10-16-24-052-150x150.webp 150w, https:\/\/eco-drinkware.com\/wp-content\/uploads\/2021-12-10-16-24-052-768x768.webp 768w, https:\/\/eco-drinkware.com\/wp-content\/uploads\/2021-12-10-16-24-052-600x600.webp 600w, https:\/\/eco-drinkware.com\/wp-content\/uploads\/2021-12-10-16-24-052-100x100.webp 100w\" sizes=\"auto, (max-width: 1000px) 100vw, 1000px\" \/><\/figure>\n\n\n\n<p>Esta botella fue dise\u00f1ada para crear la mejor botella de agua, taza de caf\u00e9 helado, botella deportiva y taza aislante. La tapa de acero y la tapa de bamb\u00fa tienen un dise\u00f1o totalmente libre de pl\u00e1stico. Es popular y tendencia ahora. Conf\u00eda en que t\u00fa tambi\u00e9n quieres reducir el pl\u00e1stico en nuestra vida diaria.<\/p>\n\n\n\n<p>\u00bfD\u00f3nde y c\u00f3mo utilizar la botella?\u00a0<\/p>\n\n\n\n<figure class=\"wp-block-image size-full\"><img loading=\"lazy\" decoding=\"async\" width=\"750\" height=\"780\" src=\"https:\/\/eco-drinkware.com\/wp-content\/uploads\/2022-04-27-15-28-394.webp\" alt=\"\" class=\"wp-image-477\" srcset=\"https:\/\/eco-drinkware.com\/wp-content\/uploads\/2022-04-27-15-28-394.webp 750w, https:\/\/eco-drinkware.com\/wp-content\/uploads\/2022-04-27-15-28-394-288x300.webp 288w, https:\/\/eco-drinkware.com\/wp-content\/uploads\/2022-04-27-15-28-394-144x150.webp 144w, https:\/\/eco-drinkware.com\/wp-content\/uploads\/2022-04-27-15-28-394-600x624.webp 600w\" sizes=\"auto, (max-width: 750px) 100vw, 750px\" \/><\/figure>\n\n\n\n<p>Siga la tendencia, elija nuestra botella de agua de acero inoxidable con tapa de bamb\u00fa sin pl\u00e1stico. Nuestra paleta le dir\u00e1 \"Gracias\". Recepci\u00f3n para entrarnos en contacto con para m\u00e1s art\u00edculo y detalles de la botella.<\/p>","protected":false},"excerpt":{"rendered":"<p>Tama\u00f1os disponibles: 350ml, 500ml, 600ml, 750ml. 10 colores de stock de aspecto agradable, f\u00e1cil de hacer logotipo personalizado. Logotipo y color personalizados bienvenidos.<\/p>","protected":false},"featured_media":462,"template":"","meta":{"_acf_changed":false,"_seopress_robots_primary_cat":"none","_seopress_titles_title":"","_seopress_titles_desc":"","_seopress_robots_index":"","_uag_custom_page_level_css":""},"product_brand":[],"product_cat":[15],"product_tag":[],"class_list":{"0":"post-360","1":"product","2":"type-product","3":"status-publish","4":"has-post-thumbnail","6":"product_cat-drinkware-accessories","8":"first","9":"instock","10":"shipping-taxable","11":"product-type-simple"},"acf":[],"uagb_featured_image_src":{"full":["https:\/\/eco-drinkware.com\/wp-content\/uploads\/131_2.webp",839,839,false],"thumbnail":["https:\/\/eco-drinkware.com\/wp-content\/uploads\/131_2-150x150.webp",150,150,true],"medium":["https:\/\/eco-drinkware.com\/wp-content\/uploads\/131_2-300x300.webp",300,300,true],"medium_large":["https:\/\/eco-drinkware.com\/wp-content\/uploads\/131_2-768x768.webp",768,768,true],"large":["https:\/\/eco-drinkware.com\/wp-content\/uploads\/131_2.webp",839,839,false],"1536x1536":["https:\/\/eco-drinkware.com\/wp-content\/uploads\/131_2.webp",839,839,false],"2048x2048":["https:\/\/eco-drinkware.com\/wp-content\/uploads\/131_2.webp",839,839,false],"trp-custom-language-flag":["https:\/\/eco-drinkware.com\/wp-content\/uploads\/131_2.webp",12,12,false],"woocommerce_thumbnail":["https:\/\/eco-drinkware.com\/wp-content\/uploads\/131_2-300x300.webp",300,300,true],"woocommerce_single":["https:\/\/eco-drinkware.com\/wp-content\/uploads\/131_2-600x600.webp",600,600,true],"woocommerce_gallery_thumbnail":["https:\/\/eco-drinkware.com\/wp-content\/uploads\/131_2-100x100.webp",100,100,true]},"uagb_author_info":{"display_name":"Amy","author_link":"https:\/\/eco-drinkware.com\/es\/author\/"},"uagb_comment_info":0,"uagb_excerpt":"Available Sizes: 350ml, 500ml, 600ml, 750ml. 10 nice look stock colors, easy to do custom logo. Custom logo and color welcome.","_links":{"self":[{"href":"https:\/\/eco-drinkware.com\/es\/wp-json\/wp\/v2\/product\/360","targetHints":{"allow":["GET"]}}],"collection":[{"href":"https:\/\/eco-drinkware.com\/es\/wp-json\/wp\/v2\/product"}],"about":[{"href":"https:\/\/eco-drinkware.com\/es\/wp-json\/wp\/v2\/types\/product"}],"wp:featuredmedia":[{"embeddable":true,"href":"https:\/\/eco-drinkware.com\/es\/wp-json\/wp\/v2\/media\/462"}],"wp:attachment":[{"href":"https:\/\/eco-drinkware.com\/es\/wp-json\/wp\/v2\/media?parent=360"}],"wp:term":[{"taxonomy":"product_brand","embeddable":true,"href":"https:\/\/eco-drinkware.com\/es\/wp-json\/wp\/v2\/product_brand?post=360"},{"taxonomy":"product_cat","embeddable":true,"href":"https:\/\/eco-drinkware.com\/es\/wp-json\/wp\/v2\/product_cat?post=360"},{"taxonomy":"product_tag","embeddable":true,"href":"https:\/\/eco-drinkware.com\/es\/wp-json\/wp\/v2\/product_tag?post=360"}],"curies":[{"name":"wp","href":"https:\/\/api.w.org\/{rel}","templated":true}]}}