{"id":362,"date":"2022-11-03T09:08:07","date_gmt":"2022-11-03T09:08:07","guid":{"rendered":"https:\/\/eco-drinkware.com\/?post_type=product&#038;p=362"},"modified":"2022-11-03T14:36:51","modified_gmt":"2022-11-03T14:36:51","slug":"131-botella-de-agua-hydro-flask-de-acero-inoxidable-con-aislamiento-131","status":"publish","type":"product","link":"https:\/\/eco-drinkware.com\/es\/product\/131-botella-de-agua-hydro-flask-de-acero-inoxidable-con-aislamiento-131\/","title":{"rendered":"Botella de agua aislada de acero inoxidable Hydro Flask"},"content":{"rendered":"<p><strong>4 tama\u00f1os con colores de stock:<\/strong>350 ml, 500 ml, 600 ml, 750 ml para esta botella de agua aislada de acero inoxidable con varios colores de stock.<br><strong>Varias tapas:<\/strong>\u00a0Esta botella de agua de acero inoxidable puede ser con tapa de acero de bamb\u00fa, tapa de pico, tapa flip......<br><strong>Doble pared aislante:<\/strong>La botella de agua de acero inoxidable mantiene las bebidas m\u00e1s fr\u00edas heladas y las m\u00e1s calientes entre 12 y 24 horas.<br>La botella de agua hydro flask de acero inoxidable con aislamiento se puede lavar en el lavavajillas, el revestimiento en polvo antideslizante no suda.<\/p>\n\n\n\n<figure class=\"wp-block-image size-full is-resized\"><img loading=\"lazy\" decoding=\"async\" src=\"https:\/\/eco-drinkware.com\/wp-content\/uploads\/2021-12-10-16-24-052.webp\" alt=\"\" class=\"wp-image-460\" width=\"750\" height=\"750\" srcset=\"https:\/\/eco-drinkware.com\/wp-content\/uploads\/2021-12-10-16-24-052.webp 1000w, https:\/\/eco-drinkware.com\/wp-content\/uploads\/2021-12-10-16-24-052-300x300.webp 300w, https:\/\/eco-drinkware.com\/wp-content\/uploads\/2021-12-10-16-24-052-150x150.webp 150w, https:\/\/eco-drinkware.com\/wp-content\/uploads\/2021-12-10-16-24-052-768x768.webp 768w, https:\/\/eco-drinkware.com\/wp-content\/uploads\/2021-12-10-16-24-052-600x600.webp 600w, https:\/\/eco-drinkware.com\/wp-content\/uploads\/2021-12-10-16-24-052-100x100.webp 100w\" sizes=\"auto, (max-width: 750px) 100vw, 750px\" \/><\/figure>","protected":false},"excerpt":{"rendered":"<p>Tama\u00f1os disponibles: 350ml, 500ml, 600ml, 750ml. 10 colores de stock de aspecto agradable, f\u00e1cil de hacer logotipo personalizado.<\/p>","protected":false},"featured_media":461,"template":"","meta":{"_acf_changed":false,"_seopress_robots_primary_cat":"","_seopress_titles_title":"","_seopress_titles_desc":"","_seopress_robots_index":"","_uag_custom_page_level_css":""},"product_brand":[],"product_cat":[15],"product_tag":[],"class_list":{"0":"post-362","1":"product","2":"type-product","3":"status-publish","4":"has-post-thumbnail","6":"product_cat-drinkware-accessories","8":"first","9":"instock","10":"shipping-taxable","11":"product-type-simple"},"acf":[],"uagb_featured_image_src":{"full":["https:\/\/eco-drinkware.com\/wp-content\/uploads\/131_0.webp",756,789,false],"thumbnail":["https:\/\/eco-drinkware.com\/wp-content\/uploads\/131_0-144x150.webp",144,150,true],"medium":["https:\/\/eco-drinkware.com\/wp-content\/uploads\/131_0-287x300.webp",287,300,true],"medium_large":["https:\/\/eco-drinkware.com\/wp-content\/uploads\/131_0.webp",756,789,false],"large":["https:\/\/eco-drinkware.com\/wp-content\/uploads\/131_0.webp",756,789,false],"1536x1536":["https:\/\/eco-drinkware.com\/wp-content\/uploads\/131_0.webp",756,789,false],"2048x2048":["https:\/\/eco-drinkware.com\/wp-content\/uploads\/131_0.webp",756,789,false],"trp-custom-language-flag":["https:\/\/eco-drinkware.com\/wp-content\/uploads\/131_0.webp",11,12,false],"woocommerce_thumbnail":["https:\/\/eco-drinkware.com\/wp-content\/uploads\/131_0-300x300.webp",300,300,true],"woocommerce_single":["https:\/\/eco-drinkware.com\/wp-content\/uploads\/131_0-600x626.webp",600,626,true],"woocommerce_gallery_thumbnail":["https:\/\/eco-drinkware.com\/wp-content\/uploads\/131_0-100x100.webp",100,100,true]},"uagb_author_info":{"display_name":"Amy","author_link":"https:\/\/eco-drinkware.com\/es\/author\/"},"uagb_comment_info":0,"uagb_excerpt":"Available Sizes: 350ml, 500ml, 600ml, 750ml. 10 nice look stock colors, easy to do custom logo.","_links":{"self":[{"href":"https:\/\/eco-drinkware.com\/es\/wp-json\/wp\/v2\/product\/362","targetHints":{"allow":["GET"]}}],"collection":[{"href":"https:\/\/eco-drinkware.com\/es\/wp-json\/wp\/v2\/product"}],"about":[{"href":"https:\/\/eco-drinkware.com\/es\/wp-json\/wp\/v2\/types\/product"}],"wp:featuredmedia":[{"embeddable":true,"href":"https:\/\/eco-drinkware.com\/es\/wp-json\/wp\/v2\/media\/461"}],"wp:attachment":[{"href":"https:\/\/eco-drinkware.com\/es\/wp-json\/wp\/v2\/media?parent=362"}],"wp:term":[{"taxonomy":"product_brand","embeddable":true,"href":"https:\/\/eco-drinkware.com\/es\/wp-json\/wp\/v2\/product_brand?post=362"},{"taxonomy":"product_cat","embeddable":true,"href":"https:\/\/eco-drinkware.com\/es\/wp-json\/wp\/v2\/product_cat?post=362"},{"taxonomy":"product_tag","embeddable":true,"href":"https:\/\/eco-drinkware.com\/es\/wp-json\/wp\/v2\/product_tag?post=362"}],"curies":[{"name":"wp","href":"https:\/\/api.w.org\/{rel}","templated":true}]}}