{"id":364,"date":"2022-11-03T09:08:37","date_gmt":"2022-11-03T09:08:37","guid":{"rendered":"https:\/\/eco-drinkware.com\/?post_type=product&#038;p=364"},"modified":"2022-11-03T14:36:12","modified_gmt":"2022-11-03T14:36:12","slug":"00130-ceramica-usb-enchufe-cafe-te-taza-calentador-130","status":"publish","type":"product","link":"https:\/\/eco-drinkware.com\/es\/product\/00130-ceramica-usb-enchufe-cafe-te-taza-calentador-130\/","title":{"rendered":"Juego de tazas de t\u00e9 y caf\u00e9 con calentador y enchufe USB de cer\u00e1mica"},"content":{"rendered":"<p>El calentador de tazas de caf\u00e9 tiene incorporado un m\u00f3dulo de chipset de temperatura controlada, mantiene el l\u00edquido a una temperatura estable y mantiene esta temperatura durante todo el d\u00eda.<\/p>\n\n\n\n<p>El calentador de tazas de caf\u00e9 con interruptor sensor de gravedad incorporado y funci\u00f3n de cierre autom\u00e1tico, ponga la taza de caf\u00e9 en la zona de calentamiento, entonces la placa calentadora de tazas de caf\u00e9 funcionar\u00e1, retire la taza de caf\u00e9 y la placa calentadora se apagar\u00e1 autom\u00e1ticamente.<\/p>\n\n\n\n<p>La taza de caf\u00e9 est\u00e1 hecha de cer\u00e1mica, se puede utilizar para calentar diferentes l\u00edquidos, como t\u00e9, caf\u00e9, leche.<\/p>\n\n\n\n<p>Este es un c\u00e1lido regalo para enamorados, madres, padres y todos tus seres queridos para demostrarles que te importan en Acci\u00f3n de Gracias y otras ocasiones especiales.<\/p>\n\n\n\n<p>Colores disponibles: blanco, verde, rojo y rosa. .<br>Se admiten colores y embalajes personalizados.<\/p>\n\n\n\n<figure class=\"wp-block-image size-large\"><img loading=\"lazy\" decoding=\"async\" width=\"709\" height=\"1024\" src=\"https:\/\/eco-drinkware.com\/wp-content\/uploads\/2021-12-02-15-49-499-709x1024.webp\" alt=\"\" class=\"wp-image-470\" srcset=\"https:\/\/eco-drinkware.com\/wp-content\/uploads\/2021-12-02-15-49-499-709x1024.webp 709w, https:\/\/eco-drinkware.com\/wp-content\/uploads\/2021-12-02-15-49-499-208x300.webp 208w, https:\/\/eco-drinkware.com\/wp-content\/uploads\/2021-12-02-15-49-499-104x150.webp 104w, https:\/\/eco-drinkware.com\/wp-content\/uploads\/2021-12-02-15-49-499-600x866.webp 600w, https:\/\/eco-drinkware.com\/wp-content\/uploads\/2021-12-02-15-49-499.webp 750w\" sizes=\"auto, (max-width: 709px) 100vw, 709px\" \/><\/figure>\n\n\n\n<figure class=\"wp-block-image size-large\"><img loading=\"lazy\" decoding=\"async\" width=\"660\" height=\"1024\" src=\"https:\/\/eco-drinkware.com\/wp-content\/uploads\/2021-12-02-15-54-135-660x1024.webp\" alt=\"\" class=\"wp-image-465\" srcset=\"https:\/\/eco-drinkware.com\/wp-content\/uploads\/2021-12-02-15-54-135-660x1024.webp 660w, https:\/\/eco-drinkware.com\/wp-content\/uploads\/2021-12-02-15-54-135-193x300.webp 193w, https:\/\/eco-drinkware.com\/wp-content\/uploads\/2021-12-02-15-54-135-97x150.webp 97w, https:\/\/eco-drinkware.com\/wp-content\/uploads\/2021-12-02-15-54-135-600x930.webp 600w, https:\/\/eco-drinkware.com\/wp-content\/uploads\/2021-12-02-15-54-135.webp 750w\" sizes=\"auto, (max-width: 660px) 100vw, 660px\" \/><\/figure>","protected":false},"excerpt":{"rendered":"<p>Varios colores para su elecci\u00f3n. Taza de caf\u00e9 es de cer\u00e1mica y con cuchara y calentador . Siempre mantiene el agua a 55 grados C, perfecto para beber . Embalaje en caja de regalo.<\/p>","protected":false},"featured_media":466,"template":"","meta":{"_acf_changed":false,"_seopress_robots_primary_cat":"","_seopress_titles_title":"","_seopress_titles_desc":"","_seopress_robots_index":"","_uag_custom_page_level_css":""},"product_brand":[],"product_cat":[15],"product_tag":[],"class_list":{"0":"post-364","1":"product","2":"type-product","3":"status-publish","4":"has-post-thumbnail","6":"product_cat-drinkware-accessories","8":"first","9":"instock","10":"shipping-taxable","11":"product-type-simple"},"acf":[],"uagb_featured_image_src":{"full":["https:\/\/eco-drinkware.com\/wp-content\/uploads\/130_0.webp",550,550,false],"thumbnail":["https:\/\/eco-drinkware.com\/wp-content\/uploads\/130_0-150x150.webp",150,150,true],"medium":["https:\/\/eco-drinkware.com\/wp-content\/uploads\/130_0-300x300.webp",300,300,true],"medium_large":["https:\/\/eco-drinkware.com\/wp-content\/uploads\/130_0.webp",550,550,false],"large":["https:\/\/eco-drinkware.com\/wp-content\/uploads\/130_0.webp",550,550,false],"1536x1536":["https:\/\/eco-drinkware.com\/wp-content\/uploads\/130_0.webp",550,550,false],"2048x2048":["https:\/\/eco-drinkware.com\/wp-content\/uploads\/130_0.webp",550,550,false],"trp-custom-language-flag":["https:\/\/eco-drinkware.com\/wp-content\/uploads\/130_0.webp",12,12,false],"woocommerce_thumbnail":["https:\/\/eco-drinkware.com\/wp-content\/uploads\/130_0-300x300.webp",300,300,true],"woocommerce_single":["https:\/\/eco-drinkware.com\/wp-content\/uploads\/130_0.webp",550,550,false],"woocommerce_gallery_thumbnail":["https:\/\/eco-drinkware.com\/wp-content\/uploads\/130_0-100x100.webp",100,100,true]},"uagb_author_info":{"display_name":"Amy","author_link":"https:\/\/eco-drinkware.com\/es\/author\/"},"uagb_comment_info":0,"uagb_excerpt":"Several colors for your choice. Coffee mug is made of ceramic and with spoon and warmer . Always keeps water 55 degree C, perfect for drinking . Gift box packing.","_links":{"self":[{"href":"https:\/\/eco-drinkware.com\/es\/wp-json\/wp\/v2\/product\/364","targetHints":{"allow":["GET"]}}],"collection":[{"href":"https:\/\/eco-drinkware.com\/es\/wp-json\/wp\/v2\/product"}],"about":[{"href":"https:\/\/eco-drinkware.com\/es\/wp-json\/wp\/v2\/types\/product"}],"wp:featuredmedia":[{"embeddable":true,"href":"https:\/\/eco-drinkware.com\/es\/wp-json\/wp\/v2\/media\/466"}],"wp:attachment":[{"href":"https:\/\/eco-drinkware.com\/es\/wp-json\/wp\/v2\/media?parent=364"}],"wp:term":[{"taxonomy":"product_brand","embeddable":true,"href":"https:\/\/eco-drinkware.com\/es\/wp-json\/wp\/v2\/product_brand?post=364"},{"taxonomy":"product_cat","embeddable":true,"href":"https:\/\/eco-drinkware.com\/es\/wp-json\/wp\/v2\/product_cat?post=364"},{"taxonomy":"product_tag","embeddable":true,"href":"https:\/\/eco-drinkware.com\/es\/wp-json\/wp\/v2\/product_tag?post=364"}],"curies":[{"name":"wp","href":"https:\/\/api.w.org\/{rel}","templated":true}]}}