{"id":369,"date":"2022-11-03T09:17:07","date_gmt":"2022-11-03T09:17:07","guid":{"rendered":"https:\/\/eco-drinkware.com\/?post_type=product&#038;p=369"},"modified":"2022-11-04T03:15:04","modified_gmt":"2022-11-04T03:15:04","slug":"126-fiambrera-redonda-de-acero-inoxidable-para-adultos-126","status":"publish","type":"product","link":"https:\/\/eco-drinkware.com\/es\/product\/126-fiambrera-redonda-de-acero-inoxidable-para-adultos-126\/","title":{"rendered":"Fiambrera redonda de acero inoxidable para adultos"},"content":{"rendered":"<p><strong>3 opciones de tama\u00f1o:<\/strong>700 ml, 1200 ml, 2000 ml. Las fiambreras redondas de acero inoxidable de 3 tama\u00f1os diferentes se venden por separado y como juego.<br><br><strong>Respetuoso con el medio ambiente y a prueba de fugas:<\/strong>Esta fiambrera redonda de acero inoxidable est\u00e1 dise\u00f1ada como alternativa ecol\u00f3gica a las fiambreras de pl\u00e1stico. El material utilizado es acero inoxidable 304 de alta calidad para uso alimentario. El anillo de silicona interior de la tapa y las 3 hebillas de cierre hacen que la fiambrera sea a prueba de fugas. El envase es reciclable.<br><br><strong>Personalizaci\u00f3n de bienvenida:<\/strong>logo personalizado, el paquete est\u00e1n bien para esta caja de almuerzo de acero inoxidable<\/p>\n\n\n\n<figure class=\"wp-block-image size-full\"><img loading=\"lazy\" decoding=\"async\" width=\"1000\" height=\"1000\" src=\"https:\/\/eco-drinkware.com\/wp-content\/uploads\/2022\/11\/2021-09-18-14-32-572.webp\" alt=\"\" class=\"wp-image-724\" srcset=\"https:\/\/eco-drinkware.com\/wp-content\/uploads\/2022\/11\/2021-09-18-14-32-572.webp 1000w, https:\/\/eco-drinkware.com\/wp-content\/uploads\/2022\/11\/2021-09-18-14-32-572-300x300.webp 300w, https:\/\/eco-drinkware.com\/wp-content\/uploads\/2022\/11\/2021-09-18-14-32-572-150x150.webp 150w, https:\/\/eco-drinkware.com\/wp-content\/uploads\/2022\/11\/2021-09-18-14-32-572-768x768.webp 768w, https:\/\/eco-drinkware.com\/wp-content\/uploads\/2022\/11\/2021-09-18-14-32-572-600x600.webp 600w, https:\/\/eco-drinkware.com\/wp-content\/uploads\/2022\/11\/2021-09-18-14-32-572-100x100.webp 100w\" sizes=\"auto, (max-width: 1000px) 100vw, 1000px\" \/><\/figure>\n\n\n\n<figure class=\"wp-block-image size-full\"><img loading=\"lazy\" decoding=\"async\" width=\"730\" height=\"730\" src=\"https:\/\/eco-drinkware.com\/wp-content\/uploads\/2022\/11\/2021-09-18-14-33-465.webp\" alt=\"\" class=\"wp-image-725\" srcset=\"https:\/\/eco-drinkware.com\/wp-content\/uploads\/2022\/11\/2021-09-18-14-33-465.webp 730w, https:\/\/eco-drinkware.com\/wp-content\/uploads\/2022\/11\/2021-09-18-14-33-465-300x300.webp 300w, https:\/\/eco-drinkware.com\/wp-content\/uploads\/2022\/11\/2021-09-18-14-33-465-150x150.webp 150w, https:\/\/eco-drinkware.com\/wp-content\/uploads\/2022\/11\/2021-09-18-14-33-465-600x600.webp 600w, https:\/\/eco-drinkware.com\/wp-content\/uploads\/2022\/11\/2021-09-18-14-33-465-100x100.webp 100w\" sizes=\"auto, (max-width: 730px) 100vw, 730px\" \/><\/figure>\n\n\n\n<figure class=\"wp-block-image size-full\"><img loading=\"lazy\" decoding=\"async\" width=\"730\" height=\"730\" src=\"https:\/\/eco-drinkware.com\/wp-content\/uploads\/2022\/11\/2021-09-18-14-34-110.webp\" alt=\"\" class=\"wp-image-726\" srcset=\"https:\/\/eco-drinkware.com\/wp-content\/uploads\/2022\/11\/2021-09-18-14-34-110.webp 730w, https:\/\/eco-drinkware.com\/wp-content\/uploads\/2022\/11\/2021-09-18-14-34-110-300x300.webp 300w, https:\/\/eco-drinkware.com\/wp-content\/uploads\/2022\/11\/2021-09-18-14-34-110-150x150.webp 150w, https:\/\/eco-drinkware.com\/wp-content\/uploads\/2022\/11\/2021-09-18-14-34-110-600x600.webp 600w, https:\/\/eco-drinkware.com\/wp-content\/uploads\/2022\/11\/2021-09-18-14-34-110-100x100.webp 100w\" sizes=\"auto, (max-width: 730px) 100vw, 730px\" \/><\/figure>\n\n\n\n<figure class=\"wp-block-image size-full\"><img loading=\"lazy\" decoding=\"async\" width=\"550\" height=\"550\" src=\"https:\/\/eco-drinkware.com\/wp-content\/uploads\/2022\/11\/126_3.webp\" alt=\"\" class=\"wp-image-723\" srcset=\"https:\/\/eco-drinkware.com\/wp-content\/uploads\/2022\/11\/126_3.webp 550w, https:\/\/eco-drinkware.com\/wp-content\/uploads\/2022\/11\/126_3-300x300.webp 300w, https:\/\/eco-drinkware.com\/wp-content\/uploads\/2022\/11\/126_3-150x150.webp 150w, https:\/\/eco-drinkware.com\/wp-content\/uploads\/2022\/11\/126_3-100x100.webp 100w\" sizes=\"auto, (max-width: 550px) 100vw, 550px\" \/><\/figure>","protected":false},"excerpt":{"rendered":"<p>3 opciones de tama\u00f1o: 700ml, 1200ml, 2000ml. El material utilizado es acero inoxidable 304 de alta calidad para uso alimentario. El anillo de silicona interior de la tapa y las 3 hebillas de cierre hacen que la fiambrera sea a prueba de fugas.<\/p>","protected":false},"featured_media":720,"template":"","meta":{"_acf_changed":false,"_seopress_robots_primary_cat":"","_seopress_titles_title":"","_seopress_titles_desc":"","_seopress_robots_index":"","_uag_custom_page_level_css":""},"product_brand":[],"product_cat":[15],"product_tag":[],"class_list":{"0":"post-369","1":"product","2":"type-product","3":"status-publish","4":"has-post-thumbnail","6":"product_cat-drinkware-accessories","8":"first","9":"instock","10":"shipping-taxable","11":"product-type-simple"},"acf":[],"uagb_featured_image_src":{"full":["https:\/\/eco-drinkware.com\/wp-content\/uploads\/2022\/11\/126_0.webp",1000,1000,false],"thumbnail":["https:\/\/eco-drinkware.com\/wp-content\/uploads\/2022\/11\/126_0-150x150.webp",150,150,true],"medium":["https:\/\/eco-drinkware.com\/wp-content\/uploads\/2022\/11\/126_0-300x300.webp",300,300,true],"medium_large":["https:\/\/eco-drinkware.com\/wp-content\/uploads\/2022\/11\/126_0-768x768.webp",768,768,true],"large":["https:\/\/eco-drinkware.com\/wp-content\/uploads\/2022\/11\/126_0.webp",1000,1000,false],"1536x1536":["https:\/\/eco-drinkware.com\/wp-content\/uploads\/2022\/11\/126_0.webp",1000,1000,false],"2048x2048":["https:\/\/eco-drinkware.com\/wp-content\/uploads\/2022\/11\/126_0.webp",1000,1000,false],"trp-custom-language-flag":["https:\/\/eco-drinkware.com\/wp-content\/uploads\/2022\/11\/126_0.webp",12,12,false],"woocommerce_thumbnail":["https:\/\/eco-drinkware.com\/wp-content\/uploads\/2022\/11\/126_0-300x300.webp",300,300,true],"woocommerce_single":["https:\/\/eco-drinkware.com\/wp-content\/uploads\/2022\/11\/126_0-600x600.webp",600,600,true],"woocommerce_gallery_thumbnail":["https:\/\/eco-drinkware.com\/wp-content\/uploads\/2022\/11\/126_0-100x100.webp",100,100,true]},"uagb_author_info":{"display_name":"Amy","author_link":"https:\/\/eco-drinkware.com\/es\/author\/"},"uagb_comment_info":0,"uagb_excerpt":"3 Sizes Options: 700ml, 1200ml, 2000ml. The material used is high quality food grade 304 stainless steel. Silicone ring inner the lid, and 3 buckles close make the lunch box leak proof.","_links":{"self":[{"href":"https:\/\/eco-drinkware.com\/es\/wp-json\/wp\/v2\/product\/369","targetHints":{"allow":["GET"]}}],"collection":[{"href":"https:\/\/eco-drinkware.com\/es\/wp-json\/wp\/v2\/product"}],"about":[{"href":"https:\/\/eco-drinkware.com\/es\/wp-json\/wp\/v2\/types\/product"}],"wp:featuredmedia":[{"embeddable":true,"href":"https:\/\/eco-drinkware.com\/es\/wp-json\/wp\/v2\/media\/720"}],"wp:attachment":[{"href":"https:\/\/eco-drinkware.com\/es\/wp-json\/wp\/v2\/media?parent=369"}],"wp:term":[{"taxonomy":"product_brand","embeddable":true,"href":"https:\/\/eco-drinkware.com\/es\/wp-json\/wp\/v2\/product_brand?post=369"},{"taxonomy":"product_cat","embeddable":true,"href":"https:\/\/eco-drinkware.com\/es\/wp-json\/wp\/v2\/product_cat?post=369"},{"taxonomy":"product_tag","embeddable":true,"href":"https:\/\/eco-drinkware.com\/es\/wp-json\/wp\/v2\/product_tag?post=369"}],"curies":[{"name":"wp","href":"https:\/\/api.w.org\/{rel}","templated":true}]}}