{"id":371,"date":"2022-11-03T09:17:36","date_gmt":"2022-11-03T01:17:36","guid":{"rendered":"https:\/\/eco-drinkware.com\/?post_type=product&#038;p=371"},"modified":"2022-12-02T17:32:55","modified_gmt":"2022-12-02T09:32:55","slug":"termo-de-cafe-de-bambu-de-acero-inoxidable-aislado-de-125-550-ml-con-asa-125","status":"publish","type":"product","link":"https:\/\/eco-drinkware.com\/es\/product\/termo-de-cafe-de-bambu-de-acero-inoxidable-aislado-de-125-550-ml-con-asa-125\/","title":{"rendered":"GB8062 500ml Aislado Acero inoxidable aislado Bamb\u00fa botella de agua bamb\u00faThermos Flask con tapa de la manija"},"content":{"rendered":"<p><strong>Termo aislante:<\/strong>Este termo de bamb\u00fa de acero inoxidable tiene triple pared y est\u00e1 aislado al vac\u00edo. Mantiene el l\u00edquido caliente y fr\u00edo durante 12-24 horas.<br><br><strong>Material ecol\u00f3gico de calidad alimentaria:<\/strong>La pared interior de este termo de caf\u00e9 es de acero inoxidable 18\/8, la pared exterior es de bamb\u00fa natural, silicona y acero inoxidable 18\/8 en la tapa. Lavar a mano es lo mejor. Secar el cuerpo del termo despu\u00e9s de lavarlo.<br><br><strong>5 colores de stock:<\/strong>El termo aislante tiene 5 colores de stock, logotipo personalizado y el color son bienvenidos.<br><br><strong>Con infusor y tapa con asa:<\/strong>El termo de acero inoxidable incluye un infusor de cesta extra\u00edble, anillo de silicona en la tapa hace que el termo de bamb\u00fa a prueba de agua, de buena calidad. Con la tapa de la manija es f\u00e1cil tomar el termo hacia fuera para gyming, acampar y otras actividades.<br><br>Colores normales para su referencia<\/p>\n\n\n\n<figure class=\"wp-block-image size-full\"><img loading=\"lazy\" decoding=\"async\" width=\"550\" height=\"550\" src=\"https:\/\/eco-drinkware.com\/wp-content\/uploads\/2022\/11\/125_0.webp\" alt=\"\" class=\"wp-image-731\" srcset=\"https:\/\/eco-drinkware.com\/wp-content\/uploads\/2022\/11\/125_0.webp 550w, https:\/\/eco-drinkware.com\/wp-content\/uploads\/2022\/11\/125_0-300x300.webp 300w, https:\/\/eco-drinkware.com\/wp-content\/uploads\/2022\/11\/125_0-150x150.webp 150w, https:\/\/eco-drinkware.com\/wp-content\/uploads\/2022\/11\/125_0-100x100.webp 100w\" sizes=\"auto, (max-width: 550px) 100vw, 550px\" \/><\/figure>\n\n\n\n<p>Detalle de la botella de agua de bamb\u00fa\u00a0<\/p>\n\n\n\n<figure class=\"wp-block-image size-full\"><img loading=\"lazy\" decoding=\"async\" width=\"550\" height=\"550\" src=\"https:\/\/eco-drinkware.com\/wp-content\/uploads\/2022\/11\/2021-09-03-15-34-364.webp\" alt=\"\" class=\"wp-image-729\" srcset=\"https:\/\/eco-drinkware.com\/wp-content\/uploads\/2022\/11\/2021-09-03-15-34-364.webp 550w, https:\/\/eco-drinkware.com\/wp-content\/uploads\/2022\/11\/2021-09-03-15-34-364-300x300.webp 300w, https:\/\/eco-drinkware.com\/wp-content\/uploads\/2022\/11\/2021-09-03-15-34-364-150x150.webp 150w, https:\/\/eco-drinkware.com\/wp-content\/uploads\/2022\/11\/2021-09-03-15-34-364-100x100.webp 100w\" sizes=\"auto, (max-width: 550px) 100vw, 550px\" \/><\/figure>\n\n\n\n<figure class=\"wp-block-image size-full\"><img loading=\"lazy\" decoding=\"async\" width=\"550\" height=\"550\" src=\"https:\/\/eco-drinkware.com\/wp-content\/uploads\/2022\/11\/125_3.webp\" alt=\"\" class=\"wp-image-728\" srcset=\"https:\/\/eco-drinkware.com\/wp-content\/uploads\/2022\/11\/125_3.webp 550w, https:\/\/eco-drinkware.com\/wp-content\/uploads\/2022\/11\/125_3-300x300.webp 300w, https:\/\/eco-drinkware.com\/wp-content\/uploads\/2022\/11\/125_3-150x150.webp 150w, https:\/\/eco-drinkware.com\/wp-content\/uploads\/2022\/11\/125_3-100x100.webp 100w\" sizes=\"auto, (max-width: 550px) 100vw, 550px\" \/><\/figure>\n\n\n\n<p>Opci\u00f3n de embalaje:caja blanca , caja impresa personalizada , cilindro redondo , caja de regalo<br>Condiciones :EXW, FOB, CIF, DDU y DDP<\/p>\n\n\n\n<p>Eco Drinkware es la profesi\u00f3n de bamb\u00fa botella de agua de bamb\u00fa termo fabricante en China continental. Con 20 a\u00f1os de experiencia en la producci\u00f3n.\u00a0<br>Y trabajamos con clientes de marcas famosas de todo el mundo.<\/p>\n\n\n\n<figure class=\"wp-block-image size-full\"><img loading=\"lazy\" decoding=\"async\" width=\"1000\" height=\"1000\" src=\"https:\/\/eco-drinkware.com\/wp-content\/uploads\/2022\/11\/2022-04-27-18-28-030.webp\" alt=\"\" class=\"wp-image-730\" srcset=\"https:\/\/eco-drinkware.com\/wp-content\/uploads\/2022\/11\/2022-04-27-18-28-030.webp 1000w, https:\/\/eco-drinkware.com\/wp-content\/uploads\/2022\/11\/2022-04-27-18-28-030-300x300.webp 300w, https:\/\/eco-drinkware.com\/wp-content\/uploads\/2022\/11\/2022-04-27-18-28-030-150x150.webp 150w, https:\/\/eco-drinkware.com\/wp-content\/uploads\/2022\/11\/2022-04-27-18-28-030-768x768.webp 768w, https:\/\/eco-drinkware.com\/wp-content\/uploads\/2022\/11\/2022-04-27-18-28-030-600x600.webp 600w, https:\/\/eco-drinkware.com\/wp-content\/uploads\/2022\/11\/2022-04-27-18-28-030-100x100.webp 100w\" sizes=\"auto, (max-width: 1000px) 100vw, 1000px\" \/><\/figure>\n\n\n\n<figure class=\"wp-block-image size-full\"><img loading=\"lazy\" decoding=\"async\" width=\"1000\" height=\"1000\" src=\"https:\/\/eco-drinkware.com\/wp-content\/uploads\/2022\/11\/125_2.webp\" alt=\"\" class=\"wp-image-733\" srcset=\"https:\/\/eco-drinkware.com\/wp-content\/uploads\/2022\/11\/125_2.webp 1000w, https:\/\/eco-drinkware.com\/wp-content\/uploads\/2022\/11\/125_2-300x300.webp 300w, https:\/\/eco-drinkware.com\/wp-content\/uploads\/2022\/11\/125_2-150x150.webp 150w, https:\/\/eco-drinkware.com\/wp-content\/uploads\/2022\/11\/125_2-768x768.webp 768w, https:\/\/eco-drinkware.com\/wp-content\/uploads\/2022\/11\/125_2-600x600.webp 600w, https:\/\/eco-drinkware.com\/wp-content\/uploads\/2022\/11\/125_2-100x100.webp 100w\" sizes=\"auto, (max-width: 1000px) 100vw, 1000px\" \/><\/figure>\n\n\n\n<p>Por favor, tenga en cuenta Eco Drinkware fuera DDP env\u00edo a su puerta, lo que significa la entrega a su puerta y el impuesto incluido.  Vaya con Eco drinkware, la f\u00e1brica de la botella de agua de la profesi\u00f3n, usted conseguir\u00e1 m\u00e1s nuevos deisgns e idea.\u00a0<\/p>\n\n\n\n<figure class=\"wp-block-image size-full\"><img loading=\"lazy\" decoding=\"async\" width=\"1000\" height=\"1000\" src=\"https:\/\/eco-drinkware.com\/wp-content\/uploads\/2022\/11\/125_1.webp\" alt=\"\" class=\"wp-image-732\" srcset=\"https:\/\/eco-drinkware.com\/wp-content\/uploads\/2022\/11\/125_1.webp 1000w, https:\/\/eco-drinkware.com\/wp-content\/uploads\/2022\/11\/125_1-300x300.webp 300w, https:\/\/eco-drinkware.com\/wp-content\/uploads\/2022\/11\/125_1-150x150.webp 150w, https:\/\/eco-drinkware.com\/wp-content\/uploads\/2022\/11\/125_1-768x768.webp 768w, https:\/\/eco-drinkware.com\/wp-content\/uploads\/2022\/11\/125_1-600x600.webp 600w, https:\/\/eco-drinkware.com\/wp-content\/uploads\/2022\/11\/125_1-100x100.webp 100w\" sizes=\"auto, (max-width: 1000px) 100vw, 1000px\" \/><\/figure>","protected":false},"excerpt":{"rendered":"<p>Botella de agua de bamb\u00fa con aislamiento de triple pared, mantiene el agua caliente durante 12 horas y fr\u00eda durante 24 horas. El color de encargo y la recepci\u00f3n del logotipo, somos profesi\u00f3n en el trabajo del ODM y del OEM. S\u00f3lo tiene que enviarnos sus necesidades, le enviaremos el dise\u00f1o de vuelta. OEM su botella de bamb\u00fa con nosotros<\/p>","protected":false},"featured_media":731,"template":"","meta":{"_acf_changed":false,"_seopress_robots_primary_cat":"","_seopress_titles_title":"","_seopress_titles_desc":"","_seopress_robots_index":"","_uag_custom_page_level_css":""},"product_brand":[],"product_cat":[33,34,21,32,19,54,20],"product_tag":[],"class_list":{"0":"post-371","1":"product","2":"type-product","3":"status-publish","4":"has-post-thumbnail","6":"product_cat-bamboo-flask","7":"product_cat-bamboo-tumbler","8":"product_cat-bamboo-water-bottle","9":"product_cat-insulated-water-bottle","10":"product_cat-stainless-steel-water-bottle","11":"product_cat-tea-bottle-coffee-tumblers","12":"product_cat-vacuum-flask","14":"first","15":"instock","16":"shipping-taxable","17":"product-type-simple"},"acf":[],"uagb_featured_image_src":{"full":["https:\/\/eco-drinkware.com\/wp-content\/uploads\/2022\/11\/125_0.webp",550,550,false],"thumbnail":["https:\/\/eco-drinkware.com\/wp-content\/uploads\/2022\/11\/125_0-150x150.webp",150,150,true],"medium":["https:\/\/eco-drinkware.com\/wp-content\/uploads\/2022\/11\/125_0-300x300.webp",300,300,true],"medium_large":["https:\/\/eco-drinkware.com\/wp-content\/uploads\/2022\/11\/125_0.webp",550,550,false],"large":["https:\/\/eco-drinkware.com\/wp-content\/uploads\/2022\/11\/125_0.webp",550,550,false],"1536x1536":["https:\/\/eco-drinkware.com\/wp-content\/uploads\/2022\/11\/125_0.webp",550,550,false],"2048x2048":["https:\/\/eco-drinkware.com\/wp-content\/uploads\/2022\/11\/125_0.webp",550,550,false],"trp-custom-language-flag":["https:\/\/eco-drinkware.com\/wp-content\/uploads\/2022\/11\/125_0.webp",12,12,false],"woocommerce_thumbnail":["https:\/\/eco-drinkware.com\/wp-content\/uploads\/2022\/11\/125_0-300x300.webp",300,300,true],"woocommerce_single":["https:\/\/eco-drinkware.com\/wp-content\/uploads\/2022\/11\/125_0.webp",550,550,false],"woocommerce_gallery_thumbnail":["https:\/\/eco-drinkware.com\/wp-content\/uploads\/2022\/11\/125_0-100x100.webp",100,100,true]},"uagb_author_info":{"display_name":"Amy","author_link":"https:\/\/eco-drinkware.com\/es\/author\/"},"uagb_comment_info":0,"uagb_excerpt":"Triple wall insulated bamboo water bottle ,keeps water hot for 12 hours and cold for 24 hours . Custom color and logo welcome , we are profession on ODM and OEM work. Just send us your requirements ,will send you design back . OEM your bamboo bottle with us","_links":{"self":[{"href":"https:\/\/eco-drinkware.com\/es\/wp-json\/wp\/v2\/product\/371","targetHints":{"allow":["GET"]}}],"collection":[{"href":"https:\/\/eco-drinkware.com\/es\/wp-json\/wp\/v2\/product"}],"about":[{"href":"https:\/\/eco-drinkware.com\/es\/wp-json\/wp\/v2\/types\/product"}],"wp:featuredmedia":[{"embeddable":true,"href":"https:\/\/eco-drinkware.com\/es\/wp-json\/wp\/v2\/media\/731"}],"wp:attachment":[{"href":"https:\/\/eco-drinkware.com\/es\/wp-json\/wp\/v2\/media?parent=371"}],"wp:term":[{"taxonomy":"product_brand","embeddable":true,"href":"https:\/\/eco-drinkware.com\/es\/wp-json\/wp\/v2\/product_brand?post=371"},{"taxonomy":"product_cat","embeddable":true,"href":"https:\/\/eco-drinkware.com\/es\/wp-json\/wp\/v2\/product_cat?post=371"},{"taxonomy":"product_tag","embeddable":true,"href":"https:\/\/eco-drinkware.com\/es\/wp-json\/wp\/v2\/product_tag?post=371"}],"curies":[{"name":"wp","href":"https:\/\/api.w.org\/{rel}","templated":true}]}}