{"id":487,"date":"2022-11-03T14:50:48","date_gmt":"2022-11-03T14:50:48","guid":{"rendered":"https:\/\/eco-drinkware.com\/?post_type=product&#038;p=487"},"modified":"2022-11-04T03:49:24","modified_gmt":"2022-11-04T03:49:24","slug":"117-acero-inoxidable-camping-cafe-termo-taza-de-te-con-tapa-117","status":"publish","type":"product","link":"https:\/\/eco-drinkware.com\/es\/product\/117-acero-inoxidable-camping-cafe-termo-taza-de-te-con-tapa-117\/","title":{"rendered":"Taza termo de acero inoxidable para caf\u00e9 y t\u00e9 de camping con tapa"},"content":{"rendered":"<p><strong>Taza de caf\u00e9 aislante al vac\u00edo:\u00a0<\/strong>La taza de caf\u00e9 tiene doble pared de acero inoxidable. El dise\u00f1o aislante mantiene la bebida caliente o fr\u00eda durante mucho tiempo en la taza de caf\u00e9 de acero inoxidable. Disfrute de bebidas calientes o fr\u00edas y proteja sus manos.<br><br><strong>Taza de caf\u00e9 con tapa deslizante sin BPA:<\/strong>La tapa deslizante es de pl\u00e1stico sin BPA y tiene una junta de goma. Se abre y cierra f\u00e1cilmente, manteniendo la seguridad de las bebidas en la taza de caf\u00e9. La tapa deslizante es muy respetuosa con el medio ambiente y muy herm\u00e9tica. En la parte superior hay un orificio para beber en el que se puede colocar una pajita.<br><br><strong>Taza de caf\u00e9 de acero inoxidable:\u00a0<\/strong>La taza de caf\u00e9 est\u00e1 fabricada en acero inoxidable 304 apto para uso alimentario, con un acabado de revestimiento en polvo resistente que dura mucho tiempo. F\u00e1cil de limpiar.<br><br><strong>Taza de caf\u00e9 de 12oz 14oz:<\/strong>la taza de caf\u00e9 de acero inoxidable es con asa, f\u00e1cil de llevar para acampar, viajar.<\/p>\n\n\n\n<figure class=\"wp-block-image size-full\"><img loading=\"lazy\" decoding=\"async\" width=\"1000\" height=\"1000\" src=\"https:\/\/eco-drinkware.com\/wp-content\/uploads\/2022\/11\/117_0.webp\" alt=\"\" class=\"wp-image-783\" srcset=\"https:\/\/eco-drinkware.com\/wp-content\/uploads\/2022\/11\/117_0.webp 1000w, https:\/\/eco-drinkware.com\/wp-content\/uploads\/2022\/11\/117_0-300x300.webp 300w, https:\/\/eco-drinkware.com\/wp-content\/uploads\/2022\/11\/117_0-150x150.webp 150w, https:\/\/eco-drinkware.com\/wp-content\/uploads\/2022\/11\/117_0-768x768.webp 768w, https:\/\/eco-drinkware.com\/wp-content\/uploads\/2022\/11\/117_0-600x600.webp 600w, https:\/\/eco-drinkware.com\/wp-content\/uploads\/2022\/11\/117_0-100x100.webp 100w\" sizes=\"auto, (max-width: 1000px) 100vw, 1000px\" \/><\/figure>\n\n\n\n<figure class=\"wp-block-image size-full\"><img loading=\"lazy\" decoding=\"async\" width=\"1000\" height=\"1000\" src=\"https:\/\/eco-drinkware.com\/wp-content\/uploads\/2022\/11\/2021-05-28-16-42-541.webp\" alt=\"\" class=\"wp-image-781\" srcset=\"https:\/\/eco-drinkware.com\/wp-content\/uploads\/2022\/11\/2021-05-28-16-42-541.webp 1000w, https:\/\/eco-drinkware.com\/wp-content\/uploads\/2022\/11\/2021-05-28-16-42-541-300x300.webp 300w, https:\/\/eco-drinkware.com\/wp-content\/uploads\/2022\/11\/2021-05-28-16-42-541-150x150.webp 150w, https:\/\/eco-drinkware.com\/wp-content\/uploads\/2022\/11\/2021-05-28-16-42-541-768x768.webp 768w, https:\/\/eco-drinkware.com\/wp-content\/uploads\/2022\/11\/2021-05-28-16-42-541-600x600.webp 600w, https:\/\/eco-drinkware.com\/wp-content\/uploads\/2022\/11\/2021-05-28-16-42-541-100x100.webp 100w\" sizes=\"auto, (max-width: 1000px) 100vw, 1000px\" \/><\/figure>\n\n\n\n<figure class=\"wp-block-image size-full\"><img loading=\"lazy\" decoding=\"async\" width=\"1000\" height=\"1000\" src=\"https:\/\/eco-drinkware.com\/wp-content\/uploads\/2022\/11\/2021-05-28-16-43-178.webp\" alt=\"\" class=\"wp-image-782\" srcset=\"https:\/\/eco-drinkware.com\/wp-content\/uploads\/2022\/11\/2021-05-28-16-43-178.webp 1000w, https:\/\/eco-drinkware.com\/wp-content\/uploads\/2022\/11\/2021-05-28-16-43-178-300x300.webp 300w, https:\/\/eco-drinkware.com\/wp-content\/uploads\/2022\/11\/2021-05-28-16-43-178-150x150.webp 150w, https:\/\/eco-drinkware.com\/wp-content\/uploads\/2022\/11\/2021-05-28-16-43-178-768x768.webp 768w, https:\/\/eco-drinkware.com\/wp-content\/uploads\/2022\/11\/2021-05-28-16-43-178-600x600.webp 600w, https:\/\/eco-drinkware.com\/wp-content\/uploads\/2022\/11\/2021-05-28-16-43-178-100x100.webp 100w\" sizes=\"auto, (max-width: 1000px) 100vw, 1000px\" \/><\/figure>","protected":false},"excerpt":{"rendered":"<p>Capacidad: 12oz, 14oz. Aislado al vac\u00edo. Doble pared de acero inoxidable. Material de calidad alimentaria. Con tapa deslizante y asa.<\/p>","protected":false},"featured_media":783,"template":"","meta":{"_acf_changed":false,"_seopress_robots_primary_cat":"","_seopress_titles_title":"","_seopress_titles_desc":"","_seopress_robots_index":"","_uag_custom_page_level_css":""},"product_brand":[],"product_cat":[15],"product_tag":[],"class_list":{"0":"post-487","1":"product","2":"type-product","3":"status-publish","4":"has-post-thumbnail","6":"product_cat-drinkware-accessories","8":"first","9":"instock","10":"shipping-taxable","11":"product-type-simple"},"acf":[],"uagb_featured_image_src":{"full":["https:\/\/eco-drinkware.com\/wp-content\/uploads\/2022\/11\/117_0.webp",1000,1000,false],"thumbnail":["https:\/\/eco-drinkware.com\/wp-content\/uploads\/2022\/11\/117_0-150x150.webp",150,150,true],"medium":["https:\/\/eco-drinkware.com\/wp-content\/uploads\/2022\/11\/117_0-300x300.webp",300,300,true],"medium_large":["https:\/\/eco-drinkware.com\/wp-content\/uploads\/2022\/11\/117_0-768x768.webp",768,768,true],"large":["https:\/\/eco-drinkware.com\/wp-content\/uploads\/2022\/11\/117_0.webp",1000,1000,false],"1536x1536":["https:\/\/eco-drinkware.com\/wp-content\/uploads\/2022\/11\/117_0.webp",1000,1000,false],"2048x2048":["https:\/\/eco-drinkware.com\/wp-content\/uploads\/2022\/11\/117_0.webp",1000,1000,false],"trp-custom-language-flag":["https:\/\/eco-drinkware.com\/wp-content\/uploads\/2022\/11\/117_0.webp",12,12,false],"woocommerce_thumbnail":["https:\/\/eco-drinkware.com\/wp-content\/uploads\/2022\/11\/117_0-300x300.webp",300,300,true],"woocommerce_single":["https:\/\/eco-drinkware.com\/wp-content\/uploads\/2022\/11\/117_0-600x600.webp",600,600,true],"woocommerce_gallery_thumbnail":["https:\/\/eco-drinkware.com\/wp-content\/uploads\/2022\/11\/117_0-100x100.webp",100,100,true]},"uagb_author_info":{"display_name":"Amy","author_link":"https:\/\/eco-drinkware.com\/es\/author\/"},"uagb_comment_info":0,"uagb_excerpt":"Capacity: 12oz, 14oz. Vacuum Insulated. Double wall stainless steel. Food grade material. With sliding lid and handle.","_links":{"self":[{"href":"https:\/\/eco-drinkware.com\/es\/wp-json\/wp\/v2\/product\/487","targetHints":{"allow":["GET"]}}],"collection":[{"href":"https:\/\/eco-drinkware.com\/es\/wp-json\/wp\/v2\/product"}],"about":[{"href":"https:\/\/eco-drinkware.com\/es\/wp-json\/wp\/v2\/types\/product"}],"wp:featuredmedia":[{"embeddable":true,"href":"https:\/\/eco-drinkware.com\/es\/wp-json\/wp\/v2\/media\/783"}],"wp:attachment":[{"href":"https:\/\/eco-drinkware.com\/es\/wp-json\/wp\/v2\/media?parent=487"}],"wp:term":[{"taxonomy":"product_brand","embeddable":true,"href":"https:\/\/eco-drinkware.com\/es\/wp-json\/wp\/v2\/product_brand?post=487"},{"taxonomy":"product_cat","embeddable":true,"href":"https:\/\/eco-drinkware.com\/es\/wp-json\/wp\/v2\/product_cat?post=487"},{"taxonomy":"product_tag","embeddable":true,"href":"https:\/\/eco-drinkware.com\/es\/wp-json\/wp\/v2\/product_tag?post=487"}],"curies":[{"name":"wp","href":"https:\/\/api.w.org\/{rel}","templated":true}]}}