{"id":489,"date":"2022-11-03T14:51:10","date_gmt":"2022-11-03T14:51:10","guid":{"rendered":"https:\/\/eco-drinkware.com\/?post_type=product&#038;p=489"},"modified":"2022-11-04T03:52:37","modified_gmt":"2022-11-04T03:52:37","slug":"116-mejor-molinillo-de-cafe-manual-116","status":"publish","type":"product","link":"https:\/\/eco-drinkware.com\/es\/product\/116-mejor-molinillo-de-cafe-manual-116\/","title":{"rendered":"El mejor molinillo de caf\u00e9 manual con fresas"},"content":{"rendered":"<p>Este molinillo de caf\u00e9 manual con 6 ajustes de grosor externo Adustable molienda Mechansim.<br>Molinillo de caf\u00e9 con fresas cer\u00e1micas de precisi\u00f3n.<br>Tama\u00f1o del molinillo: 128x55x195mm\/1 taza, 360g<br>Hecho de material de calidad alimentaria: Cuerpo y tapa de acero inoxidable 18\/8, Mango de aluminio, Pomo de madera de haya, N\u00facleo del molinillo de cer\u00e1mica, Botella de cristal<\/p>\n\n\n\n<figure class=\"wp-block-image size-full\"><img loading=\"lazy\" decoding=\"async\" width=\"750\" height=\"750\" src=\"https:\/\/eco-drinkware.com\/wp-content\/uploads\/2022\/11\/116_2.webp\" alt=\"\" class=\"wp-image-791\" srcset=\"https:\/\/eco-drinkware.com\/wp-content\/uploads\/2022\/11\/116_2.webp 750w, https:\/\/eco-drinkware.com\/wp-content\/uploads\/2022\/11\/116_2-300x300.webp 300w, https:\/\/eco-drinkware.com\/wp-content\/uploads\/2022\/11\/116_2-150x150.webp 150w, https:\/\/eco-drinkware.com\/wp-content\/uploads\/2022\/11\/116_2-600x600.webp 600w, https:\/\/eco-drinkware.com\/wp-content\/uploads\/2022\/11\/116_2-100x100.webp 100w\" sizes=\"auto, (max-width: 750px) 100vw, 750px\" \/><\/figure>\n\n\n\n<figure class=\"wp-block-image size-full\"><img loading=\"lazy\" decoding=\"async\" width=\"750\" height=\"750\" src=\"https:\/\/eco-drinkware.com\/wp-content\/uploads\/2022\/11\/2021-04-21-15-18-310.webp\" alt=\"\" class=\"wp-image-793\" srcset=\"https:\/\/eco-drinkware.com\/wp-content\/uploads\/2022\/11\/2021-04-21-15-18-310.webp 750w, https:\/\/eco-drinkware.com\/wp-content\/uploads\/2022\/11\/2021-04-21-15-18-310-300x300.webp 300w, https:\/\/eco-drinkware.com\/wp-content\/uploads\/2022\/11\/2021-04-21-15-18-310-150x150.webp 150w, https:\/\/eco-drinkware.com\/wp-content\/uploads\/2022\/11\/2021-04-21-15-18-310-600x600.webp 600w, https:\/\/eco-drinkware.com\/wp-content\/uploads\/2022\/11\/2021-04-21-15-18-310-100x100.webp 100w\" sizes=\"auto, (max-width: 750px) 100vw, 750px\" \/><\/figure>\n\n\n\n<figure class=\"wp-block-image size-full\"><img loading=\"lazy\" decoding=\"async\" width=\"750\" height=\"750\" src=\"https:\/\/eco-drinkware.com\/wp-content\/uploads\/2022\/11\/2021-04-21-15-41-352.webp\" alt=\"\" class=\"wp-image-794\" srcset=\"https:\/\/eco-drinkware.com\/wp-content\/uploads\/2022\/11\/2021-04-21-15-41-352.webp 750w, https:\/\/eco-drinkware.com\/wp-content\/uploads\/2022\/11\/2021-04-21-15-41-352-300x300.webp 300w, https:\/\/eco-drinkware.com\/wp-content\/uploads\/2022\/11\/2021-04-21-15-41-352-150x150.webp 150w, https:\/\/eco-drinkware.com\/wp-content\/uploads\/2022\/11\/2021-04-21-15-41-352-600x600.webp 600w, https:\/\/eco-drinkware.com\/wp-content\/uploads\/2022\/11\/2021-04-21-15-41-352-100x100.webp 100w\" sizes=\"auto, (max-width: 750px) 100vw, 750px\" \/><\/figure>\n\n\n\n<figure class=\"wp-block-image size-full\"><img loading=\"lazy\" decoding=\"async\" width=\"750\" height=\"750\" src=\"https:\/\/eco-drinkware.com\/wp-content\/uploads\/2022\/11\/2021-04-21-15-42-301.webp\" alt=\"\" class=\"wp-image-788\" srcset=\"https:\/\/eco-drinkware.com\/wp-content\/uploads\/2022\/11\/2021-04-21-15-42-301.webp 750w, https:\/\/eco-drinkware.com\/wp-content\/uploads\/2022\/11\/2021-04-21-15-42-301-300x300.webp 300w, https:\/\/eco-drinkware.com\/wp-content\/uploads\/2022\/11\/2021-04-21-15-42-301-150x150.webp 150w, https:\/\/eco-drinkware.com\/wp-content\/uploads\/2022\/11\/2021-04-21-15-42-301-600x600.webp 600w, https:\/\/eco-drinkware.com\/wp-content\/uploads\/2022\/11\/2021-04-21-15-42-301-100x100.webp 100w\" sizes=\"auto, (max-width: 750px) 100vw, 750px\" \/><\/figure>","protected":false},"excerpt":{"rendered":"<p>Este molinillo de caf\u00e9 manual con 6-ajuste de grosor externo Adustable molienda Mechansim. Con precisi\u00f3n duradera de cer\u00e1mica Burr molinillo de caf\u00e9 Gear<\/p>","protected":false},"featured_media":789,"template":"","meta":{"_acf_changed":false,"_seopress_robots_primary_cat":"","_seopress_titles_title":"","_seopress_titles_desc":"","_seopress_robots_index":"","_uag_custom_page_level_css":""},"product_brand":[],"product_cat":[15],"product_tag":[],"class_list":{"0":"post-489","1":"product","2":"type-product","3":"status-publish","4":"has-post-thumbnail","6":"product_cat-drinkware-accessories","8":"first","9":"instock","10":"shipping-taxable","11":"product-type-simple"},"acf":[],"uagb_featured_image_src":{"full":["https:\/\/eco-drinkware.com\/wp-content\/uploads\/2022\/11\/116_0.webp",750,750,false],"thumbnail":["https:\/\/eco-drinkware.com\/wp-content\/uploads\/2022\/11\/116_0-150x150.webp",150,150,true],"medium":["https:\/\/eco-drinkware.com\/wp-content\/uploads\/2022\/11\/116_0-300x300.webp",300,300,true],"medium_large":["https:\/\/eco-drinkware.com\/wp-content\/uploads\/2022\/11\/116_0.webp",750,750,false],"large":["https:\/\/eco-drinkware.com\/wp-content\/uploads\/2022\/11\/116_0.webp",750,750,false],"1536x1536":["https:\/\/eco-drinkware.com\/wp-content\/uploads\/2022\/11\/116_0.webp",750,750,false],"2048x2048":["https:\/\/eco-drinkware.com\/wp-content\/uploads\/2022\/11\/116_0.webp",750,750,false],"trp-custom-language-flag":["https:\/\/eco-drinkware.com\/wp-content\/uploads\/2022\/11\/116_0.webp",12,12,false],"woocommerce_thumbnail":["https:\/\/eco-drinkware.com\/wp-content\/uploads\/2022\/11\/116_0-300x300.webp",300,300,true],"woocommerce_single":["https:\/\/eco-drinkware.com\/wp-content\/uploads\/2022\/11\/116_0-600x600.webp",600,600,true],"woocommerce_gallery_thumbnail":["https:\/\/eco-drinkware.com\/wp-content\/uploads\/2022\/11\/116_0-100x100.webp",100,100,true]},"uagb_author_info":{"display_name":"Amy","author_link":"https:\/\/eco-drinkware.com\/es\/author\/"},"uagb_comment_info":0,"uagb_excerpt":"This manual coffee grinder with 6-setting External Coarseness Adustable Grinding Mechansim. With Durable Precision Ceramic Burr Coffee Grinder Gear","_links":{"self":[{"href":"https:\/\/eco-drinkware.com\/es\/wp-json\/wp\/v2\/product\/489","targetHints":{"allow":["GET"]}}],"collection":[{"href":"https:\/\/eco-drinkware.com\/es\/wp-json\/wp\/v2\/product"}],"about":[{"href":"https:\/\/eco-drinkware.com\/es\/wp-json\/wp\/v2\/types\/product"}],"wp:featuredmedia":[{"embeddable":true,"href":"https:\/\/eco-drinkware.com\/es\/wp-json\/wp\/v2\/media\/789"}],"wp:attachment":[{"href":"https:\/\/eco-drinkware.com\/es\/wp-json\/wp\/v2\/media?parent=489"}],"wp:term":[{"taxonomy":"product_brand","embeddable":true,"href":"https:\/\/eco-drinkware.com\/es\/wp-json\/wp\/v2\/product_brand?post=489"},{"taxonomy":"product_cat","embeddable":true,"href":"https:\/\/eco-drinkware.com\/es\/wp-json\/wp\/v2\/product_cat?post=489"},{"taxonomy":"product_tag","embeddable":true,"href":"https:\/\/eco-drinkware.com\/es\/wp-json\/wp\/v2\/product_tag?post=489"}],"curies":[{"name":"wp","href":"https:\/\/api.w.org\/{rel}","templated":true}]}}