{"id":493,"date":"2022-11-03T14:51:59","date_gmt":"2022-11-03T14:51:59","guid":{"rendered":"https:\/\/eco-drinkware.com\/?post_type=product&#038;p=493"},"modified":"2022-11-04T03:57:52","modified_gmt":"2022-11-04T03:57:52","slug":"114-taza-de-viaje-de-acero-inoxidable-para-cafe-y-camping-114","status":"publish","type":"product","link":"https:\/\/eco-drinkware.com\/es\/product\/114-taza-de-viaje-de-acero-inoxidable-para-cafe-y-camping-114\/","title":{"rendered":"Taza de viaje de acero inoxidable para caf\u00e9 y camping"},"content":{"rendered":"<p><strong>Dise\u00f1o sencillo:\u00a0<\/strong>La perspectiva de esta taza de caf\u00e9 de acero inoxidable es muy simple, sin tapa.<\/p>\n\n\n\n<p><strong>Estructura de doble pared:\u00a0<\/strong>Esta taza de viaje est\u00e1 aislada, la pared interior es de acero inoxidable 304 y la exterior de acero inoxidable 201.<\/p>\n\n\n\n<p><strong>Personalizaci\u00f3n:\u00a0<\/strong>Esta taza de caf\u00e9 es f\u00e1cil de hacer logotipo, la pintura y el paquete personalizado.<\/p>\n\n\n\n<p>Esta taza de caf\u00e9 de acero inoxidable es muy conveniente para llevar a cabo, participar en actividades al aire libre - Viajes, camping y as\u00ed sucesivamente. Tambi\u00e9n se puede utilizar como taza de t\u00e9.<\/p>\n\n\n\n<figure class=\"wp-block-image size-full\"><img loading=\"lazy\" decoding=\"async\" width=\"1000\" height=\"1000\" src=\"https:\/\/eco-drinkware.com\/wp-content\/uploads\/2022\/11\/114_0.webp\" alt=\"\" class=\"wp-image-806\" srcset=\"https:\/\/eco-drinkware.com\/wp-content\/uploads\/2022\/11\/114_0.webp 1000w, https:\/\/eco-drinkware.com\/wp-content\/uploads\/2022\/11\/114_0-300x300.webp 300w, https:\/\/eco-drinkware.com\/wp-content\/uploads\/2022\/11\/114_0-150x150.webp 150w, https:\/\/eco-drinkware.com\/wp-content\/uploads\/2022\/11\/114_0-768x768.webp 768w, https:\/\/eco-drinkware.com\/wp-content\/uploads\/2022\/11\/114_0-600x600.webp 600w, https:\/\/eco-drinkware.com\/wp-content\/uploads\/2022\/11\/114_0-100x100.webp 100w\" sizes=\"auto, (max-width: 1000px) 100vw, 1000px\" \/><\/figure>\n\n\n\n<figure class=\"wp-block-image size-full\"><img loading=\"lazy\" decoding=\"async\" width=\"1000\" height=\"1000\" src=\"https:\/\/eco-drinkware.com\/wp-content\/uploads\/2022\/11\/114_1.webp\" alt=\"\" class=\"wp-image-807\" srcset=\"https:\/\/eco-drinkware.com\/wp-content\/uploads\/2022\/11\/114_1.webp 1000w, https:\/\/eco-drinkware.com\/wp-content\/uploads\/2022\/11\/114_1-300x300.webp 300w, https:\/\/eco-drinkware.com\/wp-content\/uploads\/2022\/11\/114_1-150x150.webp 150w, https:\/\/eco-drinkware.com\/wp-content\/uploads\/2022\/11\/114_1-768x768.webp 768w, https:\/\/eco-drinkware.com\/wp-content\/uploads\/2022\/11\/114_1-600x600.webp 600w, https:\/\/eco-drinkware.com\/wp-content\/uploads\/2022\/11\/114_1-100x100.webp 100w\" sizes=\"auto, (max-width: 1000px) 100vw, 1000px\" \/><\/figure>\n\n\n\n<figure class=\"wp-block-image size-full\"><img loading=\"lazy\" decoding=\"async\" width=\"1000\" height=\"1000\" src=\"https:\/\/eco-drinkware.com\/wp-content\/uploads\/2022\/11\/114_3.webp\" alt=\"\" class=\"wp-image-809\" srcset=\"https:\/\/eco-drinkware.com\/wp-content\/uploads\/2022\/11\/114_3.webp 1000w, https:\/\/eco-drinkware.com\/wp-content\/uploads\/2022\/11\/114_3-300x300.webp 300w, https:\/\/eco-drinkware.com\/wp-content\/uploads\/2022\/11\/114_3-150x150.webp 150w, https:\/\/eco-drinkware.com\/wp-content\/uploads\/2022\/11\/114_3-768x768.webp 768w, https:\/\/eco-drinkware.com\/wp-content\/uploads\/2022\/11\/114_3-600x600.webp 600w, https:\/\/eco-drinkware.com\/wp-content\/uploads\/2022\/11\/114_3-100x100.webp 100w\" sizes=\"auto, (max-width: 1000px) 100vw, 1000px\" \/><\/figure>","protected":false},"excerpt":{"rendered":"<p>Esta taza de caf\u00e9 de acero inoxidable es muy conveniente para llevar a cabo, participar en actividades al aire libre - Viajes, camping y as\u00ed sucesivamente. Tambi\u00e9n se puede utilizar como taza de t\u00e9.<\/p>","protected":false},"featured_media":806,"template":"","meta":{"_acf_changed":false,"_seopress_robots_primary_cat":"","_seopress_titles_title":"","_seopress_titles_desc":"","_seopress_robots_index":"","_uag_custom_page_level_css":""},"product_brand":[],"product_cat":[15],"product_tag":[],"class_list":{"0":"post-493","1":"product","2":"type-product","3":"status-publish","4":"has-post-thumbnail","6":"product_cat-drinkware-accessories","8":"first","9":"instock","10":"shipping-taxable","11":"product-type-simple"},"acf":[],"uagb_featured_image_src":{"full":["https:\/\/eco-drinkware.com\/wp-content\/uploads\/2022\/11\/114_0.webp",1000,1000,false],"thumbnail":["https:\/\/eco-drinkware.com\/wp-content\/uploads\/2022\/11\/114_0-150x150.webp",150,150,true],"medium":["https:\/\/eco-drinkware.com\/wp-content\/uploads\/2022\/11\/114_0-300x300.webp",300,300,true],"medium_large":["https:\/\/eco-drinkware.com\/wp-content\/uploads\/2022\/11\/114_0-768x768.webp",768,768,true],"large":["https:\/\/eco-drinkware.com\/wp-content\/uploads\/2022\/11\/114_0.webp",1000,1000,false],"1536x1536":["https:\/\/eco-drinkware.com\/wp-content\/uploads\/2022\/11\/114_0.webp",1000,1000,false],"2048x2048":["https:\/\/eco-drinkware.com\/wp-content\/uploads\/2022\/11\/114_0.webp",1000,1000,false],"trp-custom-language-flag":["https:\/\/eco-drinkware.com\/wp-content\/uploads\/2022\/11\/114_0.webp",12,12,false],"woocommerce_thumbnail":["https:\/\/eco-drinkware.com\/wp-content\/uploads\/2022\/11\/114_0-300x300.webp",300,300,true],"woocommerce_single":["https:\/\/eco-drinkware.com\/wp-content\/uploads\/2022\/11\/114_0-600x600.webp",600,600,true],"woocommerce_gallery_thumbnail":["https:\/\/eco-drinkware.com\/wp-content\/uploads\/2022\/11\/114_0-100x100.webp",100,100,true]},"uagb_author_info":{"display_name":"Amy","author_link":"https:\/\/eco-drinkware.com\/es\/author\/"},"uagb_comment_info":0,"uagb_excerpt":"This stainless steel coffee mug is very convenient to take out, join in outdoor activities -- Traveling, camping and so on. Also can be used as tea mug.","_links":{"self":[{"href":"https:\/\/eco-drinkware.com\/es\/wp-json\/wp\/v2\/product\/493","targetHints":{"allow":["GET"]}}],"collection":[{"href":"https:\/\/eco-drinkware.com\/es\/wp-json\/wp\/v2\/product"}],"about":[{"href":"https:\/\/eco-drinkware.com\/es\/wp-json\/wp\/v2\/types\/product"}],"wp:featuredmedia":[{"embeddable":true,"href":"https:\/\/eco-drinkware.com\/es\/wp-json\/wp\/v2\/media\/806"}],"wp:attachment":[{"href":"https:\/\/eco-drinkware.com\/es\/wp-json\/wp\/v2\/media?parent=493"}],"wp:term":[{"taxonomy":"product_brand","embeddable":true,"href":"https:\/\/eco-drinkware.com\/es\/wp-json\/wp\/v2\/product_brand?post=493"},{"taxonomy":"product_cat","embeddable":true,"href":"https:\/\/eco-drinkware.com\/es\/wp-json\/wp\/v2\/product_cat?post=493"},{"taxonomy":"product_tag","embeddable":true,"href":"https:\/\/eco-drinkware.com\/es\/wp-json\/wp\/v2\/product_tag?post=493"}],"curies":[{"name":"wp","href":"https:\/\/api.w.org\/{rel}","templated":true}]}}