{"id":501,"date":"2022-11-03T15:47:12","date_gmt":"2022-11-03T07:47:12","guid":{"rendered":"https:\/\/eco-drinkware.com\/?post_type=product&#038;p=501"},"modified":"2022-12-02T17:52:54","modified_gmt":"2022-12-02T09:52:54","slug":"111-botella-de-agua-de-vidrio-de-borosilicato-de-550-ml-de-pared-simple-para-vino-111","status":"publish","type":"product","link":"https:\/\/eco-drinkware.com\/es\/product\/111-botella-de-agua-de-vidrio-de-borosilicato-de-550-ml-de-pared-simple-para-vino-111\/","title":{"rendered":"Botella de vidrio de borosilicato para vino de pared simple de 550 ml"},"content":{"rendered":"<p><strong>Vidrio de alto borosilicato:\u00a0<\/strong>Esta botella de agua de vidrio de borosilicato para vino de pared simple de 500 ml est\u00e1 hecha de vidrio de borosilicato de alta calidad, que es el material de vidrio m\u00e1s respetuoso con el medio ambiente. No hay olor despu\u00e9s de beber caf\u00e9, t\u00e9 u otros.<\/p>\n\n\n\n<p><strong>Funda de silicona:\u00a0<\/strong>Agua caliente y agua fr\u00eda en la botella de agua de cristal, con funda de silicona para aislar. \u00a1Diferentes colores son bienvenidos!<\/p>\n\n\n\n<p><strong>Pajita de cristal:<\/strong>La paja tambi\u00e9n es de vidrio, tambi\u00e9n aceptamos paja de pl\u00e1stico y de bamb\u00fa.<strong><br>Tapa de bamb\u00fa:<\/strong>La tapa de la botella de vidrio para beber est\u00e1 hecha de bamb\u00fa natural, con anillo de silicona para hacerla impermeable.<\/p>\n\n\n\n<figure class=\"wp-block-image size-full\"><img loading=\"lazy\" decoding=\"async\" width=\"750\" height=\"750\" src=\"https:\/\/eco-drinkware.com\/wp-content\/uploads\/2022\/11\/111_0.webp\" alt=\"\" class=\"wp-image-821\" srcset=\"https:\/\/eco-drinkware.com\/wp-content\/uploads\/2022\/11\/111_0.webp 750w, https:\/\/eco-drinkware.com\/wp-content\/uploads\/2022\/11\/111_0-300x300.webp 300w, https:\/\/eco-drinkware.com\/wp-content\/uploads\/2022\/11\/111_0-150x150.webp 150w, https:\/\/eco-drinkware.com\/wp-content\/uploads\/2022\/11\/111_0-600x600.webp 600w, https:\/\/eco-drinkware.com\/wp-content\/uploads\/2022\/11\/111_0-100x100.webp 100w\" sizes=\"auto, (max-width: 750px) 100vw, 750px\" \/><\/figure>\n\n\n\n<figure class=\"wp-block-image size-full\"><img loading=\"lazy\" decoding=\"async\" width=\"1000\" height=\"1000\" src=\"https:\/\/eco-drinkware.com\/wp-content\/uploads\/2022\/11\/111_1.webp\" alt=\"\" class=\"wp-image-822\" srcset=\"https:\/\/eco-drinkware.com\/wp-content\/uploads\/2022\/11\/111_1.webp 1000w, https:\/\/eco-drinkware.com\/wp-content\/uploads\/2022\/11\/111_1-300x300.webp 300w, https:\/\/eco-drinkware.com\/wp-content\/uploads\/2022\/11\/111_1-150x150.webp 150w, https:\/\/eco-drinkware.com\/wp-content\/uploads\/2022\/11\/111_1-768x768.webp 768w, https:\/\/eco-drinkware.com\/wp-content\/uploads\/2022\/11\/111_1-600x600.webp 600w, https:\/\/eco-drinkware.com\/wp-content\/uploads\/2022\/11\/111_1-100x100.webp 100w\" sizes=\"auto, (max-width: 1000px) 100vw, 1000px\" \/><\/figure>\n\n\n\n<figure class=\"wp-block-image size-full\"><img loading=\"lazy\" decoding=\"async\" width=\"1000\" height=\"1000\" src=\"https:\/\/eco-drinkware.com\/wp-content\/uploads\/2022\/11\/111_3.webp\" alt=\"\" class=\"wp-image-824\" srcset=\"https:\/\/eco-drinkware.com\/wp-content\/uploads\/2022\/11\/111_3.webp 1000w, https:\/\/eco-drinkware.com\/wp-content\/uploads\/2022\/11\/111_3-300x300.webp 300w, https:\/\/eco-drinkware.com\/wp-content\/uploads\/2022\/11\/111_3-150x150.webp 150w, https:\/\/eco-drinkware.com\/wp-content\/uploads\/2022\/11\/111_3-768x768.webp 768w, https:\/\/eco-drinkware.com\/wp-content\/uploads\/2022\/11\/111_3-600x600.webp 600w, https:\/\/eco-drinkware.com\/wp-content\/uploads\/2022\/11\/111_3-100x100.webp 100w\" sizes=\"auto, (max-width: 1000px) 100vw, 1000px\" \/><\/figure>","protected":false},"excerpt":{"rendered":"<p>Botella de agua de vidrio respetuosa con el medio ambiente, con un aspecto bastante agradable, la capacidad es de 550ml. \u00a1Mangas de diferentes colores son bienvenidos!<\/p>","protected":false},"featured_media":821,"template":"","meta":{"_acf_changed":false,"_seopress_robots_primary_cat":"","_seopress_titles_title":"","_seopress_titles_desc":"","_seopress_robots_index":"","_uag_custom_page_level_css":""},"product_brand":[],"product_cat":[34,21,43,42,25,22,35],"product_tag":[],"class_list":{"0":"post-501","1":"product","2":"type-product","3":"status-publish","4":"has-post-thumbnail","6":"product_cat-bamboo-tumbler","7":"product_cat-bamboo-water-bottle","8":"product_cat-glass-mugs","9":"product_cat-glass-tumbler","10":"product_cat-glass-tumbler-mugs","11":"product_cat-glass-water-bottle","12":"product_cat-single-wall-gass-bottle","14":"first","15":"instock","16":"shipping-taxable","17":"product-type-simple"},"acf":[],"uagb_featured_image_src":{"full":["https:\/\/eco-drinkware.com\/wp-content\/uploads\/2022\/11\/111_0.webp",750,750,false],"thumbnail":["https:\/\/eco-drinkware.com\/wp-content\/uploads\/2022\/11\/111_0-150x150.webp",150,150,true],"medium":["https:\/\/eco-drinkware.com\/wp-content\/uploads\/2022\/11\/111_0-300x300.webp",300,300,true],"medium_large":["https:\/\/eco-drinkware.com\/wp-content\/uploads\/2022\/11\/111_0.webp",750,750,false],"large":["https:\/\/eco-drinkware.com\/wp-content\/uploads\/2022\/11\/111_0.webp",750,750,false],"1536x1536":["https:\/\/eco-drinkware.com\/wp-content\/uploads\/2022\/11\/111_0.webp",750,750,false],"2048x2048":["https:\/\/eco-drinkware.com\/wp-content\/uploads\/2022\/11\/111_0.webp",750,750,false],"trp-custom-language-flag":["https:\/\/eco-drinkware.com\/wp-content\/uploads\/2022\/11\/111_0.webp",12,12,false],"woocommerce_thumbnail":["https:\/\/eco-drinkware.com\/wp-content\/uploads\/2022\/11\/111_0-300x300.webp",300,300,true],"woocommerce_single":["https:\/\/eco-drinkware.com\/wp-content\/uploads\/2022\/11\/111_0-600x600.webp",600,600,true],"woocommerce_gallery_thumbnail":["https:\/\/eco-drinkware.com\/wp-content\/uploads\/2022\/11\/111_0-100x100.webp",100,100,true]},"uagb_author_info":{"display_name":"Amy","author_link":"https:\/\/eco-drinkware.com\/es\/author\/"},"uagb_comment_info":0,"uagb_excerpt":"Eco friendly glass water bottle, with pretty nice look, capacity is 550ml. Different color sleeves are welcome!","_links":{"self":[{"href":"https:\/\/eco-drinkware.com\/es\/wp-json\/wp\/v2\/product\/501","targetHints":{"allow":["GET"]}}],"collection":[{"href":"https:\/\/eco-drinkware.com\/es\/wp-json\/wp\/v2\/product"}],"about":[{"href":"https:\/\/eco-drinkware.com\/es\/wp-json\/wp\/v2\/types\/product"}],"wp:featuredmedia":[{"embeddable":true,"href":"https:\/\/eco-drinkware.com\/es\/wp-json\/wp\/v2\/media\/821"}],"wp:attachment":[{"href":"https:\/\/eco-drinkware.com\/es\/wp-json\/wp\/v2\/media?parent=501"}],"wp:term":[{"taxonomy":"product_brand","embeddable":true,"href":"https:\/\/eco-drinkware.com\/es\/wp-json\/wp\/v2\/product_brand?post=501"},{"taxonomy":"product_cat","embeddable":true,"href":"https:\/\/eco-drinkware.com\/es\/wp-json\/wp\/v2\/product_cat?post=501"},{"taxonomy":"product_tag","embeddable":true,"href":"https:\/\/eco-drinkware.com\/es\/wp-json\/wp\/v2\/product_tag?post=501"}],"curies":[{"name":"wp","href":"https:\/\/api.w.org\/{rel}","templated":true}]}}