{"id":502,"date":"2022-11-03T15:47:41","date_gmt":"2022-11-03T15:47:41","guid":{"rendered":"https:\/\/eco-drinkware.com\/?post_type=product&#038;p=502"},"modified":"2022-11-04T08:35:02","modified_gmt":"2022-11-04T08:35:02","slug":"110-botella-de-agua-de-500-ml-de-acero-inoxidable-con-aislamiento-al-vacio-110","status":"publish","type":"product","link":"https:\/\/eco-drinkware.com\/es\/product\/110-botella-de-agua-de-500-ml-de-acero-inoxidable-con-aislamiento-al-vacio-110\/","title":{"rendered":"Botella de agua de 500 ml de acero inoxidable aislada al vac\u00edo"},"content":{"rendered":"<h3 class=\"wp-block-heading\">Botella de agua de acero inoxidable Caracter\u00edsticas<br><\/h3>\n\n\n\n<p>1) Capacidad: 500 ml<br>2) Material: Acero inoxidable 304 para la pared interior, acero inoxidable 201 para la pared exterior, con nuevos pp y anillo de silicona en la tapa.<br>3) Aislamiento al vac\u00edo: la botella de agua de acero inoxidable puede mantener el agua caliente durante m\u00e1s de 12 horas, fr\u00eda durante 24 horas. Con boca peque\u00f1a, por lo que puede mantener la temperatura durante mucho tiempo.<br>4) Pintura en color: Pintura de color pantone personalizado es bienvenido. Acabado de goma para esta botella de agua de acero inoxidable es m\u00e1s popular, acabado se siente suave y suave.<br><\/p>\n\n\n\n<h3 class=\"wp-block-heading\">Fotos de botellas de agua de acero inoxidable<\/h3>\n\n\n\n<figure class=\"wp-block-image size-full\"><img loading=\"lazy\" decoding=\"async\" width=\"919\" height=\"909\" src=\"https:\/\/eco-drinkware.com\/wp-content\/uploads\/2022\/11\/110_0.webp\" alt=\"\" class=\"wp-image-827\" srcset=\"https:\/\/eco-drinkware.com\/wp-content\/uploads\/2022\/11\/110_0.webp 919w, https:\/\/eco-drinkware.com\/wp-content\/uploads\/2022\/11\/110_0-300x297.webp 300w, https:\/\/eco-drinkware.com\/wp-content\/uploads\/2022\/11\/110_0-150x148.webp 150w, https:\/\/eco-drinkware.com\/wp-content\/uploads\/2022\/11\/110_0-768x760.webp 768w, https:\/\/eco-drinkware.com\/wp-content\/uploads\/2022\/11\/110_0-600x593.webp 600w, https:\/\/eco-drinkware.com\/wp-content\/uploads\/2022\/11\/110_0-100x100.webp 100w\" sizes=\"auto, (max-width: 919px) 100vw, 919px\" \/><\/figure>\n\n\n\n<figure class=\"wp-block-image size-full\"><img loading=\"lazy\" decoding=\"async\" width=\"1000\" height=\"1000\" src=\"https:\/\/eco-drinkware.com\/wp-content\/uploads\/2022\/11\/2021-08-10-15-00-020.webp\" alt=\"\" class=\"wp-image-826\" srcset=\"https:\/\/eco-drinkware.com\/wp-content\/uploads\/2022\/11\/2021-08-10-15-00-020.webp 1000w, https:\/\/eco-drinkware.com\/wp-content\/uploads\/2022\/11\/2021-08-10-15-00-020-300x300.webp 300w, https:\/\/eco-drinkware.com\/wp-content\/uploads\/2022\/11\/2021-08-10-15-00-020-150x150.webp 150w, https:\/\/eco-drinkware.com\/wp-content\/uploads\/2022\/11\/2021-08-10-15-00-020-768x768.webp 768w, https:\/\/eco-drinkware.com\/wp-content\/uploads\/2022\/11\/2021-08-10-15-00-020-600x600.webp 600w, https:\/\/eco-drinkware.com\/wp-content\/uploads\/2022\/11\/2021-08-10-15-00-020-100x100.webp 100w\" sizes=\"auto, (max-width: 1000px) 100vw, 1000px\" \/><\/figure>\n\n\n\n<h3 class=\"wp-block-heading\">Especificaciones de la botella de agua de acero inoxidable<\/h3>\n\n\n\n<p>Cantidad m\u00ednima: 500 unidades<br>Logotipo: logotipo l\u00e1ser personalizado, logotipo serigrafiado<br>Color: color pantone personalizado<br>Acabado: El acabado de goma para esta botella de agua de acero inoxidable es el m\u00e1s popular, el acabado se siente liso y suave.<br>Tiempo de muestreo: 5-7 d\u00edas para la muestra de botella de agua de acero inoxidable lisa<br>Condiciones de pago: 30% dep\u00f3sito para iniciar la producci\u00f3n, el resto se pagar\u00e1 antes del env\u00edo<br>Forma de pago: T\/T, Paypal, Western Union<\/p>","protected":false},"excerpt":{"rendered":"<p>1) Capacidad: 500 ml<\/p>\n<p>2) Material: Acero inoxidable 304 para la pared interior, acero inoxidable 201 para la pared exterior<\/p>\n<p>3) Aislamiento al vac\u00edo: la botella de agua de acero inoxidable puede mantener el agua caliente durante m\u00e1s de 12 horas y fr\u00eda durante 24 horas.<\/p>","protected":false},"featured_media":827,"template":"","meta":{"_acf_changed":false,"_seopress_robots_primary_cat":"","_seopress_titles_title":"","_seopress_titles_desc":"","_seopress_robots_index":"","_uag_custom_page_level_css":""},"product_brand":[],"product_cat":[15],"product_tag":[],"class_list":{"0":"post-502","1":"product","2":"type-product","3":"status-publish","4":"has-post-thumbnail","6":"product_cat-drinkware-accessories","8":"first","9":"instock","10":"shipping-taxable","11":"product-type-simple"},"acf":[],"uagb_featured_image_src":{"full":["https:\/\/eco-drinkware.com\/wp-content\/uploads\/2022\/11\/110_0.webp",919,909,false],"thumbnail":["https:\/\/eco-drinkware.com\/wp-content\/uploads\/2022\/11\/110_0-150x148.webp",150,148,true],"medium":["https:\/\/eco-drinkware.com\/wp-content\/uploads\/2022\/11\/110_0-300x297.webp",300,297,true],"medium_large":["https:\/\/eco-drinkware.com\/wp-content\/uploads\/2022\/11\/110_0-768x760.webp",768,760,true],"large":["https:\/\/eco-drinkware.com\/wp-content\/uploads\/2022\/11\/110_0.webp",919,909,false],"1536x1536":["https:\/\/eco-drinkware.com\/wp-content\/uploads\/2022\/11\/110_0.webp",919,909,false],"2048x2048":["https:\/\/eco-drinkware.com\/wp-content\/uploads\/2022\/11\/110_0.webp",919,909,false],"trp-custom-language-flag":["https:\/\/eco-drinkware.com\/wp-content\/uploads\/2022\/11\/110_0.webp",12,12,false],"woocommerce_thumbnail":["https:\/\/eco-drinkware.com\/wp-content\/uploads\/2022\/11\/110_0-300x300.webp",300,300,true],"woocommerce_single":["https:\/\/eco-drinkware.com\/wp-content\/uploads\/2022\/11\/110_0-600x593.webp",600,593,true],"woocommerce_gallery_thumbnail":["https:\/\/eco-drinkware.com\/wp-content\/uploads\/2022\/11\/110_0-100x100.webp",100,100,true]},"uagb_author_info":{"display_name":"Amy","author_link":"https:\/\/eco-drinkware.com\/es\/author\/"},"uagb_comment_info":0,"uagb_excerpt":"1) Capacity: 500ml 2) Material: 304 stainless steel for inner wall, 201 stainless steel for outer wall 3) Vacuum Insulation: the stainless steel water bottle can keep water hot for over 12 hours, cold for 24 hours.","_links":{"self":[{"href":"https:\/\/eco-drinkware.com\/es\/wp-json\/wp\/v2\/product\/502","targetHints":{"allow":["GET"]}}],"collection":[{"href":"https:\/\/eco-drinkware.com\/es\/wp-json\/wp\/v2\/product"}],"about":[{"href":"https:\/\/eco-drinkware.com\/es\/wp-json\/wp\/v2\/types\/product"}],"wp:featuredmedia":[{"embeddable":true,"href":"https:\/\/eco-drinkware.com\/es\/wp-json\/wp\/v2\/media\/827"}],"wp:attachment":[{"href":"https:\/\/eco-drinkware.com\/es\/wp-json\/wp\/v2\/media?parent=502"}],"wp:term":[{"taxonomy":"product_brand","embeddable":true,"href":"https:\/\/eco-drinkware.com\/es\/wp-json\/wp\/v2\/product_brand?post=502"},{"taxonomy":"product_cat","embeddable":true,"href":"https:\/\/eco-drinkware.com\/es\/wp-json\/wp\/v2\/product_cat?post=502"},{"taxonomy":"product_tag","embeddable":true,"href":"https:\/\/eco-drinkware.com\/es\/wp-json\/wp\/v2\/product_tag?post=502"}],"curies":[{"name":"wp","href":"https:\/\/api.w.org\/{rel}","templated":true}]}}