{"id":518,"date":"2022-11-03T15:48:28","date_gmt":"2022-11-03T07:48:28","guid":{"rendered":"https:\/\/eco-drinkware.com\/?post_type=product&#038;p=518"},"modified":"2022-12-02T17:42:00","modified_gmt":"2022-12-02T09:42:00","slug":"109-550ml-gb8070-termo-tapa-de-bambu-termo-de-te-termos-botella-109","status":"publish","type":"product","link":"https:\/\/eco-drinkware.com\/es\/product\/109-550ml-gb8070-termo-tapa-de-bambu-termo-de-te-termos-botella-109\/","title":{"rendered":"550ml GB8070 Tapa T\u00e9rmica de Bamb\u00fa Termo T\u00e9 Botella al Vac\u00edo"},"content":{"rendered":"<p><strong>El material 95% es bamb\u00fa natural:<\/strong>&nbsp;Utiliza bamb\u00fa natural respetuoso con el medio ambiente, s\u00f3lo cambia la forma del bamb\u00fa, se puede ver la piel de bamb\u00fa en esta botella de agua de bamb\u00fa. F\u00e1cil de grabar logotipo personalizado l\u00e1ser en.<\/p>\n\n\n\n<p><strong>Con asa para llevar a todas partes:<\/strong>Hay un asa en la tapa de bamb\u00fa, es muy c\u00f3modo de llevar cuando sales.&nbsp;<\/p>\n\n\n\n<p><strong>A prueba de agua:<\/strong>con un interior de silicona la tapa, detener las fugas de agua de la botella de agua de bamb\u00fa.<\/p>\n\n\n\n<p><strong>Con infusor de acero inoxidable 304:<\/strong>esta botella de agua de bamb\u00fa respetuoso del medio ambiente se puede poner en infusor cesta, 304 ss material, ajuste est\u00e1ndar de alimentos. Es capaz de mantener el t\u00e9, polvo, hielo.<\/p>\n\n\n\n<p>El tama\u00f1o de 550 ml es muy adecuado para algunas personas a las que les gusta la gran capacidad. En verano, esta botella de agua de bamb\u00fa puede contener un poco de hielo, mantenerlo fr\u00edo durante 12 horas. En invierno, date una botella de t\u00e9 caliente, esta botella de agua de bamb\u00fa puede mantener el agua caliente durante 8-10 horas.\u00a0<\/p>\n\n\n\n<figure class=\"wp-block-image size-full\"><img loading=\"lazy\" decoding=\"async\" width=\"1000\" height=\"1000\" src=\"https:\/\/eco-drinkware.com\/wp-content\/uploads\/2022\/11\/109_0.webp\" alt=\"\" class=\"wp-image-831\" srcset=\"https:\/\/eco-drinkware.com\/wp-content\/uploads\/2022\/11\/109_0.webp 1000w, https:\/\/eco-drinkware.com\/wp-content\/uploads\/2022\/11\/109_0-300x300.webp 300w, https:\/\/eco-drinkware.com\/wp-content\/uploads\/2022\/11\/109_0-150x150.webp 150w, https:\/\/eco-drinkware.com\/wp-content\/uploads\/2022\/11\/109_0-768x768.webp 768w, https:\/\/eco-drinkware.com\/wp-content\/uploads\/2022\/11\/109_0-600x600.webp 600w, https:\/\/eco-drinkware.com\/wp-content\/uploads\/2022\/11\/109_0-100x100.webp 100w\" sizes=\"auto, (max-width: 1000px) 100vw, 1000px\" \/><\/figure>\n\n\n\n<figure class=\"wp-block-image size-full\"><img loading=\"lazy\" decoding=\"async\" width=\"1000\" height=\"1000\" src=\"https:\/\/eco-drinkware.com\/wp-content\/uploads\/2022\/11\/109_1.webp\" alt=\"\" class=\"wp-image-832\" srcset=\"https:\/\/eco-drinkware.com\/wp-content\/uploads\/2022\/11\/109_1.webp 1000w, https:\/\/eco-drinkware.com\/wp-content\/uploads\/2022\/11\/109_1-300x300.webp 300w, https:\/\/eco-drinkware.com\/wp-content\/uploads\/2022\/11\/109_1-150x150.webp 150w, https:\/\/eco-drinkware.com\/wp-content\/uploads\/2022\/11\/109_1-768x768.webp 768w, https:\/\/eco-drinkware.com\/wp-content\/uploads\/2022\/11\/109_1-600x600.webp 600w, https:\/\/eco-drinkware.com\/wp-content\/uploads\/2022\/11\/109_1-100x100.webp 100w\" sizes=\"auto, (max-width: 1000px) 100vw, 1000px\" \/><\/figure>","protected":false},"excerpt":{"rendered":"<p>Utiliza bamb\u00fa natural respetuoso con el medio ambiente, s\u00f3lo cambia la forma del bamb\u00fa, se puede ver la piel de bamb\u00fa en esta botella de agua de bamb\u00fa. F\u00e1cil de grabar logotipo personalizado l\u00e1ser en<\/p>","protected":false},"featured_media":831,"template":"","meta":{"_acf_changed":false,"_seopress_robots_primary_cat":"","_seopress_titles_title":"","_seopress_titles_desc":"","_seopress_robots_index":"","_uag_custom_page_level_css":""},"product_brand":[],"product_cat":[33,34,21,32,19,54,20],"product_tag":[],"class_list":{"0":"post-518","1":"product","2":"type-product","3":"status-publish","4":"has-post-thumbnail","6":"product_cat-bamboo-flask","7":"product_cat-bamboo-tumbler","8":"product_cat-bamboo-water-bottle","9":"product_cat-insulated-water-bottle","10":"product_cat-stainless-steel-water-bottle","11":"product_cat-tea-bottle-coffee-tumblers","12":"product_cat-vacuum-flask","14":"first","15":"instock","16":"shipping-taxable","17":"product-type-simple"},"acf":[],"uagb_featured_image_src":{"full":["https:\/\/eco-drinkware.com\/wp-content\/uploads\/2022\/11\/109_0.webp",1000,1000,false],"thumbnail":["https:\/\/eco-drinkware.com\/wp-content\/uploads\/2022\/11\/109_0-150x150.webp",150,150,true],"medium":["https:\/\/eco-drinkware.com\/wp-content\/uploads\/2022\/11\/109_0-300x300.webp",300,300,true],"medium_large":["https:\/\/eco-drinkware.com\/wp-content\/uploads\/2022\/11\/109_0-768x768.webp",768,768,true],"large":["https:\/\/eco-drinkware.com\/wp-content\/uploads\/2022\/11\/109_0.webp",1000,1000,false],"1536x1536":["https:\/\/eco-drinkware.com\/wp-content\/uploads\/2022\/11\/109_0.webp",1000,1000,false],"2048x2048":["https:\/\/eco-drinkware.com\/wp-content\/uploads\/2022\/11\/109_0.webp",1000,1000,false],"trp-custom-language-flag":["https:\/\/eco-drinkware.com\/wp-content\/uploads\/2022\/11\/109_0.webp",12,12,false],"woocommerce_thumbnail":["https:\/\/eco-drinkware.com\/wp-content\/uploads\/2022\/11\/109_0-300x300.webp",300,300,true],"woocommerce_single":["https:\/\/eco-drinkware.com\/wp-content\/uploads\/2022\/11\/109_0-600x600.webp",600,600,true],"woocommerce_gallery_thumbnail":["https:\/\/eco-drinkware.com\/wp-content\/uploads\/2022\/11\/109_0-100x100.webp",100,100,true]},"uagb_author_info":{"display_name":"Amy","author_link":"https:\/\/eco-drinkware.com\/es\/author\/"},"uagb_comment_info":0,"uagb_excerpt":"Use eco friendly nature bamboo, just changed the bamboo shape, you can see bamboo skin on this bamboo water bottle. Easy to engrave custom laser logo on","_links":{"self":[{"href":"https:\/\/eco-drinkware.com\/es\/wp-json\/wp\/v2\/product\/518","targetHints":{"allow":["GET"]}}],"collection":[{"href":"https:\/\/eco-drinkware.com\/es\/wp-json\/wp\/v2\/product"}],"about":[{"href":"https:\/\/eco-drinkware.com\/es\/wp-json\/wp\/v2\/types\/product"}],"wp:featuredmedia":[{"embeddable":true,"href":"https:\/\/eco-drinkware.com\/es\/wp-json\/wp\/v2\/media\/831"}],"wp:attachment":[{"href":"https:\/\/eco-drinkware.com\/es\/wp-json\/wp\/v2\/media?parent=518"}],"wp:term":[{"taxonomy":"product_brand","embeddable":true,"href":"https:\/\/eco-drinkware.com\/es\/wp-json\/wp\/v2\/product_brand?post=518"},{"taxonomy":"product_cat","embeddable":true,"href":"https:\/\/eco-drinkware.com\/es\/wp-json\/wp\/v2\/product_cat?post=518"},{"taxonomy":"product_tag","embeddable":true,"href":"https:\/\/eco-drinkware.com\/es\/wp-json\/wp\/v2\/product_tag?post=518"}],"curies":[{"name":"wp","href":"https:\/\/api.w.org\/{rel}","templated":true}]}}