{"id":522,"date":"2022-11-03T15:51:13","date_gmt":"2022-11-03T07:51:13","guid":{"rendered":"https:\/\/eco-drinkware.com\/?post_type=product&#038;p=522"},"modified":"2022-12-02T17:42:43","modified_gmt":"2022-12-02T09:42:43","slug":"108-gb8016-400ml-bambu-viaje-camping-tazas-de-cafe-taza-108","status":"publish","type":"product","link":"https:\/\/eco-drinkware.com\/es\/product\/108-gb8016-400ml-bambu-viaje-camping-tazas-de-cafe-taza-108\/","title":{"rendered":"GB8016 400ml Bamb\u00fa Viajes Camping Tazas de Caf\u00e9 Taza"},"content":{"rendered":"<p><strong>Taza de caf\u00e9 de bamb\u00fa:<\/strong>Hecho de bamb\u00fa natural, acero inoxidable 304, nuevo pp. Logotipo personalizado l\u00e1ser puede ser grabado en el cuerpo de la taza de caf\u00e9.<br><br><strong>Con tapa giratoria:<\/strong>La tapa de esta taza de caf\u00e9 de viaje de bamb\u00fa puede girar para abrirse y cerrarse. Con anillo de silicona para detener la salida de agua.<br><br>Esta taza de caf\u00e9 de viaje de bamb\u00fa de 400 ml puede personalizarse y contener vino, caf\u00e9, t\u00e9, agua, etc. Con un aspecto especial y bonito.\u00a0<\/p>\n\n\n\n<figure class=\"wp-block-image size-full\"><img loading=\"lazy\" decoding=\"async\" width=\"1000\" height=\"1000\" src=\"https:\/\/eco-drinkware.com\/wp-content\/uploads\/2022\/11\/108_0.webp\" alt=\"\" class=\"wp-image-838\" srcset=\"https:\/\/eco-drinkware.com\/wp-content\/uploads\/2022\/11\/108_0.webp 1000w, https:\/\/eco-drinkware.com\/wp-content\/uploads\/2022\/11\/108_0-300x300.webp 300w, https:\/\/eco-drinkware.com\/wp-content\/uploads\/2022\/11\/108_0-150x150.webp 150w, https:\/\/eco-drinkware.com\/wp-content\/uploads\/2022\/11\/108_0-768x768.webp 768w, https:\/\/eco-drinkware.com\/wp-content\/uploads\/2022\/11\/108_0-600x600.webp 600w, https:\/\/eco-drinkware.com\/wp-content\/uploads\/2022\/11\/108_0-100x100.webp 100w\" sizes=\"auto, (max-width: 1000px) 100vw, 1000px\" \/><\/figure>\n\n\n\n<figure class=\"wp-block-image size-full\"><img loading=\"lazy\" decoding=\"async\" width=\"1000\" height=\"1000\" src=\"https:\/\/eco-drinkware.com\/wp-content\/uploads\/2022\/11\/108_1.webp\" alt=\"\" class=\"wp-image-840\" srcset=\"https:\/\/eco-drinkware.com\/wp-content\/uploads\/2022\/11\/108_1.webp 1000w, https:\/\/eco-drinkware.com\/wp-content\/uploads\/2022\/11\/108_1-300x300.webp 300w, https:\/\/eco-drinkware.com\/wp-content\/uploads\/2022\/11\/108_1-150x150.webp 150w, https:\/\/eco-drinkware.com\/wp-content\/uploads\/2022\/11\/108_1-768x768.webp 768w, https:\/\/eco-drinkware.com\/wp-content\/uploads\/2022\/11\/108_1-600x600.webp 600w, https:\/\/eco-drinkware.com\/wp-content\/uploads\/2022\/11\/108_1-100x100.webp 100w\" sizes=\"auto, (max-width: 1000px) 100vw, 1000px\" \/><\/figure>\n\n\n\n<figure class=\"wp-block-table\"><table><tbody><tr><td>Tama\u00f1o\/ Capacidad<\/td><td>400 ml<\/td><\/tr><tr><td>Material<\/td><td>Bamb\u00fa natural, acero inoxidable 304, pp nuevo<\/td><\/tr><tr><td>Logotipo<\/td><td>L\u00e1ser personalizado<\/td><\/tr><tr><td>Tiempo de muestreo<\/td><td>5-7 d\u00edas<\/td><\/tr><tr><td>Paquete<\/td><td>caja de huevos, caja lisa, caja de color, cilindro redondo<\/td><\/tr><tr><td>Forma de pago<\/td><td>T\/T, Paypal, Western Union<\/td><\/tr><\/tbody><\/table><\/figure>","protected":false},"excerpt":{"rendered":"<p>Esta taza de caf\u00e9 de viaje de bamb\u00fa de 400 ml puede personalizarse y contener vino, caf\u00e9, t\u00e9, agua, etc. Con un aspecto especial y bonito.<\/p>","protected":false},"featured_media":838,"template":"","meta":{"_acf_changed":false,"_seopress_robots_primary_cat":"","_seopress_titles_title":"","_seopress_titles_desc":"","_seopress_robots_index":"","_uag_custom_page_level_css":""},"product_brand":[],"product_cat":[33,34,21],"product_tag":[],"class_list":{"0":"post-522","1":"product","2":"type-product","3":"status-publish","4":"has-post-thumbnail","6":"product_cat-bamboo-flask","7":"product_cat-bamboo-tumbler","8":"product_cat-bamboo-water-bottle","10":"first","11":"instock","12":"shipping-taxable","13":"product-type-simple"},"acf":[],"uagb_featured_image_src":{"full":["https:\/\/eco-drinkware.com\/wp-content\/uploads\/2022\/11\/108_0.webp",1000,1000,false],"thumbnail":["https:\/\/eco-drinkware.com\/wp-content\/uploads\/2022\/11\/108_0-150x150.webp",150,150,true],"medium":["https:\/\/eco-drinkware.com\/wp-content\/uploads\/2022\/11\/108_0-300x300.webp",300,300,true],"medium_large":["https:\/\/eco-drinkware.com\/wp-content\/uploads\/2022\/11\/108_0-768x768.webp",768,768,true],"large":["https:\/\/eco-drinkware.com\/wp-content\/uploads\/2022\/11\/108_0.webp",1000,1000,false],"1536x1536":["https:\/\/eco-drinkware.com\/wp-content\/uploads\/2022\/11\/108_0.webp",1000,1000,false],"2048x2048":["https:\/\/eco-drinkware.com\/wp-content\/uploads\/2022\/11\/108_0.webp",1000,1000,false],"trp-custom-language-flag":["https:\/\/eco-drinkware.com\/wp-content\/uploads\/2022\/11\/108_0.webp",12,12,false],"woocommerce_thumbnail":["https:\/\/eco-drinkware.com\/wp-content\/uploads\/2022\/11\/108_0-300x300.webp",300,300,true],"woocommerce_single":["https:\/\/eco-drinkware.com\/wp-content\/uploads\/2022\/11\/108_0-600x600.webp",600,600,true],"woocommerce_gallery_thumbnail":["https:\/\/eco-drinkware.com\/wp-content\/uploads\/2022\/11\/108_0-100x100.webp",100,100,true]},"uagb_author_info":{"display_name":"Amy","author_link":"https:\/\/eco-drinkware.com\/es\/author\/"},"uagb_comment_info":0,"uagb_excerpt":"This 400ml bamboo travel coffee mug can be personalised, holding wine, coffee, tea, water and so on. With special and pretty look.","_links":{"self":[{"href":"https:\/\/eco-drinkware.com\/es\/wp-json\/wp\/v2\/product\/522","targetHints":{"allow":["GET"]}}],"collection":[{"href":"https:\/\/eco-drinkware.com\/es\/wp-json\/wp\/v2\/product"}],"about":[{"href":"https:\/\/eco-drinkware.com\/es\/wp-json\/wp\/v2\/types\/product"}],"wp:featuredmedia":[{"embeddable":true,"href":"https:\/\/eco-drinkware.com\/es\/wp-json\/wp\/v2\/media\/838"}],"wp:attachment":[{"href":"https:\/\/eco-drinkware.com\/es\/wp-json\/wp\/v2\/media?parent=522"}],"wp:term":[{"taxonomy":"product_brand","embeddable":true,"href":"https:\/\/eco-drinkware.com\/es\/wp-json\/wp\/v2\/product_brand?post=522"},{"taxonomy":"product_cat","embeddable":true,"href":"https:\/\/eco-drinkware.com\/es\/wp-json\/wp\/v2\/product_cat?post=522"},{"taxonomy":"product_tag","embeddable":true,"href":"https:\/\/eco-drinkware.com\/es\/wp-json\/wp\/v2\/product_tag?post=522"}],"curies":[{"name":"wp","href":"https:\/\/api.w.org\/{rel}","templated":true}]}}