{"id":546,"date":"2022-11-03T15:59:29","date_gmt":"2022-11-03T15:59:29","guid":{"rendered":"https:\/\/eco-drinkware.com\/?post_type=product&#038;p=546"},"modified":"2022-11-04T09:27:52","modified_gmt":"2022-11-04T09:27:52","slug":"botella-93-de-acero-inoxidable-de-doble-pared-con-revestimiento-en-polvo-93","status":"publish","type":"product","link":"https:\/\/eco-drinkware.com\/es\/product\/botella-93-de-acero-inoxidable-de-doble-pared-con-revestimiento-en-polvo-93\/","title":{"rendered":"Botella isot\u00e9rmica de acero inoxidable de doble pared con revestimiento de polvo de colores"},"content":{"rendered":"<p><strong>Termo aislante:\u00a0<\/strong>Este termo de acero inoxidable es de doble pared, aislado al vac\u00edo mantiene el l\u00edquido caliente y fr\u00edo durante 12-24 horas.<br><br><strong>Material ecol\u00f3gico de calidad alimentaria:\u00a0<\/strong>La pared interior de este termo es de acero inoxidable 304, varias tapas para su elecci\u00f3n. Certificado LFGB, FDA, EU.<br><strong><br>Varios colores de stock:\u00a0<\/strong>El termo de vac\u00edo aislado tiene varios colores en stock en recubrimiento en polvo, logotipo personalizado y el color son bienvenidos.<\/p>\n\n\n\n<figure class=\"wp-block-image size-full\"><img loading=\"lazy\" decoding=\"async\" width=\"1000\" height=\"1000\" src=\"https:\/\/eco-drinkware.com\/wp-content\/uploads\/2022\/11\/2021-10-15-17-30-302.webp\" alt=\"\" class=\"wp-image-920\" srcset=\"https:\/\/eco-drinkware.com\/wp-content\/uploads\/2022\/11\/2021-10-15-17-30-302.webp 1000w, https:\/\/eco-drinkware.com\/wp-content\/uploads\/2022\/11\/2021-10-15-17-30-302-300x300.webp 300w, https:\/\/eco-drinkware.com\/wp-content\/uploads\/2022\/11\/2021-10-15-17-30-302-150x150.webp 150w, https:\/\/eco-drinkware.com\/wp-content\/uploads\/2022\/11\/2021-10-15-17-30-302-768x768.webp 768w, https:\/\/eco-drinkware.com\/wp-content\/uploads\/2022\/11\/2021-10-15-17-30-302-600x600.webp 600w, https:\/\/eco-drinkware.com\/wp-content\/uploads\/2022\/11\/2021-10-15-17-30-302-100x100.webp 100w\" sizes=\"auto, (max-width: 1000px) 100vw, 1000px\" \/><\/figure>\n\n\n\n<figure class=\"wp-block-image size-full\"><img loading=\"lazy\" decoding=\"async\" width=\"756\" height=\"789\" src=\"https:\/\/eco-drinkware.com\/wp-content\/uploads\/2022\/11\/2021-10-15-17-31-485.webp\" alt=\"\" class=\"wp-image-921\" srcset=\"https:\/\/eco-drinkware.com\/wp-content\/uploads\/2022\/11\/2021-10-15-17-31-485.webp 756w, https:\/\/eco-drinkware.com\/wp-content\/uploads\/2022\/11\/2021-10-15-17-31-485-287x300.webp 287w, https:\/\/eco-drinkware.com\/wp-content\/uploads\/2022\/11\/2021-10-15-17-31-485-144x150.webp 144w, https:\/\/eco-drinkware.com\/wp-content\/uploads\/2022\/11\/2021-10-15-17-31-485-600x626.webp 600w\" sizes=\"auto, (max-width: 756px) 100vw, 756px\" \/><\/figure>\n\n\n\n<figure class=\"wp-block-table\"><table><tbody><tr><td>Capacidad<\/td><td>350ml, 500ml, 600ml, 750ml, 1L<\/td><\/tr><tr><td>Color&nbsp;<\/td><td>Pantone personalizado<\/td><\/tr><tr><td>MOQ<\/td><td>500 unidades<\/td><\/tr><tr><td>Tapa<\/td><td>M\u00faltiples<\/td><\/tr><tr><td>Material<\/td><td>Acero inoxidable 304 en el interior, acero inoxidable 201 en el exterior<\/td><\/tr><tr><td>Logotipo<\/td><td>Personalizado<\/td><\/tr><tr><td>Paquete<\/td><td>Caja blanca, caja de color, cilindro redondo<\/td><\/tr><\/tbody><\/table><\/figure>","protected":false},"excerpt":{"rendered":"<p>5 tama\u00f1os: 350ml, 500ml, 600ml, 750ml, 1000ml. Varias tapas y colores para su elecci\u00f3n. Logotipo personalizado f\u00e1cil de hacer. Acabado de pintura en polvo resistente.<\/p>","protected":false},"featured_media":922,"template":"","meta":{"_acf_changed":false,"_seopress_robots_primary_cat":"","_seopress_titles_title":"","_seopress_titles_desc":"","_seopress_robots_index":"","_uag_custom_page_level_css":""},"product_brand":[],"product_cat":[15],"product_tag":[],"class_list":{"0":"post-546","1":"product","2":"type-product","3":"status-publish","4":"has-post-thumbnail","6":"product_cat-drinkware-accessories","8":"first","9":"instock","10":"shipping-taxable","11":"product-type-simple"},"acf":[],"uagb_featured_image_src":{"full":["https:\/\/eco-drinkware.com\/wp-content\/uploads\/2022\/11\/93_0.webp",1000,1000,false],"thumbnail":["https:\/\/eco-drinkware.com\/wp-content\/uploads\/2022\/11\/93_0-150x150.webp",150,150,true],"medium":["https:\/\/eco-drinkware.com\/wp-content\/uploads\/2022\/11\/93_0-300x300.webp",300,300,true],"medium_large":["https:\/\/eco-drinkware.com\/wp-content\/uploads\/2022\/11\/93_0-768x768.webp",768,768,true],"large":["https:\/\/eco-drinkware.com\/wp-content\/uploads\/2022\/11\/93_0.webp",1000,1000,false],"1536x1536":["https:\/\/eco-drinkware.com\/wp-content\/uploads\/2022\/11\/93_0.webp",1000,1000,false],"2048x2048":["https:\/\/eco-drinkware.com\/wp-content\/uploads\/2022\/11\/93_0.webp",1000,1000,false],"trp-custom-language-flag":["https:\/\/eco-drinkware.com\/wp-content\/uploads\/2022\/11\/93_0.webp",12,12,false],"woocommerce_thumbnail":["https:\/\/eco-drinkware.com\/wp-content\/uploads\/2022\/11\/93_0-300x300.webp",300,300,true],"woocommerce_single":["https:\/\/eco-drinkware.com\/wp-content\/uploads\/2022\/11\/93_0-600x600.webp",600,600,true],"woocommerce_gallery_thumbnail":["https:\/\/eco-drinkware.com\/wp-content\/uploads\/2022\/11\/93_0-100x100.webp",100,100,true]},"uagb_author_info":{"display_name":"Amy","author_link":"https:\/\/eco-drinkware.com\/es\/author\/"},"uagb_comment_info":0,"uagb_excerpt":"5 sizes: 350ml, 500ml, 600ml, 750ml, 1000ml. Various lids and stock colors for your choice. Easy to do custom logo. Strong powder coating finish.","_links":{"self":[{"href":"https:\/\/eco-drinkware.com\/es\/wp-json\/wp\/v2\/product\/546","targetHints":{"allow":["GET"]}}],"collection":[{"href":"https:\/\/eco-drinkware.com\/es\/wp-json\/wp\/v2\/product"}],"about":[{"href":"https:\/\/eco-drinkware.com\/es\/wp-json\/wp\/v2\/types\/product"}],"wp:featuredmedia":[{"embeddable":true,"href":"https:\/\/eco-drinkware.com\/es\/wp-json\/wp\/v2\/media\/922"}],"wp:attachment":[{"href":"https:\/\/eco-drinkware.com\/es\/wp-json\/wp\/v2\/media?parent=546"}],"wp:term":[{"taxonomy":"product_brand","embeddable":true,"href":"https:\/\/eco-drinkware.com\/es\/wp-json\/wp\/v2\/product_brand?post=546"},{"taxonomy":"product_cat","embeddable":true,"href":"https:\/\/eco-drinkware.com\/es\/wp-json\/wp\/v2\/product_cat?post=546"},{"taxonomy":"product_tag","embeddable":true,"href":"https:\/\/eco-drinkware.com\/es\/wp-json\/wp\/v2\/product_tag?post=546"}],"curies":[{"name":"wp","href":"https:\/\/api.w.org\/{rel}","templated":true}]}}