{"id":547,"date":"2022-11-03T15:59:45","date_gmt":"2022-11-03T15:59:45","guid":{"rendered":"https:\/\/eco-drinkware.com\/?post_type=product&#038;p=547"},"modified":"2022-11-04T09:29:45","modified_gmt":"2022-11-04T09:29:45","slug":"91-350ml12oz-viaje-doble-pared-aislado-al-vacio-botella-de-cafe-de-acero-inoxidable-91","status":"publish","type":"product","link":"https:\/\/eco-drinkware.com\/es\/product\/91-350ml12oz-viaje-doble-pared-aislado-al-vacio-botella-de-cafe-de-acero-inoxidable-91\/","title":{"rendered":"350ML\/12OZ Botella de caf\u00e9 de acero inoxidable de doble pared con aislamiento al vac\u00edo"},"content":{"rendered":"<p><strong>Botella de agua Material met\u00e1lico:<\/strong>Esta botella de agua deportiva est\u00e1 hecha de acero inoxidable 304 y nuevos pp, el material en contacto con el agua es seguro y de calidad alimentaria. BPA libre y respetuoso del medio ambiente.<\/p>\n\n\n\n<p><strong>Botella de agua aislada de acero inoxidable:<\/strong>Esta botella de agua de acero es un termo de doble pared que mantiene el agua caliente y fr\u00eda durante mucho tiempo. La funci\u00f3n de aislamiento t\u00e9rmico hace que la botella se venda caliente todo el a\u00f1o. En verano, esta botella de agua de acero inoxidable se utiliza para caf\u00e9 fr\u00edo y agua. En invierno, la botella termo de acero inoxidable se utiliza para l\u00edquidos calientes.<\/p>\n\n\n\n<p><strong>2 Tama\u00f1os:<\/strong>Hay 2 tama\u00f1os para esta botella de agua de acero inoxidable, 350 ml y 500 ml. La capacidad peque\u00f1a es adecuada para ni\u00f1os y adolescentes, mientras que la grande es para adultos.<\/p>\n\n\n\n<p><strong>Color y personalizaci\u00f3n:<\/strong>Logotipo y color personalizados disponibles para esta botella de agua de acero inoxidable. Ambos colores pantone y stock son bienvenidos. Logotipo l\u00e1ser personalizado y logotipo de color son f\u00e1ciles de hacer.<\/p>\n\n\n\n<figure class=\"wp-block-image size-full\"><img loading=\"lazy\" decoding=\"async\" width=\"550\" height=\"550\" src=\"https:\/\/eco-drinkware.com\/wp-content\/uploads\/2022\/11\/2022-01-07-16-40-133.webp\" alt=\"\" class=\"wp-image-925\" srcset=\"https:\/\/eco-drinkware.com\/wp-content\/uploads\/2022\/11\/2022-01-07-16-40-133.webp 550w, https:\/\/eco-drinkware.com\/wp-content\/uploads\/2022\/11\/2022-01-07-16-40-133-300x300.webp 300w, https:\/\/eco-drinkware.com\/wp-content\/uploads\/2022\/11\/2022-01-07-16-40-133-150x150.webp 150w, https:\/\/eco-drinkware.com\/wp-content\/uploads\/2022\/11\/2022-01-07-16-40-133-100x100.webp 100w\" sizes=\"auto, (max-width: 550px) 100vw, 550px\" \/><\/figure>\n\n\n\n<figure class=\"wp-block-image size-full\"><img loading=\"lazy\" decoding=\"async\" width=\"550\" height=\"550\" src=\"https:\/\/eco-drinkware.com\/wp-content\/uploads\/2022\/11\/2022-01-07-16-40-518.webp\" alt=\"\" class=\"wp-image-926\" srcset=\"https:\/\/eco-drinkware.com\/wp-content\/uploads\/2022\/11\/2022-01-07-16-40-518.webp 550w, https:\/\/eco-drinkware.com\/wp-content\/uploads\/2022\/11\/2022-01-07-16-40-518-300x300.webp 300w, https:\/\/eco-drinkware.com\/wp-content\/uploads\/2022\/11\/2022-01-07-16-40-518-150x150.webp 150w, https:\/\/eco-drinkware.com\/wp-content\/uploads\/2022\/11\/2022-01-07-16-40-518-100x100.webp 100w\" sizes=\"auto, (max-width: 550px) 100vw, 550px\" \/><\/figure>","protected":false},"excerpt":{"rendered":"<p>Esta botella de agua de acero es un termo de doble pared que mantiene el agua caliente y fr\u00eda durante mucho tiempo. Ambos colores pantone y stock son bienvenidos. Logotipo l\u00e1ser personalizado y logotipo de color son f\u00e1ciles de hacer.<\/p>","protected":false},"featured_media":927,"template":"","meta":{"_acf_changed":false,"_seopress_robots_primary_cat":"","_seopress_titles_title":"","_seopress_titles_desc":"","_seopress_robots_index":"","_uag_custom_page_level_css":""},"product_brand":[],"product_cat":[15],"product_tag":[],"class_list":{"0":"post-547","1":"product","2":"type-product","3":"status-publish","4":"has-post-thumbnail","6":"product_cat-drinkware-accessories","8":"first","9":"instock","10":"shipping-taxable","11":"product-type-simple"},"acf":[],"uagb_featured_image_src":{"full":["https:\/\/eco-drinkware.com\/wp-content\/uploads\/2022\/11\/91_0.webp",550,550,false],"thumbnail":["https:\/\/eco-drinkware.com\/wp-content\/uploads\/2022\/11\/91_0-150x150.webp",150,150,true],"medium":["https:\/\/eco-drinkware.com\/wp-content\/uploads\/2022\/11\/91_0-300x300.webp",300,300,true],"medium_large":["https:\/\/eco-drinkware.com\/wp-content\/uploads\/2022\/11\/91_0.webp",550,550,false],"large":["https:\/\/eco-drinkware.com\/wp-content\/uploads\/2022\/11\/91_0.webp",550,550,false],"1536x1536":["https:\/\/eco-drinkware.com\/wp-content\/uploads\/2022\/11\/91_0.webp",550,550,false],"2048x2048":["https:\/\/eco-drinkware.com\/wp-content\/uploads\/2022\/11\/91_0.webp",550,550,false],"trp-custom-language-flag":["https:\/\/eco-drinkware.com\/wp-content\/uploads\/2022\/11\/91_0.webp",12,12,false],"woocommerce_thumbnail":["https:\/\/eco-drinkware.com\/wp-content\/uploads\/2022\/11\/91_0-300x300.webp",300,300,true],"woocommerce_single":["https:\/\/eco-drinkware.com\/wp-content\/uploads\/2022\/11\/91_0.webp",550,550,false],"woocommerce_gallery_thumbnail":["https:\/\/eco-drinkware.com\/wp-content\/uploads\/2022\/11\/91_0-100x100.webp",100,100,true]},"uagb_author_info":{"display_name":"Amy","author_link":"https:\/\/eco-drinkware.com\/es\/author\/"},"uagb_comment_info":0,"uagb_excerpt":"This steel water bottle is double wall thermos vacuum flask, keeps water hot and cold for long time. Both pantone and stock colors are welcome. Custom laser logo and color logo are easy to make.","_links":{"self":[{"href":"https:\/\/eco-drinkware.com\/es\/wp-json\/wp\/v2\/product\/547","targetHints":{"allow":["GET"]}}],"collection":[{"href":"https:\/\/eco-drinkware.com\/es\/wp-json\/wp\/v2\/product"}],"about":[{"href":"https:\/\/eco-drinkware.com\/es\/wp-json\/wp\/v2\/types\/product"}],"wp:featuredmedia":[{"embeddable":true,"href":"https:\/\/eco-drinkware.com\/es\/wp-json\/wp\/v2\/media\/927"}],"wp:attachment":[{"href":"https:\/\/eco-drinkware.com\/es\/wp-json\/wp\/v2\/media?parent=547"}],"wp:term":[{"taxonomy":"product_brand","embeddable":true,"href":"https:\/\/eco-drinkware.com\/es\/wp-json\/wp\/v2\/product_brand?post=547"},{"taxonomy":"product_cat","embeddable":true,"href":"https:\/\/eco-drinkware.com\/es\/wp-json\/wp\/v2\/product_cat?post=547"},{"taxonomy":"product_tag","embeddable":true,"href":"https:\/\/eco-drinkware.com\/es\/wp-json\/wp\/v2\/product_tag?post=547"}],"curies":[{"name":"wp","href":"https:\/\/api.w.org\/{rel}","templated":true}]}}