{"id":550,"date":"2022-11-03T16:02:47","date_gmt":"2022-11-03T16:02:47","guid":{"rendered":"https:\/\/eco-drinkware.com\/?post_type=product&#038;p=550"},"modified":"2022-11-04T09:43:04","modified_gmt":"2022-11-04T09:43:04","slug":"88-eco-friendly-vacio-aislado-alimentos-sopa-tarro-de-acero-inoxidable-alimentos-termo-contenedor-ninos-sopa-tarro-88","status":"publish","type":"product","link":"https:\/\/eco-drinkware.com\/es\/product\/88-eco-friendly-vacio-aislado-alimentos-sopa-tarro-de-acero-inoxidable-alimentos-termo-contenedor-ninos-sopa-tarro-88\/","title":{"rendered":"Tarro de sopa ecol\u00f3gico con aislamiento al vac\u00edo Recipiente termo de acero inoxidable para alimentos, Tarro de sopa para ni\u00f1os"},"content":{"rendered":"<p>Somos fabricante l\u00edder de botella de vidrio de doble pared, botella de agua de cola de acero inoxidable, botella de t\u00e9 de doble pared, 500ml botella de vidrio de doble pared, botella de t\u00e9, botella de t\u00e9 infusor, botella de vidrio con tapa de bamb\u00fa, termo de bamb\u00fa, termo de bamb\u00fa, vaso de bamb\u00fa, vaso de caf\u00e9, taza de caf\u00e9, caf\u00e9 drinkware, vaso de doble pared con paja emparejado, termo, botella de deporte, termo de doble pared con tapa de bamb\u00fa \u2665<\/p>\n\n\n\n<figure class=\"wp-block-table\"><table><tbody><tr><td>Nombre<\/td><td>GF002 450ML En stock Frasco de vac\u00edo 450ml<\/td><\/tr><tr><td>Material<\/td><td>Acero inoxidable 304 interior, acero inoxidable 201 exterior<\/td><\/tr><tr><td>Capacidad<\/td><td>450 ml<\/td><\/tr><tr><td>Color<\/td><td>Personalizado<\/td><\/tr><tr><td>Imprimir<\/td><td>Impresi\u00f3n en seda, transferencia de calor, impresi\u00f3n por transferencia de agua, etc.<\/td><\/tr><tr><td>Logotipo<\/td><td>Personalizado<\/td><\/tr><tr><td>MOQ<\/td><td>500 unidades<\/td><\/tr><tr><td>Tiempo de muestreo<\/td><td>5-8 d\u00edas<\/td><\/tr><tr><td>Detalles del embalaje<\/td><td>1PC\/OPP, embalaje en caja de huevos, caja de color, cilindro, caja blanca, 20PCS\/CTN<\/td><\/tr><tr><td>Plazo de pago<\/td><td>30% dep\u00f3sito, el saldo antes del env\u00edo<\/td><\/tr><\/tbody><\/table><\/figure>\n\n\n\n<figure class=\"wp-block-image size-full\"><img loading=\"lazy\" decoding=\"async\" width=\"1000\" height=\"1000\" src=\"https:\/\/eco-drinkware.com\/wp-content\/uploads\/2022\/11\/H55c4d508c1cf4265bf437d358e1fa7c6I.jpg_.webp\" alt=\"\" class=\"wp-image-953\" srcset=\"https:\/\/eco-drinkware.com\/wp-content\/uploads\/2022\/11\/H55c4d508c1cf4265bf437d358e1fa7c6I.jpg_.webp 1000w, https:\/\/eco-drinkware.com\/wp-content\/uploads\/2022\/11\/H55c4d508c1cf4265bf437d358e1fa7c6I.jpg_-300x300.webp 300w, https:\/\/eco-drinkware.com\/wp-content\/uploads\/2022\/11\/H55c4d508c1cf4265bf437d358e1fa7c6I.jpg_-150x150.webp 150w, https:\/\/eco-drinkware.com\/wp-content\/uploads\/2022\/11\/H55c4d508c1cf4265bf437d358e1fa7c6I.jpg_-768x768.webp 768w, https:\/\/eco-drinkware.com\/wp-content\/uploads\/2022\/11\/H55c4d508c1cf4265bf437d358e1fa7c6I.jpg_-600x600.webp 600w, https:\/\/eco-drinkware.com\/wp-content\/uploads\/2022\/11\/H55c4d508c1cf4265bf437d358e1fa7c6I.jpg_-100x100.webp 100w\" sizes=\"auto, (max-width: 1000px) 100vw, 1000px\" \/><\/figure>\n\n\n\n<figure class=\"wp-block-image size-full\"><img loading=\"lazy\" decoding=\"async\" width=\"1000\" height=\"1000\" src=\"https:\/\/eco-drinkware.com\/wp-content\/uploads\/2022\/11\/Hae18480483574918bcf43f8ba11236c41.jpg_.webp\" alt=\"\" class=\"wp-image-946\" srcset=\"https:\/\/eco-drinkware.com\/wp-content\/uploads\/2022\/11\/Hae18480483574918bcf43f8ba11236c41.jpg_.webp 1000w, https:\/\/eco-drinkware.com\/wp-content\/uploads\/2022\/11\/Hae18480483574918bcf43f8ba11236c41.jpg_-300x300.webp 300w, https:\/\/eco-drinkware.com\/wp-content\/uploads\/2022\/11\/Hae18480483574918bcf43f8ba11236c41.jpg_-150x150.webp 150w, https:\/\/eco-drinkware.com\/wp-content\/uploads\/2022\/11\/Hae18480483574918bcf43f8ba11236c41.jpg_-768x768.webp 768w, https:\/\/eco-drinkware.com\/wp-content\/uploads\/2022\/11\/Hae18480483574918bcf43f8ba11236c41.jpg_-600x600.webp 600w, https:\/\/eco-drinkware.com\/wp-content\/uploads\/2022\/11\/Hae18480483574918bcf43f8ba11236c41.jpg_-100x100.webp 100w\" sizes=\"auto, (max-width: 1000px) 100vw, 1000px\" \/><\/figure>\n\n\n\n<figure class=\"wp-block-image size-full\"><img loading=\"lazy\" decoding=\"async\" width=\"1000\" height=\"1000\" src=\"https:\/\/eco-drinkware.com\/wp-content\/uploads\/2022\/11\/H3e1367e10532483492db5946e9ca7c04e.jpg_.webp\" alt=\"\" class=\"wp-image-952\" srcset=\"https:\/\/eco-drinkware.com\/wp-content\/uploads\/2022\/11\/H3e1367e10532483492db5946e9ca7c04e.jpg_.webp 1000w, https:\/\/eco-drinkware.com\/wp-content\/uploads\/2022\/11\/H3e1367e10532483492db5946e9ca7c04e.jpg_-300x300.webp 300w, https:\/\/eco-drinkware.com\/wp-content\/uploads\/2022\/11\/H3e1367e10532483492db5946e9ca7c04e.jpg_-150x150.webp 150w, https:\/\/eco-drinkware.com\/wp-content\/uploads\/2022\/11\/H3e1367e10532483492db5946e9ca7c04e.jpg_-768x768.webp 768w, https:\/\/eco-drinkware.com\/wp-content\/uploads\/2022\/11\/H3e1367e10532483492db5946e9ca7c04e.jpg_-600x600.webp 600w, https:\/\/eco-drinkware.com\/wp-content\/uploads\/2022\/11\/H3e1367e10532483492db5946e9ca7c04e.jpg_-100x100.webp 100w\" sizes=\"auto, (max-width: 1000px) 100vw, 1000px\" \/><\/figure>\n\n\n\n<figure class=\"wp-block-image size-full\"><img loading=\"lazy\" decoding=\"async\" width=\"1000\" height=\"1000\" src=\"https:\/\/eco-drinkware.com\/wp-content\/uploads\/2022\/11\/H340f77c1e7954ca59c345ea0bff719c6l.jpg_.webp\" alt=\"\" class=\"wp-image-954\" srcset=\"https:\/\/eco-drinkware.com\/wp-content\/uploads\/2022\/11\/H340f77c1e7954ca59c345ea0bff719c6l.jpg_.webp 1000w, https:\/\/eco-drinkware.com\/wp-content\/uploads\/2022\/11\/H340f77c1e7954ca59c345ea0bff719c6l.jpg_-300x300.webp 300w, https:\/\/eco-drinkware.com\/wp-content\/uploads\/2022\/11\/H340f77c1e7954ca59c345ea0bff719c6l.jpg_-150x150.webp 150w, https:\/\/eco-drinkware.com\/wp-content\/uploads\/2022\/11\/H340f77c1e7954ca59c345ea0bff719c6l.jpg_-768x768.webp 768w, https:\/\/eco-drinkware.com\/wp-content\/uploads\/2022\/11\/H340f77c1e7954ca59c345ea0bff719c6l.jpg_-600x600.webp 600w, https:\/\/eco-drinkware.com\/wp-content\/uploads\/2022\/11\/H340f77c1e7954ca59c345ea0bff719c6l.jpg_-100x100.webp 100w\" sizes=\"auto, (max-width: 1000px) 100vw, 1000px\" \/><\/figure>\n\n\n\n<figure class=\"wp-block-image size-full\"><img loading=\"lazy\" decoding=\"async\" width=\"750\" height=\"777\" src=\"https:\/\/eco-drinkware.com\/wp-content\/uploads\/2022\/11\/HTB1RxS4CWSWBuNjSsrbq6y0mVXaS.jpg_.webp\" alt=\"\" class=\"wp-image-949\" srcset=\"https:\/\/eco-drinkware.com\/wp-content\/uploads\/2022\/11\/HTB1RxS4CWSWBuNjSsrbq6y0mVXaS.jpg_.webp 750w, https:\/\/eco-drinkware.com\/wp-content\/uploads\/2022\/11\/HTB1RxS4CWSWBuNjSsrbq6y0mVXaS.jpg_-290x300.webp 290w, https:\/\/eco-drinkware.com\/wp-content\/uploads\/2022\/11\/HTB1RxS4CWSWBuNjSsrbq6y0mVXaS.jpg_-145x150.webp 145w, https:\/\/eco-drinkware.com\/wp-content\/uploads\/2022\/11\/HTB1RxS4CWSWBuNjSsrbq6y0mVXaS.jpg_-600x622.webp 600w\" sizes=\"auto, (max-width: 750px) 100vw, 750px\" \/><\/figure>\n\n\n\n<figure class=\"wp-block-image size-full\"><img loading=\"lazy\" decoding=\"async\" width=\"750\" height=\"946\" src=\"https:\/\/eco-drinkware.com\/wp-content\/uploads\/2022\/11\/HTB1fpEnCYSYBuNjSspiq6xNzpXaG.jpg_.webp\" alt=\"\" class=\"wp-image-948\" srcset=\"https:\/\/eco-drinkware.com\/wp-content\/uploads\/2022\/11\/HTB1fpEnCYSYBuNjSspiq6xNzpXaG.jpg_.webp 750w, https:\/\/eco-drinkware.com\/wp-content\/uploads\/2022\/11\/HTB1fpEnCYSYBuNjSspiq6xNzpXaG.jpg_-238x300.webp 238w, https:\/\/eco-drinkware.com\/wp-content\/uploads\/2022\/11\/HTB1fpEnCYSYBuNjSspiq6xNzpXaG.jpg_-119x150.webp 119w, https:\/\/eco-drinkware.com\/wp-content\/uploads\/2022\/11\/HTB1fpEnCYSYBuNjSspiq6xNzpXaG.jpg_-600x757.webp 600w\" sizes=\"auto, (max-width: 750px) 100vw, 750px\" \/><\/figure>\n\n\n\n<p><strong>P: \u00bfSon ustedes comerciantes o fabricantes?\u00a0<\/strong><br>R: Somos de f\u00e1brica.<\/p>\n\n\n\n<p><strong>P: \u00bfCu\u00e1l es el plazo de entrega?<\/strong><br>R: Generalmente es de 5-10 d\u00edas si la mercanc\u00eda est\u00e1 en stock. o es de 15-20 d\u00edas si la mercanc\u00eda no est\u00e1 en stock, es de acuerdo a la cantidad.<\/p>\n\n\n\n<p><strong>P: \u00bfProporcionan muestras? \u00bfSon gratuitas o adicionales?<\/strong><br>R: S\u00ed, podr\u00edamos ofrecer la muestra de forma gratuita, pero no pagar el costo de la carga.<\/p>\n\n\n\n<p><strong>P: \u00bfCu\u00e1les son sus condiciones de pago?<\/strong><br>A: Pago=1000USD, 30% T\/T por adelantado, equilibrio antes del shippment.<\/p>\n\n\n\n<figure class=\"wp-block-image size-full\"><img loading=\"lazy\" decoding=\"async\" width=\"750\" height=\"494\" src=\"https:\/\/eco-drinkware.com\/wp-content\/uploads\/2022\/11\/HTB1aQ7LC49YBuNjy0Ffq6xIsVXaQ.jpg_.webp\" alt=\"\" class=\"wp-image-947\" srcset=\"https:\/\/eco-drinkware.com\/wp-content\/uploads\/2022\/11\/HTB1aQ7LC49YBuNjy0Ffq6xIsVXaQ.jpg_.webp 750w, https:\/\/eco-drinkware.com\/wp-content\/uploads\/2022\/11\/HTB1aQ7LC49YBuNjy0Ffq6xIsVXaQ.jpg_-300x198.webp 300w, https:\/\/eco-drinkware.com\/wp-content\/uploads\/2022\/11\/HTB1aQ7LC49YBuNjy0Ffq6xIsVXaQ.jpg_-150x99.webp 150w, https:\/\/eco-drinkware.com\/wp-content\/uploads\/2022\/11\/HTB1aQ7LC49YBuNjy0Ffq6xIsVXaQ.jpg_-600x395.webp 600w\" sizes=\"auto, (max-width: 750px) 100vw, 750px\" \/><\/figure>\n\n\n\n<p>Acci\u00f3n inmediata P\u00f3ngase en contacto con nosotros para solicitar el CAT\u00c1LOGO COMPLETO<\/p>\n\n\n\n<p>M\u00c1S DE 30000 DISE\u00d1OS ESPER\u00c1NDOTE.<\/p>\n\n\n\n<p>P\u00d3NGASE EN CONTACTO CON NOSOTROS PARA SOLICITAR EL CAT\u00c1LOGO COMPLETO.<\/p>\n\n\n\n<p>CONFIAMOS EN QUE LE GUSTEN NUESTROS DISE\u00d1OS Y PRECIOS.<\/p>\n\n\n\n<p>WHATSAPP : 008613567428830<\/p>\n\n\n\n<p>Si necesita una muestra gratuita, haga clic en \"enviar\" a continuaci\u00f3n<\/p>","protected":false},"excerpt":{"rendered":"<p>Con 15 a\u00f1os de experiencia en la producci\u00f3n de botellas, hemos realizado trabajos de OEM y ODM para muchas marcas famosas de todo el mundo. La l\u00ednea de producci\u00f3n principal es botella del infuser del t\u00e9, vaso del caf\u00e9, termo. La calidad es nuestra cultura. Nuestra misi\u00f3n es hacer la tierra m\u00e1s limpia y<\/p>","protected":false},"featured_media":950,"template":"","meta":{"_acf_changed":false,"_seopress_robots_primary_cat":"","_seopress_titles_title":"","_seopress_titles_desc":"","_seopress_robots_index":"","_uag_custom_page_level_css":""},"product_brand":[],"product_cat":[15],"product_tag":[],"class_list":{"0":"post-550","1":"product","2":"type-product","3":"status-publish","4":"has-post-thumbnail","6":"product_cat-drinkware-accessories","8":"first","9":"instock","10":"shipping-taxable","11":"product-type-simple"},"acf":[],"uagb_featured_image_src":{"full":["https:\/\/eco-drinkware.com\/wp-content\/uploads\/2022\/11\/88_0.webp",1000,1000,false],"thumbnail":["https:\/\/eco-drinkware.com\/wp-content\/uploads\/2022\/11\/88_0-150x150.webp",150,150,true],"medium":["https:\/\/eco-drinkware.com\/wp-content\/uploads\/2022\/11\/88_0-300x300.webp",300,300,true],"medium_large":["https:\/\/eco-drinkware.com\/wp-content\/uploads\/2022\/11\/88_0-768x768.webp",768,768,true],"large":["https:\/\/eco-drinkware.com\/wp-content\/uploads\/2022\/11\/88_0.webp",1000,1000,false],"1536x1536":["https:\/\/eco-drinkware.com\/wp-content\/uploads\/2022\/11\/88_0.webp",1000,1000,false],"2048x2048":["https:\/\/eco-drinkware.com\/wp-content\/uploads\/2022\/11\/88_0.webp",1000,1000,false],"trp-custom-language-flag":["https:\/\/eco-drinkware.com\/wp-content\/uploads\/2022\/11\/88_0.webp",12,12,false],"woocommerce_thumbnail":["https:\/\/eco-drinkware.com\/wp-content\/uploads\/2022\/11\/88_0-300x300.webp",300,300,true],"woocommerce_single":["https:\/\/eco-drinkware.com\/wp-content\/uploads\/2022\/11\/88_0-600x600.webp",600,600,true],"woocommerce_gallery_thumbnail":["https:\/\/eco-drinkware.com\/wp-content\/uploads\/2022\/11\/88_0-100x100.webp",100,100,true]},"uagb_author_info":{"display_name":"Amy","author_link":"https:\/\/eco-drinkware.com\/es\/author\/"},"uagb_comment_info":0,"uagb_excerpt":"With 15 years bottle production experience ,have done OEM and ODM work for many famous brand all over the world . Main production line is tea infuser bottle ,coffee tumbler , thermos . Quality is our culture . Our mission is make the earth cleaner and bet","_links":{"self":[{"href":"https:\/\/eco-drinkware.com\/es\/wp-json\/wp\/v2\/product\/550","targetHints":{"allow":["GET"]}}],"collection":[{"href":"https:\/\/eco-drinkware.com\/es\/wp-json\/wp\/v2\/product"}],"about":[{"href":"https:\/\/eco-drinkware.com\/es\/wp-json\/wp\/v2\/types\/product"}],"wp:featuredmedia":[{"embeddable":true,"href":"https:\/\/eco-drinkware.com\/es\/wp-json\/wp\/v2\/media\/950"}],"wp:attachment":[{"href":"https:\/\/eco-drinkware.com\/es\/wp-json\/wp\/v2\/media?parent=550"}],"wp:term":[{"taxonomy":"product_brand","embeddable":true,"href":"https:\/\/eco-drinkware.com\/es\/wp-json\/wp\/v2\/product_brand?post=550"},{"taxonomy":"product_cat","embeddable":true,"href":"https:\/\/eco-drinkware.com\/es\/wp-json\/wp\/v2\/product_cat?post=550"},{"taxonomy":"product_tag","embeddable":true,"href":"https:\/\/eco-drinkware.com\/es\/wp-json\/wp\/v2\/product_tag?post=550"}],"curies":[{"name":"wp","href":"https:\/\/api.w.org\/{rel}","templated":true}]}}