{"id":558,"date":"2022-11-03T16:04:14","date_gmt":"2022-11-03T16:04:14","guid":{"rendered":"https:\/\/eco-drinkware.com\/?post_type=product&#038;p=558"},"modified":"2022-11-04T10:11:06","modified_gmt":"2022-11-04T10:11:06","slug":"81-sin-minimo-de-existencias-botella-termo-promocional-de-acero-inoxidable-aislada-de-doble-pared-botella-de-cola-al-vacio-81","status":"publish","type":"product","link":"https:\/\/eco-drinkware.com\/es\/product\/81-sin-minimo-de-existencias-botella-termo-promocional-de-acero-inoxidable-aislada-de-doble-pared-botella-de-cola-al-vacio-81\/","title":{"rendered":"Stocked Botella termo promocional de acero inoxidable aislante de doble pared botella de cola al vac\u00edo"},"content":{"rendered":"<figure class=\"wp-block-table\"><table><tbody><tr><td>Nombre<\/td><td>Stocked Botella termo promocional de acero inoxidable aislante de doble pared botella de cola al vac\u00edo<\/td><\/tr><tr><td>Material<\/td><td>Interior de acero inoxidable 304, exterior de acero inoxidable 201<\/td><\/tr><tr><td>Capacidad<\/td><td>500 ml<\/td><\/tr><tr><td>Color<\/td><td>Personalizado<\/td><\/tr><tr><td>Imprimir<\/td><td>Impresi\u00f3n en seda, transferencia t\u00e9rmica, impresi\u00f3n por transferencia de agua, etc.<\/td><\/tr><tr><td>Logotipo<\/td><td>Personalizado<\/td><\/tr><tr><td>MOQ<\/td><td>50 unidades<\/td><\/tr><tr><td>Tiempo de muestreo<\/td><td>5-8 d\u00edas<\/td><\/tr><tr><td>Detalles del embalaje<\/td><td>1PC\/OPP, embalaje en caja de huevos, caja de color, cyliner, caja blanca, 50PCS\/CTN<\/td><\/tr><tr><td>Plazo de pago<\/td><td>30% dep\u00f3sito, el saldo antes del env\u00edo<\/td><\/tr><\/tbody><\/table><\/figure>\n\n\n\n<figure class=\"wp-block-image size-full\"><img loading=\"lazy\" decoding=\"async\" width=\"809\" height=\"654\" src=\"https:\/\/eco-drinkware.com\/wp-content\/uploads\/2022\/11\/HTB1xyLmbr1YBuNjSszhq6AUsFXap.jpg_.webp\" alt=\"\" class=\"wp-image-1004\" srcset=\"https:\/\/eco-drinkware.com\/wp-content\/uploads\/2022\/11\/HTB1xyLmbr1YBuNjSszhq6AUsFXap.jpg_.webp 809w, https:\/\/eco-drinkware.com\/wp-content\/uploads\/2022\/11\/HTB1xyLmbr1YBuNjSszhq6AUsFXap.jpg_-300x243.webp 300w, https:\/\/eco-drinkware.com\/wp-content\/uploads\/2022\/11\/HTB1xyLmbr1YBuNjSszhq6AUsFXap.jpg_-150x121.webp 150w, https:\/\/eco-drinkware.com\/wp-content\/uploads\/2022\/11\/HTB1xyLmbr1YBuNjSszhq6AUsFXap.jpg_-768x621.webp 768w, https:\/\/eco-drinkware.com\/wp-content\/uploads\/2022\/11\/HTB1xyLmbr1YBuNjSszhq6AUsFXap.jpg_-600x485.webp 600w\" sizes=\"auto, (max-width: 809px) 100vw, 809px\" \/><\/figure>\n\n\n\n<figure class=\"wp-block-image size-full\"><img loading=\"lazy\" decoding=\"async\" width=\"750\" height=\"579\" src=\"https:\/\/eco-drinkware.com\/wp-content\/uploads\/2022\/11\/HTB1UD_pbrSYBuNjSspfq6AZCpXa0.jpg_.webp\" alt=\"\" class=\"wp-image-1014\" srcset=\"https:\/\/eco-drinkware.com\/wp-content\/uploads\/2022\/11\/HTB1UD_pbrSYBuNjSspfq6AZCpXa0.jpg_.webp 750w, https:\/\/eco-drinkware.com\/wp-content\/uploads\/2022\/11\/HTB1UD_pbrSYBuNjSspfq6AZCpXa0.jpg_-300x232.webp 300w, https:\/\/eco-drinkware.com\/wp-content\/uploads\/2022\/11\/HTB1UD_pbrSYBuNjSspfq6AZCpXa0.jpg_-150x116.webp 150w, https:\/\/eco-drinkware.com\/wp-content\/uploads\/2022\/11\/HTB1UD_pbrSYBuNjSspfq6AZCpXa0.jpg_-600x463.webp 600w\" sizes=\"auto, (max-width: 750px) 100vw, 750px\" \/><\/figure>\n\n\n\n<figure class=\"wp-block-image size-full\"><img loading=\"lazy\" decoding=\"async\" width=\"750\" height=\"731\" src=\"https:\/\/eco-drinkware.com\/wp-content\/uploads\/2022\/11\/HTB1Y8jXbCCWBuNjy0Fhq6z6EVXac.jpg_.webp\" alt=\"\" class=\"wp-image-1005\" srcset=\"https:\/\/eco-drinkware.com\/wp-content\/uploads\/2022\/11\/HTB1Y8jXbCCWBuNjy0Fhq6z6EVXac.jpg_.webp 750w, https:\/\/eco-drinkware.com\/wp-content\/uploads\/2022\/11\/HTB1Y8jXbCCWBuNjy0Fhq6z6EVXac.jpg_-300x292.webp 300w, https:\/\/eco-drinkware.com\/wp-content\/uploads\/2022\/11\/HTB1Y8jXbCCWBuNjy0Fhq6z6EVXac.jpg_-150x146.webp 150w, https:\/\/eco-drinkware.com\/wp-content\/uploads\/2022\/11\/HTB1Y8jXbCCWBuNjy0Fhq6z6EVXac.jpg_-600x585.webp 600w\" sizes=\"auto, (max-width: 750px) 100vw, 750px\" \/><\/figure>\n\n\n\n<figure class=\"wp-block-image size-full\"><img loading=\"lazy\" decoding=\"async\" width=\"750\" height=\"762\" src=\"https:\/\/eco-drinkware.com\/wp-content\/uploads\/2022\/11\/HTB1GqYTexSYBuNjSspjq6x73VXaC.jpg_.webp\" alt=\"\" class=\"wp-image-1015\" srcset=\"https:\/\/eco-drinkware.com\/wp-content\/uploads\/2022\/11\/HTB1GqYTexSYBuNjSspjq6x73VXaC.jpg_.webp 750w, https:\/\/eco-drinkware.com\/wp-content\/uploads\/2022\/11\/HTB1GqYTexSYBuNjSspjq6x73VXaC.jpg_-295x300.webp 295w, https:\/\/eco-drinkware.com\/wp-content\/uploads\/2022\/11\/HTB1GqYTexSYBuNjSspjq6x73VXaC.jpg_-148x150.webp 148w, https:\/\/eco-drinkware.com\/wp-content\/uploads\/2022\/11\/HTB1GqYTexSYBuNjSspjq6x73VXaC.jpg_-600x610.webp 600w\" sizes=\"auto, (max-width: 750px) 100vw, 750px\" \/><\/figure>\n\n\n\n<figure class=\"wp-block-image size-full\"><img loading=\"lazy\" decoding=\"async\" width=\"800\" height=\"800\" src=\"https:\/\/eco-drinkware.com\/wp-content\/uploads\/2022\/11\/HTB1QZ_SeASWBuNjSszdq6zeSpXaa.jpg_.webp\" alt=\"\" class=\"wp-image-1016\" srcset=\"https:\/\/eco-drinkware.com\/wp-content\/uploads\/2022\/11\/HTB1QZ_SeASWBuNjSszdq6zeSpXaa.jpg_.webp 800w, https:\/\/eco-drinkware.com\/wp-content\/uploads\/2022\/11\/HTB1QZ_SeASWBuNjSszdq6zeSpXaa.jpg_-300x300.webp 300w, https:\/\/eco-drinkware.com\/wp-content\/uploads\/2022\/11\/HTB1QZ_SeASWBuNjSszdq6zeSpXaa.jpg_-150x150.webp 150w, https:\/\/eco-drinkware.com\/wp-content\/uploads\/2022\/11\/HTB1QZ_SeASWBuNjSszdq6zeSpXaa.jpg_-768x768.webp 768w, https:\/\/eco-drinkware.com\/wp-content\/uploads\/2022\/11\/HTB1QZ_SeASWBuNjSszdq6zeSpXaa.jpg_-600x600.webp 600w, https:\/\/eco-drinkware.com\/wp-content\/uploads\/2022\/11\/HTB1QZ_SeASWBuNjSszdq6zeSpXaa.jpg_-100x100.webp 100w\" sizes=\"auto, (max-width: 800px) 100vw, 800px\" \/><\/figure>\n\n\n\n<figure class=\"wp-block-image size-full\"><img loading=\"lazy\" decoding=\"async\" width=\"750\" height=\"756\" src=\"https:\/\/eco-drinkware.com\/wp-content\/uploads\/2022\/11\/HTB1y5f1euOSBuNjy0Fdq6zDnVXa2.jpg_.webp\" alt=\"\" class=\"wp-image-1017\" srcset=\"https:\/\/eco-drinkware.com\/wp-content\/uploads\/2022\/11\/HTB1y5f1euOSBuNjy0Fdq6zDnVXa2.jpg_.webp 750w, https:\/\/eco-drinkware.com\/wp-content\/uploads\/2022\/11\/HTB1y5f1euOSBuNjy0Fdq6zDnVXa2.jpg_-298x300.webp 298w, https:\/\/eco-drinkware.com\/wp-content\/uploads\/2022\/11\/HTB1y5f1euOSBuNjy0Fdq6zDnVXa2.jpg_-150x150.webp 150w, https:\/\/eco-drinkware.com\/wp-content\/uploads\/2022\/11\/HTB1y5f1euOSBuNjy0Fdq6zDnVXa2.jpg_-600x605.webp 600w, https:\/\/eco-drinkware.com\/wp-content\/uploads\/2022\/11\/HTB1y5f1euOSBuNjy0Fdq6zDnVXa2.jpg_-100x100.webp 100w\" sizes=\"auto, (max-width: 750px) 100vw, 750px\" \/><\/figure>","protected":false},"excerpt":{"rendered":"<p>Con 15 a\u00f1os de experiencia en la producci\u00f3n de botellas, hemos realizado trabajos de OEM y ODM para muchas marcas famosas de todo el mundo. La l\u00ednea de producci\u00f3n principal es botella del infuser del t\u00e9, vaso del caf\u00e9, termo. La calidad es nuestra cultura. Nuestra misi\u00f3n es hacer la tierra m\u00e1s limpia y<\/p>","protected":false},"featured_media":1009,"template":"","meta":{"_acf_changed":false,"_seopress_robots_primary_cat":"","_seopress_titles_title":"","_seopress_titles_desc":"","_seopress_robots_index":"","_uag_custom_page_level_css":""},"product_brand":[],"product_cat":[15],"product_tag":[],"class_list":{"0":"post-558","1":"product","2":"type-product","3":"status-publish","4":"has-post-thumbnail","6":"product_cat-drinkware-accessories","8":"first","9":"instock","10":"shipping-taxable","11":"product-type-simple"},"acf":[],"uagb_featured_image_src":{"full":["https:\/\/eco-drinkware.com\/wp-content\/uploads\/2022\/11\/81_0.webp",750,756,false],"thumbnail":["https:\/\/eco-drinkware.com\/wp-content\/uploads\/2022\/11\/81_0-150x150.webp",150,150,true],"medium":["https:\/\/eco-drinkware.com\/wp-content\/uploads\/2022\/11\/81_0-298x300.webp",298,300,true],"medium_large":["https:\/\/eco-drinkware.com\/wp-content\/uploads\/2022\/11\/81_0.webp",750,756,false],"large":["https:\/\/eco-drinkware.com\/wp-content\/uploads\/2022\/11\/81_0.webp",750,756,false],"1536x1536":["https:\/\/eco-drinkware.com\/wp-content\/uploads\/2022\/11\/81_0.webp",750,756,false],"2048x2048":["https:\/\/eco-drinkware.com\/wp-content\/uploads\/2022\/11\/81_0.webp",750,756,false],"trp-custom-language-flag":["https:\/\/eco-drinkware.com\/wp-content\/uploads\/2022\/11\/81_0.webp",12,12,false],"woocommerce_thumbnail":["https:\/\/eco-drinkware.com\/wp-content\/uploads\/2022\/11\/81_0-300x300.webp",300,300,true],"woocommerce_single":["https:\/\/eco-drinkware.com\/wp-content\/uploads\/2022\/11\/81_0-600x605.webp",600,605,true],"woocommerce_gallery_thumbnail":["https:\/\/eco-drinkware.com\/wp-content\/uploads\/2022\/11\/81_0-100x100.webp",100,100,true]},"uagb_author_info":{"display_name":"Amy","author_link":"https:\/\/eco-drinkware.com\/es\/author\/"},"uagb_comment_info":0,"uagb_excerpt":"With 15 years bottle production experience ,have done OEM and ODM work for many famous brand all over the world . Main production line is tea infuser bottle ,coffee tumbler , thermos . Quality is our culture . Our mission is make the earth cleaner and bet","_links":{"self":[{"href":"https:\/\/eco-drinkware.com\/es\/wp-json\/wp\/v2\/product\/558","targetHints":{"allow":["GET"]}}],"collection":[{"href":"https:\/\/eco-drinkware.com\/es\/wp-json\/wp\/v2\/product"}],"about":[{"href":"https:\/\/eco-drinkware.com\/es\/wp-json\/wp\/v2\/types\/product"}],"wp:featuredmedia":[{"embeddable":true,"href":"https:\/\/eco-drinkware.com\/es\/wp-json\/wp\/v2\/media\/1009"}],"wp:attachment":[{"href":"https:\/\/eco-drinkware.com\/es\/wp-json\/wp\/v2\/media?parent=558"}],"wp:term":[{"taxonomy":"product_brand","embeddable":true,"href":"https:\/\/eco-drinkware.com\/es\/wp-json\/wp\/v2\/product_brand?post=558"},{"taxonomy":"product_cat","embeddable":true,"href":"https:\/\/eco-drinkware.com\/es\/wp-json\/wp\/v2\/product_cat?post=558"},{"taxonomy":"product_tag","embeddable":true,"href":"https:\/\/eco-drinkware.com\/es\/wp-json\/wp\/v2\/product_tag?post=558"}],"curies":[{"name":"wp","href":"https:\/\/api.w.org\/{rel}","templated":true}]}}