{"id":573,"date":"2022-11-03T16:03:07","date_gmt":"2022-11-03T16:03:07","guid":{"rendered":"https:\/\/eco-drinkware.com\/?post_type=product&#038;p=573"},"modified":"2022-11-04T10:04:02","modified_gmt":"2022-11-04T10:04:02","slug":"83-buena-calidad-logotipo-personalizado-al-por-mayor-cepillo-de-dientes-de-bambu-natural-respetuoso-del-medio-ambiente-83","status":"publish","type":"product","link":"https:\/\/eco-drinkware.com\/es\/product\/83-buena-calidad-logotipo-personalizado-al-por-mayor-cepillo-de-dientes-de-bambu-natural-respetuoso-del-medio-ambiente-83\/","title":{"rendered":"Buena calidad logotipo personalizado al por mayor cepillo de dientes de bamb\u00fa natural ecol\u00f3gico"},"content":{"rendered":"<figure class=\"wp-block-image size-full\"><img loading=\"lazy\" decoding=\"async\" width=\"800\" height=\"1042\" src=\"https:\/\/eco-drinkware.com\/wp-content\/uploads\/2022\/11\/HTB1QTtGbfImBKNjSZFlq6A43FXaz.jpg\" alt=\"\" class=\"wp-image-996\" srcset=\"https:\/\/eco-drinkware.com\/wp-content\/uploads\/2022\/11\/HTB1QTtGbfImBKNjSZFlq6A43FXaz.jpg 800w, https:\/\/eco-drinkware.com\/wp-content\/uploads\/2022\/11\/HTB1QTtGbfImBKNjSZFlq6A43FXaz-230x300.jpg 230w, https:\/\/eco-drinkware.com\/wp-content\/uploads\/2022\/11\/HTB1QTtGbfImBKNjSZFlq6A43FXaz-115x150.jpg 115w, https:\/\/eco-drinkware.com\/wp-content\/uploads\/2022\/11\/HTB1QTtGbfImBKNjSZFlq6A43FXaz-768x1000.jpg 768w, https:\/\/eco-drinkware.com\/wp-content\/uploads\/2022\/11\/HTB1QTtGbfImBKNjSZFlq6A43FXaz-600x782.jpg 600w\" sizes=\"auto, (max-width: 800px) 100vw, 800px\" \/><\/figure>\n\n\n\n<figure class=\"wp-block-image size-full\"><img loading=\"lazy\" decoding=\"async\" width=\"2560\" height=\"1707\" src=\"https:\/\/eco-drinkware.com\/wp-content\/uploads\/2022\/11\/HTB1uF4WbRWD3KVjSZKPq6yp7FXaM.jpg_-scaled.webp\" alt=\"\" class=\"wp-image-997\" srcset=\"https:\/\/eco-drinkware.com\/wp-content\/uploads\/2022\/11\/HTB1uF4WbRWD3KVjSZKPq6yp7FXaM.jpg_-scaled.webp 2560w, https:\/\/eco-drinkware.com\/wp-content\/uploads\/2022\/11\/HTB1uF4WbRWD3KVjSZKPq6yp7FXaM.jpg_-300x200.webp 300w, https:\/\/eco-drinkware.com\/wp-content\/uploads\/2022\/11\/HTB1uF4WbRWD3KVjSZKPq6yp7FXaM.jpg_-150x100.webp 150w, https:\/\/eco-drinkware.com\/wp-content\/uploads\/2022\/11\/HTB1uF4WbRWD3KVjSZKPq6yp7FXaM.jpg_-768x512.webp 768w, https:\/\/eco-drinkware.com\/wp-content\/uploads\/2022\/11\/HTB1uF4WbRWD3KVjSZKPq6yp7FXaM.jpg_-1536x1024.webp 1536w, https:\/\/eco-drinkware.com\/wp-content\/uploads\/2022\/11\/HTB1uF4WbRWD3KVjSZKPq6yp7FXaM.jpg_-2048x1365.webp 2048w, https:\/\/eco-drinkware.com\/wp-content\/uploads\/2022\/11\/HTB1uF4WbRWD3KVjSZKPq6yp7FXaM.jpg_-600x400.webp 600w\" sizes=\"auto, (max-width: 2560px) 100vw, 2560px\" \/><\/figure>\n\n\n\n<figure class=\"wp-block-image size-full\"><img loading=\"lazy\" decoding=\"async\" width=\"2560\" height=\"1707\" src=\"https:\/\/eco-drinkware.com\/wp-content\/uploads\/2022\/11\/HTB1Ckt1bRKw3KVjSZTEq6AuRpXa0.jpg_-scaled.webp\" alt=\"\" class=\"wp-image-999\" srcset=\"https:\/\/eco-drinkware.com\/wp-content\/uploads\/2022\/11\/HTB1Ckt1bRKw3KVjSZTEq6AuRpXa0.jpg_-scaled.webp 2560w, https:\/\/eco-drinkware.com\/wp-content\/uploads\/2022\/11\/HTB1Ckt1bRKw3KVjSZTEq6AuRpXa0.jpg_-300x200.webp 300w, https:\/\/eco-drinkware.com\/wp-content\/uploads\/2022\/11\/HTB1Ckt1bRKw3KVjSZTEq6AuRpXa0.jpg_-150x100.webp 150w, https:\/\/eco-drinkware.com\/wp-content\/uploads\/2022\/11\/HTB1Ckt1bRKw3KVjSZTEq6AuRpXa0.jpg_-768x512.webp 768w, https:\/\/eco-drinkware.com\/wp-content\/uploads\/2022\/11\/HTB1Ckt1bRKw3KVjSZTEq6AuRpXa0.jpg_-1536x1024.webp 1536w, https:\/\/eco-drinkware.com\/wp-content\/uploads\/2022\/11\/HTB1Ckt1bRKw3KVjSZTEq6AuRpXa0.jpg_-2048x1365.webp 2048w, https:\/\/eco-drinkware.com\/wp-content\/uploads\/2022\/11\/HTB1Ckt1bRKw3KVjSZTEq6AuRpXa0.jpg_-600x400.webp 600w\" sizes=\"auto, (max-width: 2560px) 100vw, 2560px\" \/><\/figure>","protected":false},"excerpt":{"rendered":"<p>Con 15 a\u00f1os de experiencia en la producci\u00f3n de botellas, hemos realizado trabajos de OEM y ODM para muchas marcas famosas de todo el mundo. La l\u00ednea de producci\u00f3n principal es botella del infuser del t\u00e9, vaso del caf\u00e9, termo. La calidad es nuestra cultura. Nuestra misi\u00f3n es hacer la tierra m\u00e1s limpia y<\/p>","protected":false},"featured_media":995,"template":"","meta":{"_acf_changed":false,"_seopress_robots_primary_cat":"","_seopress_titles_title":"","_seopress_titles_desc":"","_seopress_robots_index":"","_uag_custom_page_level_css":""},"product_brand":[],"product_cat":[15],"product_tag":[],"class_list":{"0":"post-573","1":"product","2":"type-product","3":"status-publish","4":"has-post-thumbnail","6":"product_cat-drinkware-accessories","8":"first","9":"instock","10":"shipping-taxable","11":"product-type-simple"},"acf":[],"uagb_featured_image_src":{"full":["https:\/\/eco-drinkware.com\/wp-content\/uploads\/2022\/11\/83_0.webp",800,800,false],"thumbnail":["https:\/\/eco-drinkware.com\/wp-content\/uploads\/2022\/11\/83_0-150x150.webp",150,150,true],"medium":["https:\/\/eco-drinkware.com\/wp-content\/uploads\/2022\/11\/83_0-300x300.webp",300,300,true],"medium_large":["https:\/\/eco-drinkware.com\/wp-content\/uploads\/2022\/11\/83_0-768x768.webp",768,768,true],"large":["https:\/\/eco-drinkware.com\/wp-content\/uploads\/2022\/11\/83_0.webp",800,800,false],"1536x1536":["https:\/\/eco-drinkware.com\/wp-content\/uploads\/2022\/11\/83_0.webp",800,800,false],"2048x2048":["https:\/\/eco-drinkware.com\/wp-content\/uploads\/2022\/11\/83_0.webp",800,800,false],"trp-custom-language-flag":["https:\/\/eco-drinkware.com\/wp-content\/uploads\/2022\/11\/83_0.webp",12,12,false],"woocommerce_thumbnail":["https:\/\/eco-drinkware.com\/wp-content\/uploads\/2022\/11\/83_0-300x300.webp",300,300,true],"woocommerce_single":["https:\/\/eco-drinkware.com\/wp-content\/uploads\/2022\/11\/83_0-600x600.webp",600,600,true],"woocommerce_gallery_thumbnail":["https:\/\/eco-drinkware.com\/wp-content\/uploads\/2022\/11\/83_0-100x100.webp",100,100,true]},"uagb_author_info":{"display_name":"Amy","author_link":"https:\/\/eco-drinkware.com\/es\/author\/"},"uagb_comment_info":0,"uagb_excerpt":"With 15 years bottle production experience ,have done OEM and ODM work for many famous brand all over the world . Main production line is tea infuser bottle ,coffee tumbler , thermos . Quality is our culture . Our mission is make the earth cleaner and bet","_links":{"self":[{"href":"https:\/\/eco-drinkware.com\/es\/wp-json\/wp\/v2\/product\/573","targetHints":{"allow":["GET"]}}],"collection":[{"href":"https:\/\/eco-drinkware.com\/es\/wp-json\/wp\/v2\/product"}],"about":[{"href":"https:\/\/eco-drinkware.com\/es\/wp-json\/wp\/v2\/types\/product"}],"wp:featuredmedia":[{"embeddable":true,"href":"https:\/\/eco-drinkware.com\/es\/wp-json\/wp\/v2\/media\/995"}],"wp:attachment":[{"href":"https:\/\/eco-drinkware.com\/es\/wp-json\/wp\/v2\/media?parent=573"}],"wp:term":[{"taxonomy":"product_brand","embeddable":true,"href":"https:\/\/eco-drinkware.com\/es\/wp-json\/wp\/v2\/product_brand?post=573"},{"taxonomy":"product_cat","embeddable":true,"href":"https:\/\/eco-drinkware.com\/es\/wp-json\/wp\/v2\/product_cat?post=573"},{"taxonomy":"product_tag","embeddable":true,"href":"https:\/\/eco-drinkware.com\/es\/wp-json\/wp\/v2\/product_tag?post=573"}],"curies":[{"name":"wp","href":"https:\/\/api.w.org\/{rel}","templated":true}]}}