{"id":578,"date":"2022-11-03T16:04:32","date_gmt":"2022-11-03T16:04:32","guid":{"rendered":"https:\/\/eco-drinkware.com\/?post_type=product&#038;p=578"},"modified":"2022-11-25T08:50:01","modified_gmt":"2022-11-25T08:50:01","slug":"79-sin-minimo-personalizada-12oz-de-doble-pared-de-acero-inoxidable-termo-taza-de-vino-con-tapa-de-bambu-79","status":"publish","type":"product","link":"https:\/\/eco-drinkware.com\/es\/product\/79-sin-minimo-personalizada-12oz-de-doble-pared-de-acero-inoxidable-termo-taza-de-vino-con-tapa-de-bambu-79\/","title":{"rendered":"Tazas de caf\u00e9 de viaje personalizadas con tapa"},"content":{"rendered":"<p>3 estilos de tapas para la taza de caf\u00e9 de viaje: tapa de bamb\u00fa, tapa de pp, tapa de pp deslizante.<br>La taza de caf\u00e9 es al vac\u00edo, interior de acero inoxidable 304, exterior de acero inoxidable 201.<br>Muchos colores de stock para la taza termo de caf\u00e9 personalizada.<br>Capacidad: 350 ml.<\/p>\n\n\n\n<figure class=\"wp-block-image size-full\"><img loading=\"lazy\" decoding=\"async\" width=\"800\" height=\"800\" src=\"https:\/\/eco-drinkware.com\/wp-content\/uploads\/2022\/11\/2021-05-14-17-52-207.webp\" alt=\"\" class=\"wp-image-1031\" srcset=\"https:\/\/eco-drinkware.com\/wp-content\/uploads\/2022\/11\/2021-05-14-17-52-207.webp 800w, https:\/\/eco-drinkware.com\/wp-content\/uploads\/2022\/11\/2021-05-14-17-52-207-300x300.webp 300w, https:\/\/eco-drinkware.com\/wp-content\/uploads\/2022\/11\/2021-05-14-17-52-207-150x150.webp 150w, https:\/\/eco-drinkware.com\/wp-content\/uploads\/2022\/11\/2021-05-14-17-52-207-768x768.webp 768w, https:\/\/eco-drinkware.com\/wp-content\/uploads\/2022\/11\/2021-05-14-17-52-207-600x600.webp 600w, https:\/\/eco-drinkware.com\/wp-content\/uploads\/2022\/11\/2021-05-14-17-52-207-100x100.webp 100w\" sizes=\"auto, (max-width: 800px) 100vw, 800px\" \/><\/figure>\n\n\n\n<figure class=\"wp-block-image size-full\"><img loading=\"lazy\" decoding=\"async\" width=\"800\" height=\"800\" src=\"https:\/\/eco-drinkware.com\/wp-content\/uploads\/2022\/11\/2021-05-14-17-52-506.webp\" alt=\"\" class=\"wp-image-1032\" srcset=\"https:\/\/eco-drinkware.com\/wp-content\/uploads\/2022\/11\/2021-05-14-17-52-506.webp 800w, https:\/\/eco-drinkware.com\/wp-content\/uploads\/2022\/11\/2021-05-14-17-52-506-300x300.webp 300w, https:\/\/eco-drinkware.com\/wp-content\/uploads\/2022\/11\/2021-05-14-17-52-506-150x150.webp 150w, https:\/\/eco-drinkware.com\/wp-content\/uploads\/2022\/11\/2021-05-14-17-52-506-768x768.webp 768w, https:\/\/eco-drinkware.com\/wp-content\/uploads\/2022\/11\/2021-05-14-17-52-506-600x600.webp 600w, https:\/\/eco-drinkware.com\/wp-content\/uploads\/2022\/11\/2021-05-14-17-52-506-100x100.webp 100w\" sizes=\"auto, (max-width: 800px) 100vw, 800px\" \/><\/figure>\n\n\n\n<figure class=\"wp-block-image size-full\"><img loading=\"lazy\" decoding=\"async\" width=\"800\" height=\"800\" src=\"https:\/\/eco-drinkware.com\/wp-content\/uploads\/2022\/11\/2021-05-14-17-53-271.webp\" alt=\"\" class=\"wp-image-1026\" srcset=\"https:\/\/eco-drinkware.com\/wp-content\/uploads\/2022\/11\/2021-05-14-17-53-271.webp 800w, https:\/\/eco-drinkware.com\/wp-content\/uploads\/2022\/11\/2021-05-14-17-53-271-300x300.webp 300w, https:\/\/eco-drinkware.com\/wp-content\/uploads\/2022\/11\/2021-05-14-17-53-271-150x150.webp 150w, https:\/\/eco-drinkware.com\/wp-content\/uploads\/2022\/11\/2021-05-14-17-53-271-768x768.webp 768w, https:\/\/eco-drinkware.com\/wp-content\/uploads\/2022\/11\/2021-05-14-17-53-271-600x600.webp 600w, https:\/\/eco-drinkware.com\/wp-content\/uploads\/2022\/11\/2021-05-14-17-53-271-100x100.webp 100w\" sizes=\"auto, (max-width: 800px) 100vw, 800px\" \/><\/figure>","protected":false},"excerpt":{"rendered":"<p>3 tapas de estilo para la taza de caf\u00e9 de viaje: tapa de bamb\u00fa, tapa de pp, tapa de pp deslizante. La taza de caf\u00e9 es taza de vac\u00edo, interior de acero inoxidable 304, exterior de acero inoxidable 201. Muchos colores de stock para la taza termo de caf\u00e9 personalizada. Capacidad: 350 ml.<\/p>","protected":false},"featured_media":1027,"template":"","meta":{"_acf_changed":false,"_seopress_robots_primary_cat":"","_seopress_titles_title":"","_seopress_titles_desc":"","_seopress_robots_index":"","_uag_custom_page_level_css":""},"product_brand":[],"product_cat":[54],"product_tag":[],"class_list":{"0":"post-578","1":"product","2":"type-product","3":"status-publish","4":"has-post-thumbnail","6":"product_cat-tea-bottle-coffee-tumblers","8":"first","9":"instock","10":"shipping-taxable","11":"product-type-simple"},"acf":[],"uagb_featured_image_src":{"full":["https:\/\/eco-drinkware.com\/wp-content\/uploads\/2022\/11\/79_0.webp",1000,1000,false],"thumbnail":["https:\/\/eco-drinkware.com\/wp-content\/uploads\/2022\/11\/79_0-150x150.webp",150,150,true],"medium":["https:\/\/eco-drinkware.com\/wp-content\/uploads\/2022\/11\/79_0-300x300.webp",300,300,true],"medium_large":["https:\/\/eco-drinkware.com\/wp-content\/uploads\/2022\/11\/79_0-768x768.webp",768,768,true],"large":["https:\/\/eco-drinkware.com\/wp-content\/uploads\/2022\/11\/79_0.webp",1000,1000,false],"1536x1536":["https:\/\/eco-drinkware.com\/wp-content\/uploads\/2022\/11\/79_0.webp",1000,1000,false],"2048x2048":["https:\/\/eco-drinkware.com\/wp-content\/uploads\/2022\/11\/79_0.webp",1000,1000,false],"trp-custom-language-flag":["https:\/\/eco-drinkware.com\/wp-content\/uploads\/2022\/11\/79_0.webp",12,12,false],"woocommerce_thumbnail":["https:\/\/eco-drinkware.com\/wp-content\/uploads\/2022\/11\/79_0-300x300.webp",300,300,true],"woocommerce_single":["https:\/\/eco-drinkware.com\/wp-content\/uploads\/2022\/11\/79_0-600x600.webp",600,600,true],"woocommerce_gallery_thumbnail":["https:\/\/eco-drinkware.com\/wp-content\/uploads\/2022\/11\/79_0-100x100.webp",100,100,true]},"uagb_author_info":{"display_name":"Amy","author_link":"https:\/\/eco-drinkware.com\/es\/author\/"},"uagb_comment_info":0,"uagb_excerpt":"3 style lids for the travel coffee mug: bamboo lid, pp lid, slide pp lid. The coffee mug is vacuum mug, 304 stainless steel inner, 201 stainless steel outer. Many stock colors for personalised coffee thermos mug. Capacity: 350ml.","_links":{"self":[{"href":"https:\/\/eco-drinkware.com\/es\/wp-json\/wp\/v2\/product\/578","targetHints":{"allow":["GET"]}}],"collection":[{"href":"https:\/\/eco-drinkware.com\/es\/wp-json\/wp\/v2\/product"}],"about":[{"href":"https:\/\/eco-drinkware.com\/es\/wp-json\/wp\/v2\/types\/product"}],"wp:featuredmedia":[{"embeddable":true,"href":"https:\/\/eco-drinkware.com\/es\/wp-json\/wp\/v2\/media\/1027"}],"wp:attachment":[{"href":"https:\/\/eco-drinkware.com\/es\/wp-json\/wp\/v2\/media?parent=578"}],"wp:term":[{"taxonomy":"product_brand","embeddable":true,"href":"https:\/\/eco-drinkware.com\/es\/wp-json\/wp\/v2\/product_brand?post=578"},{"taxonomy":"product_cat","embeddable":true,"href":"https:\/\/eco-drinkware.com\/es\/wp-json\/wp\/v2\/product_cat?post=578"},{"taxonomy":"product_tag","embeddable":true,"href":"https:\/\/eco-drinkware.com\/es\/wp-json\/wp\/v2\/product_tag?post=578"}],"curies":[{"name":"wp","href":"https:\/\/api.w.org\/{rel}","templated":true}]}}