{"id":615,"date":"2022-11-03T16:13:05","date_gmt":"2022-11-03T08:13:05","guid":{"rendered":"https:\/\/eco-drinkware.com\/?post_type=product&#038;p=615"},"modified":"2022-12-02T18:21:12","modified_gmt":"2022-12-02T10:21:12","slug":"60-logotipo-personalizado-botella-de-agua-de-vidrio-de-borosilicato-de-pared-simple-con-funda-de-silicona-60","status":"publish","type":"product","link":"https:\/\/eco-drinkware.com\/es\/product\/60-logotipo-personalizado-botella-de-agua-de-vidrio-de-borosilicato-de-pared-simple-con-funda-de-silicona-60\/","title":{"rendered":"Botella de agua de vidrio de borosilicato de pared simple con logotipo personalizado y funda de silicona"},"content":{"rendered":"<p>Somos fabricante l\u00edder de termo de bamb\u00fa tapa, botella de agua potable filtro, taza de acero inoxidable, doble tapa de metal botella de agua de vidrio, botella de agua de vidrio tapa de la manija, termo de bamb\u00fa botella, botella de t\u00e9 de cer\u00e1mica, botella de t\u00e9 de infusi\u00f3n, de acero inoxidable Vaso de caf\u00e9, de doble pared de acero inoxidable Vaso, vasos de acero inoxidable con pajitas, de acero inoxidable Vaso al por mayor, de acero inoxidable con aislamiento al vac\u00edo Vaso, de acero inoxidable con aislamiento al vac\u00edo Botella, Taza de caf\u00e9 al por mayor, agua de viaje botella de vac\u00edo Flask, de acero inoxidable y tazas termo de cer\u00e1mica. \u2665<\/p>\n\n\n\n<figure class=\"wp-block-table\"><table><tbody><tr><td>Nombre<\/td><td>GA5060 600ml Botella de vidrio de borosilicato de pared simple con logotipo personalizado e infusor<\/td><\/tr><tr><td>Material<\/td><td>vidrio de borosilicato,vidrio de doble pared<\/td><\/tr><tr><td>Capacidad<\/td><td>600 ml<\/td><\/tr><tr><td>Color<\/td><td>Personalizado<\/td><\/tr><tr><td>Imprimir<\/td><td>Impresi\u00f3n en seda, transferencia de calor, impresi\u00f3n por transferencia de agua, etc.<\/td><\/tr><tr><td>Logotipo<\/td><td>Personalizado<\/td><\/tr><tr><td>MOQ<\/td><td>20 unidades<\/td><\/tr><tr><td>Tiempo de muestreo<\/td><td>5-8 d\u00edas<\/td><\/tr><tr><td>Detalles del embalaje<\/td><td>1PC\/OPP, embalaje en caja de huevos, caja de color, cilindro, caja blanca, 25PCS\/CTN<\/td><\/tr><tr><td>Plazo de pago<\/td><td>30% dep\u00f3sito, el saldo antes del env\u00edo<\/td><\/tr><\/tbody><\/table><\/figure>\n\n\n\n<figure class=\"wp-block-image size-full\"><img loading=\"lazy\" decoding=\"async\" width=\"750\" height=\"750\" src=\"https:\/\/eco-drinkware.com\/wp-content\/uploads\/2022\/11\/60_2.webp\" alt=\"\" class=\"wp-image-1118\" srcset=\"https:\/\/eco-drinkware.com\/wp-content\/uploads\/2022\/11\/60_2.webp 750w, https:\/\/eco-drinkware.com\/wp-content\/uploads\/2022\/11\/60_2-300x300.webp 300w, https:\/\/eco-drinkware.com\/wp-content\/uploads\/2022\/11\/60_2-150x150.webp 150w, https:\/\/eco-drinkware.com\/wp-content\/uploads\/2022\/11\/60_2-600x600.webp 600w, https:\/\/eco-drinkware.com\/wp-content\/uploads\/2022\/11\/60_2-100x100.webp 100w\" sizes=\"auto, (max-width: 750px) 100vw, 750px\" \/><\/figure>\n\n\n\n<figure class=\"wp-block-image size-full\"><img loading=\"lazy\" decoding=\"async\" width=\"750\" height=\"750\" src=\"https:\/\/eco-drinkware.com\/wp-content\/uploads\/2022\/11\/60_3.webp\" alt=\"\" class=\"wp-image-1120\" srcset=\"https:\/\/eco-drinkware.com\/wp-content\/uploads\/2022\/11\/60_3.webp 750w, https:\/\/eco-drinkware.com\/wp-content\/uploads\/2022\/11\/60_3-300x300.webp 300w, https:\/\/eco-drinkware.com\/wp-content\/uploads\/2022\/11\/60_3-150x150.webp 150w, https:\/\/eco-drinkware.com\/wp-content\/uploads\/2022\/11\/60_3-600x600.webp 600w, https:\/\/eco-drinkware.com\/wp-content\/uploads\/2022\/11\/60_3-100x100.webp 100w\" sizes=\"auto, (max-width: 750px) 100vw, 750px\" \/><\/figure>\n\n\n\n<figure class=\"wp-block-image size-full\"><img loading=\"lazy\" decoding=\"async\" width=\"750\" height=\"750\" src=\"https:\/\/eco-drinkware.com\/wp-content\/uploads\/2022\/11\/60_0.webp\" alt=\"\" class=\"wp-image-1119\" srcset=\"https:\/\/eco-drinkware.com\/wp-content\/uploads\/2022\/11\/60_0.webp 750w, https:\/\/eco-drinkware.com\/wp-content\/uploads\/2022\/11\/60_0-300x300.webp 300w, https:\/\/eco-drinkware.com\/wp-content\/uploads\/2022\/11\/60_0-150x150.webp 150w, https:\/\/eco-drinkware.com\/wp-content\/uploads\/2022\/11\/60_0-600x600.webp 600w, https:\/\/eco-drinkware.com\/wp-content\/uploads\/2022\/11\/60_0-100x100.webp 100w\" sizes=\"auto, (max-width: 750px) 100vw, 750px\" \/><\/figure>","protected":false},"excerpt":{"rendered":"<p>Con 15 a\u00f1os de experiencia en la producci\u00f3n de botellas, hemos realizado trabajos de OEM y ODM para muchas marcas famosas de todo el mundo. La l\u00ednea de producci\u00f3n principal es botella del infuser del t\u00e9, vaso del caf\u00e9, termo. La calidad es nuestra cultura. Nuestra misi\u00f3n es hacer la tierra m\u00e1s limpia y mejor.<\/p>","protected":false},"featured_media":1119,"template":"","meta":{"_acf_changed":false,"_seopress_robots_primary_cat":"","_seopress_titles_title":"","_seopress_titles_desc":"","_seopress_robots_index":"","_uag_custom_page_level_css":""},"product_brand":[],"product_cat":[42,25,22,35,54],"product_tag":[],"class_list":{"0":"post-615","1":"product","2":"type-product","3":"status-publish","4":"has-post-thumbnail","6":"product_cat-glass-tumbler","7":"product_cat-glass-tumbler-mugs","8":"product_cat-glass-water-bottle","9":"product_cat-single-wall-gass-bottle","10":"product_cat-tea-bottle-coffee-tumblers","12":"first","13":"instock","14":"shipping-taxable","15":"product-type-simple"},"acf":[],"uagb_featured_image_src":{"full":["https:\/\/eco-drinkware.com\/wp-content\/uploads\/2022\/11\/60_0.webp",750,750,false],"thumbnail":["https:\/\/eco-drinkware.com\/wp-content\/uploads\/2022\/11\/60_0-150x150.webp",150,150,true],"medium":["https:\/\/eco-drinkware.com\/wp-content\/uploads\/2022\/11\/60_0-300x300.webp",300,300,true],"medium_large":["https:\/\/eco-drinkware.com\/wp-content\/uploads\/2022\/11\/60_0.webp",750,750,false],"large":["https:\/\/eco-drinkware.com\/wp-content\/uploads\/2022\/11\/60_0.webp",750,750,false],"1536x1536":["https:\/\/eco-drinkware.com\/wp-content\/uploads\/2022\/11\/60_0.webp",750,750,false],"2048x2048":["https:\/\/eco-drinkware.com\/wp-content\/uploads\/2022\/11\/60_0.webp",750,750,false],"trp-custom-language-flag":["https:\/\/eco-drinkware.com\/wp-content\/uploads\/2022\/11\/60_0.webp",12,12,false],"woocommerce_thumbnail":["https:\/\/eco-drinkware.com\/wp-content\/uploads\/2022\/11\/60_0-300x300.webp",300,300,true],"woocommerce_single":["https:\/\/eco-drinkware.com\/wp-content\/uploads\/2022\/11\/60_0-600x600.webp",600,600,true],"woocommerce_gallery_thumbnail":["https:\/\/eco-drinkware.com\/wp-content\/uploads\/2022\/11\/60_0-100x100.webp",100,100,true]},"uagb_author_info":{"display_name":"Amy","author_link":"https:\/\/eco-drinkware.com\/es\/author\/"},"uagb_comment_info":0,"uagb_excerpt":"With 15 years bottle production experience ,have done OEM and ODM work for many famous brand all over the world . Main production line is tea infuser bottle ,coffee tumbler , thermos . Quality is our culture . Our mission is make the earth cleaner and better.","_links":{"self":[{"href":"https:\/\/eco-drinkware.com\/es\/wp-json\/wp\/v2\/product\/615","targetHints":{"allow":["GET"]}}],"collection":[{"href":"https:\/\/eco-drinkware.com\/es\/wp-json\/wp\/v2\/product"}],"about":[{"href":"https:\/\/eco-drinkware.com\/es\/wp-json\/wp\/v2\/types\/product"}],"wp:featuredmedia":[{"embeddable":true,"href":"https:\/\/eco-drinkware.com\/es\/wp-json\/wp\/v2\/media\/1119"}],"wp:attachment":[{"href":"https:\/\/eco-drinkware.com\/es\/wp-json\/wp\/v2\/media?parent=615"}],"wp:term":[{"taxonomy":"product_brand","embeddable":true,"href":"https:\/\/eco-drinkware.com\/es\/wp-json\/wp\/v2\/product_brand?post=615"},{"taxonomy":"product_cat","embeddable":true,"href":"https:\/\/eco-drinkware.com\/es\/wp-json\/wp\/v2\/product_cat?post=615"},{"taxonomy":"product_tag","embeddable":true,"href":"https:\/\/eco-drinkware.com\/es\/wp-json\/wp\/v2\/product_tag?post=615"}],"curies":[{"name":"wp","href":"https:\/\/api.w.org\/{rel}","templated":true}]}}