{"id":653,"date":"2022-11-03T16:24:17","date_gmt":"2022-11-03T16:24:17","guid":{"rendered":"https:\/\/eco-drinkware.com\/?post_type=product&#038;p=653"},"modified":"2022-11-25T08:35:33","modified_gmt":"2022-11-25T08:35:33","slug":"29-en-stock-termo-de-acero-inoxidable-de-doble-pared-con-tapa-de-bambu-29","status":"publish","type":"product","link":"https:\/\/eco-drinkware.com\/es\/product\/29-en-stock-termo-de-acero-inoxidable-de-doble-pared-con-tapa-de-bambu-29\/","title":{"rendered":"En stock Termo de acero inoxidable de doble pared con tapa de bamb\u00fa"},"content":{"rendered":"<p>Somos el principal fabricante de botella de vidrio de doble pared, botella de t\u00e9 de doble pared, 500ml botella de vidrio de doble pared, botella de t\u00e9, botella de t\u00e9 infusor, botella de vidrio con tapa de bamb\u00fa, termo de bamb\u00fa, termo de bamb\u00fa, vaso de bamb\u00fa, vaso de caf\u00e9, taza de caf\u00e9, caf\u00e9 drinkware, vaso de doble pared con paja emparejado, termo, botella de deporte, termo de doble pared con tapa de bamb\u00fa \u2665<\/p>\n\n\n\n<figure class=\"wp-block-table\"><table><tbody><tr><td>Nombre<\/td><td>GV013 600ML\/13OZ En stock Botella de acero inoxidable con aislamiento al vac\u00edo y tapa roscada de doble pared<\/td><\/tr><tr><td>Material<\/td><td>Acero inoxidable 304, silicona&nbsp;<\/td><\/tr><tr><td>Capacidad<\/td><td>600 ml<\/td><\/tr><tr><td>Color<\/td><td>Personalizado<\/td><\/tr><tr><td>Imprimir<\/td><td>Impresi\u00f3n en seda, transferencia de calor, impresi\u00f3n por transferencia de agua, etc.<\/td><\/tr><tr><td>Logotipo<\/td><td>Personalizado<\/td><\/tr><tr><td>MOQ<\/td><td>50 unidades<\/td><\/tr><tr><td>Tiempo de muestreo<\/td><td>5-8 d\u00edas<\/td><\/tr><tr><td>Detalles del embalaje<\/td><td>1PC\/OPP, embalaje en caja de huevos, caja de color, cilindro, caja blanca, 50 PCS\/CTN<\/td><\/tr><tr><td>Plazo de pago<\/td><td>30% dep\u00f3sito, el saldo antes del env\u00edo<\/td><\/tr><\/tbody><\/table><\/figure>\n\n\n\n<figure class=\"wp-block-image size-full\"><img loading=\"lazy\" decoding=\"async\" width=\"800\" height=\"800\" src=\"https:\/\/eco-drinkware.com\/wp-content\/uploads\/2022\/11\/HTB1tpvYmYYI8KJjy0Faq6zAiVXaI.jpg_.webp\" alt=\"\" class=\"wp-image-1247\" srcset=\"https:\/\/eco-drinkware.com\/wp-content\/uploads\/2022\/11\/HTB1tpvYmYYI8KJjy0Faq6zAiVXaI.jpg_.webp 800w, https:\/\/eco-drinkware.com\/wp-content\/uploads\/2022\/11\/HTB1tpvYmYYI8KJjy0Faq6zAiVXaI.jpg_-300x300.webp 300w, https:\/\/eco-drinkware.com\/wp-content\/uploads\/2022\/11\/HTB1tpvYmYYI8KJjy0Faq6zAiVXaI.jpg_-150x150.webp 150w, https:\/\/eco-drinkware.com\/wp-content\/uploads\/2022\/11\/HTB1tpvYmYYI8KJjy0Faq6zAiVXaI.jpg_-768x768.webp 768w, https:\/\/eco-drinkware.com\/wp-content\/uploads\/2022\/11\/HTB1tpvYmYYI8KJjy0Faq6zAiVXaI.jpg_-600x600.webp 600w, https:\/\/eco-drinkware.com\/wp-content\/uploads\/2022\/11\/HTB1tpvYmYYI8KJjy0Faq6zAiVXaI.jpg_-100x100.webp 100w\" sizes=\"auto, (max-width: 800px) 100vw, 800px\" \/><\/figure>\n\n\n\n<figure class=\"wp-block-image size-full\"><img loading=\"lazy\" decoding=\"async\" width=\"800\" height=\"800\" src=\"https:\/\/eco-drinkware.com\/wp-content\/uploads\/2022\/11\/HTB1VXjXm8TH8KJjy0Fiq6ARsXXak.jpg_.webp\" alt=\"\" class=\"wp-image-1239\" srcset=\"https:\/\/eco-drinkware.com\/wp-content\/uploads\/2022\/11\/HTB1VXjXm8TH8KJjy0Fiq6ARsXXak.jpg_.webp 800w, https:\/\/eco-drinkware.com\/wp-content\/uploads\/2022\/11\/HTB1VXjXm8TH8KJjy0Fiq6ARsXXak.jpg_-300x300.webp 300w, https:\/\/eco-drinkware.com\/wp-content\/uploads\/2022\/11\/HTB1VXjXm8TH8KJjy0Fiq6ARsXXak.jpg_-150x150.webp 150w, https:\/\/eco-drinkware.com\/wp-content\/uploads\/2022\/11\/HTB1VXjXm8TH8KJjy0Fiq6ARsXXak.jpg_-768x768.webp 768w, https:\/\/eco-drinkware.com\/wp-content\/uploads\/2022\/11\/HTB1VXjXm8TH8KJjy0Fiq6ARsXXak.jpg_-600x600.webp 600w, https:\/\/eco-drinkware.com\/wp-content\/uploads\/2022\/11\/HTB1VXjXm8TH8KJjy0Fiq6ARsXXak.jpg_-100x100.webp 100w\" sizes=\"auto, (max-width: 800px) 100vw, 800px\" \/><\/figure>\n\n\n\n<figure class=\"wp-block-image size-full\"><img loading=\"lazy\" decoding=\"async\" width=\"800\" height=\"800\" src=\"https:\/\/eco-drinkware.com\/wp-content\/uploads\/2022\/11\/2021-04-09-17-50-527.webp\" alt=\"\" class=\"wp-image-1230\" srcset=\"https:\/\/eco-drinkware.com\/wp-content\/uploads\/2022\/11\/2021-04-09-17-50-527.webp 800w, https:\/\/eco-drinkware.com\/wp-content\/uploads\/2022\/11\/2021-04-09-17-50-527-300x300.webp 300w, https:\/\/eco-drinkware.com\/wp-content\/uploads\/2022\/11\/2021-04-09-17-50-527-150x150.webp 150w, https:\/\/eco-drinkware.com\/wp-content\/uploads\/2022\/11\/2021-04-09-17-50-527-768x768.webp 768w, https:\/\/eco-drinkware.com\/wp-content\/uploads\/2022\/11\/2021-04-09-17-50-527-600x600.webp 600w, https:\/\/eco-drinkware.com\/wp-content\/uploads\/2022\/11\/2021-04-09-17-50-527-100x100.webp 100w\" sizes=\"auto, (max-width: 800px) 100vw, 800px\" \/><\/figure>\n\n\n\n<figure class=\"wp-block-image size-full\"><img loading=\"lazy\" decoding=\"async\" width=\"800\" height=\"800\" src=\"https:\/\/eco-drinkware.com\/wp-content\/uploads\/2022\/11\/HTB1sTiVmZrI8KJjy0Fhq6zfnpXag.jpg_.webp\" alt=\"\" class=\"wp-image-1240\" srcset=\"https:\/\/eco-drinkware.com\/wp-content\/uploads\/2022\/11\/HTB1sTiVmZrI8KJjy0Fhq6zfnpXag.jpg_.webp 800w, https:\/\/eco-drinkware.com\/wp-content\/uploads\/2022\/11\/HTB1sTiVmZrI8KJjy0Fhq6zfnpXag.jpg_-300x300.webp 300w, https:\/\/eco-drinkware.com\/wp-content\/uploads\/2022\/11\/HTB1sTiVmZrI8KJjy0Fhq6zfnpXag.jpg_-150x150.webp 150w, https:\/\/eco-drinkware.com\/wp-content\/uploads\/2022\/11\/HTB1sTiVmZrI8KJjy0Fhq6zfnpXag.jpg_-768x768.webp 768w, https:\/\/eco-drinkware.com\/wp-content\/uploads\/2022\/11\/HTB1sTiVmZrI8KJjy0Fhq6zfnpXag.jpg_-600x600.webp 600w, https:\/\/eco-drinkware.com\/wp-content\/uploads\/2022\/11\/HTB1sTiVmZrI8KJjy0Fhq6zfnpXag.jpg_-100x100.webp 100w\" sizes=\"auto, (max-width: 800px) 100vw, 800px\" \/><\/figure>\n\n\n\n<figure class=\"wp-block-image size-full\"><img loading=\"lazy\" decoding=\"async\" width=\"753\" height=\"623\" src=\"https:\/\/eco-drinkware.com\/wp-content\/uploads\/2022\/11\/HTB16Az8b41YBuNjy1zc762NcXXat.png_.webp\" alt=\"\" class=\"wp-image-1243\" srcset=\"https:\/\/eco-drinkware.com\/wp-content\/uploads\/2022\/11\/HTB16Az8b41YBuNjy1zc762NcXXat.png_.webp 753w, https:\/\/eco-drinkware.com\/wp-content\/uploads\/2022\/11\/HTB16Az8b41YBuNjy1zc762NcXXat.png_-300x248.webp 300w, https:\/\/eco-drinkware.com\/wp-content\/uploads\/2022\/11\/HTB16Az8b41YBuNjy1zc762NcXXat.png_-150x124.webp 150w, https:\/\/eco-drinkware.com\/wp-content\/uploads\/2022\/11\/HTB16Az8b41YBuNjy1zc762NcXXat.png_-600x496.webp 600w\" sizes=\"auto, (max-width: 753px) 100vw, 753px\" \/><\/figure>","protected":false},"excerpt":{"rendered":"<p>Con 15 a\u00f1os de experiencia en la producci\u00f3n de botellas, hemos realizado trabajos de OEM y ODM para muchas marcas famosas de todo el mundo. La l\u00ednea de producci\u00f3n principal es botella del infuser del t\u00e9, vaso del caf\u00e9, termo. La calidad es nuestra cultura. Nuestra misi\u00f3n es hacer la tierra m\u00e1s limpia y mejor.<\/p>","protected":false},"featured_media":1240,"template":"","meta":{"_acf_changed":false,"_seopress_robots_primary_cat":"","_seopress_titles_title":"","_seopress_titles_desc":"","_seopress_robots_index":"","_uag_custom_page_level_css":""},"product_brand":[],"product_cat":[20],"product_tag":[],"class_list":{"0":"post-653","1":"product","2":"type-product","3":"status-publish","4":"has-post-thumbnail","6":"product_cat-vacuum-flask","8":"first","9":"instock","10":"shipping-taxable","11":"product-type-simple"},"acf":[],"uagb_featured_image_src":{"full":["https:\/\/eco-drinkware.com\/wp-content\/uploads\/2022\/11\/HTB1sTiVmZrI8KJjy0Fhq6zfnpXag.jpg_.webp",800,800,false],"thumbnail":["https:\/\/eco-drinkware.com\/wp-content\/uploads\/2022\/11\/HTB1sTiVmZrI8KJjy0Fhq6zfnpXag.jpg_-150x150.webp",150,150,true],"medium":["https:\/\/eco-drinkware.com\/wp-content\/uploads\/2022\/11\/HTB1sTiVmZrI8KJjy0Fhq6zfnpXag.jpg_-300x300.webp",300,300,true],"medium_large":["https:\/\/eco-drinkware.com\/wp-content\/uploads\/2022\/11\/HTB1sTiVmZrI8KJjy0Fhq6zfnpXag.jpg_-768x768.webp",768,768,true],"large":["https:\/\/eco-drinkware.com\/wp-content\/uploads\/2022\/11\/HTB1sTiVmZrI8KJjy0Fhq6zfnpXag.jpg_.webp",800,800,false],"1536x1536":["https:\/\/eco-drinkware.com\/wp-content\/uploads\/2022\/11\/HTB1sTiVmZrI8KJjy0Fhq6zfnpXag.jpg_.webp",800,800,false],"2048x2048":["https:\/\/eco-drinkware.com\/wp-content\/uploads\/2022\/11\/HTB1sTiVmZrI8KJjy0Fhq6zfnpXag.jpg_.webp",800,800,false],"trp-custom-language-flag":["https:\/\/eco-drinkware.com\/wp-content\/uploads\/2022\/11\/HTB1sTiVmZrI8KJjy0Fhq6zfnpXag.jpg_.webp",12,12,false],"woocommerce_thumbnail":["https:\/\/eco-drinkware.com\/wp-content\/uploads\/2022\/11\/HTB1sTiVmZrI8KJjy0Fhq6zfnpXag.jpg_-300x300.webp",300,300,true],"woocommerce_single":["https:\/\/eco-drinkware.com\/wp-content\/uploads\/2022\/11\/HTB1sTiVmZrI8KJjy0Fhq6zfnpXag.jpg_-600x600.webp",600,600,true],"woocommerce_gallery_thumbnail":["https:\/\/eco-drinkware.com\/wp-content\/uploads\/2022\/11\/HTB1sTiVmZrI8KJjy0Fhq6zfnpXag.jpg_-100x100.webp",100,100,true]},"uagb_author_info":{"display_name":"Amy","author_link":"https:\/\/eco-drinkware.com\/es\/author\/"},"uagb_comment_info":0,"uagb_excerpt":"With 15 years bottle production experience ,have done OEM and ODM work for many famous brand all over the world . Main production line is tea infuser bottle ,coffee tumbler , thermos . Quality is our culture . Our mission is make the earth cleaner and better.","_links":{"self":[{"href":"https:\/\/eco-drinkware.com\/es\/wp-json\/wp\/v2\/product\/653","targetHints":{"allow":["GET"]}}],"collection":[{"href":"https:\/\/eco-drinkware.com\/es\/wp-json\/wp\/v2\/product"}],"about":[{"href":"https:\/\/eco-drinkware.com\/es\/wp-json\/wp\/v2\/types\/product"}],"wp:featuredmedia":[{"embeddable":true,"href":"https:\/\/eco-drinkware.com\/es\/wp-json\/wp\/v2\/media\/1240"}],"wp:attachment":[{"href":"https:\/\/eco-drinkware.com\/es\/wp-json\/wp\/v2\/media?parent=653"}],"wp:term":[{"taxonomy":"product_brand","embeddable":true,"href":"https:\/\/eco-drinkware.com\/es\/wp-json\/wp\/v2\/product_brand?post=653"},{"taxonomy":"product_cat","embeddable":true,"href":"https:\/\/eco-drinkware.com\/es\/wp-json\/wp\/v2\/product_cat?post=653"},{"taxonomy":"product_tag","embeddable":true,"href":"https:\/\/eco-drinkware.com\/es\/wp-json\/wp\/v2\/product_tag?post=653"}],"curies":[{"name":"wp","href":"https:\/\/api.w.org\/{rel}","templated":true}]}}