{"id":700,"date":"2022-11-03T16:30:40","date_gmt":"2022-11-03T16:30:40","guid":{"rendered":"https:\/\/eco-drinkware.com\/?post_type=product&#038;p=700"},"modified":"2022-11-25T08:30:50","modified_gmt":"2022-11-25T08:30:50","slug":"19-en-stock-doble-pared-electroplateado-brillante-arco-iris-deporte-acero-inoxidable-frasco-de-cola-de-vacio-19","status":"publish","type":"product","link":"https:\/\/eco-drinkware.com\/es\/product\/19-en-stock-doble-pared-electroplateado-brillante-arco-iris-deporte-acero-inoxidable-frasco-de-cola-de-vacio-19\/","title":{"rendered":"Botella de agua de acero inoxidable con aislamiento Swell"},"content":{"rendered":"<p><strong>Tama\u00f1os de botella Swell:<\/strong>350 ml, 500 ml, 750 ml, 1000 ml<br><br><strong>2 tipos de tapas:<\/strong>La tapa normal es de material pp, con anillo de silicona para que la botella de agua hinchable sea a prueba de fugas. Hoy en d\u00eda, m\u00e1s y m\u00e1s clientes prefieren tapa sin pl\u00e1stico. As\u00ed que tenemos nueva tapa con todo el acero y silicona, sin ning\u00fan tipo de pl\u00e1stico, muy respetuoso del medio ambiente.<br><\/p>\n\n\n\n<p><strong>C\u00f3mo limpiar la botella Swell:<\/strong>La botella de agua hinchable se puede lavar en el lavavajillas y con un cepillo para botellas.<br><\/p>\n\n\n\n<p><strong>Botella Swell personalizada:<\/strong>Color personalizado, logotipo, paquete son todos bienvenidos. Podemos hacer la capa del polvo, la pintura de espray y la pintura de goma para esta botella de agua del oleaje. La impresi\u00f3n de la transferencia del aire, impresi\u00f3n de la transferencia de calor, eletroplating es tambi\u00e9n aceptable hacer.<br><\/p>\n\n\n\n<p><strong>Doble pared aislante:<\/strong>Botella de agua hinchable sin BPA, pared interior de acero inoxidable 304, la pared exterior es de acero inoxidable 201. Mantiene el agua caliente y fr\u00eda durante 12-24 horas.<\/p>\n\n\n\n<figure class=\"wp-block-image size-full\"><img loading=\"lazy\" decoding=\"async\" width=\"750\" height=\"859\" src=\"https:\/\/eco-drinkware.com\/wp-content\/uploads\/2022\/11\/2022-01-14-15-57-513.webp\" alt=\"\" class=\"wp-image-1357\" srcset=\"https:\/\/eco-drinkware.com\/wp-content\/uploads\/2022\/11\/2022-01-14-15-57-513.webp 750w, https:\/\/eco-drinkware.com\/wp-content\/uploads\/2022\/11\/2022-01-14-15-57-513-262x300.webp 262w, https:\/\/eco-drinkware.com\/wp-content\/uploads\/2022\/11\/2022-01-14-15-57-513-131x150.webp 131w, https:\/\/eco-drinkware.com\/wp-content\/uploads\/2022\/11\/2022-01-14-15-57-513-600x687.webp 600w\" sizes=\"auto, (max-width: 750px) 100vw, 750px\" \/><\/figure>\n\n\n\n<figure class=\"wp-block-image size-full\"><img loading=\"lazy\" decoding=\"async\" width=\"800\" height=\"950\" src=\"https:\/\/eco-drinkware.com\/wp-content\/uploads\/2022\/11\/2022-01-14-15-58-178.webp\" alt=\"\" class=\"wp-image-1358\" srcset=\"https:\/\/eco-drinkware.com\/wp-content\/uploads\/2022\/11\/2022-01-14-15-58-178.webp 800w, https:\/\/eco-drinkware.com\/wp-content\/uploads\/2022\/11\/2022-01-14-15-58-178-253x300.webp 253w, https:\/\/eco-drinkware.com\/wp-content\/uploads\/2022\/11\/2022-01-14-15-58-178-126x150.webp 126w, https:\/\/eco-drinkware.com\/wp-content\/uploads\/2022\/11\/2022-01-14-15-58-178-768x912.webp 768w, https:\/\/eco-drinkware.com\/wp-content\/uploads\/2022\/11\/2022-01-14-15-58-178-600x713.webp 600w\" sizes=\"auto, (max-width: 800px) 100vw, 800px\" \/><\/figure>\n\n\n\n<figure class=\"wp-block-image size-full\"><img loading=\"lazy\" decoding=\"async\" width=\"750\" height=\"749\" src=\"https:\/\/eco-drinkware.com\/wp-content\/uploads\/2022\/11\/2022-01-14-15-59-322.webp\" alt=\"\" class=\"wp-image-1359\" srcset=\"https:\/\/eco-drinkware.com\/wp-content\/uploads\/2022\/11\/2022-01-14-15-59-322.webp 750w, https:\/\/eco-drinkware.com\/wp-content\/uploads\/2022\/11\/2022-01-14-15-59-322-300x300.webp 300w, https:\/\/eco-drinkware.com\/wp-content\/uploads\/2022\/11\/2022-01-14-15-59-322-150x150.webp 150w, https:\/\/eco-drinkware.com\/wp-content\/uploads\/2022\/11\/2022-01-14-15-59-322-600x599.webp 600w, https:\/\/eco-drinkware.com\/wp-content\/uploads\/2022\/11\/2022-01-14-15-59-322-100x100.webp 100w\" sizes=\"auto, (max-width: 750px) 100vw, 750px\" \/><\/figure>","protected":false},"excerpt":{"rendered":"<p>Botella de agua de acero inoxidable al por mayor, f\u00e1cil de personalizar. Sin BPA y respetuosa con el medio ambiente. Mantener el agua caliente y fr\u00eda durante 12-24 horas.<\/p>","protected":false},"featured_media":1360,"template":"","meta":{"_acf_changed":false,"_seopress_robots_primary_cat":"","_seopress_titles_title":"","_seopress_titles_desc":"","_seopress_robots_index":"","_uag_custom_page_level_css":""},"product_brand":[],"product_cat":[19],"product_tag":[],"class_list":{"0":"post-700","1":"product","2":"type-product","3":"status-publish","4":"has-post-thumbnail","6":"product_cat-stainless-steel-water-bottle","8":"first","9":"instock","10":"shipping-taxable","11":"product-type-simple"},"acf":[],"uagb_featured_image_src":{"full":["https:\/\/eco-drinkware.com\/wp-content\/uploads\/2022\/11\/19_0.webp",1000,1000,false],"thumbnail":["https:\/\/eco-drinkware.com\/wp-content\/uploads\/2022\/11\/19_0-150x150.webp",150,150,true],"medium":["https:\/\/eco-drinkware.com\/wp-content\/uploads\/2022\/11\/19_0-300x300.webp",300,300,true],"medium_large":["https:\/\/eco-drinkware.com\/wp-content\/uploads\/2022\/11\/19_0-768x768.webp",768,768,true],"large":["https:\/\/eco-drinkware.com\/wp-content\/uploads\/2022\/11\/19_0.webp",1000,1000,false],"1536x1536":["https:\/\/eco-drinkware.com\/wp-content\/uploads\/2022\/11\/19_0.webp",1000,1000,false],"2048x2048":["https:\/\/eco-drinkware.com\/wp-content\/uploads\/2022\/11\/19_0.webp",1000,1000,false],"trp-custom-language-flag":["https:\/\/eco-drinkware.com\/wp-content\/uploads\/2022\/11\/19_0.webp",12,12,false],"woocommerce_thumbnail":["https:\/\/eco-drinkware.com\/wp-content\/uploads\/2022\/11\/19_0-300x300.webp",300,300,true],"woocommerce_single":["https:\/\/eco-drinkware.com\/wp-content\/uploads\/2022\/11\/19_0-600x600.webp",600,600,true],"woocommerce_gallery_thumbnail":["https:\/\/eco-drinkware.com\/wp-content\/uploads\/2022\/11\/19_0-100x100.webp",100,100,true]},"uagb_author_info":{"display_name":"Amy","author_link":"https:\/\/eco-drinkware.com\/es\/author\/"},"uagb_comment_info":0,"uagb_excerpt":"Stainless steel water bottle wholesale, easy to do customization. BPA free and eco friendly. Keep water hot and cold for 12-24 hours.","_links":{"self":[{"href":"https:\/\/eco-drinkware.com\/es\/wp-json\/wp\/v2\/product\/700","targetHints":{"allow":["GET"]}}],"collection":[{"href":"https:\/\/eco-drinkware.com\/es\/wp-json\/wp\/v2\/product"}],"about":[{"href":"https:\/\/eco-drinkware.com\/es\/wp-json\/wp\/v2\/types\/product"}],"wp:featuredmedia":[{"embeddable":true,"href":"https:\/\/eco-drinkware.com\/es\/wp-json\/wp\/v2\/media\/1360"}],"wp:attachment":[{"href":"https:\/\/eco-drinkware.com\/es\/wp-json\/wp\/v2\/media?parent=700"}],"wp:term":[{"taxonomy":"product_brand","embeddable":true,"href":"https:\/\/eco-drinkware.com\/es\/wp-json\/wp\/v2\/product_brand?post=700"},{"taxonomy":"product_cat","embeddable":true,"href":"https:\/\/eco-drinkware.com\/es\/wp-json\/wp\/v2\/product_cat?post=700"},{"taxonomy":"product_tag","embeddable":true,"href":"https:\/\/eco-drinkware.com\/es\/wp-json\/wp\/v2\/product_tag?post=700"}],"curies":[{"name":"wp","href":"https:\/\/api.w.org\/{rel}","templated":true}]}}