{"id":703,"date":"2022-11-03T16:32:26","date_gmt":"2022-11-03T16:32:26","guid":{"rendered":"https:\/\/eco-drinkware.com\/?post_type=product&#038;p=703"},"modified":"2023-06-02T22:35:55","modified_gmt":"2023-06-02T14:35:55","slug":"17-termos-de-acero-inoxidable-ecologicos-sin-minimo-17","status":"publish","type":"product","link":"https:\/\/eco-drinkware.com\/es\/product\/17-termos-de-acero-inoxidable-ecologicos-sin-minimo-17\/","title":{"rendered":"Frasco de acero inoxidable de doble pared de 500 ml con bot\u00f3n de liberaci\u00f3n de agua estilo Contigo de calidad alimentaria"},"content":{"rendered":"<h2 class=\"wp-block-heading\">Caracter\u00edsticas del producto:<\/h2>\n\n\n\n<p><a><\/a>\u25cf Material: acero inoxidable 18\/8, tambi\u00e9n lo llamamos acero inoxidable 304 . Tapa:pp, silicona . paja :pp . 100% BPA libre y seguridad para la salud. Todos los materiales son no t\u00f3xicos. Es la tendencia a utilizar la botella de agua duradera en lugar de botellas de pl\u00e1stico desechables, por lo que el mundo ser\u00e1 m\u00e1s limpio y hermoso.<\/p>\n\n\n\n<p class=\"has-black-color has-text-color\">\u25cf <a>La tapa es a prueba de fugas. Se puede meter en el bolso o la mochila. No hay fugas.<\/a><\/p>\n\n\n\n<p><a><\/a>Este termo de acero inoxidable es de doble pared aislada con recubrimiento de cobre, botella de agua reutilizable. Es de doble pared aislada de la construcci\u00f3n, mantiene el agua caliente durante 12 horas y fr\u00edo durante 24 hours.Use esta botella de agua reutilizable y sentirse hidratado durante todo el d\u00eda. Ll\u00e9vela con nuestro vaso de 40OZ y si\u00e9ntase fresco todo el d\u00eda.<\/p>\n\n\n\n<p><a><\/a>\u25cf El tama\u00f1o de 16OZ \/500ml es el tama\u00f1o perfecto para nuestro uso diario. F\u00e1cil de llevar o poner en la mochila o bolsa de mano.<\/p>\n\n\n\n<p><a><\/a>Color: Podemos hacer cualquier color para los clientes. El color de PMS es agradable. El cuerpo y la tapa pueden hacer color de PMS.<\/p>\n\n\n\n<p class=\"has-black-color has-text-color\">\u25cf <a>Este vaso es bueno para adultos, f\u00e1cil de llevar para acampar, caminar, correr, etc.<\/a><\/p>\n\n\n\n<p>\u25cf<strong>Revestimiento:&nbsp;<\/strong>sin revestimiento (acero inoxidable cepillado), pintura en aerosol, revestimiento en polvo, cobreado, etc.<\/p>\n\n\n\n<p><a><\/a>\u25cf<strong>Patr\u00f3n:&nbsp;<\/strong>Se pueden imprimir motivos personalizados mediante diversas t\u00e9cnicas de impresi\u00f3n: serigraf\u00eda, impresi\u00f3n por transferencia de calor, impresi\u00f3n por transferencia de agua, transferencia por sublimaci\u00f3n, etc.<\/p>\n\n\n\n<p>\u25cf<strong>Logotipo:&nbsp;<\/strong>F\u00e1cil de trabajar en el logotipo personalizado. Las opciones del logotipo incluyen: logotipo de la calcoman\u00eda, impresi\u00f3n de seda, transferencia de calor, sublimaci\u00f3n, etc. Bienvenido a compartir su logotipo. Nuestro equipo enviar\u00e1 maqueta de vuelta.<\/p>\n\n\n\n<p>\u25cf<strong>Caja de embalaje:&nbsp;<\/strong>caja blanca, caja impresa personalizada, caja cil\u00edndrica, bolsa de burbujas, caja de regalo, cualquier paquete de dise\u00f1o personalizado es bienvenido, etc.<\/p>\n\n\n\n<p>Vaso de acero inoxidable apto para lavavajillas y microondas<\/p>\n\n\n\n<p>\u25cfEl espacio sellado al vac\u00edo entre las paredes act\u00faa como barrera para evitar que el calor entre o salga de la botella. Esto ayuda a mantener calientes bebidas como el caf\u00e9, el t\u00e9 o la sopa durante varias horas, mientras que las bebidas fr\u00edas como el agua, el zumo o los refrescos permanecen fr\u00edas durante un periodo prolongado.<\/p>\n\n\n\n<p><a><\/a>Las botellas isot\u00e9rmicas son una opci\u00f3n excelente para quienes desean mantener sus bebidas a una temperatura constante mientras se desplazan, ya sea de excursi\u00f3n, acampada, viaje o simplemente para ir al trabajo.<\/p>\n\n\n\n<p class=\"has-black-color has-text-color\"><a>\u25cf<\/a>Especializada en la fabricaci\u00f3n y exportaci\u00f3n de todo tipo de art\u00edculos de bebida, como botellas de agua, vasos al por mayor, recipientes para alimentos, cuencos para perros, ensaladeras y enfriadores de latas. Eco Drinkware posee l\u00edneas de producci\u00f3n automatizadas y de alta eficiencia. Adoptamos Industry4.0 y seguimos siendo competitivos en la industria. La producci\u00f3n automatizada hace que nuestros productos sean m\u00e1s baratos y competitivos en precio.<\/p>\n\n\n\n<p><a><\/a>\u25cfEco Drinkware hacer OEM y ODM. Con los mejores ingenieros profesionales con m\u00e1s de 10 a\u00f1os de experiencia en la industria de fabricaci\u00f3n de botellas de agua, f\u00e1cil de hacer su idea en productos reales. una calurosa bienvenida a compartir con nosotros para su idea.<\/p>\n\n\n\n<p><a><\/a>Hacemos la inspecci\u00f3n de la calidad en l\u00ednea para asegurarnos de que la producci\u00f3n va bien y no cualquier error. Si hay error, podemos corregirlo a tiempo para ahorrar coste. Confiamos en que la calidad traer\u00e1 m\u00e1s para los clientes y fabricantes. Con Eco Drinkware, obtendr\u00e1 m\u00e1s clientes y m\u00e1s mercado, tambi\u00e9n obtendr\u00e1 una buena reputaci\u00f3n de los clientes. Porque nuestro equipo feliz de mejorar nosotros mismos y los productos a ser excelente en nuestra industria.<\/p>\n\n\n\n<p>\u25cfM\u00e9todo de env\u00edo : FOB,CIF, DDU, DDP por tren o mar a clientes globales.<\/p>\n\n\n\n<figure class=\"wp-block-image size-full\"><img loading=\"lazy\" decoding=\"async\" width=\"800\" height=\"800\" src=\"https:\/\/eco-drinkware.com\/wp-content\/uploads\/2022\/11\/gv001-main-pic-2.jpg\" alt=\"500ml contigo travel coffee mug flask water bottle\" class=\"wp-image-1889\" srcset=\"https:\/\/eco-drinkware.com\/wp-content\/uploads\/2022\/11\/gv001-main-pic-2.jpg 800w, https:\/\/eco-drinkware.com\/wp-content\/uploads\/2022\/11\/gv001-main-pic-2-300x300.jpg 300w, https:\/\/eco-drinkware.com\/wp-content\/uploads\/2022\/11\/gv001-main-pic-2-150x150.jpg 150w, https:\/\/eco-drinkware.com\/wp-content\/uploads\/2022\/11\/gv001-main-pic-2-768x768.jpg 768w, https:\/\/eco-drinkware.com\/wp-content\/uploads\/2022\/11\/gv001-main-pic-2-600x600.jpg 600w, https:\/\/eco-drinkware.com\/wp-content\/uploads\/2022\/11\/gv001-main-pic-2-100x100.jpg 100w\" sizes=\"auto, (max-width: 800px) 100vw, 800px\" \/><\/figure>\n\n\n\n<h2 class=\"wp-block-heading\">Especificaciones del producto:<\/h2>\n\n\n\n<p><\/p>\n\n\n\n<div class=\"wp-block-columns is-layout-flex wp-container-core-columns-is-layout-9d6595d7 wp-block-columns-is-layout-flex\">\n<div class=\"wp-block-column is-layout-flow wp-block-column-is-layout-flow\"><\/div>\n\n\n\n<div class=\"wp-block-column is-layout-flow wp-block-column-is-layout-flow\"><\/div>\n<\/div>\n\n\n\n<div class=\"wp-block-columns is-layout-flex wp-container-core-columns-is-layout-9d6595d7 wp-block-columns-is-layout-flex\">\n<div class=\"wp-block-column is-layout-flow wp-block-column-is-layout-flow\" style=\"flex-basis:100%\">\n<p><\/p>\n\n\n\n<figure class=\"wp-block-table is-style-stripes\"><table><tbody><tr><td>N\u00famero de art\u00edculo<\/td><td>GV001<\/td><\/tr><tr><td>Capacidad<\/td><td>17OZ \/500ml<\/td><\/tr><tr><td>Di\u00e1metro<\/td><td>73 mm (2,87 pulgadas) &nbsp;&nbsp;&nbsp;&nbsp;&nbsp;&nbsp;&nbsp;&nbsp;&nbsp;&nbsp;&nbsp;&nbsp;&nbsp;&nbsp;&nbsp;&nbsp;&nbsp;&nbsp;&nbsp;&nbsp;&nbsp;<\/td><\/tr><tr><td>Altura<\/td><td>250 mm<\/td><\/tr><tr><td>Color<\/td><td>Rojo, plata, verde, azul, blanco, negro, oro rosa, color personalizado, color PMS<\/td><\/tr><tr><td>Material<\/td><td>Interior de acero inoxidable 304 y exterior de acero inoxidable 201<\/td><\/tr><tr><td>Caracter\u00edstica<\/td><td>Termo de doble pared, gran capacidad, dise\u00f1o personalizado <\/td><\/tr><tr><td>Logotipo<\/td><td>L\u00e1ser, serigraf\u00eda, transferencia de calor, transferencia de agua, transferencia de gas, impresi\u00f3n 3D, sublimaci\u00f3n, etc.<\/td><\/tr><tr><td>Paquete<\/td><td>caja blanca, caja impresa personalizada, caja cil\u00edndrica, bolsa de burbujas, caja de regalo<\/td><\/tr><tr><td>Tiempo de muestreo<\/td><td>3 d\u00edas para muestra de stock, 7 d\u00edas para muestra de logotipo personalizado<\/td><\/tr><tr><td>Tiempo de producci\u00f3n<\/td><td>10-35 d\u00edas dependiendo de la cantidad y los requisitos<\/td><\/tr><tr><td>Sobre el pago<\/td><td>Transferencia bancaria , paypal, western union , trade assurance<\/td><\/tr><tr><td>Pa\u00eds de origen<\/td><td>Fabricado en China<\/td><\/tr><\/tbody><\/table><\/figure>\n<\/div>\n<\/div>","protected":false},"excerpt":{"rendered":"<ul>\n<li>Material de acero inoxidable 18\/8 sin BPA y respetuoso con el medio ambiente. Bueno para nuestra salud.<\/li>\n<li>Gran abertura de boca: Pr\u00e1ctica para poner cubitos de hielo y beber<\/li>\n<li>Haga clic en el bot\u00f3n para liberar el agua y bloquear el agua. Utilice Dise\u00f1o Conveniente .<\/li>\n<li>Mantiene el agua caliente durante 12 horas y fr\u00eda durante 24 horas<\/li>\n<li><strong><b>A prueba de \u00f3xido y <\/b><\/strong><strong><b>vertido <\/b><\/strong><strong><b>prueba<\/b><\/strong><\/li>\n<li><strong><b>Gorra<\/b><\/strong>acidad:17OZ\/500ml \u00a0<\/li>\n<li>Gran asa lateral para facilitar su transporte.<\/li>\n<li>Se admiten colores y dise\u00f1os personalizados.<\/li>\n<li><strong><b>Sin sudor:<\/b><\/strong>\u00a0Esta cantimplora de acero inoxidable nunca suda cuando se llena de agua helada y no quema las manos cuando se llena de agua caliente.<\/li>\n<\/ul>","protected":false},"featured_media":1368,"template":"","meta":{"_acf_changed":false,"_seopress_robots_primary_cat":"none","_seopress_titles_title":"","_seopress_titles_desc":"","_seopress_robots_index":"","_uag_custom_page_level_css":""},"product_brand":[],"product_cat":[40,54,20],"product_tag":[66,64,62,63,65],"class_list":{"0":"post-703","1":"product","2":"type-product","3":"status-publish","4":"has-post-thumbnail","6":"product_cat-stainless-steel-tumbler","7":"product_cat-tea-bottle-coffee-tumblers","8":"product_cat-vacuum-flask","9":"product_tag-500ml-bottle","10":"product_tag-coffee-tumbler","11":"product_tag-contigo","12":"product_tag-double-wall-thermos","13":"product_tag-thermos","15":"first","16":"instock","17":"shipping-taxable","18":"product-type-simple"},"acf":[],"uagb_featured_image_src":{"full":["https:\/\/eco-drinkware.com\/wp-content\/uploads\/2022\/11\/17_0.webp",800,800,false],"thumbnail":["https:\/\/eco-drinkware.com\/wp-content\/uploads\/2022\/11\/17_0-150x150.webp",150,150,true],"medium":["https:\/\/eco-drinkware.com\/wp-content\/uploads\/2022\/11\/17_0-300x300.webp",300,300,true],"medium_large":["https:\/\/eco-drinkware.com\/wp-content\/uploads\/2022\/11\/17_0-768x768.webp",768,768,true],"large":["https:\/\/eco-drinkware.com\/wp-content\/uploads\/2022\/11\/17_0.webp",800,800,false],"1536x1536":["https:\/\/eco-drinkware.com\/wp-content\/uploads\/2022\/11\/17_0.webp",800,800,false],"2048x2048":["https:\/\/eco-drinkware.com\/wp-content\/uploads\/2022\/11\/17_0.webp",800,800,false],"trp-custom-language-flag":["https:\/\/eco-drinkware.com\/wp-content\/uploads\/2022\/11\/17_0.webp",12,12,false],"woocommerce_thumbnail":["https:\/\/eco-drinkware.com\/wp-content\/uploads\/2022\/11\/17_0-300x300.webp",300,300,true],"woocommerce_single":["https:\/\/eco-drinkware.com\/wp-content\/uploads\/2022\/11\/17_0-600x600.webp",600,600,true],"woocommerce_gallery_thumbnail":["https:\/\/eco-drinkware.com\/wp-content\/uploads\/2022\/11\/17_0-100x100.webp",100,100,true]},"uagb_author_info":{"display_name":"Amy","author_link":"https:\/\/eco-drinkware.com\/es\/author\/"},"uagb_comment_info":0,"uagb_excerpt":"BPA Free eco friendly 18\/8 stainless steel material. scratching resistance. Good for our healthy. Big mouth opening: Convenient for putting ice cubes and drinking Click the button to release water and lock water. Use Convenient Design . Keeps water hot for 12 hours and cold for 24 hours Rust-proof and spill proof Capacity:17OZ\/500ml \u00a0 Big&hellip;","_links":{"self":[{"href":"https:\/\/eco-drinkware.com\/es\/wp-json\/wp\/v2\/product\/703","targetHints":{"allow":["GET"]}}],"collection":[{"href":"https:\/\/eco-drinkware.com\/es\/wp-json\/wp\/v2\/product"}],"about":[{"href":"https:\/\/eco-drinkware.com\/es\/wp-json\/wp\/v2\/types\/product"}],"wp:featuredmedia":[{"embeddable":true,"href":"https:\/\/eco-drinkware.com\/es\/wp-json\/wp\/v2\/media\/1368"}],"wp:attachment":[{"href":"https:\/\/eco-drinkware.com\/es\/wp-json\/wp\/v2\/media?parent=703"}],"wp:term":[{"taxonomy":"product_brand","embeddable":true,"href":"https:\/\/eco-drinkware.com\/es\/wp-json\/wp\/v2\/product_brand?post=703"},{"taxonomy":"product_cat","embeddable":true,"href":"https:\/\/eco-drinkware.com\/es\/wp-json\/wp\/v2\/product_cat?post=703"},{"taxonomy":"product_tag","embeddable":true,"href":"https:\/\/eco-drinkware.com\/es\/wp-json\/wp\/v2\/product_tag?post=703"}],"curies":[{"name":"wp","href":"https:\/\/api.w.org\/{rel}","templated":true}]}}