{"id":708,"date":"2022-11-03T16:33:04","date_gmt":"2022-11-03T16:33:04","guid":{"rendered":"https:\/\/eco-drinkware.com\/?post_type=product&#038;p=708"},"modified":"2022-11-25T08:53:43","modified_gmt":"2022-11-25T08:53:43","slug":"16-bpa-libre-fda-aprobado-infusor-de-frutas-botella-de-agua-frasco-de-vidrio-con-filtro-infusor-de-te-16","status":"publish","type":"product","link":"https:\/\/eco-drinkware.com\/es\/product\/16-bpa-libre-fda-aprobado-infusor-de-frutas-botella-de-agua-frasco-de-vidrio-con-filtro-infusor-de-te-16\/","title":{"rendered":"BPA libre aprobado por la FDA infusor de frutas botella de agua frasco de vidrio con filtro infusor de t\u00e9"},"content":{"rendered":"<p>Este 500ml botellas de vidrio para beber t\u00e9 con tapas de bamb\u00fa es 7.8 * 19.5cm. Con doble pared de vidrio de borosilicato de alta. Esta botella de vidrio para beber es corta y grande, f\u00e1cil de llevar. Buena opci\u00f3n de botella de vidrio para beber agua para actividades al aire libre.&nbsp;<\/p>\n\n\n\n<p>Esta botella de cristal para beber t\u00e9 viene con 2 tapas, una de bamb\u00fa y otra de bamb\u00fa con cordel.&nbsp;<\/p>\n\n\n\n<p>El material de esta botella de vidrio para beber t\u00e9 es muy respetuoso con el medio ambiente.\u00a0<\/p>\n\n\n\n<figure class=\"wp-block-table\"><table><tbody><tr><td>Nombre<\/td><td>Botellas de cristal para t\u00e9 de 500 ml con tapa de bamb\u00fa<\/td><\/tr><tr><td>Capacidad<\/td><td>500 ml<\/td><\/tr><tr><td>Talla<\/td><td>7,8*19,5 cm<\/td><\/tr><tr><td>Logotipo<\/td><td>personalizado<\/td><\/tr><tr><td>Paquete<\/td><td>caja blanca lisa, caja de color personalizada, cilindro redondo<\/td><\/tr><tr><td>Material<\/td><td>vidrio borosilicato alto, acero inoxidable 304, bamb\u00fa natural, silicona, pp nuevo<\/td><\/tr><tr><td>Tiempo de muestreo<\/td><td>5-7 d\u00edas<\/td><\/tr><\/tbody><\/table><\/figure>\n\n\n\n<figure class=\"wp-block-image size-full\"><img loading=\"lazy\" decoding=\"async\" width=\"1000\" height=\"1000\" src=\"https:\/\/eco-drinkware.com\/wp-content\/uploads\/2022\/11\/2020-10-23-18-17-358.webp\" alt=\"\" class=\"wp-image-1374\" srcset=\"https:\/\/eco-drinkware.com\/wp-content\/uploads\/2022\/11\/2020-10-23-18-17-358.webp 1000w, https:\/\/eco-drinkware.com\/wp-content\/uploads\/2022\/11\/2020-10-23-18-17-358-300x300.webp 300w, https:\/\/eco-drinkware.com\/wp-content\/uploads\/2022\/11\/2020-10-23-18-17-358-150x150.webp 150w, https:\/\/eco-drinkware.com\/wp-content\/uploads\/2022\/11\/2020-10-23-18-17-358-768x768.webp 768w, https:\/\/eco-drinkware.com\/wp-content\/uploads\/2022\/11\/2020-10-23-18-17-358-600x600.webp 600w, https:\/\/eco-drinkware.com\/wp-content\/uploads\/2022\/11\/2020-10-23-18-17-358-100x100.webp 100w\" sizes=\"auto, (max-width: 1000px) 100vw, 1000px\" \/><\/figure>\n\n\n\n<figure class=\"wp-block-image size-full\"><img loading=\"lazy\" decoding=\"async\" width=\"1000\" height=\"1000\" src=\"https:\/\/eco-drinkware.com\/wp-content\/uploads\/2022\/11\/2020-10-23-18-19-197.webp\" alt=\"\" class=\"wp-image-1375\" srcset=\"https:\/\/eco-drinkware.com\/wp-content\/uploads\/2022\/11\/2020-10-23-18-19-197.webp 1000w, https:\/\/eco-drinkware.com\/wp-content\/uploads\/2022\/11\/2020-10-23-18-19-197-300x300.webp 300w, https:\/\/eco-drinkware.com\/wp-content\/uploads\/2022\/11\/2020-10-23-18-19-197-150x150.webp 150w, https:\/\/eco-drinkware.com\/wp-content\/uploads\/2022\/11\/2020-10-23-18-19-197-768x768.webp 768w, https:\/\/eco-drinkware.com\/wp-content\/uploads\/2022\/11\/2020-10-23-18-19-197-600x600.webp 600w, https:\/\/eco-drinkware.com\/wp-content\/uploads\/2022\/11\/2020-10-23-18-19-197-100x100.webp 100w\" sizes=\"auto, (max-width: 1000px) 100vw, 1000px\" \/><\/figure>\n\n\n\n<p><\/p>","protected":false},"excerpt":{"rendered":"<p>Este 500ml botellas de vidrio para beber t\u00e9 con tapas de bamb\u00fa es 7.8 * 19.5cm. Con doble pared de vidrio de borosilicato de alta. Esta botella de vidrio para beber es corta y grande, f\u00e1cil de llevar. Buena opci\u00f3n de botella de vidrio para beber agua para actividades al aire libre.<\/p>","protected":false},"featured_media":1376,"template":"","meta":{"_acf_changed":false,"_seopress_robots_primary_cat":"","_seopress_titles_title":"","_seopress_titles_desc":"","_seopress_robots_index":"","_uag_custom_page_level_css":""},"product_brand":[],"product_cat":[21,22],"product_tag":[],"class_list":{"0":"post-708","1":"product","2":"type-product","3":"status-publish","4":"has-post-thumbnail","6":"product_cat-bamboo-water-bottle","7":"product_cat-glass-water-bottle","9":"first","10":"instock","11":"shipping-taxable","12":"product-type-simple"},"acf":[],"uagb_featured_image_src":{"full":["https:\/\/eco-drinkware.com\/wp-content\/uploads\/2022\/11\/16_0.webp",1000,1000,false],"thumbnail":["https:\/\/eco-drinkware.com\/wp-content\/uploads\/2022\/11\/16_0-150x150.webp",150,150,true],"medium":["https:\/\/eco-drinkware.com\/wp-content\/uploads\/2022\/11\/16_0-300x300.webp",300,300,true],"medium_large":["https:\/\/eco-drinkware.com\/wp-content\/uploads\/2022\/11\/16_0-768x768.webp",768,768,true],"large":["https:\/\/eco-drinkware.com\/wp-content\/uploads\/2022\/11\/16_0.webp",1000,1000,false],"1536x1536":["https:\/\/eco-drinkware.com\/wp-content\/uploads\/2022\/11\/16_0.webp",1000,1000,false],"2048x2048":["https:\/\/eco-drinkware.com\/wp-content\/uploads\/2022\/11\/16_0.webp",1000,1000,false],"trp-custom-language-flag":["https:\/\/eco-drinkware.com\/wp-content\/uploads\/2022\/11\/16_0.webp",12,12,false],"woocommerce_thumbnail":["https:\/\/eco-drinkware.com\/wp-content\/uploads\/2022\/11\/16_0-300x300.webp",300,300,true],"woocommerce_single":["https:\/\/eco-drinkware.com\/wp-content\/uploads\/2022\/11\/16_0-600x600.webp",600,600,true],"woocommerce_gallery_thumbnail":["https:\/\/eco-drinkware.com\/wp-content\/uploads\/2022\/11\/16_0-100x100.webp",100,100,true]},"uagb_author_info":{"display_name":"Amy","author_link":"https:\/\/eco-drinkware.com\/es\/author\/"},"uagb_comment_info":0,"uagb_excerpt":"This 500ml tea glass drinking bottles with bamboo lids is 7.8*19.5cm. With double wall high borosilicate glass. This glass drinking bottle is short and large, easy to carry. Good glass water drinking bottle option for outdoor activities.","_links":{"self":[{"href":"https:\/\/eco-drinkware.com\/es\/wp-json\/wp\/v2\/product\/708","targetHints":{"allow":["GET"]}}],"collection":[{"href":"https:\/\/eco-drinkware.com\/es\/wp-json\/wp\/v2\/product"}],"about":[{"href":"https:\/\/eco-drinkware.com\/es\/wp-json\/wp\/v2\/types\/product"}],"wp:featuredmedia":[{"embeddable":true,"href":"https:\/\/eco-drinkware.com\/es\/wp-json\/wp\/v2\/media\/1376"}],"wp:attachment":[{"href":"https:\/\/eco-drinkware.com\/es\/wp-json\/wp\/v2\/media?parent=708"}],"wp:term":[{"taxonomy":"product_brand","embeddable":true,"href":"https:\/\/eco-drinkware.com\/es\/wp-json\/wp\/v2\/product_brand?post=708"},{"taxonomy":"product_cat","embeddable":true,"href":"https:\/\/eco-drinkware.com\/es\/wp-json\/wp\/v2\/product_cat?post=708"},{"taxonomy":"product_tag","embeddable":true,"href":"https:\/\/eco-drinkware.com\/es\/wp-json\/wp\/v2\/product_tag?post=708"}],"curies":[{"name":"wp","href":"https:\/\/api.w.org\/{rel}","templated":true}]}}