{"id":1635,"date":"2023-02-20T09:00:27","date_gmt":"2023-02-20T01:00:27","guid":{"rendered":"https:\/\/eco-drinkware.com\/?page_id=1635"},"modified":"2023-04-10T22:06:13","modified_gmt":"2023-04-10T14:06:13","slug":"gobelet-stanley-cup-40oz-avec-poignee","status":"publish","type":"page","link":"https:\/\/eco-drinkware.com\/fr\/gobelet-stanley-cup-40oz-avec-poignee\/","title":{"rendered":"Stanley Cup 40oz Tumbler with Handle"},"content":{"rendered":"<h3 class=\"wp-block-heading\">Vous \u00eates une soci\u00e9t\u00e9 commerciale ou un fabricant ?<\/h3>\n\n\n\n<p>Eco Drinkware est un fabricant.<br>Nous comptons 120 travailleurs et 10 employ\u00e9s de bureau. Une \u00e9quipe de contr\u00f4le qualit\u00e9 professionnelle veille \u00e0 ce que chaque gobelet soit de bonne qualit\u00e9 et suffisamment bon pour nos clients.<\/p>\n\n\n\n<h3 class=\"wp-block-heading\">Quelle est la couleur de finition de ce gobelet ?<\/h3>\n\n\n\n<p>La plupart des clients pr\u00e9f\u00e8rent le rev\u00eatement en poudre, car il est tr\u00e8s durable. C'est pourquoi nos couleurs de stock sont des rev\u00eatements en poudre. La peinture au pistolet peut \u00e9galement \u00eatre utilis\u00e9e pour ce gobelet, ce qui permet de r\u00e9duire les co\u00fbts. Si le client pr\u00e9f\u00e8re d'autres finitions, nous pouvons \u00e9galement le faire. Ne vous inqui\u00e9tez pas.<\/p>\n\n\n\n<h3 class=\"wp-block-heading\">Si je souhaite modifier la forme du gobelet, pouvez-vous le faire ?<\/h3>\n\n\n\n<p>Oui, c'est bon pour l'\u00e9quipe d'Eco Drinkware.<br>Avec l'\u00e9quipe de d\u00e9veloppement de nouveaux produits de profession, c'est facile.<br>Il n'y a que le co\u00fbt du moule et le MOQ 3000 pcs. En ce qui concerne le co\u00fbt du moule, il d\u00e9pend de la conception exacte. N'h\u00e9sitez pas \u00e0 nous faire part de vos id\u00e9es.<\/p>\n\n\n\n<h3 class=\"wp-block-heading\">Pouvez-vous effectuer des livraisons de porte \u00e0 porte ?<\/h3>\n\n\n\n<p>Oui, nous avons notre propre agent maritime qui peut exp\u00e9dier les bouteilles dans le monde entier.<\/p>\n\n\n\n<h3 class=\"wp-block-heading\">Si j'ai un agent maritime \u00e0 Yiwu ou Guangzhou. Pouvez-vous y livrer les gobelets ?<\/h3>\n\n\n\n<p>Oui, c'est tr\u00e8s facile. Il y a juste un peu de frais de port.<\/p>\n\n\n\n<h3 class=\"wp-block-heading\">Qu'en est-il de votre paiement ?<\/h3>\n\n\n\n<p>Pour les commandes de petites quantit\u00e9s, 100% d'avance. Pour les commandes personnalis\u00e9es normales, 30% d'acompte et 70% avant l'exp\u00e9dition. Nous montrerons des photos de produits pr\u00eats \u00e0 l'emploi pour v\u00e9rification avant le paiement du solde.<\/p>\n\n\n\n<h3 class=\"wp-block-heading\">Quels sont les modes de paiement accept\u00e9s ?<\/h3>\n\n\n\n<p>Virement bancaire, PayPal, Western Union.<\/p>","protected":false},"excerpt":{"rendered":"<p>Are you trading company or manufacturer? Eco Drinkware is manufacturer.We have 120 workers and 10 office staffs. Professional QC team to ensure every tumbler in good quality and good enough for our customers. What's the color finishing for this tumbler? Most customers prefer powder coating ,because it's very durable . So, our stock colors are [&hellip;]<\/p>","protected":false},"author":1,"featured_media":0,"parent":0,"menu_order":0,"comment_status":"closed","ping_status":"closed","template":"","meta":{"_acf_changed":false,"_seopress_robots_primary_cat":"","_seopress_titles_title":"Wholesale Adventure Stanney Double Wall Insulated Vacuum 40oz Stainless Steel Travle Tumbler Manufacturer, China Factory 40oz Travel Mug Supplier - %%sitetitle%%","_seopress_titles_desc":"Get wholesale price and customized 40oz tumbler catalog and 40oz tumbler manufacturer, ideal supplier for 40oz brand owners, Wholesale Adventure Stanney Double Wall Insulated Vacuum 40oz Stainless Steel Travle Tumbler with Handle and Straw, China Sublimination Tumbler and Travel Mug  - %%sitetitle%%","_seopress_robots_index":"","_uag_custom_page_level_css":"","footnotes":""},"class_list":["post-1635","page","type-page","status-publish","hentry"],"acf":[],"uagb_featured_image_src":{"full":false,"thumbnail":false,"medium":false,"medium_large":false,"large":false,"1536x1536":false,"2048x2048":false,"trp-custom-language-flag":false,"woocommerce_thumbnail":false,"woocommerce_single":false,"woocommerce_gallery_thumbnail":false},"uagb_author_info":{"display_name":"Amy","author_link":"https:\/\/eco-drinkware.com\/fr\/author\/ecooo\/"},"uagb_comment_info":0,"uagb_excerpt":"Are you trading company or manufacturer? Eco Drinkware is manufacturer.We have 120 workers and 10 office staffs. Professional QC team to ensure every tumbler in good quality and good enough for our customers. What's the color finishing for this tumbler? Most customers prefer powder coating ,because it's very durable . So, our stock colors are\u2026","_links":{"self":[{"href":"https:\/\/eco-drinkware.com\/fr\/wp-json\/wp\/v2\/pages\/1635","targetHints":{"allow":["GET"]}}],"collection":[{"href":"https:\/\/eco-drinkware.com\/fr\/wp-json\/wp\/v2\/pages"}],"about":[{"href":"https:\/\/eco-drinkware.com\/fr\/wp-json\/wp\/v2\/types\/page"}],"author":[{"embeddable":true,"href":"https:\/\/eco-drinkware.com\/fr\/wp-json\/wp\/v2\/users\/1"}],"replies":[{"embeddable":true,"href":"https:\/\/eco-drinkware.com\/fr\/wp-json\/wp\/v2\/comments?post=1635"}],"version-history":[{"count":0,"href":"https:\/\/eco-drinkware.com\/fr\/wp-json\/wp\/v2\/pages\/1635\/revisions"}],"wp:attachment":[{"href":"https:\/\/eco-drinkware.com\/fr\/wp-json\/wp\/v2\/media?parent=1635"}],"curies":[{"name":"wp","href":"https:\/\/api.w.org\/{rel}","templated":true}]}}