{"id":1487,"date":"2022-11-30T20:45:56","date_gmt":"2022-11-30T12:45:56","guid":{"rendered":"https:\/\/eco-drinkware.com\/?post_type=product&#038;p=1487"},"modified":"2022-12-01T09:44:55","modified_gmt":"2022-12-01T01:44:55","slug":"bouteille-deau-en-verre-borosilicate-650ml-22oz-bpa-free-cola-shape","status":"publish","type":"product","link":"https:\/\/eco-drinkware.com\/fr\/product\/bouteille-deau-en-verre-borosilicate-650ml-22oz-bpa-free-cola-shape\/","title":{"rendered":"Bouteille d'eau en verre borosilicate 650ml \/22OZ BPA FREE en forme de cola"},"content":{"rendered":"<h2 class=\"wp-block-heading\">Caract\u00e9ristiques du produit :<\/h2>\n\n\n\n<p><strong>Mat\u00e9riau<\/strong>Corps en verre borosilicat\u00e9 tr\u00e8s brillant et tr\u00e8s transparent, couvercle en plastique pp neuf, acier inoxydable et silicone.<\/p>\n\n\n\n<p>La housse en n\u00e9opr\u00e8ne est munie d'une poign\u00e9e facile \u00e0 transporter. Le client peut retirer cette housse s'il ne l'aime pas.<\/p>\n\n\n\n<p><strong>Couleur<\/strong>La bouteille en verre est normalement de couleur claire. Eco Drinkware peut r\u00e9aliser des bouteilles color\u00e9es par peinture au pistolet ou par galvanoplastie UV.<\/p>\n\n\n\n<p><strong>Mod\u00e8le :&nbsp;<\/strong>Les motifs personnalis\u00e9s peuvent \u00eatre imprim\u00e9s et peuvent \u00eatre r\u00e9alis\u00e9s par diff\u00e9rentes techniques d'impression : s\u00e9rigraphie, transfert thermique, transfert \u00e0 l'eau, transfert par sublimation, etc.<\/p>\n\n\n\n<p><strong>Logo :&nbsp;<\/strong>Facile de travailler sur un logo personnalis\u00e9. Les options de logo comprennent : logo d\u00e9calcomanie, impression en soie, transfert thermique, sublimation, etc.<\/p>\n\n\n\n<p>Passe au lave-vaisselle et au micro-ondes.<\/p>\n\n\n\n<p><strong>Bo\u00eete d'emballage :&nbsp;<\/strong>bo\u00eete blanche, bo\u00eete imprim\u00e9e personnalis\u00e9e, bo\u00eete cylindrique, sac \u00e0 bulles, bo\u00eete cadeau, tout emballage personnalis\u00e9 est le bienvenu, etc.<\/p>\n\n\n\n<p><strong>Mode d'exp\u00e9dition<\/strong>: FOB, CIF, DDU, DDP par train ou par mer pour les clients du monde entier.<\/p>\n\n\n\n<p>Il est facile de fabriquer des bouteilles de forme personnalis\u00e9e, n'h\u00e9sitez pas \u00e0 nous faire part de vos id\u00e9es.<\/p>\n\n\n\n<figure class=\"wp-block-image size-full\"><img loading=\"lazy\" decoding=\"async\" width=\"1000\" height=\"1000\" src=\"https:\/\/eco-drinkware.com\/wp-content\/uploads\/2022\/11\/GA0001-ECO-DRINKWARE-Glass-Water-Bottle-5.webp\" alt=\"\" class=\"wp-image-1494\" srcset=\"https:\/\/eco-drinkware.com\/wp-content\/uploads\/2022\/11\/GA0001-ECO-DRINKWARE-Glass-Water-Bottle-5.webp 1000w, https:\/\/eco-drinkware.com\/wp-content\/uploads\/2022\/11\/GA0001-ECO-DRINKWARE-Glass-Water-Bottle-5-300x300.webp 300w, https:\/\/eco-drinkware.com\/wp-content\/uploads\/2022\/11\/GA0001-ECO-DRINKWARE-Glass-Water-Bottle-5-150x150.webp 150w, https:\/\/eco-drinkware.com\/wp-content\/uploads\/2022\/11\/GA0001-ECO-DRINKWARE-Glass-Water-Bottle-5-768x768.webp 768w, https:\/\/eco-drinkware.com\/wp-content\/uploads\/2022\/11\/GA0001-ECO-DRINKWARE-Glass-Water-Bottle-5-600x600.webp 600w, https:\/\/eco-drinkware.com\/wp-content\/uploads\/2022\/11\/GA0001-ECO-DRINKWARE-Glass-Water-Bottle-5-100x100.webp 100w\" sizes=\"auto, (max-width: 1000px) 100vw, 1000px\" \/><\/figure>\n\n\n\n<h2 class=\"wp-block-heading\">Sp\u00e9cifications du produit :<\/h2>\n\n\n\n<figure class=\"wp-block-table\"><table><tbody><tr><td>Capacit\u00e9<\/td><td>650ml\/18OZ<\/td><\/tr><tr><td>MOQ<\/td><td>100 pi\u00e8ces pour l'impression de logos personnalis\u00e9s<\/td><\/tr><tr><td>Diam\u00e8tre<\/td><td>Diam\u00e8tre :70mm (2.76 inch)&nbsp;&nbsp;&nbsp;&nbsp;&nbsp;&nbsp;&nbsp;&nbsp;&nbsp;&nbsp;&nbsp;&nbsp;&nbsp;&nbsp;&nbsp;&nbsp;&nbsp;&nbsp;&nbsp;&nbsp;&nbsp;<\/td><\/tr><tr><td>Hauteur<\/td><td>260 mm (10,24 pouces)<\/td><\/tr><tr><td>Couleur<\/td><td>Transparent, couleur personnalis\u00e9e<\/td><\/tr><tr><td>Logo<\/td><td>logo autocollant, impression en soie, transfert thermique, sublimation, etc.<\/td><\/tr><tr><td>Paquet<\/td><td>bo\u00eete blanche, bo\u00eete imprim\u00e9e personnalis\u00e9e, bo\u00eete cylindrique, sac \u00e0 bulles, bo\u00eete cadeau<\/td><\/tr><tr><td>Temps d'\u00e9chantillonnage<\/td><td>3 jours pour un \u00e9chantillon de stock, 7 jours pour un \u00e9chantillon de logo personnalis\u00e9<\/td><\/tr><tr><td>Temps de production<\/td><td>10-35 jours en fonction de la quantit\u00e9 et des besoins<\/td><\/tr><tr><td>A propos du paiement<\/td><td>Virement bancaire, paypal, western union<\/td><\/tr><tr><td>Pays d'origine<\/td><td>Fabriqu\u00e9 en Chine<\/td><\/tr><\/tbody><\/table><\/figure>","protected":false},"excerpt":{"rendered":"<p>Bouteille en verre borosilicat\u00e9 sans BPA en forme de cola, livr\u00e9e avec un manchon en n\u00e9opr\u00e8ne, facile \u00e0 emporter. Les mod\u00e8les et designs personnalis\u00e9s sont les bienvenus. .<\/p>\n<ul>\n<li>Sans BPA, conforme aux tests de la FDA et du LFGB<\/li>\n<li>\u00c9tanch\u00e9it\u00e9<\/li>\n<li>R\u00e9utilisable<\/li>\n<li>Sans danger pour le cong\u00e9lateur<\/li>\n<\/ul>\n<p>Capacit\u00e9 : 650ml\/22OZ<\/p>\n<p>Mat\u00e9riau tr\u00e8s brillant et tr\u00e8s transparent, capable de supporter une diff\u00e9rence de temp\u00e9rature de -20\u2103 \u00e0 500\u2103.<\/p>\n<p>Convient \u00e0 tous les supports, support de voiture, support de sac \u00e0 dos et support de v\u00e9lo.<\/p>","protected":false},"featured_media":1490,"template":"","meta":{"_acf_changed":false,"_seopress_robots_primary_cat":"","_seopress_titles_title":"","_seopress_titles_desc":"","_seopress_robots_index":"","_uag_custom_page_level_css":""},"product_brand":[],"product_cat":[22,35],"product_tag":[59,58,60],"class_list":{"0":"post-1487","1":"product","2":"type-product","3":"status-publish","4":"has-post-thumbnail","6":"product_cat-glass-water-bottle","7":"product_cat-single-wall-gass-bottle","8":"product_tag-bpa-free","9":"product_tag-glass-water-bottle","10":"product_tag-water-bottle","12":"first","13":"instock","14":"featured","15":"shipping-taxable","16":"product-type-simple"},"acf":[],"uagb_featured_image_src":{"full":["https:\/\/eco-drinkware.com\/wp-content\/uploads\/2022\/11\/GA0001-ECO-DRINKWARE-Glass-Water-Bottle-1.webp",600,600,false],"thumbnail":["https:\/\/eco-drinkware.com\/wp-content\/uploads\/2022\/11\/GA0001-ECO-DRINKWARE-Glass-Water-Bottle-1-150x150.webp",150,150,true],"medium":["https:\/\/eco-drinkware.com\/wp-content\/uploads\/2022\/11\/GA0001-ECO-DRINKWARE-Glass-Water-Bottle-1-300x300.webp",300,300,true],"medium_large":["https:\/\/eco-drinkware.com\/wp-content\/uploads\/2022\/11\/GA0001-ECO-DRINKWARE-Glass-Water-Bottle-1.webp",600,600,false],"large":["https:\/\/eco-drinkware.com\/wp-content\/uploads\/2022\/11\/GA0001-ECO-DRINKWARE-Glass-Water-Bottle-1.webp",600,600,false],"1536x1536":["https:\/\/eco-drinkware.com\/wp-content\/uploads\/2022\/11\/GA0001-ECO-DRINKWARE-Glass-Water-Bottle-1.webp",600,600,false],"2048x2048":["https:\/\/eco-drinkware.com\/wp-content\/uploads\/2022\/11\/GA0001-ECO-DRINKWARE-Glass-Water-Bottle-1.webp",600,600,false],"trp-custom-language-flag":["https:\/\/eco-drinkware.com\/wp-content\/uploads\/2022\/11\/GA0001-ECO-DRINKWARE-Glass-Water-Bottle-1.webp",12,12,false],"woocommerce_thumbnail":["https:\/\/eco-drinkware.com\/wp-content\/uploads\/2022\/11\/GA0001-ECO-DRINKWARE-Glass-Water-Bottle-1-300x300.webp",300,300,true],"woocommerce_single":["https:\/\/eco-drinkware.com\/wp-content\/uploads\/2022\/11\/GA0001-ECO-DRINKWARE-Glass-Water-Bottle-1.webp",600,600,false],"woocommerce_gallery_thumbnail":["https:\/\/eco-drinkware.com\/wp-content\/uploads\/2022\/11\/GA0001-ECO-DRINKWARE-Glass-Water-Bottle-1-100x100.webp",100,100,true]},"uagb_author_info":{"display_name":"Amy","author_link":"https:\/\/eco-drinkware.com\/fr\/author\/"},"uagb_comment_info":0,"uagb_excerpt":"BPA free borosilicate glass bottlein cola shape, comes with neoprene sleeve .Easy to take away .Cola shaped bottle which looks very special . Custom pattern and design are welcome . BPA Free, okay to pass FDA and LFGB testing Leak proof Reusable Freezer Safe Capacity: 650ml\/22OZ High bright and high transparent material .Okay to stand\u2026","_links":{"self":[{"href":"https:\/\/eco-drinkware.com\/fr\/wp-json\/wp\/v2\/product\/1487","targetHints":{"allow":["GET"]}}],"collection":[{"href":"https:\/\/eco-drinkware.com\/fr\/wp-json\/wp\/v2\/product"}],"about":[{"href":"https:\/\/eco-drinkware.com\/fr\/wp-json\/wp\/v2\/types\/product"}],"wp:featuredmedia":[{"embeddable":true,"href":"https:\/\/eco-drinkware.com\/fr\/wp-json\/wp\/v2\/media\/1490"}],"wp:attachment":[{"href":"https:\/\/eco-drinkware.com\/fr\/wp-json\/wp\/v2\/media?parent=1487"}],"wp:term":[{"taxonomy":"product_brand","embeddable":true,"href":"https:\/\/eco-drinkware.com\/fr\/wp-json\/wp\/v2\/product_brand?post=1487"},{"taxonomy":"product_cat","embeddable":true,"href":"https:\/\/eco-drinkware.com\/fr\/wp-json\/wp\/v2\/product_cat?post=1487"},{"taxonomy":"product_tag","embeddable":true,"href":"https:\/\/eco-drinkware.com\/fr\/wp-json\/wp\/v2\/product_tag?post=1487"}],"curies":[{"name":"wp","href":"https:\/\/api.w.org\/{rel}","templated":true}]}}