{"id":1500,"date":"2022-12-01T09:54:35","date_gmt":"2022-12-01T01:54:35","guid":{"rendered":"https:\/\/eco-drinkware.com\/?post_type=product&#038;p=1500"},"modified":"2022-12-01T10:22:12","modified_gmt":"2022-12-01T02:22:12","slug":"tasse-de-voyage-en-bambou-en-acier-inoxydable-avec-poignee-et-couvercle-anti-eclaboussures-tasse-a-cafe-de-camping-durable-11-oz","status":"publish","type":"product","link":"https:\/\/eco-drinkware.com\/fr\/product\/tasse-de-voyage-en-bambou-en-acier-inoxydable-avec-poignee-et-couvercle-anti-eclaboussures-tasse-a-cafe-de-camping-durable-11-oz\/","title":{"rendered":"Tasse de voyage en bambou en acier inoxydable avec poign\u00e9e et couvercle anti-\u00e9claboussures, tasse \u00e0 caf\u00e9 durable pour le camping - 11 Oz"},"content":{"rendered":"<h2 class=\"wp-block-heading\">Sp\u00e9cifications des produits<\/h2>\n\n\n\n<figure class=\"wp-block-table is-style-stripes\"><table><tbody><tr><td>Capacit\u00e9<\/td><td>280ml\/11OZ<\/td><\/tr><tr><td>MOQ<\/td><td>100 pi\u00e8ces pour l'impression de logos personnalis\u00e9s<\/td><\/tr><tr><td>Diam\u00e8tre<\/td><td>Diam\u00e8tre :76mm (3 pouces)&nbsp;&nbsp;&nbsp;&nbsp;&nbsp;&nbsp;&nbsp;&nbsp;&nbsp;&nbsp;&nbsp;&nbsp;&nbsp;&nbsp;&nbsp;&nbsp; &nbsp;&nbsp;&nbsp;&nbsp;&nbsp;<\/td><\/tr><tr><td>Hauteur<\/td><td>110 mm (4,33 pouces)<\/td><\/tr><tr><td>Couleur<\/td><td>Couleur bambou naturel<\/td><\/tr><tr><td>Logo<\/td><td>impression en soie, transfert thermique, laser, etc.<\/td><\/tr><tr><td>Paquet<\/td><td>bo\u00eete blanche, bo\u00eete imprim\u00e9e personnalis\u00e9e, bo\u00eete cylindrique, sac \u00e0 bulles, bo\u00eete cadeau<\/td><\/tr><tr><td>Temps d'\u00e9chantillonnage<\/td><td>3 jours pour un \u00e9chantillon de stock, 7 jours pour un \u00e9chantillon de logo personnalis\u00e9<\/td><\/tr><tr><td>Temps de production<\/td><td>10-35 jours en fonction de la quantit\u00e9 et des besoins<\/td><\/tr><tr><td>A propos du paiement<\/td><td>Virement bancaire, paypal, western union<\/td><\/tr><tr><td>Pays d'origine<\/td><td>Fabriqu\u00e9 en Chine<\/td><\/tr><tr><td>Certificat d'origine<\/td><td>Oui, nous pouvons offrir<\/td><\/tr><tr><td>Nouveau design personnalis\u00e9<\/td><td>Oui, nous pouvons y travailler<\/td><\/tr><tr><td>D\u00e9coupage de mugs<\/td><td>Disponible<\/td><\/tr><tr><td>Mod\u00e8le de paquet<\/td><td>Disponible<\/td><\/tr><\/tbody><\/table><\/figure>\n\n\n\n<h2 class=\"wp-block-heading\">Caract\u00e9ristiques du produit<\/h2>\n\n\n\n<p><strong>Mat\u00e9riau <\/strong>Couvercle : nouveau plastique pp et silicone, corps de la tasse : acier inoxydable 304 et bambou naturel.<\/p>\n\n\n\n<p><strong>Couleur <\/strong>: Couleur bambou naturel, peau de bambou, style de vie tr\u00e8s \u00e9cologique.<\/p>\n\n\n\n<p><strong>Mod\u00e8le<\/strong>Le motif personnalis\u00e9 peut \u00eatre imprim\u00e9 par diff\u00e9rentes techniques d'impression : s\u00e9rigraphie, transfert de chaleur.<\/p>\n\n\n\n<p><strong>Logo<\/strong>: Facile \u00e0 travailler avec un logo personnalis\u00e9. Mais le logo au laser est le plus beau sur le bambou. Cette technique permet de br\u00fbler la surface et d'obtenir un r\u00e9sultat de grande qualit\u00e9.<br>Lavable au lave-vaisselle.<\/p>\n\n\n\n<p><strong>Bo\u00eete d'emballage<\/strong>Bo\u00eete blanche, bo\u00eete imprim\u00e9e personnalis\u00e9e, bo\u00eete cylindrique, sac \u00e0 bulles, bo\u00eete cadeau, tout emballage personnalis\u00e9 est le bienvenu, etc.<\/p>\n\n\n\n<p>Il est facile de fabriquer des bouteilles de forme personnalis\u00e9e, n'h\u00e9sitez pas \u00e0 nous faire part de vos id\u00e9es.<\/p>\n\n\n\n<p>[Fabriqu\u00e9 \u00e0 la main avec du bambou cultiv\u00e9 biologiquement ] - Magnifique, naturel et respectueux de l'environnement, ce mug combine deux mat\u00e9riaux \u00e0 feuilles persistantes pour cr\u00e9er un mug robuste et exceptionnel, parfait pour un buveur de caf\u00e9 ou de th\u00e9. C'est le genre de mug qui suscite toujours des compliments et des remarques, o\u00f9 que vous alliez.<br>[Couvercle anti-\u00e9claboussures - pour boire en toute s\u00e9curit\u00e9] - Avec une poign\u00e9e robuste qui facilite la prise en main, cette tasse est parfaite pour emporter votre boisson chaude sur la route. Le couvercle emp\u00eache les \u00e9claboussures et permet de boire confortablement.<br>[Durable, mais l\u00e9ger ] - Notre tasse \u00e9cologique est souvent le premier choix pour les voyages de camping et de randonn\u00e9e. Sa construction solide et sa taille moyenne en font un excellent compagnon de voyage pour les pauses caf\u00e9 avec vue. Avec l'acier inoxydable 18\/8 100% de qualit\u00e9 alimentaire et le bambou propre, c'est un excellent choix de tasse \u00e0 caf\u00e9.<br>[Offrez le cadeau d'\u00eatre diff\u00e9rent ] - Faites en sorte que vos proches se sentent sp\u00e9ciaux chaque jour. Apportez-leur de la joie et un morceau de bois artisanal dans leur tasse \u00e0 caf\u00e9 de voyage pr\u00e9f\u00e9r\u00e9e.<br>Eco Drinkware fait de l'OEM et de l'ODM. Avec des ing\u00e9nieurs professionnels de haut niveau ayant plus de 10 ans d'exp\u00e9rience dans l'industrie de la fabrication de bouteilles d'eau, il est facile de transformer votre id\u00e9e en produits r\u00e9els. .<\/p>\n\n\n\n<p>Nous effectuons des contr\u00f4les de qualit\u00e9 en ligne pour nous assurer que la production se d\u00e9roule correctement et qu'il n'y a pas d'erreur. S'il y a une erreur, nous pouvons la corriger \u00e0 temps pour r\u00e9duire les co\u00fbts. La qualit\u00e9 est notre culture et nous sommes convaincus qu'elle apporte davantage aux clients et aux fabricants.<br>Il est facile de fabriquer des bouteilles de forme personnalis\u00e9e, n'h\u00e9sitez pas \u00e0 nous faire part de vos id\u00e9es.<br>M\u00e9thode d'exp\u00e9dition : FOB, CIF, DDU, DDP par train ou par mer pour les clients internationaux.<br>Sp\u00e9cialis\u00e9 dans la fabrication et l'exportation de toutes sortes d'articles pour boissons, tels que bouteilles d'eau, gobelets en gros, r\u00e9cipients pour aliments, \u00e9cuelles pour chiens, saladiers, glaci\u00e8res. Eco Drinkware poss\u00e8de des lignes de production automatis\u00e9es et tr\u00e8s efficaces. Nous adoptons l'industrie 4.0 et restons comp\u00e9titifs dans l'industrie. La production automatis\u00e9e rend nos produits moins co\u00fbteux et plus comp\u00e9titifs en termes de prix.<\/p>\n\n\n\n<p><\/p>","protected":false},"excerpt":{"rendered":"<p>Tasse de voyage en bambou en acier inoxydable avec poign\u00e9e et couvercle anti-\u00e9claboussures, sans BPA. Tasse \u00e0 caf\u00e9 durable pour le camping<\/p>\n<ul>\n<li>Sans BPA, conforme aux tests de la FDA et du LFGB<\/li>\n<li>Conception \u00e9tanche<\/li>\n<li>Acier inoxydable 18\/8 et 100% Bambou naturel fait \u00e0 la main<\/li>\n<li>Capacit\u00e9:280ml\/11OZ<\/li>\n<li>Id\u00e9al pour faire du th\u00e9 ou du caf\u00e9<\/li>\n<li>Peut \u00eatre mis au cong\u00e9lateur.<\/li>\n<li>Convient \u00e0 tous les supports, support de voiture, support de sac \u00e0 dos et support de v\u00e9lo.<\/li>\n<\/ul>","protected":false},"featured_media":1503,"template":"","meta":{"_acf_changed":false,"_seopress_robots_primary_cat":"","_seopress_titles_title":"","_seopress_titles_desc":"Beautiful, natural and eco friendly, this mug combines two evergreen materials to create a sturdy and outstanding mug perfect for a coffee or tea drinker. This is the kind of mug that always gets complimented and noticed wherever you go.","_seopress_robots_index":"","_uag_custom_page_level_css":""},"product_brand":[],"product_cat":[34,21],"product_tag":[],"class_list":{"0":"post-1500","1":"product","2":"type-product","3":"status-publish","4":"has-post-thumbnail","6":"product_cat-bamboo-tumbler","7":"product_cat-bamboo-water-bottle","9":"first","10":"instock","11":"featured","12":"shipping-taxable","13":"product-type-simple"},"acf":[],"uagb_featured_image_src":{"full":["https:\/\/eco-drinkware.com\/wp-content\/uploads\/2022\/12\/Stainless-Steel-Bamboo-Travel-Mug-2.webp",1000,1000,false],"thumbnail":["https:\/\/eco-drinkware.com\/wp-content\/uploads\/2022\/12\/Stainless-Steel-Bamboo-Travel-Mug-2-150x150.webp",150,150,true],"medium":["https:\/\/eco-drinkware.com\/wp-content\/uploads\/2022\/12\/Stainless-Steel-Bamboo-Travel-Mug-2-300x300.webp",300,300,true],"medium_large":["https:\/\/eco-drinkware.com\/wp-content\/uploads\/2022\/12\/Stainless-Steel-Bamboo-Travel-Mug-2-768x768.webp",768,768,true],"large":["https:\/\/eco-drinkware.com\/wp-content\/uploads\/2022\/12\/Stainless-Steel-Bamboo-Travel-Mug-2.webp",1000,1000,false],"1536x1536":["https:\/\/eco-drinkware.com\/wp-content\/uploads\/2022\/12\/Stainless-Steel-Bamboo-Travel-Mug-2.webp",1000,1000,false],"2048x2048":["https:\/\/eco-drinkware.com\/wp-content\/uploads\/2022\/12\/Stainless-Steel-Bamboo-Travel-Mug-2.webp",1000,1000,false],"trp-custom-language-flag":["https:\/\/eco-drinkware.com\/wp-content\/uploads\/2022\/12\/Stainless-Steel-Bamboo-Travel-Mug-2.webp",12,12,false],"woocommerce_thumbnail":["https:\/\/eco-drinkware.com\/wp-content\/uploads\/2022\/12\/Stainless-Steel-Bamboo-Travel-Mug-2-300x300.webp",300,300,true],"woocommerce_single":["https:\/\/eco-drinkware.com\/wp-content\/uploads\/2022\/12\/Stainless-Steel-Bamboo-Travel-Mug-2-600x600.webp",600,600,true],"woocommerce_gallery_thumbnail":["https:\/\/eco-drinkware.com\/wp-content\/uploads\/2022\/12\/Stainless-Steel-Bamboo-Travel-Mug-2-100x100.webp",100,100,true]},"uagb_author_info":{"display_name":"Amy","author_link":"https:\/\/eco-drinkware.com\/fr\/author\/"},"uagb_comment_info":0,"uagb_excerpt":"BPA free 11OZ personalized custom logo Stainless Steel Bamboo Travel Mug with Handle and Splash Proof Lid. Durable Camping Coffee Mug BPA Free, okay to pass FDA and LFGB testing Leak proof design 18\/8 Stainless Steel and 100% Natural Handcrafted Bamboo Capacity:280ml\/11OZ Great fot tea or coffee making Okay to put in freezer. Suit for\u2026","_links":{"self":[{"href":"https:\/\/eco-drinkware.com\/fr\/wp-json\/wp\/v2\/product\/1500","targetHints":{"allow":["GET"]}}],"collection":[{"href":"https:\/\/eco-drinkware.com\/fr\/wp-json\/wp\/v2\/product"}],"about":[{"href":"https:\/\/eco-drinkware.com\/fr\/wp-json\/wp\/v2\/types\/product"}],"wp:featuredmedia":[{"embeddable":true,"href":"https:\/\/eco-drinkware.com\/fr\/wp-json\/wp\/v2\/media\/1503"}],"wp:attachment":[{"href":"https:\/\/eco-drinkware.com\/fr\/wp-json\/wp\/v2\/media?parent=1500"}],"wp:term":[{"taxonomy":"product_brand","embeddable":true,"href":"https:\/\/eco-drinkware.com\/fr\/wp-json\/wp\/v2\/product_brand?post=1500"},{"taxonomy":"product_cat","embeddable":true,"href":"https:\/\/eco-drinkware.com\/fr\/wp-json\/wp\/v2\/product_cat?post=1500"},{"taxonomy":"product_tag","embeddable":true,"href":"https:\/\/eco-drinkware.com\/fr\/wp-json\/wp\/v2\/product_tag?post=1500"}],"curies":[{"name":"wp","href":"https:\/\/api.w.org\/{rel}","templated":true}]}}