{"id":1507,"date":"2022-12-01T10:03:05","date_gmt":"2022-12-01T02:03:05","guid":{"rendered":"https:\/\/eco-drinkware.com\/?post_type=product&#038;p=1507"},"modified":"2023-07-04T15:46:50","modified_gmt":"2023-07-04T07:46:50","slug":"logo-personnalise-400ml-mug-de-voyage-en-bambou-acier-tumbler-en-bambou","status":"publish","type":"product","link":"https:\/\/eco-drinkware.com\/fr\/product\/logo-personnalise-400ml-mug-de-voyage-en-bambou-acier-tumbler-en-bambou\/","title":{"rendered":"Logo personnalis\u00e9 400ml Tasse de voyage en acier bambou Tumbler en bambou"},"content":{"rendered":"<h2 class=\"wp-block-heading\">Sp\u00e9cifications des produits<\/h2>\n\n\n\n<figure class=\"wp-block-table is-style-stripes\"><table><tbody><tr><td>Num\u00e9ro de l'article<\/td><td>GB8016<\/td><\/tr><tr><td>Capacit\u00e9<\/td><td>400ml\/14OZ<\/td><\/tr><tr><td>MOQ<\/td><td>100 pi\u00e8ces pour l'impression de logos personnalis\u00e9s, 50 pi\u00e8ces pour les logos laser<\/td><\/tr><tr><td>Diam\u00e8tre<\/td><td>Diam\u00e8tre : 90 mm (3,5 pouces)&nbsp;&nbsp;&nbsp;&nbsp;&nbsp;&nbsp;&nbsp;&nbsp;&nbsp;&nbsp;&nbsp;&nbsp;&nbsp;&nbsp;&nbsp;&nbsp;&nbsp;&nbsp;&nbsp;&nbsp;&nbsp;<\/td><\/tr><tr><td>Hauteur<\/td><td>150 mm (5,9 pouces)<\/td><\/tr><tr><td>Couleur<\/td><td>Couleur bambou naturel<\/td><\/tr><tr><td>Logo<\/td><td>impression en soie, transfert thermique, laser, etc.<\/td><\/tr><tr><td>Paquet<\/td><td>bo\u00eete blanche, bo\u00eete imprim\u00e9e personnalis\u00e9e, bo\u00eete cylindrique, sac \u00e0 bulles, bo\u00eete cadeau<\/td><\/tr><tr><td>Temps d'\u00e9chantillonnage<\/td><td>3 jours pour un \u00e9chantillon de stock, 7 jours pour un \u00e9chantillon de logo personnalis\u00e9<\/td><\/tr><tr><td>Temps de production<\/td><td>10-35 jours en fonction de la quantit\u00e9 et des besoins<\/td><\/tr><tr><td>A propos du paiement<\/td><td>Virement bancaire, paypal, western union<\/td><\/tr><tr><td>Pays d'origine<\/td><td>Fabriqu\u00e9 en Chine<\/td><\/tr><tr><td>Certificat d'origine<\/td><td>Oui, nous pouvons offrir<\/td><\/tr><tr><td>Nouveau design personnalis\u00e9<\/td><td>Oui, nous pouvons y travailler<\/td><\/tr><tr><td>D\u00e9coupage de mugs<\/td><td>Disponible<\/td><\/tr><tr><td>Mod\u00e8le de paquet<\/td><td>Disponible<\/td><\/tr><\/tbody><\/table><\/figure>\n\n\n\n<h2 class=\"wp-block-heading\">Caract\u00e9ristiques du produit<\/h2>\n\n\n\n<p><strong>Mat\u00e9riau <\/strong>Couvercle : nouveau plastique pp et silicone, corps de la tasse : acier inoxydable 304 et bambou naturel.<br><strong>Couleur <\/strong>: Couleur bambou naturel, peau de bambou, style de vie tr\u00e8s \u00e9cologique.<\/p>\n\n\n\n<p>[Fabriqu\u00e9 \u00e0 la main avec du bambou cultiv\u00e9 biologiquement ] - Magnifique, naturel et respectueux de l'environnement, ce mug combine deux mat\u00e9riaux \u00e0 feuilles persistantes pour cr\u00e9er un mug robuste et exceptionnel, parfait pour un buveur de caf\u00e9 ou de th\u00e9. C'est le genre de mug qui suscite toujours des compliments et des remarques, o\u00f9 que vous alliez.<\/p>\n\n\n\n<p>[Couvercle anti-\u00e9claboussures - pour boire en toute s\u00e9curit\u00e9] - Avec une poign\u00e9e robuste qui facilite la prise en main, cette tasse est parfaite pour emporter votre boisson chaude sur la route. Le couvercle emp\u00eache les \u00e9claboussures et permet de boire confortablement.<\/p>\n\n\n\n<p>[Durable, mais l\u00e9ger ] - Notre tasse \u00e9cologique est souvent le premier choix pour les voyages de camping et de randonn\u00e9e. Sa construction solide et sa taille moyenne en font un excellent compagnon de voyage pour les pauses caf\u00e9 avec vue. Avec l'acier inoxydable 18\/8 100% de qualit\u00e9 alimentaire et le bambou propre, c'est un excellent choix de tasse \u00e0 caf\u00e9.<br>Motif : des motifs personnalis\u00e9s peuvent \u00eatre imprim\u00e9s et peuvent \u00eatre r\u00e9alis\u00e9s par diff\u00e9rentes techniques d'impression : s\u00e9rigraphie, impression par transfert thermique.<\/p>\n\n\n\n<p><strong>Taille<\/strong>90*150mm , <strong>capacit\u00e9<\/strong>: 400ml\/14OZ . Facile \u00e0 tenir \u00e0 la main. Taille parfaite pour boire.<\/p>\n\n\n\n<p><strong>Logo<\/strong>: Facile \u00e0 travailler avec un logo personnalis\u00e9. Mais le logo au laser est le plus beau sur le bambou. Cette technique permet de br\u00fbler la surface et d'obtenir un r\u00e9sultat de grande qualit\u00e9.<br>Lavable au lave-vaisselle.<strong>Pas de micro-ondes<\/strong><\/p>\n\n\n\n<p><strong>Bo\u00eete d'emballage<\/strong>Bo\u00eete blanche, bo\u00eete imprim\u00e9e personnalis\u00e9e, bo\u00eete cylindrique, sac \u00e0 bulles, bo\u00eete cadeau, tout emballage personnalis\u00e9 est le bienvenu, etc.<br>Il est facile de fabriquer des bouteilles de forme personnalis\u00e9e, n'h\u00e9sitez pas \u00e0 nous faire part de vos id\u00e9es.<\/p>\n\n\n\n<p>[Offrez le cadeau d'\u00eatre diff\u00e9rent ] - Faites en sorte que vos proches se sentent sp\u00e9ciaux chaque jour. Apportez-leur de la joie et un morceau de bois artisanal dans leur tasse \u00e0 caf\u00e9 de voyage pr\u00e9f\u00e9r\u00e9e.<br>Eco Drinkware fait de l'OEM et de l'ODM. Avec des ing\u00e9nieurs professionnels de haut niveau ayant plus de 10 ans d'exp\u00e9rience dans l'industrie de la fabrication de bouteilles d'eau, il est facile de transformer votre id\u00e9e en produits r\u00e9els.<br>Nous effectuons des contr\u00f4les de qualit\u00e9 en ligne pour nous assurer que la production se d\u00e9roule correctement et qu'il n'y a pas d'erreur. S'il y a une erreur, nous pouvons la corriger \u00e0 temps pour r\u00e9duire les co\u00fbts. La qualit\u00e9 est notre culture et nous sommes convaincus qu'elle apporte davantage aux clients et aux fabricants.<br>Il est facile de fabriquer des bouteilles de forme personnalis\u00e9e, n'h\u00e9sitez pas \u00e0 nous faire part de vos id\u00e9es.<\/p>\n\n\n\n<p><strong>Mode d'exp\u00e9dition<\/strong> : FOB, CIF, DDU, DDP par train ou par mer pour les clients du monde entier.<\/p>\n\n\n\n<p>ECO DRINKWARE est sp\u00e9cialis\u00e9 dans la fabrication et l'exportation de toutes sortes d'articles pour boissons, tels que des bouteilles d'eau, des gobelets en gros, des r\u00e9cipients pour aliments, des gamelles pour chiens, des saladiers et des glaci\u00e8res. Eco Drinkware poss\u00e8de des lignes de production automatis\u00e9es et tr\u00e8s efficaces. Nous adoptons l'industrie 4.0 et restons comp\u00e9titifs dans l'industrie. La production automatis\u00e9e rend nos produits moins co\u00fbteux et plus comp\u00e9titifs en termes de prix.<\/p>\n\n\n\n<p>Les vendeurs professionnels parlent couramment l'anglais. Votre demande sera trait\u00e9e dans les 24 heures.<\/p>","protected":false},"excerpt":{"rendered":"<p>Tasse de voyage en bambou en acier inoxydable avec logo personnalis\u00e9, 400ml, sans BPA, livr\u00e9e avec un emballage personnalis\u00e9.<\/p>\n<ul>\n<li>Sans BPA, test\u00e9 par la FDA et le LFGB, tous les mat\u00e9riaux sont \u00e9cologiques et sans danger pour les aliments.<\/li>\n<li>Nos mugs de grande capacit\u00e9 de 400 ml sont fabriqu\u00e9s en bambou et en acier inoxydable, ce qui leur conf\u00e8re un aspect unique et \u00e9l\u00e9gant. Comme il s'agit de bambou v\u00e9ritable, il n'y en a pas deux identiques, et chaque tasse que vous achetez est UNIQUE \u00e0 VOUS !<\/li>\n<li>Facile \u00e0 nettoyer : Le couvercle se d\u00e9visse pour faciliter le nettoyage. Lavage \u00e0 la main uniquement<\/li>\n<li>Tournez le couvercle pour obtenir de l'eau ou d\u00e9vissez le couvercle pour boire de l'eau directement.<\/li>\n<li>Capacit\u00e9 : 400ml\/14OZ<\/li>\n<li>Id\u00e9al pour la pr\u00e9paration du th\u00e9 ou du caf\u00e9<\/li>\n<li>Peut \u00eatre mis au cong\u00e9lateur. Passe au lave-vaisselle.<\/li>\n<li>Convient \u00e0 tous les supports, support de voiture, support de sac \u00e0 dos et support de v\u00e9lo.<\/li>\n<\/ul>","protected":false},"featured_media":1511,"template":"","meta":{"_acf_changed":false,"_seopress_robots_primary_cat":"","_seopress_titles_title":"","_seopress_titles_desc":"BPA free 400ml personalized custom logo Stainless Steel Bamboo Travel mug bamboo tumbler, comes with custom package .Profession OEM and ODM bamboo mug supplier.","_seopress_robots_index":"","_uag_custom_page_level_css":""},"product_brand":[],"product_cat":[34,21],"product_tag":[],"class_list":{"0":"post-1507","1":"product","2":"type-product","3":"status-publish","4":"has-post-thumbnail","6":"product_cat-bamboo-tumbler","7":"product_cat-bamboo-water-bottle","9":"first","10":"instock","11":"featured","12":"shipping-taxable","13":"product-type-simple"},"acf":[],"uagb_featured_image_src":{"full":["https:\/\/eco-drinkware.com\/wp-content\/uploads\/2022\/12\/400ml-Steel-Bamboo-Travel-Mug-4.webp",1000,1000,false],"thumbnail":["https:\/\/eco-drinkware.com\/wp-content\/uploads\/2022\/12\/400ml-Steel-Bamboo-Travel-Mug-4-150x150.webp",150,150,true],"medium":["https:\/\/eco-drinkware.com\/wp-content\/uploads\/2022\/12\/400ml-Steel-Bamboo-Travel-Mug-4-300x300.webp",300,300,true],"medium_large":["https:\/\/eco-drinkware.com\/wp-content\/uploads\/2022\/12\/400ml-Steel-Bamboo-Travel-Mug-4-768x768.webp",768,768,true],"large":["https:\/\/eco-drinkware.com\/wp-content\/uploads\/2022\/12\/400ml-Steel-Bamboo-Travel-Mug-4.webp",1000,1000,false],"1536x1536":["https:\/\/eco-drinkware.com\/wp-content\/uploads\/2022\/12\/400ml-Steel-Bamboo-Travel-Mug-4.webp",1000,1000,false],"2048x2048":["https:\/\/eco-drinkware.com\/wp-content\/uploads\/2022\/12\/400ml-Steel-Bamboo-Travel-Mug-4.webp",1000,1000,false],"trp-custom-language-flag":["https:\/\/eco-drinkware.com\/wp-content\/uploads\/2022\/12\/400ml-Steel-Bamboo-Travel-Mug-4.webp",12,12,false],"woocommerce_thumbnail":["https:\/\/eco-drinkware.com\/wp-content\/uploads\/2022\/12\/400ml-Steel-Bamboo-Travel-Mug-4-300x300.webp",300,300,true],"woocommerce_single":["https:\/\/eco-drinkware.com\/wp-content\/uploads\/2022\/12\/400ml-Steel-Bamboo-Travel-Mug-4-600x600.webp",600,600,true],"woocommerce_gallery_thumbnail":["https:\/\/eco-drinkware.com\/wp-content\/uploads\/2022\/12\/400ml-Steel-Bamboo-Travel-Mug-4-100x100.webp",100,100,true]},"uagb_author_info":{"display_name":"Amy","author_link":"https:\/\/eco-drinkware.com\/fr\/author\/"},"uagb_comment_info":0,"uagb_excerpt":"BPA free 400ml personalized custom logo Stainless Steel Bamboo Travel mug bamboo tumbler, comes with custom package .Profession OEM and ODM bamboo mug supplier. BPA Free, okay to pass FDA and LFGB testing.All materials are eco friendly and food safe. Unique nature bamboo design ,eco friendly life style.Our high capacity 400ml mugs are made of\u2026","_links":{"self":[{"href":"https:\/\/eco-drinkware.com\/fr\/wp-json\/wp\/v2\/product\/1507","targetHints":{"allow":["GET"]}}],"collection":[{"href":"https:\/\/eco-drinkware.com\/fr\/wp-json\/wp\/v2\/product"}],"about":[{"href":"https:\/\/eco-drinkware.com\/fr\/wp-json\/wp\/v2\/types\/product"}],"wp:featuredmedia":[{"embeddable":true,"href":"https:\/\/eco-drinkware.com\/fr\/wp-json\/wp\/v2\/media\/1511"}],"wp:attachment":[{"href":"https:\/\/eco-drinkware.com\/fr\/wp-json\/wp\/v2\/media?parent=1507"}],"wp:term":[{"taxonomy":"product_brand","embeddable":true,"href":"https:\/\/eco-drinkware.com\/fr\/wp-json\/wp\/v2\/product_brand?post=1507"},{"taxonomy":"product_cat","embeddable":true,"href":"https:\/\/eco-drinkware.com\/fr\/wp-json\/wp\/v2\/product_cat?post=1507"},{"taxonomy":"product_tag","embeddable":true,"href":"https:\/\/eco-drinkware.com\/fr\/wp-json\/wp\/v2\/product_tag?post=1507"}],"curies":[{"name":"wp","href":"https:\/\/api.w.org\/{rel}","templated":true}]}}