{"id":1528,"date":"2022-12-01T10:41:15","date_gmt":"2022-12-01T02:41:15","guid":{"rendered":"https:\/\/eco-drinkware.com\/?post_type=product&#038;p=1528"},"modified":"2022-12-01T11:18:46","modified_gmt":"2022-12-01T03:18:46","slug":"thermos-en-bambou-de-500ml-380ml-330ml-a-triple-paroi-isolee-avec-filtre-infuseur-de-the","status":"publish","type":"product","link":"https:\/\/eco-drinkware.com\/fr\/product\/thermos-en-bambou-de-500ml-380ml-330ml-a-triple-paroi-isolee-avec-filtre-infuseur-de-the\/","title":{"rendered":"Thermos en bambou triple paroi 500ml 380ml 330ml avec infuseur \u00e0 th\u00e9 et passoire"},"content":{"rendered":"<h2 class=\"wp-block-heading\">Sp\u00e9cification du produit<\/h2>\n\n\n\n<figure class=\"wp-block-table is-style-stripes\"><table><tbody><tr><td>Num\u00e9ro de l'article<\/td><td>GB8060<\/td><\/tr><tr><td>Capacit\u00e9<\/td><td>330ml\/12OZ 380ml\/14OZ 500ml\/17OZ<\/td><\/tr><tr><td>MOQ<\/td><td>100 pi\u00e8ces pour l'impression de logos personnalis\u00e9s, 50 pi\u00e8ces pour les logos laser<\/td><\/tr><tr><td>Format 330ml<\/td><td>Diam\u00e8tre :66mm (2.6 inch), hauteur 200 mm (7.87 inch)&nbsp;&nbsp;&nbsp;&nbsp;&nbsp;&nbsp;&nbsp;&nbsp;&nbsp;&nbsp;&nbsp;&nbsp;&nbsp;&nbsp;&nbsp;<\/td><\/tr><tr><td>Format de 380 ml<\/td><td>Diam\u00e8tre :70mm (2.76 inch), hauteur 200 mm (7.87 inch)<\/td><\/tr><tr><td>Format 500ml<\/td><td>Diam\u00e8tre :70mm (2.76 inch) , hauteur 230 mm (9.06 inch)<\/td><\/tr><tr><td>Couleur<\/td><td>Couleur bambou naturel<\/td><\/tr><tr><td>Logo<\/td><td>Impression sur soie, transfert thermique, laser, etc.<\/td><\/tr><tr><td>Paquet<\/td><td>bo\u00eete blanche, bo\u00eete imprim\u00e9e personnalis\u00e9e, bo\u00eete cylindrique, sac \u00e0 bulles, bo\u00eete cadeau<\/td><\/tr><tr><td>Temps d'\u00e9chantillonnage<\/td><td>3 jours pour un \u00e9chantillon de stock, 7 jours pour un \u00e9chantillon de logo personnalis\u00e9<\/td><\/tr><tr><td>Temps de production<\/td><td>10-35 jours en fonction de la quantit\u00e9 et des besoins<\/td><\/tr><\/tbody><\/table><\/figure>\n\n\n\n<h2 class=\"wp-block-heading\">Caract\u00e9ristiques du produit<\/h2>\n\n\n\n<p><strong>Mat\u00e9riau<\/strong>Couvercle : nouveau plastique pp et silicone, corps de la tasse : acier inoxydable 304 et bambou naturel.<br><strong>Couleur<\/strong>: Couleur bambou naturel, avec peau de bambou, style de vie tr\u00e8s respectueux de l'environnement. La partie en acier inoxydable peut \u00eatre de n'importe quelle couleur.<br>Mat\u00e9riaux non toxiques - la bouteille infuseur de th\u00e9 en bambou est un choix intelligent et respectueux de l'environnement, car elle contribue \u00e0 r\u00e9duire l'impact des d\u00e9chets plastiques sur l'environnement. \u00c9conomisez des centaines de gobelets et de bouteilles en plastique en utilisant cette tasse \u00e0 infusion tous les jours ! Non toxique, cette bouteille infuseur ne contient pas de plastique nocif, d'odeurs chimiques ou de toxines qui entrent en contact avec vos boissons. Chaque tasse de voyage est test\u00e9e selon les normes les plus strictes et est certifi\u00e9e sans BPA ni plomb.<\/p>\n\n\n\n<p>[Fabriqu\u00e9 \u00e0 la main avec du bambou cultiv\u00e9 biologiquement ] - Magnifique, naturel et respectueux de l'environnement, ce mug combine deux mat\u00e9riaux \u00e0 feuilles persistantes pour cr\u00e9er un mug robuste et exceptionnel, parfait pour un buveur de caf\u00e9 ou de th\u00e9. C'est le genre de mug qui suscite toujours des compliments et des remarques, o\u00f9 que vous alliez.<\/p>\n\n\n\n<p><strong>Mod\u00e8le<\/strong>Le motif personnalis\u00e9 peut \u00eatre imprim\u00e9 par diff\u00e9rentes techniques d'impression : s\u00e9rigraphie, transfert de chaleur.<br><strong>Sans transpiration<\/strong>Cette bouteille r\u00e9utilisable ne transpire pas lorsqu'elle est remplie d'eau glac\u00e9e et ne br\u00fble pas les mains lorsqu'elle est remplie d'eau chaude.<br><strong>Taille<\/strong>: 330ml\/ 66<em>200mm ,380ml\/70<\/em>200mm, 500ml\/70*230 mm, facile \u00e0 tenir \u00e0 la main. Taille parfaite pour boire.<br><strong>Logo<\/strong>: Facile \u00e0 travailler avec un logo personnalis\u00e9. Mais le logo au laser est le plus beau sur le bambou. Cette technique permet de br\u00fbler la surface et d'obtenir un r\u00e9sultat de grande qualit\u00e9.<br>Lavable au lave-vaisselle, pas de micro-ondes<br><strong>Bo\u00eete d'emballage<\/strong>Bo\u00eete blanche, bo\u00eete imprim\u00e9e personnalis\u00e9e, bo\u00eete cylindrique, sac \u00e0 bulles, bo\u00eete cadeau, tout emballage personnalis\u00e9 est le bienvenu, etc.<br>Il est facile de fabriquer des bouteilles de forme personnalis\u00e9e, n'h\u00e9sitez pas \u00e0 nous faire part de vos id\u00e9es.<\/p>\n\n\n\n<p>[Offrez le cadeau d'\u00eatre diff\u00e9rent ] - Faites en sorte que vos proches se sentent sp\u00e9ciaux chaque jour. Apportez-leur de la joie et un morceau de bois artisanal dans leur tasse \u00e0 caf\u00e9 de voyage pr\u00e9f\u00e9r\u00e9e.<br>Eco Drinkware fait de l'OEM et de l'ODM. Avec des ing\u00e9nieurs professionnels de haut niveau ayant plus de 10 ans d'exp\u00e9rience dans l'industrie de la fabrication de bouteilles d'eau, il est facile de transformer votre id\u00e9e en produits r\u00e9els.<br>Nous effectuons des contr\u00f4les de qualit\u00e9 en ligne pour nous assurer que la production se d\u00e9roule correctement et qu'il n'y a pas d'erreur. S'il y a une erreur, nous pouvons la corriger \u00e0 temps pour r\u00e9duire les co\u00fbts. La qualit\u00e9 est notre culture et nous sommes convaincus qu'elle apporte davantage aux clients et aux fabricants.<br>Il est facile de fabriquer des bouteilles de forme personnalis\u00e9e, n'h\u00e9sitez pas \u00e0 nous faire part de vos id\u00e9es.<\/p>\n\n\n\n<p><strong>Mode d'exp\u00e9dition<\/strong>: FOB, CIF, DDU, DDP par train ou par mer pour les clients du monde entier.<br>Sp\u00e9cialis\u00e9 dans la fabrication et l'exportation de toutes sortes d'articles pour boissons, tels que bouteilles d'eau, gobelets en gros, r\u00e9cipients pour aliments, \u00e9cuelles pour chiens, saladiers, glaci\u00e8res. Eco Drinkware poss\u00e8de des lignes de production automatis\u00e9es et tr\u00e8s efficaces. Nous adoptons l'industrie 4.0 et restons comp\u00e9titifs dans l'industrie. La production automatis\u00e9e rend nos produits moins co\u00fbteux et plus comp\u00e9titifs en termes de prix.<\/p>\n\n\n\n<p>Les vendeurs professionnels parlent couramment l'anglais. Votre demande sera trait\u00e9e dans les 24 heures.<\/p>","protected":false},"excerpt":{"rendered":"<ul>\n<li>Sans BPA, test\u00e9 par la FDA et le LFGB, tous les mat\u00e9riaux sont \u00e9cologiques et sans danger pour les aliments.<\/li>\n<li>Le design unique du bambou, le style de vie \u00e9cologique, le bambou et l'acier inoxydable leur conf\u00e8rent un aspect unique et \u00e9l\u00e9gant. Comme il s'agit de bambou v\u00e9ritable, il n'y en a pas deux identiques, et chacun de ceux que vous achetez est UNIQUE \u00e0 VOUS !<\/li>\n<li>Le petit infuseur et l'infuseur \u00e0 panier sont optionnels, choisissez celui que vous pr\u00e9f\u00e9rez. <\/li>\n<li>Thermos isolant \u00e0 double paroi, gardant l'eau chaude pendant 24 heures et froide pendant 12 heures. Ainsi, si vous mettez du caf\u00e9 froid \u00e0 l'int\u00e9rieur, le caf\u00e9 sera toujours froid pendant votre journ\u00e9e.<br \/>La paille et la brosse \u00e0 paille en acier inoxydable peuvent \u00eatre assorties et emball\u00e9es dans la bo\u00eete. Faites-nous savoir si vous en avez besoin.<\/li>\n<li>Facile \u00e0 nettoyer : Le couvercle se d\u00e9visse pour faciliter le nettoyage. Lavage \u00e0 la main uniquement<\/li>\n<li>Tournez le couvercle pour obtenir de l'eau ou d\u00e9vissez le couvercle pour boire de l'eau directement.<\/li>\n<li>Capacit\u00e9:330ml\/12OZ 380ml\/14OZ 500ml\/17OZ<\/li>\n<li>Id\u00e9al pour la pr\u00e9paration du th\u00e9 ou du caf\u00e9 <\/li>\n<li>Inoxydable et \u00e9tanche<\/li>\n<li>Peut \u00eatre mis au cong\u00e9lateur. Passe au lave-vaisselle.<\/li>\n<li>Convient \u00e0 tous les supports, support de voiture, support de sac \u00e0 dos et support de v\u00e9lo.<\/li>\n<\/ul>","protected":false},"featured_media":1534,"template":"","meta":{"_acf_changed":false,"_seopress_robots_primary_cat":"none","_seopress_titles_title":"","_seopress_titles_desc":"Eco friendly bamboo flask from China, made of nature bamboo .Multi capacity available.Custom logo and package welcome . DDP shipping to final customer.More than 10 years expert experience.","_seopress_robots_index":"","_uag_custom_page_level_css":""},"product_brand":[],"product_cat":[34,21],"product_tag":[],"class_list":{"0":"post-1528","1":"product","2":"type-product","3":"status-publish","4":"has-post-thumbnail","6":"product_cat-bamboo-tumbler","7":"product_cat-bamboo-water-bottle","9":"first","10":"instock","11":"featured","12":"shipping-taxable","13":"product-type-simple"},"acf":[],"uagb_featured_image_src":{"full":["https:\/\/eco-drinkware.com\/wp-content\/uploads\/2022\/12\/Bamboo-Thermos-with-Tea-Infuser-Strainer-1.webp",800,800,false],"thumbnail":["https:\/\/eco-drinkware.com\/wp-content\/uploads\/2022\/12\/Bamboo-Thermos-with-Tea-Infuser-Strainer-1-150x150.webp",150,150,true],"medium":["https:\/\/eco-drinkware.com\/wp-content\/uploads\/2022\/12\/Bamboo-Thermos-with-Tea-Infuser-Strainer-1-300x300.webp",300,300,true],"medium_large":["https:\/\/eco-drinkware.com\/wp-content\/uploads\/2022\/12\/Bamboo-Thermos-with-Tea-Infuser-Strainer-1-768x768.webp",768,768,true],"large":["https:\/\/eco-drinkware.com\/wp-content\/uploads\/2022\/12\/Bamboo-Thermos-with-Tea-Infuser-Strainer-1.webp",800,800,false],"1536x1536":["https:\/\/eco-drinkware.com\/wp-content\/uploads\/2022\/12\/Bamboo-Thermos-with-Tea-Infuser-Strainer-1.webp",800,800,false],"2048x2048":["https:\/\/eco-drinkware.com\/wp-content\/uploads\/2022\/12\/Bamboo-Thermos-with-Tea-Infuser-Strainer-1.webp",800,800,false],"trp-custom-language-flag":["https:\/\/eco-drinkware.com\/wp-content\/uploads\/2022\/12\/Bamboo-Thermos-with-Tea-Infuser-Strainer-1.webp",12,12,false],"woocommerce_thumbnail":["https:\/\/eco-drinkware.com\/wp-content\/uploads\/2022\/12\/Bamboo-Thermos-with-Tea-Infuser-Strainer-1-300x300.webp",300,300,true],"woocommerce_single":["https:\/\/eco-drinkware.com\/wp-content\/uploads\/2022\/12\/Bamboo-Thermos-with-Tea-Infuser-Strainer-1-600x600.webp",600,600,true],"woocommerce_gallery_thumbnail":["https:\/\/eco-drinkware.com\/wp-content\/uploads\/2022\/12\/Bamboo-Thermos-with-Tea-Infuser-Strainer-1-100x100.webp",100,100,true]},"uagb_author_info":{"display_name":"Amy","author_link":"https:\/\/eco-drinkware.com\/fr\/author\/"},"uagb_comment_info":0,"uagb_excerpt":"BPA Free, okay to pass FDA and LFGB testing.All materials are eco friendly and food safe. Unique nature bamboo design ,eco friendly life style.Made of bamboo and stainless steel, giving them a unique and stylish look. Because it's real bamboo, no two are exactly the same, and each one you buy is UNIQUE to YOU!\u2026","_links":{"self":[{"href":"https:\/\/eco-drinkware.com\/fr\/wp-json\/wp\/v2\/product\/1528","targetHints":{"allow":["GET"]}}],"collection":[{"href":"https:\/\/eco-drinkware.com\/fr\/wp-json\/wp\/v2\/product"}],"about":[{"href":"https:\/\/eco-drinkware.com\/fr\/wp-json\/wp\/v2\/types\/product"}],"wp:featuredmedia":[{"embeddable":true,"href":"https:\/\/eco-drinkware.com\/fr\/wp-json\/wp\/v2\/media\/1534"}],"wp:attachment":[{"href":"https:\/\/eco-drinkware.com\/fr\/wp-json\/wp\/v2\/media?parent=1528"}],"wp:term":[{"taxonomy":"product_brand","embeddable":true,"href":"https:\/\/eco-drinkware.com\/fr\/wp-json\/wp\/v2\/product_brand?post=1528"},{"taxonomy":"product_cat","embeddable":true,"href":"https:\/\/eco-drinkware.com\/fr\/wp-json\/wp\/v2\/product_cat?post=1528"},{"taxonomy":"product_tag","embeddable":true,"href":"https:\/\/eco-drinkware.com\/fr\/wp-json\/wp\/v2\/product_tag?post=1528"}],"curies":[{"name":"wp","href":"https:\/\/api.w.org\/{rel}","templated":true}]}}