{"id":1658,"date":"2023-02-19T23:44:25","date_gmt":"2023-02-19T15:44:25","guid":{"rendered":"https:\/\/eco-drinkware.com\/?post_type=product&#038;p=1658"},"modified":"2023-07-04T15:46:25","modified_gmt":"2023-07-04T07:46:25","slug":"wholesale-custom-stanley-the-quencher-flowstate-adventure-40oz-stainless-steel-tumbler","status":"publish","type":"product","link":"https:\/\/eco-drinkware.com\/fr\/product\/wholesale-custom-stanley-the-quencher-flowstate-adventure-40oz-stainless-steel-tumbler\/","title":{"rendered":"Wholesale Custom GV074 Stanley THE QUENCHER FLOWSTATE Adventure Tumbler 40oz en acier inoxydable avec poign\u00e9e"},"content":{"rendered":"<p><\/p>\n\n\n\n<div class=\"wp-block-cover\"><span aria-hidden=\"true\" class=\"wp-block-cover__background has-black-background-color has-background-dim-60 has-background-dim\"><\/span><img loading=\"lazy\" decoding=\"async\" width=\"1000\" height=\"1000\" class=\"wp-block-cover__image-background wp-image-1640\" alt=\"\" src=\"https:\/\/eco-drinkware.com\/wp-content\/uploads\/2023\/02\/Stanley-QUENCHER-FLOWSTATE-Adventure-40-oz-Tumbler-with-handle-4.jpg\" style=\"object-position:51% 56%\" data-object-fit=\"cover\" data-object-position=\"51% 56%\" srcset=\"https:\/\/eco-drinkware.com\/wp-content\/uploads\/2023\/02\/Stanley-QUENCHER-FLOWSTATE-Adventure-40-oz-Tumbler-with-handle-4.jpg 1000w, https:\/\/eco-drinkware.com\/wp-content\/uploads\/2023\/02\/Stanley-QUENCHER-FLOWSTATE-Adventure-40-oz-Tumbler-with-handle-4-300x300.jpg 300w, https:\/\/eco-drinkware.com\/wp-content\/uploads\/2023\/02\/Stanley-QUENCHER-FLOWSTATE-Adventure-40-oz-Tumbler-with-handle-4-150x150.jpg 150w, https:\/\/eco-drinkware.com\/wp-content\/uploads\/2023\/02\/Stanley-QUENCHER-FLOWSTATE-Adventure-40-oz-Tumbler-with-handle-4-768x768.jpg 768w, https:\/\/eco-drinkware.com\/wp-content\/uploads\/2023\/02\/Stanley-QUENCHER-FLOWSTATE-Adventure-40-oz-Tumbler-with-handle-4-600x600.jpg 600w, https:\/\/eco-drinkware.com\/wp-content\/uploads\/2023\/02\/Stanley-QUENCHER-FLOWSTATE-Adventure-40-oz-Tumbler-with-handle-4-100x100.jpg 100w\" sizes=\"auto, (max-width: 1000px) 100vw, 1000px\" \/><div class=\"wp-block-cover__inner-container is-layout-flow wp-block-cover-is-layout-flow\">\n<h2 class=\"has-text-align-center has-white-color has-text-color has-x-large-font-size wp-block-heading\">COULEURS<\/h2>\n\n\n\n<p class=\"has-text-align-center has-white-color has-text-color has-large-font-size\">Toutes les couleurs PMS sont possibles.<\/p>\n\n\n\n<p class=\"has-text-align-center has-white-color has-text-color\">Nous pouvons r\u00e9aliser n'importe quelle couleur pour les clients. Les couleurs PMS sont les bienvenues. <br>Le corps et le couvercle peuvent \u00eatre color\u00e9s en PMS.<\/p>\n<\/div><\/div>\n\n\n\n<p><\/p>\n\n\n\n<p><\/p>\n\n\n\n<div class=\"wp-block-media-text alignwide is-stacked-on-mobile\"><figure class=\"wp-block-media-text__media\"><img loading=\"lazy\" decoding=\"async\" width=\"1000\" height=\"1000\" src=\"https:\/\/eco-drinkware.com\/wp-content\/uploads\/2023\/02\/Stanley-QUENCHER-FLOWSTATE-Adventure-40-oz-Tumbler-with-handle-3.jpg\" alt=\"\" class=\"wp-image-1643 size-full\" srcset=\"https:\/\/eco-drinkware.com\/wp-content\/uploads\/2023\/02\/Stanley-QUENCHER-FLOWSTATE-Adventure-40-oz-Tumbler-with-handle-3.jpg 1000w, https:\/\/eco-drinkware.com\/wp-content\/uploads\/2023\/02\/Stanley-QUENCHER-FLOWSTATE-Adventure-40-oz-Tumbler-with-handle-3-300x300.jpg 300w, https:\/\/eco-drinkware.com\/wp-content\/uploads\/2023\/02\/Stanley-QUENCHER-FLOWSTATE-Adventure-40-oz-Tumbler-with-handle-3-150x150.jpg 150w, https:\/\/eco-drinkware.com\/wp-content\/uploads\/2023\/02\/Stanley-QUENCHER-FLOWSTATE-Adventure-40-oz-Tumbler-with-handle-3-768x768.jpg 768w, https:\/\/eco-drinkware.com\/wp-content\/uploads\/2023\/02\/Stanley-QUENCHER-FLOWSTATE-Adventure-40-oz-Tumbler-with-handle-3-600x600.jpg 600w, https:\/\/eco-drinkware.com\/wp-content\/uploads\/2023\/02\/Stanley-QUENCHER-FLOWSTATE-Adventure-40-oz-Tumbler-with-handle-3-100x100.jpg 100w\" sizes=\"auto, (max-width: 1000px) 100vw, 1000px\" \/><\/figure><div class=\"wp-block-media-text__content\">\n<h2 class=\"wp-block-heading\">100% Mat\u00e9riau sans BPA et sans danger<\/h2>\n\n\n\n<p><strong>Gobelet<\/strong>: Acier inoxydable 18\/8, \u00e9galement appel\u00e9 acier inoxydable 304. <\/p>\n\n\n\n<p><strong>Couvercle<\/strong>: pp, silicone . <\/p>\n\n\n\n<p><strong>Paille<\/strong>: PP . <\/p>\n\n\n\n<p>Tous les mat\u00e9riaux sont non toxiques. <\/p>\n\n\n\n<p>La tendance est \u00e0 l'utilisation de bouteilles d'eau durables au lieu de bouteilles en plastique jetables, ce qui rendra le monde plus propre et plus beau.<\/p>\n<\/div><\/div>\n\n\n\n<div class=\"wp-block-columns is-layout-flex wp-container-core-columns-is-layout-9d6595d7 wp-block-columns-is-layout-flex\">\n<div class=\"wp-block-column is-vertically-aligned-center is-layout-flow wp-block-column-is-layout-flow\">\n<figure class=\"wp-block-image size-full\"><img loading=\"lazy\" decoding=\"async\" width=\"1000\" height=\"1000\" src=\"https:\/\/eco-drinkware.com\/wp-content\/uploads\/2022\/12\/16OZ-double-wall-insulated-bamboo-tumbler-1.webp\" alt=\"\" class=\"wp-image-1525\" srcset=\"https:\/\/eco-drinkware.com\/wp-content\/uploads\/2022\/12\/16OZ-double-wall-insulated-bamboo-tumbler-1.webp 1000w, https:\/\/eco-drinkware.com\/wp-content\/uploads\/2022\/12\/16OZ-double-wall-insulated-bamboo-tumbler-1-300x300.webp 300w, https:\/\/eco-drinkware.com\/wp-content\/uploads\/2022\/12\/16OZ-double-wall-insulated-bamboo-tumbler-1-150x150.webp 150w, https:\/\/eco-drinkware.com\/wp-content\/uploads\/2022\/12\/16OZ-double-wall-insulated-bamboo-tumbler-1-768x768.webp 768w, https:\/\/eco-drinkware.com\/wp-content\/uploads\/2022\/12\/16OZ-double-wall-insulated-bamboo-tumbler-1-600x600.webp 600w, https:\/\/eco-drinkware.com\/wp-content\/uploads\/2022\/12\/16OZ-double-wall-insulated-bamboo-tumbler-1-100x100.webp 100w\" sizes=\"auto, (max-width: 1000px) 100vw, 1000px\" \/><\/figure>\n\n\n\n<h2 class=\"has-text-align-center wp-block-heading\">LOGO<\/h2>\n\n\n\n<p class=\"has-text-align-center\">Facile \u00e0 travailler sur un logo personnalis\u00e9. <br>Options de logo : <br>- logo autocollant ,<br>- impression sur soie ,<br>- transfert de chaleur , <br>- sublimation, etc. <\/p>\n\n\n\n<p class=\"has-text-align-center\">Nous vous invitons \u00e0 partager votre logo. <br>Notre \u00e9quipe vous renverra une maquette<\/p>\n<\/div>\n\n\n\n<div class=\"wp-block-column is-vertically-aligned-center is-layout-flow wp-block-column-is-layout-flow\">\n<figure class=\"wp-block-image size-full\"><img loading=\"lazy\" decoding=\"async\" width=\"750\" height=\"762\" src=\"https:\/\/eco-drinkware.com\/wp-content\/uploads\/2022\/11\/82_0.webp\" alt=\"\" class=\"wp-image-1002\" srcset=\"https:\/\/eco-drinkware.com\/wp-content\/uploads\/2022\/11\/82_0.webp 750w, https:\/\/eco-drinkware.com\/wp-content\/uploads\/2022\/11\/82_0-295x300.webp 295w, https:\/\/eco-drinkware.com\/wp-content\/uploads\/2022\/11\/82_0-148x150.webp 148w, https:\/\/eco-drinkware.com\/wp-content\/uploads\/2022\/11\/82_0-600x610.webp 600w\" sizes=\"auto, (max-width: 750px) 100vw, 750px\" \/><\/figure>\n\n\n\n<h2 class=\"has-text-align-center wp-block-heading\">Mod\u00e8le<\/h2>\n\n\n\n<p class=\"has-text-align-center\">Il est possible d'imprimer des motifs personnalis\u00e9s en recourant \u00e0 diverses techniques d'impression : <br>- l'impression en s\u00e9rigraphie, <br>- l'impression par transfert thermique, <br>- l'impression par transfert d'eau, <br>- transfert par sublimation, etc.<\/p>\n<\/div>\n<\/div>\n\n\n\n<div class=\"wp-block-columns is-layout-flex wp-container-core-columns-is-layout-9d6595d7 wp-block-columns-is-layout-flex\">\n<div class=\"wp-block-column is-vertically-aligned-center is-layout-flow wp-block-column-is-layout-flow\">\n<figure class=\"wp-block-image size-full\"><img loading=\"lazy\" decoding=\"async\" width=\"750\" height=\"551\" src=\"https:\/\/eco-drinkware.com\/wp-content\/uploads\/2022\/11\/4-1.webp\" alt=\"\" class=\"wp-image-1480\" srcset=\"https:\/\/eco-drinkware.com\/wp-content\/uploads\/2022\/11\/4-1.webp 750w, https:\/\/eco-drinkware.com\/wp-content\/uploads\/2022\/11\/4-1-300x220.webp 300w, https:\/\/eco-drinkware.com\/wp-content\/uploads\/2022\/11\/4-1-150x110.webp 150w, https:\/\/eco-drinkware.com\/wp-content\/uploads\/2022\/11\/4-1-600x441.webp 600w\" sizes=\"auto, (max-width: 750px) 100vw, 750px\" \/><\/figure>\n\n\n\n<h2 class=\"has-text-align-center wp-block-heading\">Emballage<\/h2>\n\n\n\n<p class=\"has-text-align-center\">bo\u00eete blanche, bo\u00eete imprim\u00e9e personnalis\u00e9e, bo\u00eete cylindrique, sac \u00e0 bulles, bo\u00eete cadeau, tout emballage personnalis\u00e9 est le bienvenu, etc.<\/p>\n<\/div>\n\n\n\n<div class=\"wp-block-column is-vertically-aligned-top is-layout-flow wp-block-column-is-layout-flow\">\n<figure class=\"wp-block-image size-full\"><img loading=\"lazy\" decoding=\"async\" width=\"581\" height=\"210\" src=\"https:\/\/eco-drinkware.com\/wp-content\/uploads\/2023\/02\/image-1.png\" alt=\"\" class=\"wp-image-1669\" srcset=\"https:\/\/eco-drinkware.com\/wp-content\/uploads\/2023\/02\/image-1.png 581w, https:\/\/eco-drinkware.com\/wp-content\/uploads\/2023\/02\/image-1-300x108.png 300w, https:\/\/eco-drinkware.com\/wp-content\/uploads\/2023\/02\/image-1-150x54.png 150w\" sizes=\"auto, (max-width: 581px) 100vw, 581px\" \/><\/figure>\n\n\n\n<figure class=\"wp-block-image size-full\"><img loading=\"lazy\" decoding=\"async\" width=\"581\" height=\"210\" src=\"https:\/\/eco-drinkware.com\/wp-content\/uploads\/2023\/02\/image.png\" alt=\"\" class=\"wp-image-1668\" srcset=\"https:\/\/eco-drinkware.com\/wp-content\/uploads\/2023\/02\/image.png 581w, https:\/\/eco-drinkware.com\/wp-content\/uploads\/2023\/02\/image-300x108.png 300w, https:\/\/eco-drinkware.com\/wp-content\/uploads\/2023\/02\/image-150x54.png 150w\" sizes=\"auto, (max-width: 581px) 100vw, 581px\" \/><\/figure>\n\n\n\n<h2 class=\"has-text-align-center wp-block-heading\">Rev\u00eatement<\/h2>\n\n\n\n<p class=\"has-text-align-center\">pas de rev\u00eatement (acier inoxydable bross\u00e9), peinture par pulv\u00e9risation, rev\u00eatement en poudre, cuivrage, etc.<\/p>\n<\/div>\n<\/div>","protected":false},"excerpt":{"rendered":"<p>Homologu\u00e9 LFGB et FDA, le gobelet stanley 40OZ en acier inoxydable avec poign\u00e9e sur le c\u00f4t\u00e9, sans BPA, est fabriqu\u00e9 en acier inoxydable 18\/8, respectueux de l'environnement et r\u00e9sistant aux rayures. Bon pour la sant\u00e9. <br \/><strong>Grande ouverture de la bouche<\/strong>: Pratique pour mettre des gla\u00e7ons et boire Garde l'eau chaude pendant 12 heures et froide pendant 24 heures<\/p>\n<p><strong>Antirouille et anti-\u00e9claboussures<\/strong> <br \/><strong>Capacit\u00e9<\/strong>:40OZ\/1200ml <br \/>Finition durable avec rev\u00eatement en poudre et logo personnalis\u00e9 grav\u00e9 ou imprim\u00e9 au laser. <br \/>Grande poign\u00e9e sur le c\u00f4t\u00e9 pour faciliter le transport. <br \/>Avec paille assortie pour une consommation facile <br \/><strong>Sans transpiration :<\/strong>\u00a0Cette gourde en acier inoxydable ne transpire jamais lorsqu'elle est remplie d'eau glac\u00e9e et ne br\u00fble pas les mains lorsqu'elle est remplie d'eau chaude. <strong>Durable et solide :\u00a0<\/strong>Cette bouteille d'eau isol\u00e9e en acier inoxydable est fabriqu\u00e9e \u00e0 partir d'une structure \u00e0 double paroi en acier inoxydable, qui est solide et durable. <br \/>Lavable au lave-vaisselle, convient \u00e0 tous les porte-bagages, porte-voiture, porte-sac \u00e0 dos et porte-v\u00e9lo.<\/p>","protected":false},"featured_media":1643,"template":"","meta":{"_acf_changed":false,"_seopress_robots_primary_cat":"none","_seopress_titles_title":"","_seopress_titles_desc":"","_seopress_robots_index":"","_uag_custom_page_level_css":""},"product_brand":[],"product_cat":[40,19,24],"product_tag":[],"class_list":{"0":"post-1658","1":"product","2":"type-product","3":"status-publish","4":"has-post-thumbnail","6":"product_cat-stainless-steel-tumbler","7":"product_cat-stainless-steel-water-bottle","8":"product_cat-tumblers-mugs","10":"first","11":"instock","12":"shipping-taxable","13":"product-type-simple"},"acf":[],"uagb_featured_image_src":{"full":["https:\/\/eco-drinkware.com\/wp-content\/uploads\/2023\/02\/Stanley-QUENCHER-FLOWSTATE-Adventure-40-oz-Tumbler-with-handle-3.jpg",1000,1000,false],"thumbnail":["https:\/\/eco-drinkware.com\/wp-content\/uploads\/2023\/02\/Stanley-QUENCHER-FLOWSTATE-Adventure-40-oz-Tumbler-with-handle-3-150x150.jpg",150,150,true],"medium":["https:\/\/eco-drinkware.com\/wp-content\/uploads\/2023\/02\/Stanley-QUENCHER-FLOWSTATE-Adventure-40-oz-Tumbler-with-handle-3-300x300.jpg",300,300,true],"medium_large":["https:\/\/eco-drinkware.com\/wp-content\/uploads\/2023\/02\/Stanley-QUENCHER-FLOWSTATE-Adventure-40-oz-Tumbler-with-handle-3-768x768.jpg",768,768,true],"large":["https:\/\/eco-drinkware.com\/wp-content\/uploads\/2023\/02\/Stanley-QUENCHER-FLOWSTATE-Adventure-40-oz-Tumbler-with-handle-3.jpg",1000,1000,false],"1536x1536":["https:\/\/eco-drinkware.com\/wp-content\/uploads\/2023\/02\/Stanley-QUENCHER-FLOWSTATE-Adventure-40-oz-Tumbler-with-handle-3.jpg",1000,1000,false],"2048x2048":["https:\/\/eco-drinkware.com\/wp-content\/uploads\/2023\/02\/Stanley-QUENCHER-FLOWSTATE-Adventure-40-oz-Tumbler-with-handle-3.jpg",1000,1000,false],"trp-custom-language-flag":["https:\/\/eco-drinkware.com\/wp-content\/uploads\/2023\/02\/Stanley-QUENCHER-FLOWSTATE-Adventure-40-oz-Tumbler-with-handle-3.jpg",12,12,false],"woocommerce_thumbnail":["https:\/\/eco-drinkware.com\/wp-content\/uploads\/2023\/02\/Stanley-QUENCHER-FLOWSTATE-Adventure-40-oz-Tumbler-with-handle-3-300x300.jpg",300,300,true],"woocommerce_single":["https:\/\/eco-drinkware.com\/wp-content\/uploads\/2023\/02\/Stanley-QUENCHER-FLOWSTATE-Adventure-40-oz-Tumbler-with-handle-3-600x600.jpg",600,600,true],"woocommerce_gallery_thumbnail":["https:\/\/eco-drinkware.com\/wp-content\/uploads\/2023\/02\/Stanley-QUENCHER-FLOWSTATE-Adventure-40-oz-Tumbler-with-handle-3-100x100.jpg",100,100,true]},"uagb_author_info":{"display_name":"Amy","author_link":"https:\/\/eco-drinkware.com\/fr\/author\/"},"uagb_comment_info":0,"uagb_excerpt":"LFGB and FDA approved hot selling stanley 40OZ stainless steel tumbler with handle at side, BPA Free eco friendly 18\/8 stainless steel material. scratching resistance. Good for our healthy. Big mouth opening: Convenient for putting ice cubes and drinking Keeps water hot for 12 hours and cold for 24 hours Rust-proof and spill proof Capacity:40OZ\/1200ml\u2026","_links":{"self":[{"href":"https:\/\/eco-drinkware.com\/fr\/wp-json\/wp\/v2\/product\/1658","targetHints":{"allow":["GET"]}}],"collection":[{"href":"https:\/\/eco-drinkware.com\/fr\/wp-json\/wp\/v2\/product"}],"about":[{"href":"https:\/\/eco-drinkware.com\/fr\/wp-json\/wp\/v2\/types\/product"}],"wp:featuredmedia":[{"embeddable":true,"href":"https:\/\/eco-drinkware.com\/fr\/wp-json\/wp\/v2\/media\/1643"}],"wp:attachment":[{"href":"https:\/\/eco-drinkware.com\/fr\/wp-json\/wp\/v2\/media?parent=1658"}],"wp:term":[{"taxonomy":"product_brand","embeddable":true,"href":"https:\/\/eco-drinkware.com\/fr\/wp-json\/wp\/v2\/product_brand?post=1658"},{"taxonomy":"product_cat","embeddable":true,"href":"https:\/\/eco-drinkware.com\/fr\/wp-json\/wp\/v2\/product_cat?post=1658"},{"taxonomy":"product_tag","embeddable":true,"href":"https:\/\/eco-drinkware.com\/fr\/wp-json\/wp\/v2\/product_tag?post=1658"}],"curies":[{"name":"wp","href":"https:\/\/api.w.org\/{rel}","templated":true}]}}