{"id":2584,"date":"2024-10-31T15:22:16","date_gmt":"2024-10-31T07:22:16","guid":{"rendered":"https:\/\/eco-drinkware.com\/?post_type=product&#038;p=2584"},"modified":"2025-08-20T15:15:12","modified_gmt":"2025-08-20T07:15:12","slug":"gt010-bottom-dripper-plastic-handy-brew-loose-leaf-perfect-tea-steeper-tea-maker","status":"publish","type":"product","link":"https:\/\/eco-drinkware.com\/fr\/product\/gt010-bottom-dripper-plastic-handy-brew-loose-leaf-perfect-tea-steeper-tea-maker\/","title":{"rendered":"GT010 goutte \u00e0 goutte de fond Plastique Handy Brew Loose Leaf Perfect Steeper tea maker Bottom Dispensing (goutte \u00e0 goutte de fond)"},"content":{"rendered":"<h2 class=\"wp-block-heading\">Caract\u00e9ristiques du produit :<\/h2>\n\n\n\n<p>\u25cf Mat\u00e9riau : plastique PC, tamis en acier inoxydable 304<br>100% Sans BPA et sans danger pour la sant\u00e9. Tous les mat\u00e9riaux sont non toxiques. <br>\u25cf Comment utiliser ce stepper \u00e0 th\u00e9 ? Une th\u00e9i\u00e8re parfaite pour pr\u00e9parer du th\u00e9. Mettez le th\u00e9 et l'eau \u00e0 l'int\u00e9rieur de la machine \u00e0 th\u00e9 . Attendez quelques minutes. Quand vous pensez que le th\u00e9 est bon. Placez la th\u00e9i\u00e8re au-dessus de la tasse \u00e0 th\u00e9. Le th\u00e9 s'\u00e9coulera du fond de la th\u00e9i\u00e8re vers la tasse \u00e0 th\u00e9. Retirez la th\u00e9i\u00e8re et d\u00e9gustez votre th\u00e9. <br>\u25cf avec une grande poign\u00e9e ,facile \u00e0 transporter la machine \u00e0 th\u00e9 \u00e0 n'importe quel endroit. Tr\u00e8s pratique pour tenir notre main et nos doigts.<br>\u25cf Design simple et forme classique,parfait pour la vie moderne simple.Tr\u00e8s bonne machine \u00e0 th\u00e9 pour les promotions de marque ou la vente en gros.<\/p>\n\n\n\n<p>\u25cf Avec atatch infuseur sur le fond. Parfait pour la pr\u00e9paration du th\u00e9. Il est tr\u00e8s minuscule maille de trou pour infuser le th\u00e9.Il suffit de laisser l'eau de th\u00e9 \u00e0 l'int\u00e9rieur de la tasse. <br>\u25cfColor : Nous pouvons r\u00e9aliser n'importe quelle couleur pour les clients. Les couleurs PMS sont les bienvenues. L'\u00e9quipe d'Eco Drinkware peut proposer des maquettes avec un design personnalis\u00e9. Couleur en stock : transparent, noir, marron. .<br>\u25cfMotif : un motif personnalis\u00e9 peut \u00eatre imprim\u00e9 et peut \u00eatre r\u00e9alis\u00e9 par diff\u00e9rentes techniques d'impression : s\u00e9rigraphie, impression par transfert thermiqueetc.<br>\u25cfLogo : Il est facile de travailler sur un logo personnalis\u00e9. Les options de logo comprennent : impression en soie ,transfert de chaleur , sublimation ,etc. Nous vous invitons \u00e0 nous faire part de votre logo. Notre \u00e9quipe vous renverra une maquette.<br>\u25cfBo\u00eete d'emballage : bo\u00eete blanche, bo\u00eete imprim\u00e9e personnalis\u00e9e, bo\u00eete cylindrique, sac \u00e0 bulles, bo\u00eete cadeau, tout emballage de conception personnalis\u00e9e est le bienvenu, etc.<br>\u25cfLes produits peuvent \u00eatre lav\u00e9s au lave-vaisselle et en machine.<br>\u25cfUne bouteille de th\u00e9 isotherme \u00e0 double paroi est un r\u00e9cipient con\u00e7u pour conserver les boissons gazeuses, telles que le soda ou le cola, \u00e0 une temp\u00e9rature constante pendant les d\u00e9placements. La bouteille pr\u00e9sente g\u00e9n\u00e9ralement une construction \u00e0 double paroi avec un espace scell\u00e9 sous vide entre les parois int\u00e9rieure et ext\u00e9rieure, ce qui lui conf\u00e8re d'excellentes propri\u00e9t\u00e9s d'isolation.<br>\u25cfCette machine \u00e0 th\u00e9 est tr\u00e8s bien con\u00e7ue pour la pr\u00e9paration du th\u00e9, appr\u00e9ciez la vie du th\u00e9. Il est tr\u00e8s bon pour la vente dans les magasins de th\u00e9. C'est un bon accessoire pour les marques de th\u00e9. Imprimez votre marque dessus et offrez plus d'options au client final.<br>\u25cfSp\u00e9cialis\u00e9 dans la fabrication et l'exportation de toutes sortes d'articles de boisson tels que des bouteilles d'eau, des gobelets en gros, des r\u00e9cipients alimentaires, des bols pour chiens, des saladiers, des refroidisseurs de canettes, des bouteilles en verre, des bouteilles en bambou. Eco Drinkware poss\u00e8de des lignes de production automatis\u00e9es et tr\u00e8s efficaces. Nous adoptons l'industrie 4.0 et restons comp\u00e9titifs dans l'industrie. La production automatis\u00e9e rend nos produits moins co\u00fbteux et plus comp\u00e9titifs en termes de prix.<br>\u25cfEco Drinkware fait de l'OEM et de l'ODM. Avec des ing\u00e9nieurs professionnels de haut niveau ayant plus de 10 ans d'exp\u00e9rience dans l'industrie de la fabrication de bouteilles d'eau, il est facile de transformer votre id\u00e9e en produits r\u00e9els, et nous vous invitons chaleureusement \u00e0 partager votre id\u00e9e avec nous.<br>\u25cf Nous effectuons des contr\u00f4les de qualit\u00e9 en ligne pour nous assurer que la production se d\u00e9roule correctement et qu'il n'y a pas d'erreur. S'il y a une erreur, nous pouvons la corriger \u00e0 temps pour r\u00e9duire les co\u00fbts. La qualit\u00e9 est notre culture et nous croyons qu'elle apporte plus aux clients et aux fabricants. Si vous optez pour Eco Drinkware, vous obtiendrez plus de clients et plus de march\u00e9s, ainsi qu'une bonne r\u00e9putation de la part de vos clients. Parce que notre \u00e9quipe est heureuse de s'am\u00e9liorer et d'am\u00e9liorer ses produits afin d'\u00eatre excellente dans notre secteur d'activit\u00e9.<br>\u25cfM\u00e9thode d'exp\u00e9dition : FOB, CIF, DDU, DDP par train ou par bateau pour les clients du monde entier.<\/p>\n\n\n\n<div class=\"wp-block-uagb-image uagb-block-ebf0aa1f wp-block-uagb-image--layout-default wp-block-uagb-image--effect-static wp-block-uagb-image--align-none\"><figure class=\"wp-block-uagb-image__figure\"><img decoding=\"async\" srcset=\"https:\/\/eco-drinkware.com\/wp-content\/uploads\/2024\/10\/bottom-dripper-tea-steeper-2.jpg ,https:\/\/eco-drinkware.com\/wp-content\/uploads\/2024\/10\/bottom-dripper-tea-steeper-2.jpg 780w, https:\/\/eco-drinkware.com\/wp-content\/uploads\/2024\/10\/bottom-dripper-tea-steeper-2.jpg 360w\" sizes=\"auto, (max-width: 480px) 150px\" src=\"https:\/\/eco-drinkware.com\/wp-content\/uploads\/2024\/10\/bottom-dripper-tea-steeper-2.jpg\" alt=\"gt010 bottom dripper plastic handy brew loose leaf perfect tea steeper tea maker\" class=\"uag-image-2585\" width=\"1000\" height=\"1000\" title=\"gt010 bottom dripper plastic handy brew loose leaf perfect tea steeper tea maker\" loading=\"lazy\" role=\"img\"\/><\/figure><\/div>\n\n\n\n<figure class=\"wp-block-table\"><table class=\"has-fixed-layout\"><tbody><tr><td>Num\u00e9ro de CItem<\/td><td>GT010<\/td><\/tr><tr><td>Capacit\u00e9<\/td><td>20OZ \/600ml<\/td><\/tr><tr><td>Isol\u00e9<\/td><td>non&nbsp;&nbsp;&nbsp;&nbsp;&nbsp;&nbsp;&nbsp;&nbsp;&nbsp;&nbsp;&nbsp;&nbsp;<\/td><\/tr><tr><td>Position du logo<\/td><td>Corps de la bouteille<\/td><\/tr><tr><td>Couleur<\/td><td>transparent, noir, brun, couleur personnalis\u00e9e, couleur PMS<\/td><\/tr><tr><td>Mat\u00e9riau<\/td><td>Plastique, acier inoxydable 304 <\/td><\/tr><tr><td>Fonctionnalit\u00e9<\/td><td>Avec un syst\u00e8me d'\u00e9gouttage par le bas pour lib\u00e9rer le th\u00e9<\/td><\/tr><tr><td>MOQ<\/td><td>100 pi\u00e8ces<\/td><\/tr><tr><td>Logo<\/td><td>impression en soie, transfert \u00e0 chaud, etc.<\/td><\/tr><tr><td>Paquet<\/td><td>bo\u00eete blanche, bo\u00eete imprim\u00e9e personnalis\u00e9e, bo\u00eete cylindrique, sac \u00e0 bulles, bo\u00eete cadeau<\/td><\/tr><tr><td>Temps d'\u00e9chantillonnage<\/td><td>3 jours pour un \u00e9chantillon de stock, 7 jours pour un \u00e9chantillon de logo personnalis\u00e9<\/td><\/tr><tr><td>Temps de production<\/td><td>10-35 jours en fonction de la quantit\u00e9 et des besoins<\/td><\/tr><tr><td>A propos du paiement<\/td><td>Transfert bancaire, paypal, western union, assurance commerciale<\/td><\/tr><tr><td>Pays d'origine<\/td><td>Fabriqu\u00e9 en Chine<\/td><\/tr><tr><td>Origine du certificat<\/td><td>Oui, nous pouvons offrir<\/td><\/tr><tr><td>Nouveau moule de bouteille<\/td><td>Oui, nous disposons d'une nouvelle \u00e9quipe de d\u00e9veloppement de moules<\/td><\/tr><tr><td>Conditions<\/td><td>EXW, FOB, CIF, DDU, DDP<\/td><\/tr><\/tbody><\/table><\/figure>\n\n\n\n<p><\/p>","protected":false},"excerpt":{"rendered":"<p>Machine \u00e0 th\u00e9 \u00e0 goutte inf\u00e9rieure de qualit\u00e9 pour la marque de th\u00e9 en gros<\/p>\n<ul>\n<li>Mat\u00e9riau \u00e9cologique sans BPA, sans danger pour la sant\u00e9, r\u00e9sistant aux rayures. Bon pour la sant\u00e9.<\/li>\n<li>Large ouverture pour verser l'eau. Possibilit\u00e9 de mettre un tube \u00e0 glace \u00e0 l'int\u00e9rieur. Convient \u00e9galement pour le th\u00e9 glac\u00e9.<\/li>\n<li>Grande poign\u00e9e sur le c\u00f4t\u00e9, facile \u00e0 emporter.<\/li>\n<li>Avec infuseur au fond pour lib\u00e9rer l'eau dans la tasse \u00e0 th\u00e9 par pression du poids.\u00a0<\/li>\n<li>R\u00e9sistant \u00e0 la rouille et aux \u00e9claboussures.<\/li>\n<li>Format de 600 ml disponible, parfait pour la pr\u00e9paration du th\u00e9.<\/li>\n<li>Les couleurs et les motifs personnalis\u00e9s sont les bienvenus.<\/li>\n<li>Prise en charge des paquets personnalis\u00e9s<\/li>\n<li>Diff\u00e9rentes couleurs sont disponibles, possibilit\u00e9 de personnaliser les couleurs<\/li>\n<li>lavable au lave-vaisselle, lavable en machine<\/li>\n<\/ul>","protected":false},"featured_media":2585,"template":"","meta":{"_acf_changed":true,"_seopress_robots_primary_cat":"none","_seopress_titles_title":"Bottom Dripper Plastic Handy Brew Loose Leaf Perfect Tea Steeper tea maker Bottom Dispensing","_seopress_titles_desc":"Food safe and BPA free material, custom color and design is welcome. Profession manufacturer in China. DDP worldwide delivery. Whatsapp:0086 13567428830","_seopress_robots_index":"","_uag_custom_page_level_css":""},"product_brand":[],"product_cat":[54],"product_tag":[],"class_list":{"0":"post-2584","1":"product","2":"type-product","3":"status-publish","4":"has-post-thumbnail","6":"product_cat-tea-bottle-coffee-tumblers","8":"first","9":"instock","10":"shipping-taxable","11":"product-type-simple"},"acf":[],"uagb_featured_image_src":{"full":["https:\/\/eco-drinkware.com\/wp-content\/uploads\/2024\/10\/bottom-dripper-tea-steeper-2.jpg",1315,1500,false],"thumbnail":["https:\/\/eco-drinkware.com\/wp-content\/uploads\/2024\/10\/bottom-dripper-tea-steeper-2-132x150.jpg",132,150,true],"medium":["https:\/\/eco-drinkware.com\/wp-content\/uploads\/2024\/10\/bottom-dripper-tea-steeper-2-263x300.jpg",263,300,true],"medium_large":["https:\/\/eco-drinkware.com\/wp-content\/uploads\/2024\/10\/bottom-dripper-tea-steeper-2-768x876.jpg",768,876,true],"large":["https:\/\/eco-drinkware.com\/wp-content\/uploads\/2024\/10\/bottom-dripper-tea-steeper-2.jpg",1315,1500,false],"1536x1536":["https:\/\/eco-drinkware.com\/wp-content\/uploads\/2024\/10\/bottom-dripper-tea-steeper-2.jpg",1315,1500,false],"2048x2048":["https:\/\/eco-drinkware.com\/wp-content\/uploads\/2024\/10\/bottom-dripper-tea-steeper-2.jpg",1315,1500,false],"trp-custom-language-flag":["https:\/\/eco-drinkware.com\/wp-content\/uploads\/2024\/10\/bottom-dripper-tea-steeper-2.jpg",11,12,false],"woocommerce_thumbnail":["https:\/\/eco-drinkware.com\/wp-content\/uploads\/2024\/10\/bottom-dripper-tea-steeper-2-300x300.jpg",300,300,true],"woocommerce_single":["https:\/\/eco-drinkware.com\/wp-content\/uploads\/2024\/10\/bottom-dripper-tea-steeper-2-600x684.jpg",600,684,true],"woocommerce_gallery_thumbnail":["https:\/\/eco-drinkware.com\/wp-content\/uploads\/2024\/10\/bottom-dripper-tea-steeper-2-100x100.jpg",100,100,true]},"uagb_author_info":{"display_name":"Amy","author_link":"https:\/\/eco-drinkware.com\/fr\/author\/"},"uagb_comment_info":0,"uagb_excerpt":"Quality bottom dripper tea maker for tea steeper tea brand wholesale BPA Free food safe ecofriendly l material. scratching resistance. Good for our healthy. Wide mouth for water pouring. Okay to put ice tube inside. Also good for ice tea. Big handle at side, easy to take away. With infuser at bottom to release water\u2026","_links":{"self":[{"href":"https:\/\/eco-drinkware.com\/fr\/wp-json\/wp\/v2\/product\/2584","targetHints":{"allow":["GET"]}}],"collection":[{"href":"https:\/\/eco-drinkware.com\/fr\/wp-json\/wp\/v2\/product"}],"about":[{"href":"https:\/\/eco-drinkware.com\/fr\/wp-json\/wp\/v2\/types\/product"}],"wp:featuredmedia":[{"embeddable":true,"href":"https:\/\/eco-drinkware.com\/fr\/wp-json\/wp\/v2\/media\/2585"}],"wp:attachment":[{"href":"https:\/\/eco-drinkware.com\/fr\/wp-json\/wp\/v2\/media?parent=2584"}],"wp:term":[{"taxonomy":"product_brand","embeddable":true,"href":"https:\/\/eco-drinkware.com\/fr\/wp-json\/wp\/v2\/product_brand?post=2584"},{"taxonomy":"product_cat","embeddable":true,"href":"https:\/\/eco-drinkware.com\/fr\/wp-json\/wp\/v2\/product_cat?post=2584"},{"taxonomy":"product_tag","embeddable":true,"href":"https:\/\/eco-drinkware.com\/fr\/wp-json\/wp\/v2\/product_tag?post=2584"}],"curies":[{"name":"wp","href":"https:\/\/api.w.org\/{rel}","templated":true}]}}