{"id":2735,"date":"2024-12-24T16:15:23","date_gmt":"2024-12-24T08:15:23","guid":{"rendered":"https:\/\/eco-drinkware.com\/?post_type=product&#038;p=2735"},"modified":"2025-08-20T14:34:24","modified_gmt":"2025-08-20T06:34:24","slug":"gt011-infuseur-de-the-handy-brew-tea-glass-dripper","status":"publish","type":"product","link":"https:\/\/eco-drinkware.com\/fr\/product\/gt011-infuseur-de-the-handy-brew-tea-glass-dripper\/","title":{"rendered":"GT011 infuseur de th\u00e9 Handy Brew Tea Glass Tea dripper tea maker Bottom Dispensing Teapot-13oz clear"},"content":{"rendered":"<h2 class=\"wp-block-heading\">Caract\u00e9ristiques du produit :<\/h2>\n\n\n\n<p>\u25cf Mat\u00e9riau : verre \u00e0 haute teneur en borosilicate, tamis en acier inoxydable 304.<br>100% Sans BPA et sans danger pour la sant\u00e9. Tous les mat\u00e9riaux sont non toxiques et sans danger pour les aliments. <br>\u25cf Comment utiliser ce stepper \u00e0 th\u00e9 ? Une th\u00e9i\u00e8re parfaite pour pr\u00e9parer du th\u00e9. Mettez le th\u00e9 et l'eau \u00e0 l'int\u00e9rieur de la machine \u00e0 th\u00e9 . Attendez quelques minutes. Quand vous pensez que le th\u00e9 est bon. Placez la th\u00e9i\u00e8re au-dessus de la tasse \u00e0 th\u00e9. Le th\u00e9 sera lib\u00e9r\u00e9 du fond de la th\u00e9i\u00e8re dans la tasse \u00e0 th\u00e9. Retirez la th\u00e9i\u00e8re et d\u00e9gustez votre th\u00e9. <br>\u25cf avec une grande poign\u00e9e ,facile \u00e0 transporter la machine \u00e0 th\u00e9 \u00e0 n'importe quel endroit. Tr\u00e8s pratique pour tenir notre main et nos doigts.<br>\u25cf Design simple et forme classique,parfait pour la vie moderne simple.Tr\u00e8s bon Bottom Dispensing Teapot pour les promotions de la marque ou la vente en gros.<\/p>\n\n\n\n<p>\u25cf Avec infuseur atach\u00e9 sur le fond. Parfait pour la pr\u00e9paration du th\u00e9. Son filet de trous minuscules permet d'infuser le th\u00e9.Il suffit de laisser l'eau du th\u00e9 \u00e0 l'int\u00e9rieur de la tasse. L'int\u00e9r\u00eat de cette th\u00e9i\u00e8re r\u00e9side en partie dans le fait qu'elle est dot\u00e9e d'un syst\u00e8me d'arr\u00eat automatique, ce qui permet aux buveurs de th\u00e9 (et de caf\u00e9) de savourer leur th\u00e9 ou leur caf\u00e9 fra\u00eechement infus\u00e9 en toute simplicit\u00e9.  Elle est id\u00e9ale pour le th\u00e9 en feuilles, mais peut tout aussi bien \u00eatre utilis\u00e9e pour pr\u00e9parer du caf\u00e9 \u00e0 partir de grains de caf\u00e9 moulus.  Il est tr\u00e8s simple \u00e0 utiliser et permet de garder l'ensemble bien rang\u00e9.<br>\u25cfCouleur : La couleur normale est la couleur claire. La poign\u00e9e peut \u00eatre personnalis\u00e9e. L'\u00e9quipe d'Eco Drinkware peut proposer des maquettes avec un design personnalis\u00e9. Couleur en stock : transparent<br>\u25cfMotif : un motif personnalis\u00e9 peut \u00eatre imprim\u00e9 et peut \u00eatre r\u00e9alis\u00e9 par diff\u00e9rentes techniques d'impression : s\u00e9rigraphie et d\u00e9calcomanie, etc.<br>\u25cfLogo : Il est facile de travailler sur un logo personnalis\u00e9. Les options de logo comprennent : impression en soie ,transfert de chaleur , sublimation ,etc. Nous vous invitons \u00e0 nous faire part de votre logo. Notre \u00e9quipe vous renverra une maquette.<br>\u25cfBo\u00eete d'emballage : bo\u00eete blanche, bo\u00eete imprim\u00e9e personnalis\u00e9e, bo\u00eete cylindrique, sac \u00e0 bulles, bo\u00eete cadeau, tout emballage de conception personnalis\u00e9e est le bienvenu, etc.<br>\u25cfLes produits peuvent \u00eatre lav\u00e9s au lave-vaisselle.<br>\u25cfCette machine \u00e0 th\u00e9 est tr\u00e8s bien con\u00e7ue pour la pr\u00e9paration du th\u00e9, appr\u00e9ciez la vie du th\u00e9. Il est tr\u00e8s bon pour la vente dans les magasins de th\u00e9. C'est un bon accessoire pour les marques de th\u00e9. Imprimez votre marque dessus et offrez plus d'options aux clients.<br>\u25cfSp\u00e9cialis\u00e9 dans la fabrication et l'exportation de toutes sortes d'articles de boisson tels que des bouteilles de th\u00e9, des gobelets en gros, des r\u00e9cipients alimentaires, des bols pour chiens, des saladiers, des refroidisseurs de canettes, des bouteilles en verre, des bouteilles en bambou. Eco Drinkware poss\u00e8de des lignes de production automatis\u00e9es et tr\u00e8s efficaces. Nous adoptons l'industrie 4.0 et restons comp\u00e9titifs dans l'industrie. La production automatis\u00e9e rend nos produits moins co\u00fbteux et plus comp\u00e9titifs en termes de prix.<br>\u25cfEco Drinkware fait de l'OEM et de l'ODM. Avec des ing\u00e9nieurs professionnels de haut niveau ayant plus de 10 ans d'exp\u00e9rience dans l'industrie de la fabrication de bouteilles d'eau, il est facile de transformer votre id\u00e9e en produits r\u00e9els, et nous vous invitons chaleureusement \u00e0 partager votre id\u00e9e avec nous.<br>\u25cf Nous effectuons des contr\u00f4les de qualit\u00e9 en ligne pour nous assurer que la production se d\u00e9roule correctement et qu'il n'y a pas d'erreur. S'il y a une erreur, nous pouvons la corriger \u00e0 temps pour r\u00e9duire les co\u00fbts. La qualit\u00e9 est notre culture et nous croyons qu'elle apporte plus aux clients et aux fabricants. Si vous optez pour Eco Drinkware, vous obtiendrez plus de clients et plus de march\u00e9s, ainsi qu'une bonne r\u00e9putation de la part de vos clients. Parce que notre \u00e9quipe est heureuse de s'am\u00e9liorer et d'am\u00e9liorer ses produits afin d'\u00eatre excellente dans notre secteur d'activit\u00e9.<br>\u25cfM\u00e9thode d'exp\u00e9dition : FOB, CIF, DDU, DDP par train ou par bateau pour les clients du monde entier.<\/p>\n\n\n\n<figure class=\"wp-block-image size-full\"><img loading=\"lazy\" decoding=\"async\" width=\"1000\" height=\"1000\" src=\"https:\/\/eco-drinkware.com\/wp-content\/uploads\/2024\/12\/tea-maker-gift-box-pic-5.jpg\" alt=\"gt011 infuseur de th\u00e9 handy brew tea glass dripper\" class=\"wp-image-2736\" srcset=\"https:\/\/eco-drinkware.com\/wp-content\/uploads\/2024\/12\/tea-maker-gift-box-pic-5.jpg 1000w, https:\/\/eco-drinkware.com\/wp-content\/uploads\/2024\/12\/tea-maker-gift-box-pic-5-300x300.jpg 300w, https:\/\/eco-drinkware.com\/wp-content\/uploads\/2024\/12\/tea-maker-gift-box-pic-5-150x150.jpg 150w, https:\/\/eco-drinkware.com\/wp-content\/uploads\/2024\/12\/tea-maker-gift-box-pic-5-768x768.jpg 768w, https:\/\/eco-drinkware.com\/wp-content\/uploads\/2024\/12\/tea-maker-gift-box-pic-5-600x600.jpg 600w, https:\/\/eco-drinkware.com\/wp-content\/uploads\/2024\/12\/tea-maker-gift-box-pic-5-100x100.jpg 100w\" sizes=\"auto, (max-width: 1000px) 100vw, 1000px\" \/><\/figure>\n\n\n\n<figure class=\"wp-block-table\"><table class=\"has-fixed-layout\"><tbody><tr><td>Num\u00e9ro de CItem<\/td><td>GT011<\/td><\/tr><tr><td>Capacit\u00e9<\/td><td>13OZ \/400ml<\/td><\/tr><tr><td>Isol\u00e9<\/td><td>non&nbsp;&nbsp;&nbsp;&nbsp;&nbsp;&nbsp;&nbsp;&nbsp;&nbsp;&nbsp;&nbsp;&nbsp;<\/td><\/tr><tr><td>Position du logo<\/td><td>Corps de la bouteille<\/td><\/tr><tr><td>Couleur<\/td><td>transparent<\/td><\/tr><tr><td>Mat\u00e9riau<\/td><td>verre borosilicat\u00e9, acier inoxydable 304<\/td><\/tr><tr><td>Fonctionnalit\u00e9<\/td><td>Avec un syst\u00e8me d'\u00e9gouttage par le bas pour lib\u00e9rer le th\u00e9<\/td><\/tr><tr><td>MOQ<\/td><td>100 pi\u00e8ces<\/td><\/tr><tr><td>Logo<\/td><td>d\u00e9calcomanie ,etc<\/td><\/tr><tr><td>Paquet<\/td><td>bo\u00eete blanche, bo\u00eete imprim\u00e9e personnalis\u00e9e, bo\u00eete cylindrique, sac \u00e0 bulles, bo\u00eete cadeau<\/td><\/tr><tr><td>Temps d'\u00e9chantillonnage<\/td><td>3 jours pour un \u00e9chantillon de stock, 7 jours pour un \u00e9chantillon de logo personnalis\u00e9<\/td><\/tr><tr><td>Temps de production<\/td><td>10-35 jours en fonction de la quantit\u00e9 et des besoins<\/td><\/tr><tr><td>A propos du paiement<\/td><td>Transfert bancaire, paypal, western union, assurance commerciale<\/td><\/tr><tr><td>Pays d'origine<\/td><td>Fabriqu\u00e9 en Chine<\/td><\/tr><tr><td>Origine du certificat<\/td><td>Oui, nous pouvons offrir<\/td><\/tr><tr><td>Nouveau moule de bouteille<\/td><td>Oui, nous disposons d'une nouvelle \u00e9quipe de d\u00e9veloppement de moules<\/td><\/tr><tr><td>Conditions<\/td><td>EXW, FOB, CIF, DDU, DDP<\/td><\/tr><\/tbody><\/table><\/figure>\n\n\n\n<p><\/p>","protected":false},"excerpt":{"rendered":"<p>Th\u00e9i\u00e8re de qualit\u00e9 Handy Brew \u00e0 distribution par le bas Wholesale<\/p>\n<ul>\n<li>Mat\u00e9riaux \u00e9cologiques sans BPA, sans danger pour la sant\u00e9, r\u00e9sistants aux rayures. Bon pour la sant\u00e9.<\/li>\n<li>Large ouverture pour verser l'eau. Possibilit\u00e9 de mettre un tube \u00e0 glace \u00e0 l'int\u00e9rieur. Convient \u00e9galement pour le th\u00e9 glac\u00e9.<\/li>\n<li>Grande poign\u00e9e sur le c\u00f4t\u00e9, facile \u00e0 emporter.<\/li>\n<li>Avec infuseur au fond pour lib\u00e9rer l'eau dans la tasse \u00e0 th\u00e9 par pression du poids.\u00a0<\/li>\n<li>R\u00e9sistant \u00e0 la rouille et aux \u00e9claboussures.<\/li>\n<li>Format de 400 ml disponible, parfait pour la pr\u00e9paration du th\u00e9.<\/li>\n<li>Les couleurs et les motifs personnalis\u00e9s sont les bienvenus.<\/li>\n<li>Prise en charge des paquets personnalis\u00e9s<\/li>\n<li>Le logo et la marque personnalis\u00e9s sont imprimables<\/li>\n<li>lavable au lave-vaisselle, lavable en machine<\/li>\n<\/ul>","protected":false},"featured_media":2736,"template":"","meta":{"_acf_changed":true,"_seopress_robots_primary_cat":"none","_seopress_titles_title":"Food safe Glass Tea dripper tea maker Bottom Dispensing Teapot","_seopress_titles_desc":"BPA free and food safe materials. Custom deisgn and package supported.Reliable drinkware supplier in China, global shipping. Whatsapp: 0086 13567428830","_seopress_robots_index":"","_uag_custom_page_level_css":""},"product_brand":[],"product_cat":[43,25,22,35,54],"product_tag":[],"class_list":{"0":"post-2735","1":"product","2":"type-product","3":"status-publish","4":"has-post-thumbnail","6":"product_cat-glass-mugs","7":"product_cat-glass-tumbler-mugs","8":"product_cat-glass-water-bottle","9":"product_cat-single-wall-gass-bottle","10":"product_cat-tea-bottle-coffee-tumblers","12":"first","13":"instock","14":"shipping-taxable","15":"product-type-simple"},"acf":[],"uagb_featured_image_src":{"full":["https:\/\/eco-drinkware.com\/wp-content\/uploads\/2024\/12\/tea-maker-gift-box-pic-5.jpg",1000,1000,false],"thumbnail":["https:\/\/eco-drinkware.com\/wp-content\/uploads\/2024\/12\/tea-maker-gift-box-pic-5-150x150.jpg",150,150,true],"medium":["https:\/\/eco-drinkware.com\/wp-content\/uploads\/2024\/12\/tea-maker-gift-box-pic-5-300x300.jpg",300,300,true],"medium_large":["https:\/\/eco-drinkware.com\/wp-content\/uploads\/2024\/12\/tea-maker-gift-box-pic-5-768x768.jpg",768,768,true],"large":["https:\/\/eco-drinkware.com\/wp-content\/uploads\/2024\/12\/tea-maker-gift-box-pic-5.jpg",1000,1000,false],"1536x1536":["https:\/\/eco-drinkware.com\/wp-content\/uploads\/2024\/12\/tea-maker-gift-box-pic-5.jpg",1000,1000,false],"2048x2048":["https:\/\/eco-drinkware.com\/wp-content\/uploads\/2024\/12\/tea-maker-gift-box-pic-5.jpg",1000,1000,false],"trp-custom-language-flag":["https:\/\/eco-drinkware.com\/wp-content\/uploads\/2024\/12\/tea-maker-gift-box-pic-5.jpg",12,12,false],"woocommerce_thumbnail":["https:\/\/eco-drinkware.com\/wp-content\/uploads\/2024\/12\/tea-maker-gift-box-pic-5-300x300.jpg",300,300,true],"woocommerce_single":["https:\/\/eco-drinkware.com\/wp-content\/uploads\/2024\/12\/tea-maker-gift-box-pic-5-600x600.jpg",600,600,true],"woocommerce_gallery_thumbnail":["https:\/\/eco-drinkware.com\/wp-content\/uploads\/2024\/12\/tea-maker-gift-box-pic-5-100x100.jpg",100,100,true]},"uagb_author_info":{"display_name":"Amy","author_link":"https:\/\/eco-drinkware.com\/fr\/author\/"},"uagb_comment_info":0,"uagb_excerpt":"Quality Handy Brew Tea and Coffee Maker Bottom Dispensing Teapot Wholesale BPA Free food safe ecofriendly\u00a0 materials. scratching resistance. Good for our healthy. Wide mouth for water pouring. Okay to put ice tube inside. Also good for ice tea. Big handle at side, easy to take away. With infuser at bottom to release water to\u2026","_links":{"self":[{"href":"https:\/\/eco-drinkware.com\/fr\/wp-json\/wp\/v2\/product\/2735","targetHints":{"allow":["GET"]}}],"collection":[{"href":"https:\/\/eco-drinkware.com\/fr\/wp-json\/wp\/v2\/product"}],"about":[{"href":"https:\/\/eco-drinkware.com\/fr\/wp-json\/wp\/v2\/types\/product"}],"wp:featuredmedia":[{"embeddable":true,"href":"https:\/\/eco-drinkware.com\/fr\/wp-json\/wp\/v2\/media\/2736"}],"wp:attachment":[{"href":"https:\/\/eco-drinkware.com\/fr\/wp-json\/wp\/v2\/media?parent=2735"}],"wp:term":[{"taxonomy":"product_brand","embeddable":true,"href":"https:\/\/eco-drinkware.com\/fr\/wp-json\/wp\/v2\/product_brand?post=2735"},{"taxonomy":"product_cat","embeddable":true,"href":"https:\/\/eco-drinkware.com\/fr\/wp-json\/wp\/v2\/product_cat?post=2735"},{"taxonomy":"product_tag","embeddable":true,"href":"https:\/\/eco-drinkware.com\/fr\/wp-json\/wp\/v2\/product_tag?post=2735"}],"curies":[{"name":"wp","href":"https:\/\/api.w.org\/{rel}","templated":true}]}}