{"id":2835,"date":"2025-02-20T16:43:10","date_gmt":"2025-02-20T08:43:10","guid":{"rendered":"https:\/\/eco-drinkware.com\/?post_type=product&#038;p=2835"},"modified":"2026-04-30T16:59:01","modified_gmt":"2026-04-30T08:59:01","slug":"gv083-24oz-stainless-steel-magnetic-lid-insulated-tumbler-your-perfect-companion-for-every-sip","status":"publish","type":"product","link":"https:\/\/eco-drinkware.com\/fr\/product\/gv083-24oz-stainless-steel-magnetic-lid-insulated-tumbler-your-perfect-companion-for-every-sip\/","title":{"rendered":"GV083 24oz stainless steel Magnetic Lid Insulated Tumbler \u2013 Your Perfect Companion for Every Sip!"},"content":{"rendered":"<h2 class=\"wp-block-heading\">Caract\u00e9ristiques du produit :<\/h2>\n\n\n\n<p>Restez hydrat\u00e9 avec style gr\u00e2ce \u00e0 notre&nbsp;<strong>Gobelet isotherme \u00e0 couvercle magn\u00e9tique<\/strong>, Les boissons chaudes ou froides peuvent rester chaudes ou froides pendant une p\u00e9riode allant jusqu'\u00e0&nbsp;<strong>24 heures<\/strong>! Que vous sirotiez votre caf\u00e9 du matin ou que vous d\u00e9gustiez un th\u00e9 glac\u00e9 rafra\u00eechissant, ce gobelet permet \u00e0 votre boisson de rester \u00e0 la temp\u00e9rature id\u00e9ale tout au long de la journ\u00e9e.<\/p>\n\n\n\n<p>\u2728&nbsp;<strong>Couvercle magn\u00e9tique avec support pour t\u00e9l\u00e9phone :<\/strong>&nbsp;Le couvercle magn\u00e9tique innovant ne sert pas seulement \u00e0 sceller votre boisson, il sert \u00e9galement de support pour les boissons.&nbsp;<strong>support de t\u00e9l\u00e9phone<\/strong>! Fixez simplement votre t\u00e9l\u00e9phone sur le couvercle et profitez d'une navigation mains libres, d'appels vid\u00e9o ou de divertissements tout en sirotant. Parfait pour votre bureau, votre voiture ou vos aventures en plein air.<\/p>\n\n\n\n<p>\ud83d\udca7&nbsp;<strong>Paille pratique pour une d\u00e9gustation facile :<\/strong>&nbsp;La paille incluse permet de s'hydrater facilement en d\u00e9placement. Plus besoin de d\u00e9visser les couvercles ou de se renverser - il suffit de siroter et de savourer !<\/p>\n\n\n\n<p>\ud83c\udf21\ufe0f&nbsp;<strong>R\u00e9tention de la temp\u00e9rature pendant 24 heures :<\/strong>&nbsp;Con\u00e7u avec une isolation sous vide \u00e0 double paroi, ce gobelet garde vos boissons chaudes au chaud et vos boissons froides au frais pendant toute une journ\u00e9e.&nbsp;<strong>24 heures<\/strong>. Fini le caf\u00e9 ti\u00e8de ou l'eau glac\u00e9e fondue !<\/p>\n\n\n\n<p>\ud83c\udf43&nbsp;<strong>\u00c9cologique et durable :<\/strong>&nbsp;Fabriqu\u00e9 en acier inoxydable de haute qualit\u00e9, sans BPA, ce gobelet est con\u00e7u pour durer. Laissez tomber les gobelets \u00e0 usage unique et r\u00e9duisez les d\u00e9chets gr\u00e2ce \u00e0 un choix r\u00e9utilisable et respectueux de l'environnement.<\/p>\n\n\n\n<p>\ud83c\udfa8&nbsp;<strong>Design \u00e9l\u00e9gant et moderne :<\/strong>&nbsp;Disponible dans une vari\u00e9t\u00e9 de couleurs \u00e9l\u00e9gantes, ce gobelet est aussi \u00e0 la mode que fonctionnel. C'est l'accessoire id\u00e9al pour le travail, les voyages ou la vie quotidienne.<\/p>\n\n\n\n<p>Format 24oz \/720ml, parfait pour \u00eatre emport\u00e9 ou accroch\u00e9 \u00e0 un sac \u00e0 dos ou autre. 720 ml est une bonne contenance pour une journ\u00e9e de consommation. Une bouteille qui prend bien soin de vous.<\/p>\n\n\n\n<p><strong>Pourquoi vous l'aimerez :<\/strong><\/p>\n\n\n\n<ul class=\"wp-block-list\">\n<li><strong>Polyvalent et pratique :<\/strong>&nbsp;Le couvercle magn\u00e9tique transforme votre gobelet en un objet d'art.&nbsp;<strong>gadget multifonctionnel<\/strong>&nbsp;- porte-boisson et support de t\u00e9l\u00e9phone en un !<\/li>\n\n\n\n<li><strong>R\u00e9sistant aux fuites et aux d\u00e9versements :<\/strong>&nbsp;Le couvercle s\u00e9curis\u00e9 permet de ne pas renverser de liquide, m\u00eame lorsque vous \u00eates en d\u00e9placement.<\/li>\n\n\n\n<li><strong>Parfait pour toutes les occasions :<\/strong>&nbsp;Que vous soyez au bureau, \u00e0 la salle de sport ou en excursion, ce gobelet vous permettra de rester hydrat\u00e9 et connect\u00e9.<\/li>\n<\/ul>\n\n\n\n<p>\u25cfColor : Nous pouvons r\u00e9aliser n'importe quelle couleur pour les clients. Les couleurs PMS sont les bienvenues. L'\u00e9quipe d'Eco Drinkware peut proposer des maquettes avec un design personnalis\u00e9.<br>\u25cf Cette bouteille \u00e0 th\u00e9 de forme droite est id\u00e9ale pour les adultes.Facile \u00e0 emporter pour le camping,la marche,la course et ainsi de suite.Parfaite pour boire de l'eau,du th\u00e9,du jus et du caf\u00e9.Grand mois,facile \u00e0 sortir le sachet de th\u00e9 ou le gla\u00e7on \u00e0 l'int\u00e9rieur.<br>\u25cfCoating : aucun rev\u00eatement (acier inoxydable bross\u00e9),peinture par pulv\u00e9risation, rev\u00eatement en poudre, cuivrage, etc.<br>\u25cfMotif : un motif personnalis\u00e9 peut \u00eatre imprim\u00e9 et peut \u00eatre r\u00e9alis\u00e9 par diff\u00e9rentes techniques d'impression : s\u00e9rigraphie, impression par transfert thermique, impression par transfert d'eau, transfert par sublimation, etc.<br>\u25cfLogo : Il est facile de travailler sur un logo personnalis\u00e9. Les options de logo comprennent : logo d\u00e9calcomanie ,impression de soie ,transfert de chaleur , sublimation ,etc. Nous vous invitons \u00e0 nous faire part de votre logo. Notre \u00e9quipe vous enverra une maquette en retour.<br>\u25cfBo\u00eete d'emballage : bo\u00eete blanche, bo\u00eete imprim\u00e9e personnalis\u00e9e, bo\u00eete cylindrique, sac \u00e0 bulles, bo\u00eete cadeau, tout emballage de conception personnalis\u00e9e est le bienvenu, etc.<br>\u25cfLa bouteille de th\u00e9 en acier inoxydable peut \u00eatre lav\u00e9e au lave-vaisselle.<br>\u25cfUne bouteille de th\u00e9 isotherme \u00e0 double paroi est un r\u00e9cipient con\u00e7u pour conserver les boissons gazeuses, telles que le soda ou le cola, \u00e0 une temp\u00e9rature constante pendant les d\u00e9placements. La bouteille pr\u00e9sente g\u00e9n\u00e9ralement une construction \u00e0 double paroi avec un espace scell\u00e9 sous vide entre les parois int\u00e9rieure et ext\u00e9rieure, ce qui lui conf\u00e8re d'excellentes propri\u00e9t\u00e9s d'isolation.<br>\u25cfL'espace scell\u00e9 sous vide entre les parois agit comme une barri\u00e8re pour emp\u00eacher la chaleur de p\u00e9n\u00e9trer dans la bouteille ou de s'en \u00e9chapper. Cela permet de conserver les boissons chaudes comme le caf\u00e9, le th\u00e9 ou la soupe pendant plusieurs heures, tandis que les boissons froides comme l'eau, le jus ou le soda restent froides pendant une p\u00e9riode prolong\u00e9e.<br>\u25cfLes bouteilles isothermes constituent un excellent choix pour les personnes qui souhaitent conserver leurs boissons \u00e0 une temp\u00e9rature constante lorsqu'elles sont en d\u00e9placement, que ce soit en randonn\u00e9e, en camping, en voyage ou simplement pour se rendre au travail.<br>\u25cfSp\u00e9cialis\u00e9 dans la fabrication et l'exportation de toutes sortes d'articles de boisson tels que des bouteilles d'eau, des gobelets en gros, des r\u00e9cipients alimentaires, des bols pour chiens, des saladiers, des refroidisseurs de canettes, des bouteilles en verre, des bouteilles en bambou. Eco Drinkware poss\u00e8de des lignes de production automatis\u00e9es et tr\u00e8s efficaces. Nous adoptons l'industrie 4.0 et restons comp\u00e9titifs dans l'industrie. La production automatis\u00e9e rend nos produits moins co\u00fbteux et plus comp\u00e9titifs en termes de prix.<br>\u25cfEco Drinkware fait de l'OEM et de l'ODM. Avec des ing\u00e9nieurs professionnels de haut niveau ayant plus de 10 ans d'exp\u00e9rience dans l'industrie de la fabrication de bouteilles d'eau, il est facile de transformer votre id\u00e9e en produits r\u00e9els, et nous vous invitons chaleureusement \u00e0 partager votre id\u00e9e avec nous.<br>\u25cf Nous effectuons des contr\u00f4les de qualit\u00e9 en ligne pour nous assurer que la production se d\u00e9roule correctement et qu'il n'y a pas d'erreur. S'il y a une erreur, nous pouvons la corriger \u00e0 temps pour r\u00e9duire les co\u00fbts. La qualit\u00e9 est notre culture et nous croyons qu'elle apporte plus aux clients et aux fabricants. Si vous optez pour Eco Drinkware, vous obtiendrez plus de clients et plus de march\u00e9s, ainsi qu'une bonne r\u00e9putation de la part de vos clients. Parce que notre \u00e9quipe est heureuse de s'am\u00e9liorer et d'am\u00e9liorer ses produits afin d'\u00eatre excellente dans notre secteur d'activit\u00e9.<br>\u25cfM\u00e9thode d'exp\u00e9dition : FOB, CIF, DDU, DDP par train ou par bateau pour les clients du monde entier.<\/p>\n\n\n\n<div class=\"wp-block-uagb-image uagb-block-ebf0aa1f wp-block-uagb-image--layout-default wp-block-uagb-image--effect-static wp-block-uagb-image--align-none\"><figure class=\"wp-block-uagb-image__figure\"><img decoding=\"async\" srcset=\"https:\/\/eco-drinkware.com\/wp-content\/uploads\/2025\/02\/magnetic-lid-bottle-2.jpg ,https:\/\/eco-drinkware.com\/wp-content\/uploads\/2025\/02\/magnetic-lid-bottle-2.jpg 780w, https:\/\/eco-drinkware.com\/wp-content\/uploads\/2025\/02\/magnetic-lid-bottle-2.jpg 360w\" sizes=\"auto, (max-width: 480px) 150px\" src=\"https:\/\/eco-drinkware.com\/wp-content\/uploads\/2025\/02\/magnetic-lid-bottle-2.jpg\" alt=\"gv083 gobelet isotherme de 24 oz en acier inoxydable \u00e0 couvercle magn\u00e9tique - votre compagnon id\u00e9al pour chaque gorg\u00e9e !\" class=\"uag-image-2839\" width=\"840\" height=\"840\" title=\"gv083 gobelet isotherme de 24 oz en acier inoxydable \u00e0 couvercle magn\u00e9tique - votre compagnon id\u00e9al pour chaque gorg\u00e9e !\" loading=\"lazy\" role=\"img\"\/><\/figure><\/div>\n\n\n\n<figure class=\"wp-block-table\"><table class=\"has-fixed-layout\"><tbody><tr><td>Num\u00e9ro de CItem<\/td><td>GV083<\/td><\/tr><tr><td>Capacit\u00e9<\/td><td>24oz\/720ml<\/td><\/tr><tr><td>Isol\u00e9<\/td><td>Oui&nbsp;&nbsp;&nbsp;&nbsp;&nbsp;&nbsp;&nbsp;&nbsp;&nbsp;&nbsp;&nbsp;&nbsp;&nbsp;<\/td><\/tr><tr><td>Position du logo<\/td><td>Corps de la bouteille<\/td><\/tr><tr><td>Couleur<\/td><td>Rouge, argent, vert, bleu, blanc, noir, or rose, couleur personnalis\u00e9e, couleur PMS<\/td><\/tr><tr><td>Mat\u00e9riau<\/td><td>Int\u00e9rieur et ext\u00e9rieur en acier inoxydable 304, couvercle en plastique pp neuf, joint d'\u00e9tanch\u00e9it\u00e9 en silicone<\/td><\/tr><tr><td>Fonctionnalit\u00e9<\/td><td>Bouteille sous vide \u00e0 double paroi, grande capacit\u00e9, design personnalis\u00e9<\/td><\/tr><tr><td>MOQ<\/td><td>100 pi\u00e8ces<\/td><\/tr><tr><td>Logo<\/td><td>Laser, impression en soie, transfert thermique, transfert d'eau, transfert de gaz, impression 3D, sublimation, etc.<\/td><\/tr><tr><td>Paquet<\/td><td>bo\u00eete blanche, bo\u00eete imprim\u00e9e personnalis\u00e9e, bo\u00eete cylindrique, sac \u00e0 bulles, bo\u00eete cadeau<\/td><\/tr><tr><td>Temps d'\u00e9chantillonnage<\/td><td>3 jours pour un \u00e9chantillon de stock, 7 jours pour un \u00e9chantillon de logo personnalis\u00e9<\/td><\/tr><tr><td>Temps de production<\/td><td>10-35 jours en fonction de la quantit\u00e9 et des besoins<\/td><\/tr><tr><td>A propos du paiement<\/td><td>Transfert bancaire, paypal, western union, assurance commerciale<\/td><\/tr><tr><td>Pays d'origine<\/td><td>Fabriqu\u00e9 en Chine<\/td><\/tr><tr><td>Origine du certificat<\/td><td>Oui, nous pouvons offrir<\/td><\/tr><tr><td>Nouveau moule de bouteille<\/td><td>Oui, nous disposons d'une nouvelle \u00e9quipe de d\u00e9veloppement de moules<\/td><\/tr><tr><td>Conditions<\/td><td>EXW, FOB, CIF, DDU, DDP<\/td><\/tr><\/tbody><\/table><\/figure>\n\n\n\n<p><\/p>","protected":false},"excerpt":{"rendered":"<p>Bouteille \u00e0 th\u00e9 de qualit\u00e9 \u00e0 prix comp\u00e9titif, design \u00e9l\u00e9gant avec infuseur, id\u00e9ale pour les marques de th\u00e9 en gros.<\/p>\n<ul>\n<li>Mat\u00e9riau en acier inoxydable 18\/8 sans BPA, sans danger pour les aliments et respectueux de l'environnement, r\u00e9sistant aux rayures. Bon pour la sant\u00e9.<\/li>\n<li>Large ouverture pour une consommation facile. Il est possible de placer un tube \u00e0 glace \u00e0 l'int\u00e9rieur. Convient \u00e9galement pour le th\u00e9 glac\u00e9.<\/li>\n<li>Double paroi isolante, permettant de garder le th\u00e9 frais ou chaud pendant une longue p\u00e9riode.<\/li>\n<li>Le couvercle \u00e0 poign\u00e9e est parfait pour \u00eatre emport\u00e9. Il est id\u00e9al pour la gym, la randonn\u00e9e, etc. Facile \u00e0 attacher au sac ou ailleurs.<\/li>\n<li>Avec infuseur pour la pr\u00e9paration du th\u00e9, parfait pour vendre du th\u00e9 ou d'autres produits<\/li>\n<li>R\u00e9sistant \u00e0 la rouille et aux \u00e9claboussures.<\/li>\n<li>Disponible en 500 ml et 700 ml, parfait pour la pr\u00e9paration du th\u00e9.<\/li>\n<li>Les couleurs et les motifs personnalis\u00e9s sont les bienvenus.<\/li>\n<li>Prise en charge des paquets personnalis\u00e9s<\/li>\n<li>Sans transpiration : Cette gourde en acier inoxydable ne transpire jamais lorsqu'elle est remplie d'eau glac\u00e9e et ne br\u00fble pas les mains lorsqu'elle est remplie d'eau chaude.<\/li>\n<li>Durable et solide : cette bouteille d'eau isol\u00e9e en acier inoxydable est fabriqu\u00e9e \u00e0 partir d'une structure en acier inoxydable \u00e0 double paroi, qui est solide et durable.<\/li>\n<li>Diff\u00e9rentes couleurs sont disponibles, possibilit\u00e9 de personnaliser les couleurs<\/li>\n<li>Lavable au lave-vaisselle, convient \u00e0 tous les porte-bagages, porte-voiture, porte-sac \u00e0 dos et porte-v\u00e9lo.<\/li>\n<\/ul>","protected":false},"featured_media":2839,"template":"","meta":{"_acf_changed":false,"_seopress_robots_primary_cat":"none","_seopress_titles_title":"Custom stainless steel tea flask for loose tea with infuser and handle lid","_seopress_titles_desc":"Food safe and BPA free material, custom color and design is welcome. Profession tea bottle manufacturer in China. Door to door delibery worldwide.","_seopress_robots_index":"","_uag_custom_page_level_css":""},"product_brand":[],"product_cat":[32,40,19,24,20],"product_tag":[71,70,77,69,86],"class_list":{"0":"post-2835","1":"product","2":"type-product","3":"status-publish","4":"has-post-thumbnail","6":"product_cat-insulated-water-bottle","7":"product_cat-stainless-steel-tumbler","8":"product_cat-stainless-steel-water-bottle","9":"product_cat-tumblers-mugs","10":"product_cat-vacuum-flask","11":"product_tag-bpa-free-vacuum-flask","12":"product_tag-double-wall-insulated-flask","13":"product_tag-personalized-insulated-mug","14":"product_tag-stainless-steel-flask","15":"product_tag-stainless-steel-insulated-cups-with-lid-and-straw","17":"first","18":"instock","19":"shipping-taxable","20":"product-type-simple"},"acf":[],"uagb_featured_image_src":{"full":["https:\/\/eco-drinkware.com\/wp-content\/uploads\/2025\/02\/magnetic-lid-bottle-2.jpg",1000,1000,false],"thumbnail":["https:\/\/eco-drinkware.com\/wp-content\/uploads\/2025\/02\/magnetic-lid-bottle-2-150x150.jpg",150,150,true],"medium":["https:\/\/eco-drinkware.com\/wp-content\/uploads\/2025\/02\/magnetic-lid-bottle-2-300x300.jpg",300,300,true],"medium_large":["https:\/\/eco-drinkware.com\/wp-content\/uploads\/2025\/02\/magnetic-lid-bottle-2-768x768.jpg",768,768,true],"large":["https:\/\/eco-drinkware.com\/wp-content\/uploads\/2025\/02\/magnetic-lid-bottle-2.jpg",1000,1000,false],"1536x1536":["https:\/\/eco-drinkware.com\/wp-content\/uploads\/2025\/02\/magnetic-lid-bottle-2.jpg",1000,1000,false],"2048x2048":["https:\/\/eco-drinkware.com\/wp-content\/uploads\/2025\/02\/magnetic-lid-bottle-2.jpg",1000,1000,false],"trp-custom-language-flag":["https:\/\/eco-drinkware.com\/wp-content\/uploads\/2025\/02\/magnetic-lid-bottle-2.jpg",12,12,false],"woocommerce_thumbnail":["https:\/\/eco-drinkware.com\/wp-content\/uploads\/2025\/02\/magnetic-lid-bottle-2-300x300.jpg",300,300,true],"woocommerce_single":["https:\/\/eco-drinkware.com\/wp-content\/uploads\/2025\/02\/magnetic-lid-bottle-2-600x600.jpg",600,600,true],"woocommerce_gallery_thumbnail":["https:\/\/eco-drinkware.com\/wp-content\/uploads\/2025\/02\/magnetic-lid-bottle-2-100x100.jpg",100,100,true]},"uagb_author_info":{"display_name":"Amy","author_link":"https:\/\/eco-drinkware.com\/fr\/author\/"},"uagb_comment_info":0,"uagb_excerpt":"Quality tea bottle with competitive price, elegent design with infuser.Perfect for tea brand wholesale BPA Free food safe ecofriendly 18\/8 stainless steel material. scratching resistance. Good for our healthy. Wide mouth for easy drinking. Okay to put ice tube inside. Also good for ice tea. Double wall insulated design,keep syour tea cool or hot for\u2026","_links":{"self":[{"href":"https:\/\/eco-drinkware.com\/fr\/wp-json\/wp\/v2\/product\/2835","targetHints":{"allow":["GET"]}}],"collection":[{"href":"https:\/\/eco-drinkware.com\/fr\/wp-json\/wp\/v2\/product"}],"about":[{"href":"https:\/\/eco-drinkware.com\/fr\/wp-json\/wp\/v2\/types\/product"}],"wp:featuredmedia":[{"embeddable":true,"href":"https:\/\/eco-drinkware.com\/fr\/wp-json\/wp\/v2\/media\/2839"}],"wp:attachment":[{"href":"https:\/\/eco-drinkware.com\/fr\/wp-json\/wp\/v2\/media?parent=2835"}],"wp:term":[{"taxonomy":"product_brand","embeddable":true,"href":"https:\/\/eco-drinkware.com\/fr\/wp-json\/wp\/v2\/product_brand?post=2835"},{"taxonomy":"product_cat","embeddable":true,"href":"https:\/\/eco-drinkware.com\/fr\/wp-json\/wp\/v2\/product_cat?post=2835"},{"taxonomy":"product_tag","embeddable":true,"href":"https:\/\/eco-drinkware.com\/fr\/wp-json\/wp\/v2\/product_tag?post=2835"}],"curies":[{"name":"wp","href":"https:\/\/api.w.org\/{rel}","templated":true}]}}