{"id":2963,"date":"2025-04-22T16:06:51","date_gmt":"2025-04-22T08:06:51","guid":{"rendered":"https:\/\/eco-drinkware.com\/?post_type=product&#038;p=2963"},"modified":"2025-04-24T11:37:42","modified_gmt":"2025-04-24T03:37:42","slug":"stanley-14oz-stainless-steel-wine-glass-insulated-durable-shatterproof-tumbler-for-red-white-wine-perfect-for-travel-camping-outdoor-use","status":"publish","type":"product","link":"https:\/\/eco-drinkware.com\/fr\/product\/stanley-14oz-stainless-steel-wine-glass-insulated-durable-shatterproof-tumbler-for-red-white-wine-perfect-for-travel-camping-outdoor-use\/","title":{"rendered":"Stanley 14oz Stainless Steel Wine Glass - Isolant, Durable &amp; Shatterproof Tumbler for Red\/White Wine - Parfait pour le voyage, le camping et l'ext\u00e9rieur"},"content":{"rendered":"<h2 class=\"wp-block-heading\"><strong>Description du produit :<\/strong><\/h2>\n\n\n\n<p><strong>Am\u00e9liorez votre exp\u00e9rience de la boisson<\/strong>&nbsp;- Con\u00e7ue pour les amateurs de vin qui recherchent la durabilit\u00e9 sans sacrifier le style, notre&nbsp;<strong>Verre \u00e0 vin en acier inoxydable 14oz<\/strong>&nbsp;allie l'\u00e9l\u00e9gance \u00e0 une fonctionnalit\u00e9 robuste. Parfait pour&nbsp;<strong>les restaurants, les h\u00f4tels, les organisateurs d'\u00e9v\u00e9nements et les acheteurs en gros<\/strong>Ce gobelet de haute qualit\u00e9 est con\u00e7u pour r\u00e9sister \u00e0 une utilisation quotidienne tout en conservant les boissons \u00e0 la temp\u00e9rature id\u00e9ale.<\/p>\n\n\n\n<p><strong>Caract\u00e9ristiques principales :<\/strong><\/p>\n\n\n\n<p>\u2714&nbsp;<strong>Acier inoxydable 18\/8 de premi\u00e8re qualit\u00e9<\/strong>&nbsp;- Fabriqu\u00e9 \u00e0 partir de&nbsp;<strong>de qualit\u00e9 alimentaire, r\u00e9sistant \u00e0 la rouille<\/strong>&nbsp;en acier inoxydable pour des performances durables.<\/p>\n\n\n\n<p>\u2714&nbsp;<strong>Isolation sous vide \u00e0 double paroi<\/strong>&nbsp;- Conserve le vin&nbsp;<strong>au frais pendant des heures<\/strong>&nbsp;(ou chaud pour le vin chaud) sans condensation.<\/p>\n\n\n\n<p>\u2714&nbsp;<strong>Incassable et incassable<\/strong>&nbsp;- Id\u00e9al pour&nbsp;<strong>les \u00e9v\u00e9nements en plein air, le camping, la navigation de plaisance et l'utilisation commerciale<\/strong>-Plus de verre bris\u00e9 !<\/p>\n\n\n\n<p>\u2714&nbsp;<strong>14oz (414ml) Capacit\u00e9 parfaite<\/strong>&nbsp;- Peut contenir une pleine portion de vin rouge, blanc ou ros\u00e9 tout en conservant un design \u00e9l\u00e9gant et sans tige.<\/p>\n\n\n\n<p>\u2714&nbsp;<strong>Non toxique et sans BPA<\/strong>&nbsp;- Sans danger pour les boissons chaudes et froides, r\u00e9union&nbsp;<strong>normes mondiales de s\u00e9curit\u00e9 alimentaire<\/strong>.<\/p>\n\n\n\n<p><\/p>\n\n\n\n<p>\u2714&nbsp;<strong>Facile \u00e0 nettoyer et lavable au lave-vaisselle<\/strong>&nbsp;- Gain de temps pour&nbsp;<strong>les bars, les services de restauration et les utilisateurs en vrac<\/strong>.<\/p>\n\n\n\n<p><strong>Pourquoi vous l'aimerez :<\/strong><\/p>\n\n\n\n<h3 class=\"wp-block-heading\"><strong><strong>Pourquoi choisir notre verre \u00e0 vin en acier inoxydable ?<\/strong><\/strong><\/h3>\n\n\n\n<p>\u2705&nbsp;<strong>Marquage personnalis\u00e9 et remises en gros<\/strong>&nbsp;- En tant que leader&nbsp;<strong>fabricant et fournisseur<\/strong>Nous offrons&nbsp;<strong>Services OEM\/ODM<\/strong>&nbsp;pour les entreprises qui souhaitent&nbsp;<strong>personnaliser<\/strong>&nbsp;ces gobelets avec des logos ou des emballages. Parfait pour&nbsp;<strong>cadeaux d'entreprise, mariages et \u00e9v\u00e9nements promotionnels<\/strong>.<br>\u2705&nbsp;<strong>Prix directs d'usine<\/strong>&nbsp;- Oubliez les interm\u00e9diaires ! Nous fournissons&nbsp;<strong>commandes en gros et en masse<\/strong>&nbsp;\u00e0 des taux comp\u00e9titifs, ce qui les rend id\u00e9ales pour&nbsp;<strong>les cha\u00eenes de restaurants, les centres de vill\u00e9giature et les d\u00e9taillants<\/strong>.<br>\u2705&nbsp;<strong>Durable et rentable<\/strong>&nbsp;- Contrairement \u00e0 la verrerie fragile, nos gobelets \u00e0 vin en acier inoxydable&nbsp;<strong>r\u00e9duire les co\u00fbts de remplacement<\/strong>Ils constituent donc un investissement judicieux pour les&nbsp;<strong>les lieux \u00e0 forte fr\u00e9quentation<\/strong>.<br>\u2728&nbsp;<strong>D\u00e9lai d'ex\u00e9cution rapide<\/strong>&nbsp;- Notre usine est \u00e9quip\u00e9e pour traiter des commandes de grande envergure avec une production efficace et une livraison dans les d\u00e9lais.<br>\u2728&nbsp;<strong>Respectueux de l'environnement et r\u00e9utilisable<\/strong>&nbsp;- Promouvoir le d\u00e9veloppement durable avec un gobelet r\u00e9utilisable qui r\u00e9duit les d\u00e9chets et s'aligne sur les valeurs \u00e9coconscientes.<\/p>\n\n\n\n<hr class=\"wp-block-separator has-alpha-channel-opacity\"\/>\n\n\n\n<h3 class=\"wp-block-heading\"><strong>Parfait pour :<\/strong><\/h3>\n\n\n\n<ul class=\"wp-block-list\">\n<li><strong>H\u00f4tels et centres de vill\u00e9giature<\/strong>&nbsp;- Am\u00e9liorez l'exp\u00e9rience de vos clients avec des verres incassables<\/li>\n\n\n\n<li><strong>Bars et restaurants<\/strong>&nbsp;- R\u00e9duire les co\u00fbts de casse et d'entretien.<\/li>\n\n\n\n<li><strong>Ventes au d\u00e9tail<\/strong>&nbsp;- Faites le plein de gobelets personnalisables qui s'adressent \u00e0 un large public.<\/li>\n\n\n\n<li><strong>Collectes de fonds et cadeaux<\/strong>&nbsp;- Offrez un produit fonctionnel et m\u00e9morable que les supporters aimeront.<\/li>\n\n\n\n<li><strong>\u00c9v\u00e9nements d'entreprise et mariages<\/strong>&nbsp;- Imprim\u00e9s sur mesure pour les marques ou les souvenirs.<\/li>\n\n\n\n<li><strong>Passionn\u00e9s de plein air<\/strong>&nbsp;- Id\u00e9al pour le camping, les pique-niques et les voyages.<\/li>\n<\/ul>\n\n\n\n<hr class=\"wp-block-separator has-alpha-channel-opacity\"\/>\n\n\n\n<p><strong><strong>Avantages de l'achat en gros :<\/strong><\/strong><br>\ud83d\udd39&nbsp;<strong>MOQ (Minimum Order Quantity) Flexibilit\u00e9<\/strong>&nbsp;- Possibilit\u00e9 de petits ou grands lots.<br>\ud83d\udd39&nbsp;<strong>Exp\u00e9dition mondiale rapide<\/strong>&nbsp;- Fiable&nbsp;<strong>fournisseur<\/strong>&nbsp;avec des entrep\u00f4ts dans les r\u00e9gions cl\u00e9s.<br>\ud83d\udd39&nbsp;<strong>Emballage sur mesure<\/strong>&nbsp;- Bo\u00eetes \u00e0 l'effigie de la marque, coffrets cadeaux ou options \u00e9cologiques.<\/p>\n\n\n\n<p><strong>Passez \u00e0 un verre \u00e0 vin plus intelligent et plus durable d\u00e8s aujourd'hui !<\/strong>&nbsp;Id\u00e9al pour&nbsp;<strong>les distributeurs, les d\u00e9taillants et les acheteurs en gros<\/strong>&nbsp;recherche&nbsp;<strong>des solutions de haute qualit\u00e9 et personnalisables en mati\u00e8re d'articles pour boissons<\/strong>.<\/p>\n\n\n\n<p><strong>Contactez-nous pour conna\u00eetre les prix de gros et les possibilit\u00e9s OEM !<\/strong><\/p>\n\n\n\n<div class=\"wp-block-uagb-image uagb-block-ebf0aa1f wp-block-uagb-image--layout-default wp-block-uagb-image--effect-static wp-block-uagb-image--align-none\"><figure class=\"wp-block-uagb-image__figure\"><img decoding=\"async\" srcset=\"https:\/\/eco-drinkware.com\/wp-content\/uploads\/2025\/04\/gv089-stainless-steel-wine-glass.jpg ,https:\/\/eco-drinkware.com\/wp-content\/uploads\/2025\/04\/gv089-stainless-steel-wine-glass.jpg 780w, https:\/\/eco-drinkware.com\/wp-content\/uploads\/2025\/04\/gv089-stainless-steel-wine-glass.jpg 360w\" sizes=\"auto, (max-width: 480px) 150px\" src=\"https:\/\/eco-drinkware.com\/wp-content\/uploads\/2025\/04\/gv089-stainless-steel-wine-glass.jpg\" alt=\"stanley 14oz stainless steel wine glass - isol\u00e9, durable &amp; shatterproof tumbler for red\/white wine - parfait pour le voyage, le camping et l&#039;ext\u00e9rieur\" class=\"uag-image-2968\" width=\"1000\" height=\"1000\" title=\"stanley 14oz stainless steel wine glass - isol\u00e9, durable &amp; shatterproof tumbler for red\/white wine - parfait pour le voyage, le camping et l&#039;ext\u00e9rieur\" loading=\"lazy\" role=\"img\"\/><\/figure><\/div>\n\n\n\n<figure class=\"wp-block-table\"><table class=\"has-fixed-layout\"><tbody><tr><td>Num\u00e9ro de l'article<\/td><td>GV089<\/td><\/tr><tr><td>Capacit\u00e9<\/td><td>14oz\/414ml<\/td><\/tr><tr><td>Isol\u00e9<\/td><td>Oui&nbsp;&nbsp;&nbsp;&nbsp;&nbsp;&nbsp;&nbsp;&nbsp;&nbsp;&nbsp;&nbsp;&nbsp;&nbsp;<\/td><\/tr><tr><td>Position du logo<\/td><td>Corps de la bouteille <\/td><\/tr><tr><td>Couleur<\/td><td>Rouge, argent, vert, bleu, blanc, noir, or rose, couleur personnalis\u00e9e, couleur PMS<\/td><\/tr><tr><td>Mat\u00e9riau<\/td><td>Int\u00e9rieur et ext\u00e9rieur en acier inoxydable 304, couvercle en plastique pp neuf, joint d'\u00e9tanch\u00e9it\u00e9 en silicone<\/td><\/tr><tr><td>Fonctionnalit\u00e9<\/td><td>Bouteille sous vide \u00e0 double paroi, grande capacit\u00e9, design personnalis\u00e9<\/td><\/tr><tr><td>MOQ<\/td><td>100 pi\u00e8ces<\/td><\/tr><tr><td>Logo<\/td><td>Laser, impression en soie, transfert thermique, transfert d'eau, transfert de gaz, impression 3D, sublimation, etc.<\/td><\/tr><tr><td>Paquet<\/td><td>bo\u00eete blanche, bo\u00eete imprim\u00e9e personnalis\u00e9e, bo\u00eete cylindrique, sac \u00e0 bulles, bo\u00eete cadeau<\/td><\/tr><tr><td>Temps d'\u00e9chantillonnage<\/td><td>3 jours pour un \u00e9chantillon de stock, 7 jours pour un \u00e9chantillon de logo personnalis\u00e9<\/td><\/tr><tr><td>Temps de production<\/td><td>10-35 jours en fonction de la quantit\u00e9 et des besoins<\/td><\/tr><tr><td>A propos du paiement<\/td><td>Transfert bancaire, paypal, western union, assurance commerciale<\/td><\/tr><tr><td>Pays d'origine<\/td><td>Fabriqu\u00e9 en Chine<\/td><\/tr><tr><td>Origine du certificat<\/td><td>Oui, nous pouvons offrir<\/td><\/tr><tr><td>Nouveau moule de bouteille<\/td><td>Oui, nous disposons d'une nouvelle \u00e9quipe de d\u00e9veloppement de moules<\/td><\/tr><tr><td>Conditions<\/td><td>EXW, FOB, CIF, DDU, DDP<\/td><\/tr><\/tbody><\/table><\/figure>\n\n\n\n<p><\/p>","protected":false},"excerpt":{"rendered":"<p class=\"ds-markdown-paragraph\"><strong>Verre \u00e0 vin Stanley 14oz en acier inoxydable - Durable, isol\u00e9 et \u00e9l\u00e9gant<\/strong><\/p>\n<p class=\"ds-markdown-paragraph\">\u2705\u00a0<strong>Acier inoxydable 18\/8 de premi\u00e8re qualit\u00e9<\/strong>\u00a0- R\u00e9sistant \u00e0 la rouille, incassable et con\u00e7u pour durer toute une vie - plus besoin de s'inqui\u00e9ter des \u00e9clats de verre.<\/p>\n<p>\u2705 <strong>Capacit\u00e9:14oz , taille : 110*200mm\u00a0<\/strong><\/p>\n<p class=\"ds-markdown-paragraph\">\u2705\u00a0<strong>Isolation sous vide \u00e0 double paroi<\/strong>\u00a0- Conserve le vin au frais pendant\u00a0<strong>9+ heures<\/strong>\u00a0(ou chaud pour les\u00a0<strong>3+ heures<\/strong>\u00a0avec des boissons chaudes).<\/p>\n<p class=\"ds-markdown-paragraph\">\u2705\u00a0<strong>\u00c9l\u00e9gant, design sans bulles<\/strong>\u00a0- La finition miroir \u00e9l\u00e9gante et la forme effil\u00e9e imitent les verres \u00e0 vin traditionnels - \u00e9l\u00e9gants pour l'int\u00e9rieur et l'ext\u00e9rieur.<\/p>\n<p class=\"ds-markdown-paragraph\">\u2705\u00a0<strong>R\u00e9sistant aux d\u00e9versements et portable<\/strong>\u00a0- La base l\u00e9g\u00e8re mais robuste s'adapte \u00e0 la plupart des porte-gobelets, parfaite pour les voyages, le camping ou pour siroter au bord de la piscine.<\/p>\n<p class=\"ds-markdown-paragraph\">\u2705\u00a0<strong>Sans BPA et r\u00e9sistant aux odeurs<\/strong>\u00a0- Ne retiennent pas les saveurs ou les taches, contrairement au plastique ou aux m\u00e9taux de mauvaise qualit\u00e9.<\/p>\n<p class=\"ds-markdown-paragraph\">\u2705\u00a0<strong>Lavable au lave-vaisselle<\/strong>\u00a0- Facile \u00e0 nettoyer pour un entretien sans souci.<\/p>\n<p class=\"ds-markdown-paragraph\"><strong>Id\u00e9al pour :<\/strong>\u00a0Cadeaux, randonn\u00e9es, f\u00eates dans l'arri\u00e8re-cour ou utilisation quotidienne.\u00a0<strong>Couleurs :<\/strong> Inox, noir, or rose. Bleu<\/p>","protected":false},"featured_media":2969,"template":"","meta":{"_acf_changed":true,"_seopress_robots_primary_cat":"none","_seopress_titles_title":"14oz Stainless Steel Wine Glass \u2013 Premium Insulated, Shatterproof Tumbler for Wine Enthusiasts \u2013 Bulk Orders Available","_seopress_titles_desc":"14oz Stainless Steel Wine Glass \u2013 Premium Insulated, Shatterproof Tumbler for Wine Enthusiasts \u2013 Bulk Orders Available","_seopress_robots_index":"","_uag_custom_page_level_css":""},"product_brand":[],"product_cat":[32,40,19,24,20],"product_tag":[105,106,70,108,110,77,86,104,109,107],"class_list":{"0":"post-2963","1":"product","2":"type-product","3":"status-publish","4":"has-post-thumbnail","6":"product_cat-insulated-water-bottle","7":"product_cat-stainless-steel-tumbler","8":"product_cat-stainless-steel-water-bottle","9":"product_cat-tumblers-mugs","10":"product_cat-vacuum-flask","11":"product_tag-bulk-wine-tumblers","12":"product_tag-custom-branded-drinkware","13":"product_tag-double-wall-insulated-flask","14":"product_tag-factory-direct-wine-glasses","15":"product_tag-oem-stainless-steel-manufacturer","16":"product_tag-personalized-insulated-mug","17":"product_tag-stainless-steel-insulated-cups-with-lid-and-straw","18":"product_tag-stainless-steel-wine-glass","19":"product_tag-unbreakable-wine-tumbler-supplier","20":"product_tag-wholesale-stainless-steel-cups","22":"first","23":"instock","24":"shipping-taxable","25":"product-type-simple"},"acf":[],"uagb_featured_image_src":{"full":["https:\/\/eco-drinkware.com\/wp-content\/uploads\/2025\/04\/gv089-wine-glass.jpg",720,720,false],"thumbnail":["https:\/\/eco-drinkware.com\/wp-content\/uploads\/2025\/04\/gv089-wine-glass-150x150.jpg",150,150,true],"medium":["https:\/\/eco-drinkware.com\/wp-content\/uploads\/2025\/04\/gv089-wine-glass-300x300.jpg",300,300,true],"medium_large":["https:\/\/eco-drinkware.com\/wp-content\/uploads\/2025\/04\/gv089-wine-glass.jpg",720,720,false],"large":["https:\/\/eco-drinkware.com\/wp-content\/uploads\/2025\/04\/gv089-wine-glass.jpg",720,720,false],"1536x1536":["https:\/\/eco-drinkware.com\/wp-content\/uploads\/2025\/04\/gv089-wine-glass.jpg",720,720,false],"2048x2048":["https:\/\/eco-drinkware.com\/wp-content\/uploads\/2025\/04\/gv089-wine-glass.jpg",720,720,false],"trp-custom-language-flag":["https:\/\/eco-drinkware.com\/wp-content\/uploads\/2025\/04\/gv089-wine-glass.jpg",12,12,false],"woocommerce_thumbnail":["https:\/\/eco-drinkware.com\/wp-content\/uploads\/2025\/04\/gv089-wine-glass-300x300.jpg",300,300,true],"woocommerce_single":["https:\/\/eco-drinkware.com\/wp-content\/uploads\/2025\/04\/gv089-wine-glass-600x600.jpg",600,600,true],"woocommerce_gallery_thumbnail":["https:\/\/eco-drinkware.com\/wp-content\/uploads\/2025\/04\/gv089-wine-glass-100x100.jpg",100,100,true]},"uagb_author_info":{"display_name":"Amy","author_link":"https:\/\/eco-drinkware.com\/fr\/author\/"},"uagb_comment_info":0,"uagb_excerpt":"Stanley 14oz Stainless Steel Wine Glass \u2013 Durable, Insulated &amp; Stylish \u2705\u00a0Premium 18\/8 Stainless Steel\u00a0\u2013 Rust-proof, unbreakable, and built to last a lifetime\u2014no more worrying about shattered glass. \u2705 Capaicty:14oz , size: 110*200mm\u00a0 \u2705\u00a0Double-Wall Vacuum Insulation\u00a0\u2013 Keeps wine chilled for\u00a09+ hours\u00a0(or warm for\u00a03+ hours\u00a0with hot beverages). \u2705\u00a0Elegant, Stemless Design\u00a0\u2013 Sleek mirror finish and tapered shape\u2026","_links":{"self":[{"href":"https:\/\/eco-drinkware.com\/fr\/wp-json\/wp\/v2\/product\/2963","targetHints":{"allow":["GET"]}}],"collection":[{"href":"https:\/\/eco-drinkware.com\/fr\/wp-json\/wp\/v2\/product"}],"about":[{"href":"https:\/\/eco-drinkware.com\/fr\/wp-json\/wp\/v2\/types\/product"}],"wp:featuredmedia":[{"embeddable":true,"href":"https:\/\/eco-drinkware.com\/fr\/wp-json\/wp\/v2\/media\/2969"}],"wp:attachment":[{"href":"https:\/\/eco-drinkware.com\/fr\/wp-json\/wp\/v2\/media?parent=2963"}],"wp:term":[{"taxonomy":"product_brand","embeddable":true,"href":"https:\/\/eco-drinkware.com\/fr\/wp-json\/wp\/v2\/product_brand?post=2963"},{"taxonomy":"product_cat","embeddable":true,"href":"https:\/\/eco-drinkware.com\/fr\/wp-json\/wp\/v2\/product_cat?post=2963"},{"taxonomy":"product_tag","embeddable":true,"href":"https:\/\/eco-drinkware.com\/fr\/wp-json\/wp\/v2\/product_tag?post=2963"}],"curies":[{"name":"wp","href":"https:\/\/api.w.org\/{rel}","templated":true}]}}