{"id":3087,"date":"2025-08-01T17:42:38","date_gmt":"2025-08-01T09:42:38","guid":{"rendered":"https:\/\/eco-drinkware.com\/?post_type=product&#038;p=3087"},"modified":"2025-11-10T11:42:46","modified_gmt":"2025-11-10T03:42:46","slug":"bouteille-deau-en-verre-avec-couvercle-en-bambou-et-manchon-en-silicone-sans-danger-pour-la-sante-550ml","status":"publish","type":"product","link":"https:\/\/eco-drinkware.com\/fr\/product\/bouteille-deau-en-verre-avec-couvercle-en-bambou-et-manchon-en-silicone-sans-danger-pour-la-sante-550ml\/","title":{"rendered":"Bouteille d'eau en verre avec couvercle en bambou et manchon en silicone, sans BPA et sans danger pour la sant\u00e9"},"content":{"rendered":"<h2 class=\"wp-block-heading\">Bouteille en verre parfaite pour la vente en gros et les projets de promotion<\/h2>\n\n\n\n<p>\u25cf Mat\u00e9riau :verre borosilicat\u00e9 de haute qualit\u00e9 .Couvercle :pp, silicone ,bambou naturel <br>100% Sans BPA et sans danger pour la sant\u00e9. Tous les mat\u00e9riaux sont non toxiques. La tendance est \u00e0 l'utilisation de bouteilles d'eau durables au lieu de bouteilles en plastique jetables, ce qui rendra le monde plus propre et plus beau.<br>\u25cf Le couvercle est \u00e9tanche, avec un \u00e9l\u00e9ment en bambou, plus naturel et \u00e9cologique. Votre bouteille \u00e0 emporter.<br>\u25cf Il y a <a href=\"https:\/\/legenday.com.cn\/silicone-cup-sleeves\/\">manchon en silicone<\/a> pour bien prot\u00e9ger le verre. La bouteille en verre ne se casse pas facilement.<br>\u25cf Design simple et forme classique,parfait pour la vie moderne simple.Tr\u00e8s bon pour les promotions de marque ou la vente en gros.<\/p>\n\n\n\n<p>\u25cf Avec un couvercle en bambou naturel, un style de vie tr\u00e8s original.Il y a une pirce en acier \u00e0 l'int\u00e9rieur du couvercle, aucun plastique n'entre en contact avec l'eau. Moins de plastique, un monde meilleur.<br>\u25cfCouleur : Nous pouvons r\u00e9aliser n'importe quelle couleur pour les clients. Les couleurs PMS sont les bienvenues. Facile de faire un manchon de couleur personnalis\u00e9e avec un design personnalis\u00e9 ou l'impression de logo. L'\u00e9quipe d'Eco Drinkware peut proposer des maquettes avec un design personnalis\u00e9.<br>\u25cf Cette bouteille \u00e0 th\u00e9 de forme droite est id\u00e9ale pour les adultes.Facile \u00e0 emporter pour le camping ,la marche ,la course et ainsi de suite.Parfait pour boire de l'eau,du th\u00e9 ,du jus et du caf\u00e9.<br>\u25cfCoating : pas de rev\u00eatement (couleur du verre clair), peinture par pulv\u00e9risation ou placage de cuivre, etc. Si le client veut ajouter la finition de sublimation qui est disponible pour la sublimation,c'est \u00e9galement correct. Cette bouteille en verre peut \u00eatre une bouteille en verre \u00e0 sublimation.<br>\u25cfMotif : un motif personnalis\u00e9 peut \u00eatre imprim\u00e9 et peut \u00eatre r\u00e9alis\u00e9 par diff\u00e9rentes techniques d'impression : s\u00e9rigraphie, impression par transfert thermique, impression par transfert d'eau, transfert par sublimation, etc.<br>\u25cfLogo : Il est facile de travailler sur un logo personnalis\u00e9. Les options de logo comprennent : logo d\u00e9calcomanie ,impression de soie ,transfert de chaleur , sublimation ,etc. Nous vous invitons \u00e0 nous faire part de votre logo. Notre \u00e9quipe vous enverra une maquette en retour.<br>\u25cfBo\u00eete d'emballage : bo\u00eete blanche, bo\u00eete imprim\u00e9e personnalis\u00e9e, bo\u00eete cylindrique, sac \u00e0 bulles, bo\u00eete cadeau, tout emballage de conception personnalis\u00e9e est le bienvenu, etc.<br>\u25cfLa bouteille de th\u00e9 en verre peut \u00eatre lav\u00e9e au lave-vaisselle.<br>\u25cf Cette bouteille \u00e0 infusion en verre borosilicat\u00e9 est un excellent choix pour les personnes qui souhaitent conserver leurs boissons \u00e0 une temp\u00e9rature constante lorsqu'elles sont en d\u00e9placement, que ce soit en randonn\u00e9e, en camping, en voyage ou simplement pour se rendre au travail.<br>\u25cfSp\u00e9cialis\u00e9 dans la fabrication et l'exportation de toutes sortes d'articles de boisson tels que des bouteilles d'eau, des bouteilles en verre, des gobelets en verre, des r\u00e9cipients alimentaires, des \u00e9cuelles pour chiens, des saladiers, des glaci\u00e8res, des bouteilles en verre, des bouteilles en bambou. Eco Drinkware poss\u00e8de des lignes de production automatis\u00e9es et tr\u00e8s efficaces. Nous adoptons l'industrie 4.0 et restons comp\u00e9titifs dans l'industrie. La production automatis\u00e9e rend nos produits moins co\u00fbteux et plus comp\u00e9titifs en termes de prix.<br>\u25cfEco Drinkware fait de l'OEM et de l'ODM. Avec des ing\u00e9nieurs professionnels de haut niveau ayant plus de 10 ans d'exp\u00e9rience dans l'industrie de la fabrication de bouteilles d'eau, il est facile de transformer votre id\u00e9e en produits r\u00e9els, et nous vous invitons chaleureusement \u00e0 partager votre id\u00e9e avec nous.<br>\u25cf Nous effectuons des contr\u00f4les de qualit\u00e9 en ligne pour nous assurer que la production se d\u00e9roule correctement et qu'il n'y a pas d'erreur. S'il y a une erreur, nous pouvons la corriger \u00e0 temps pour r\u00e9duire les co\u00fbts. La qualit\u00e9 est notre culture et nous croyons qu'elle apporte plus aux clients et aux fabricants. Si vous optez pour Eco Drinkware, vous obtiendrez plus de clients et plus de march\u00e9s, ainsi qu'une bonne r\u00e9putation de la part de vos clients. Parce que notre \u00e9quipe est heureuse de s'am\u00e9liorer et d'am\u00e9liorer ses produits afin d'\u00eatre excellente dans notre secteur d'activit\u00e9.<br>\u25cfM\u00e9thode d'exp\u00e9dition : FOB, CIF, DDU, DDP par train ou par bateau pour les clients du monde entier.<\/p>\n\n\n\n<figure class=\"wp-block-image size-full\"><img loading=\"lazy\" decoding=\"async\" width=\"800\" height=\"800\" src=\"https:\/\/eco-drinkware.com\/wp-content\/uploads\/2025\/08\/ga5064a-4.jpg\" alt=\"Bouteille d&#039;eau en verre avec couvercle en bambou et manchon en silicone, sans danger pour la sant\u00e9, 550ml\" class=\"wp-image-3091\" srcset=\"https:\/\/eco-drinkware.com\/wp-content\/uploads\/2025\/08\/ga5064a-4.jpg 800w, https:\/\/eco-drinkware.com\/wp-content\/uploads\/2025\/08\/ga5064a-4-300x300.jpg 300w, https:\/\/eco-drinkware.com\/wp-content\/uploads\/2025\/08\/ga5064a-4-150x150.jpg 150w, https:\/\/eco-drinkware.com\/wp-content\/uploads\/2025\/08\/ga5064a-4-768x768.jpg 768w, https:\/\/eco-drinkware.com\/wp-content\/uploads\/2025\/08\/ga5064a-4-600x600.jpg 600w, https:\/\/eco-drinkware.com\/wp-content\/uploads\/2025\/08\/ga5064a-4-100x100.jpg 100w\" sizes=\"auto, (max-width: 800px) 100vw, 800px\" \/><figcaption class=\"wp-element-caption\">Bouteille en verre personnalis\u00e9e<\/figcaption><\/figure>\n\n\n\n<p>Description du produit<\/p>\n\n\n\n<figure class=\"wp-block-table\"><table class=\"has-fixed-layout\"><tbody><tr><td>Capacit\u00e9<\/td><td>550ml\/18OZ<\/td><\/tr><tr><td>MOQ<\/td><td>100 pi\u00e8ces pour l'impression de logos personnalis\u00e9s<\/td><\/tr><tr><td>Diam\u00e8tre<\/td><td>Diam\u00e8tre :70mm (2.76 inch)&nbsp;&nbsp;&nbsp;&nbsp;&nbsp;&nbsp;&nbsp;&nbsp;&nbsp;&nbsp;&nbsp;&nbsp;&nbsp;&nbsp;&nbsp;&nbsp;&nbsp;&nbsp;&nbsp;&nbsp;&nbsp;<\/td><\/tr><tr><td>Hauteur<\/td><td>240 mm (9,45 pouces)<\/td><\/tr><tr><td>Couleur<\/td><td>Transparent ,couleur personnalis\u00e9e\uff0csublimation peinture <\/td><\/tr><tr><td>Logo<\/td><td>logo autocollant, impression en soie, transfert thermique, sublimation, etc.<\/td><\/tr><tr><td>Paquet<\/td><td>bo\u00eete blanche, bo\u00eete imprim\u00e9e personnalis\u00e9e, bo\u00eete cylindrique, sac \u00e0 bulles, bo\u00eete cadeau<\/td><\/tr><tr><td>Temps d'\u00e9chantillonnage<\/td><td>3 jours pour un \u00e9chantillon de stock, 7 jours pour un \u00e9chantillon de logo personnalis\u00e9<\/td><\/tr><tr><td>Temps de production<\/td><td>10-35 jours en fonction de la quantit\u00e9 et des besoins<\/td><\/tr><tr><td>A propos du paiement<\/td><td>Virement bancaire, paypal, western union<\/td><\/tr><tr><td>Pays d'origine<\/td><td>Fabriqu\u00e9 en Chine<\/td><\/tr><\/tbody><\/table><\/figure>\n\n\n\n<p><\/p>","protected":false},"excerpt":{"rendered":"<p><!-- wp:heading --><\/p>\n<p><!-- \/wp:heading --><\/p>\n<p><!-- wp:paragraph --><\/p>\n<p>Bouteille en verre personnalis\u00e9e de qualit\u00e9, prix comp\u00e9titif, design \u00e9l\u00e9gant, parfaite pour les projets de promotion et de vente en gros de marques.<br \/><strong>\u25cf Mat\u00e9riau<\/strong>Corps en verre borosilicat\u00e9 tr\u00e8s brillant et tr\u00e8s transparent ,silicone, couvercle :nouveau plastique pp ,bambou naturel<br \/><strong>\u25cf Couvercle en bambou naturel, style de vie naturel<\/strong>. Ce manchon est doux et prot\u00e8ge bien la bouteille de th\u00e9 en verre.<br \/><strong>\u25cf Couleur<\/strong>La bouteille en verre est normalement de couleur claire. Eco Drinkware peut r\u00e9aliser des bouteilles color\u00e9es par peinture au pistolet ou par galvanoplastie UV.<br \/><strong>\u25cf Fonction sp\u00e9ciale :<\/strong>Le couvercle est en acier inoxydable, sans contact avec l'eau. Moins de plastique, plus de long\u00e9vit\u00e9.<br \/><strong>\u25cf Motif : <\/strong>Les motifs personnalis\u00e9s peuvent \u00eatre imprim\u00e9s et peuvent \u00eatre r\u00e9alis\u00e9s par diff\u00e9rentes techniques d'impression : s\u00e9rigraphie, transfert thermique, transfert \u00e0 l'eau, transfert par sublimation, etc.<br \/><strong>\u25cf Logo : <\/strong>Facile \u00e0 travailler sur un logo personnalis\u00e9. Les options de logo comprennent : logo d\u00e9calcomanie, impression en soie, transfert thermique, sublimation, etc. Il est id\u00e9al pour la cr\u00e9ation de marques, la publicit\u00e9 et l'impression de cadeaux.<br \/>\u25cf Passe au lave-vaisselle et au micro-ondes.<br \/><strong>\u25cf Bo\u00eete d'emballage : <\/strong>bo\u00eete blanche, bo\u00eete imprim\u00e9e personnalis\u00e9e, bo\u00eete cylindrique, sac \u00e0 bulles, bo\u00eete cadeau, tout emballage personnalis\u00e9 est le bienvenu, etc.\u00a0<\/p>\n<p><!-- \/wp:paragraph --><\/p>","protected":false},"featured_media":3088,"template":"","meta":{"_acf_changed":false,"_seopress_robots_primary_cat":"none","_seopress_titles_title":"BPA free food safe 550ml bamboo lid glass water bottle with silicone sleeve","_seopress_titles_desc":"Quality custom water drinking bottle for brand wholesale or promotion. With nature bamboo lid and silicone sleeve as protective. BPA free,food safe. Whatsapp:0086 13567428830","_seopress_robots_index":"","_uag_custom_page_level_css":""},"product_brand":[],"product_cat":[22,35],"product_tag":[119,59,121,100,120,101,117,118,58],"class_list":{"0":"post-3087","1":"product","2":"type-product","3":"status-publish","4":"has-post-thumbnail","6":"product_cat-glass-water-bottle","7":"product_cat-single-wall-gass-bottle","8":"product_tag-bamboo-lid-glass-bottle","9":"product_tag-bpa-free","10":"product_tag-bpa-free-bottle","11":"product_tag-custom-glass-bottle","12":"product_tag-glass-bottle-with-bamboo-lid","13":"product_tag-glass-bottle-with-silicone-sleeve","14":"product_tag-glass-driking-bottle","15":"product_tag-glass-flask","16":"product_tag-glass-water-bottle","18":"first","19":"instock","20":"shipping-taxable","21":"product-type-simple"},"acf":[],"uagb_featured_image_src":{"full":["https:\/\/eco-drinkware.com\/wp-content\/uploads\/2025\/08\/ga5064a-1.jpg",800,800,false],"thumbnail":["https:\/\/eco-drinkware.com\/wp-content\/uploads\/2025\/08\/ga5064a-1-150x150.jpg",150,150,true],"medium":["https:\/\/eco-drinkware.com\/wp-content\/uploads\/2025\/08\/ga5064a-1-300x300.jpg",300,300,true],"medium_large":["https:\/\/eco-drinkware.com\/wp-content\/uploads\/2025\/08\/ga5064a-1-768x768.jpg",768,768,true],"large":["https:\/\/eco-drinkware.com\/wp-content\/uploads\/2025\/08\/ga5064a-1.jpg",800,800,false],"1536x1536":["https:\/\/eco-drinkware.com\/wp-content\/uploads\/2025\/08\/ga5064a-1.jpg",800,800,false],"2048x2048":["https:\/\/eco-drinkware.com\/wp-content\/uploads\/2025\/08\/ga5064a-1.jpg",800,800,false],"trp-custom-language-flag":["https:\/\/eco-drinkware.com\/wp-content\/uploads\/2025\/08\/ga5064a-1.jpg",12,12,false],"woocommerce_thumbnail":["https:\/\/eco-drinkware.com\/wp-content\/uploads\/2025\/08\/ga5064a-1-300x300.jpg",300,300,true],"woocommerce_single":["https:\/\/eco-drinkware.com\/wp-content\/uploads\/2025\/08\/ga5064a-1-600x600.jpg",600,600,true],"woocommerce_gallery_thumbnail":["https:\/\/eco-drinkware.com\/wp-content\/uploads\/2025\/08\/ga5064a-1-100x100.jpg",100,100,true]},"uagb_author_info":{"display_name":"Amy","author_link":"https:\/\/eco-drinkware.com\/fr\/author\/"},"uagb_comment_info":0,"uagb_excerpt":"Quality custom glass drnking bottle with competitive price, elegent design.Perfect for brand wholesale and promotion project.\u25cf Material: high bright high clear borosilicate glass body ,silicone, lid :new pp plastic ,nature bamboo\u25cf With nature bamboo lid,nature life style. This sleeve touched softt and can protect the glass tea bottle well\u25cf Color: glass bottle normally in clear\u2026","_links":{"self":[{"href":"https:\/\/eco-drinkware.com\/fr\/wp-json\/wp\/v2\/product\/3087","targetHints":{"allow":["GET"]}}],"collection":[{"href":"https:\/\/eco-drinkware.com\/fr\/wp-json\/wp\/v2\/product"}],"about":[{"href":"https:\/\/eco-drinkware.com\/fr\/wp-json\/wp\/v2\/types\/product"}],"wp:featuredmedia":[{"embeddable":true,"href":"https:\/\/eco-drinkware.com\/fr\/wp-json\/wp\/v2\/media\/3088"}],"wp:attachment":[{"href":"https:\/\/eco-drinkware.com\/fr\/wp-json\/wp\/v2\/media?parent=3087"}],"wp:term":[{"taxonomy":"product_brand","embeddable":true,"href":"https:\/\/eco-drinkware.com\/fr\/wp-json\/wp\/v2\/product_brand?post=3087"},{"taxonomy":"product_cat","embeddable":true,"href":"https:\/\/eco-drinkware.com\/fr\/wp-json\/wp\/v2\/product_cat?post=3087"},{"taxonomy":"product_tag","embeddable":true,"href":"https:\/\/eco-drinkware.com\/fr\/wp-json\/wp\/v2\/product_tag?post=3087"}],"curies":[{"name":"wp","href":"https:\/\/api.w.org\/{rel}","templated":true}]}}