{"id":3118,"date":"2025-08-20T11:46:09","date_gmt":"2025-08-20T03:46:09","guid":{"rendered":"https:\/\/eco-drinkware.com\/?post_type=product&#038;p=3118"},"modified":"2025-08-20T14:11:11","modified_gmt":"2025-08-20T06:11:11","slug":"gv024b-fiole-thermique-en-acier-inoxydable-de-1000-ml-avec-compartiment-a-la-base-pour-les-medicaments-en-poudre-ou-les-cles","status":"publish","type":"product","link":"https:\/\/eco-drinkware.com\/fr\/product\/gv024b-fiole-thermique-en-acier-inoxydable-de-1000-ml-avec-compartiment-a-la-base-pour-les-medicaments-en-poudre-ou-les-cles\/","title":{"rendered":"GV024B Fiole thermique en acier inoxydable de 1000 ml avec compartiment \u00e0 la base pour les m\u00e9dicaments en poudre ou les cl\u00e9s"},"content":{"rendered":"<h2 class=\"wp-block-heading\"><strong>Flasque en acier inoxydable personnalis\u00e9e avec compartiment (32oz) vente en gros<\/strong><\/h2>\n\n\n\n<p><strong>Verres \u00e0 boire personnalisables de qualit\u00e9 sup\u00e9rieure pour tous les besoins<\/strong><br>Pr\u00e9sentation de notre\u00a0<strong>Gobelet en acier inoxydable personnalis\u00e9 32 oz<\/strong> avec cach\u00e9 <strong>Compartiment ou argent Gadget de voyage et de camping pour cacher l'argent Cl\u00e9s<\/strong>Cette gourde est la solution parfaite pour les entreprises, les \u00e9v\u00e9nements ou les cadeaux promotionnels. Con\u00e7ue dans un souci de durabilit\u00e9 et de personnalisation, cette gourde est id\u00e9ale pour les commandes en gros, offrant une qualit\u00e9 et une fonctionnalit\u00e9 exceptionnelles \u00e0 des prix d'usine comp\u00e9titifs.<\/p>\n\n\n\n<p><strong>Caract\u00e9ristiques principales :<\/strong><\/p>\n\n\n\n<p>\ud83d\udca7\u00a0<strong>Grande capacit\u00e9 de 32 oz<\/strong>\u00a0- Parfait pour garder les boissons chaudes ou froides tout au long de la journ\u00e9e, ce qui en fait un choix pratique pour les bureaux, les \u00e9v\u00e9nements ou le commerce de d\u00e9tail. Parfait pour le th\u00e9 glac\u00e9, le caf\u00e9, le jus de fruit ou tout autre liquide.<\/p>\n\n\n\n<p>\ud83c\udf21\ufe0f\u00a0<strong>Isolation sous vide \u00e0 double paroi<\/strong>\u00a0- Garantit que les boissons restent chaudes jusqu'\u00e0 12 heures ou froides jusqu'\u00e0 24 heures, en assurant une r\u00e9tention sup\u00e9rieure de la temp\u00e9rature. <\/p>\n\n\n\n<p>\ud83c\udf43\u00a0<strong>\u00c9cologique et durable :<\/strong>\u00a0Fabriqu\u00e9 en acier inoxydable de haute qualit\u00e9, sans BPA, ce gobelet est con\u00e7u pour durer. Tous les mat\u00e9riaux sont compatibles avec les aliments. Laissez tomber les gobelets \u00e0 usage unique et r\u00e9duisez les d\u00e9chets gr\u00e2ce \u00e0 un choix r\u00e9utilisable et respectueux de l'environnement.<\/p>\n\n\n\n<p>\ud83c\udfa8\u00a0<strong>Enti\u00e8rement personnalisable<\/strong>\u00a0- Ajoutez votre logo, votre marque ou un design unique pour cr\u00e9er une flasque personnalis\u00e9e qui se d\u00e9marque. Notre usine peut imprimer, graver ou d\u00e9couper au laser pour r\u00e9pondre \u00e0 vos besoins sp\u00e9cifiques.<\/p>\n\n\n\n<p><strong>Construction en acier inoxydable de premi\u00e8re qualit\u00e9<\/strong>\u00a0- Fabriqu\u00e9 en acier inoxydable de haute qualit\u00e9, r\u00e9sistant \u00e0 la rouille, sans BPA et con\u00e7u pour une utilisation prolong\u00e9e. Mat\u00e9riau et conception tr\u00e8s durables. <\/p>\n\n\n\n<p><strong>\u00a0Avec compartiment dans la base<\/strong>- La bouteille d'eau est devenue un \u00e9l\u00e9ment essentiel de la vie quotidienne de millions de personnes, mais avec vos poches et vos mains d\u00e9j\u00e0 pleines, elle peut devenir un \u00e9l\u00e9ment de plus \u00e0 surveiller dans le cadre de vos d\u00e9placements quotidiens. Gr\u00e2ce au compartiment de stockage int\u00e9gr\u00e9 et \u00e0 la double paroi de Bindle Bottle, votre boisson restera fra\u00eeche pendant des heures et vous aurez les mains libres.<\/p>\n\n\n\n<p><strong>Pourquoi vous l'aimerez :<\/strong><\/p>\n\n\n\n<h3 class=\"wp-block-heading\"><strong>Pourquoi choisir notre flasque en acier inoxydable pour les commandes en gros ?<\/strong><\/h3>\n\n\n\n<p>\u2728\u00a0<strong>Options de personnalisation<\/strong>\u00a0- En tant que fournisseur de confiance, nous offrons un large \u00e9ventail d'options de personnalisation, y compris l'emplacement du logo, le choix des couleurs et l'emballage personnalis\u00e9.<br>\u2728\u00a0<strong>Prix directs d'usine<\/strong>\u00a0- B\u00e9n\u00e9ficiez de tarifs comp\u00e9titifs pour les commandes en gros, afin de garantir la rentabilit\u00e9 sans compromettre la qualit\u00e9.<br>\u2728\u00a0<strong>Durable et fiable<\/strong>\u00a0- Con\u00e7us pour r\u00e9sister \u00e0 un usage quotidien, nos gobelets sont parfaits pour les cadeaux d'entreprise, les \u00e9v\u00e9nements promotionnels ou les ventes au d\u00e9tail. Eco Drinkware offre un excellent service apr\u00e8s-vente pour ses gourdes isothermes.<br>\u2728\u00a0<strong>D\u00e9lai d'ex\u00e9cution rapide<\/strong>\u00a0- Notre usine est \u00e9quip\u00e9e pour traiter des commandes de grande envergure avec une production efficace et une livraison dans les d\u00e9lais. En particulier, nous utilisons des robots dans la production, ce qui rend la production beaucoup plus rapide aujourd'hui.<br>\u2728\u00a0<strong>Respectueux de l'environnement et r\u00e9utilisable<\/strong>\u00a0- Promouvoir la durabilit\u00e9 avec un gobelet r\u00e9utilisable qui r\u00e9duit les d\u00e9chets et s'aligne sur les valeurs \u00e9co-conscientes. De plus en plus de clients choisissent la gourde isotherme en acier inoxydable pour remplacer la bouteille en plastique \u2728<strong>Livraison mondiale<\/strong>\u00a0- Nous offrons une livraison mondiale \u00e0 tous nos clients. Nous proposons m\u00eame l'exp\u00e9dition DDP dans de nombreux pays. Cela permet aux clients d'\u00e9conomiser de l'argent.                                                                                                \u2728<strong>Un fournisseur fiable<\/strong>\u00a0- Eco Drinkware travaille dans ce domaine depuis 10 ans. Nous disposons d'une \u00e9quipe technologique et d'un personnel de vente exp\u00e9riment\u00e9s pour mener \u00e0 bien tous les nouveaux projets. Il est sage de travailler avec un fournisseur professionnel pour \u00e9conomiser de l'argent et du temps. L'exp\u00e9rience d'achat se d\u00e9roulera dans la confiance. <\/p>\n\n\n\n<hr class=\"wp-block-separator has-alpha-channel-opacity\"\/>\n\n\n\n<h3 class=\"wp-block-heading\"><strong>Parfait pour :<\/strong><\/h3>\n\n\n\n<ul class=\"wp-block-list\">\n<li><strong>Cadeaux d'entreprise<\/strong>\u00a0- Impressionnez vos clients ou r\u00e9compensez vos employ\u00e9s avec une gourde en acier inoxydable de haute qualit\u00e9.<\/li>\n\n\n\n<li><strong>\u00c9v\u00e9nements promotionnels<\/strong>&nbsp;- Augmentez la visibilit\u00e9 de votre marque gr\u00e2ce \u00e0 un objet publicitaire pratique et \u00e9l\u00e9gant.<\/li>\n\n\n\n<li><strong>Ventes au d\u00e9tail<\/strong>\u00a0- Faites le plein de bouteilles d'eau personnalisables, uniques et sp\u00e9ciales qui plaisent \u00e0 un large public.<\/li>\n\n\n\n<li><strong>Collectes de fonds et cadeaux<\/strong>&nbsp;- Offrez un produit fonctionnel et m\u00e9morable que les supporters aimeront.<\/li>\n<\/ul>\n\n\n\n<hr class=\"wp-block-separator has-alpha-channel-opacity\"\/>\n\n\n\n<p><strong>Commandez d\u00e8s aujourd'hui !<\/strong><br>En tant que fournisseur de premier plan d'articles de boisson personnalis\u00e9s, nous sommes sp\u00e9cialis\u00e9s dans l'aide aux entreprises pour cr\u00e9er des produits personnalis\u00e9s qui laissent une impression durable. Que vous ayez besoin de 1 000 ou de 10 000 unit\u00e9s, notre usine est pr\u00eate \u00e0 r\u00e9pondre \u00e0 vos demandes avec une qualit\u00e9 irr\u00e9prochable et un service exceptionnel.<\/p>\n\n\n\n<p><strong>Contactez-nous d\u00e8s maintenant pour un devis personnalis\u00e9 et rehaussez votre image de marque avec notre flasque en acier inoxydable personnalis\u00e9e de 32 oz !<\/strong><\/p>\n\n\n\n<div class=\"wp-block-uagb-image uagb-block-ebf0aa1f wp-block-uagb-image--layout-default wp-block-uagb-image--effect-static wp-block-uagb-image--align-none\"><figure class=\"wp-block-uagb-image__figure\"><img decoding=\"async\" srcset=\"https:\/\/eco-drinkware.com\/wp-content\/uploads\/2025\/08\/custom-brand-water-bottle.webp ,https:\/\/eco-drinkware.com\/wp-content\/uploads\/2025\/08\/custom-brand-water-bottle.webp 780w, https:\/\/eco-drinkware.com\/wp-content\/uploads\/2025\/08\/custom-brand-water-bottle.webp 360w\" sizes=\"auto, (max-width: 480px) 150px\" src=\"https:\/\/eco-drinkware.com\/wp-content\/uploads\/2025\/08\/custom-brand-water-bottle.webp\" alt=\"Bouteille d&#039;eau en acier inoxydable avec logo personnalis\u00e9 et poign\u00e9e noire\" class=\"uag-image-3116\" width=\"1000\" height=\"1000\" title=\"gourde thermique avec compartiment\" loading=\"lazy\" role=\"img\"\/><\/figure><\/div>\n\n\n\n<figure class=\"wp-block-table\"><table class=\"has-fixed-layout\"><tbody><tr><td>Num\u00e9ro de l'article<\/td><td>GV024B<\/td><\/tr><tr><td>Capacit\u00e9<\/td><td>32oz\/1000ml<\/td><\/tr><tr><td>Isol\u00e9<\/td><td>Oui&nbsp;&nbsp;&nbsp;&nbsp;&nbsp;&nbsp;&nbsp;&nbsp;&nbsp;&nbsp;&nbsp;&nbsp;&nbsp;<\/td><\/tr><tr><td>Position du logo<\/td><td>Corps de la bouteille <\/td><\/tr><tr><td>Couleur<\/td><td>Rouge, argent, vert, bleu, blanc, noir, or rose, couleur personnalis\u00e9e, couleur Pantone<\/td><\/tr><tr><td>Mat\u00e9riau<\/td><td>Int\u00e9rieur en acier inoxydable 304 et ext\u00e9rieur en acier inoxydable 201 ,nouveau couvercle en plastique pp ,joint d'\u00e9tanch\u00e9it\u00e9 en silicone<\/td><\/tr><tr><td>Fonctionnalit\u00e9<\/td><td>Bouteille sous vide \u00e0 double paroi, grande capacit\u00e9, design personnalis\u00e9<\/td><\/tr><tr><td>MOQ<\/td><td>1000 pi\u00e8ces<\/td><\/tr><tr><td>Logo<\/td><td>Laser, impression en soie, transfert thermique, transfert d'eau, transfert de gaz, impression 3D, sublimation, etc.<\/td><\/tr><tr><td>Paquet<\/td><td>bo\u00eete blanche, bo\u00eete imprim\u00e9e personnalis\u00e9e, bo\u00eete cylindrique, sac \u00e0 bulles, bo\u00eete cadeau<\/td><\/tr><tr><td>Temps d'\u00e9chantillonnage<\/td><td>3 jours pour un \u00e9chantillon de stock, 7 jours pour un \u00e9chantillon de logo personnalis\u00e9<\/td><\/tr><tr><td>Temps de production<\/td><td>25-35 jours en fonction de la quantit\u00e9 et des besoins<\/td><\/tr><tr><td>A propos du paiement<\/td><td>Transfert bancaire, paypal, western union, assurance commerciale<\/td><\/tr><tr><td>Pays d'origine<\/td><td>Fabriqu\u00e9 en Chine<\/td><\/tr><tr><td>Origine du certificat<\/td><td>Oui, nous pouvons offrir<\/td><\/tr><tr><td>Nouveau moule de bouteille<\/td><td>Oui, nous disposons d'une nouvelle \u00e9quipe de d\u00e9veloppement de moules<\/td><\/tr><tr><td>Conditions<\/td><td>EXW, FOB, CIF, DDU, DDP<\/td><\/tr><\/tbody><\/table><\/figure>\n\n\n\n<p><\/p>","protected":false},"excerpt":{"rendered":"<p>Flasque en acier inoxydable de qualit\u00e9, personnalis\u00e9e et durable, avec compartiment secret<\/p>\n<ul>\n<li>\n<p>\u00a0<strong>Grande capacit\u00e9 de 32 oz<\/strong>\u00a0- Parfait pour une hydratation tout au long de la journ\u00e9e.<\/p>\n<\/li>\n<li>\n<p>\u00a0<strong>Conception personnalisable<\/strong> - Ajoutez votre logo, votre texte ou votre dessin pour une personnalisation.<\/p>\n<\/li>\n<li>\n<p>\u00a0<strong>Isolation sous vide \u00e0 double paroi<\/strong>\u00a0- Conserve les boissons chaudes pendant 12 heures et froides pendant 24 heures.<\/p>\n<\/li>\n<li>\n<p><strong>Acier inoxydable durable<\/strong> - R\u00e9sistant \u00e0 la rouille, sans BPA et con\u00e7u pour durer.<\/p>\n<\/li>\n<li>\n<p>\u00a0<strong>R\u00e9sistant \u00e0 la transpiration et aux fuites<\/strong>\u00a0- Ext\u00e9rieur sans condensation et couvercle s\u00e9curis\u00e9 pour une utilisation sans d\u00e9g\u00e2ts.<\/p>\n<\/li>\n<li>\n<p><strong>Polyvalent et portable<\/strong> - Id\u00e9al pour la maison, le bureau, les voyages ou les aventures en plein air.<\/p>\n<\/li>\n<li>\n<p><strong>Avec compartiment cach\u00e9<\/strong> - Espace suppl\u00e9mentaire en bas pour tenir quelque chose et lib\u00e9rer les mains.<\/p>\n<p>Contactez-nous pour personnaliser le flacon en acier inoxydable unique afin de gagner plus de march\u00e9.\u00a0<\/p>\n<\/li>\n<\/ul>","protected":false},"featured_media":3116,"template":"","meta":{"_acf_changed":false,"_seopress_robots_primary_cat":"none","_seopress_titles_title":"GV024B 1000ml stainless steel thermal flask with compartment\u00a0in base for powder medicine or keys","_seopress_titles_desc":"Unique flask with compartment .Food safe and BPA free materials, custom color and design is welcome. Profession drinkware manufacturer in China. Door to door delivery worldwide.  Whatsapp:0086 13567428830","_seopress_robots_index":"","_uag_custom_page_level_css":""},"product_brand":[],"product_cat":[32,31,40,19,24,20],"product_tag":[124,71,70,77,69,86,122,123],"class_list":{"0":"post-3118","1":"product","2":"type-product","3":"status-publish","4":"has-post-thumbnail","6":"product_cat-insulated-water-bottle","7":"product_cat-sports-water-bottle","8":"product_cat-stainless-steel-tumbler","9":"product_cat-stainless-steel-water-bottle","10":"product_cat-tumblers-mugs","11":"product_cat-vacuum-flask","12":"product_tag-32oz-insulated-flask","13":"product_tag-bpa-free-vacuum-flask","14":"product_tag-double-wall-insulated-flask","15":"product_tag-personalized-insulated-mug","16":"product_tag-stainless-steel-flask","17":"product_tag-stainless-steel-insulated-cups-with-lid-and-straw","18":"product_tag-thermal-flask-with-compartment","19":"product_tag-thermos-with-compartment","21":"first","22":"instock","23":"shipping-taxable","24":"product-type-simple"},"acf":[],"uagb_featured_image_src":{"full":["https:\/\/eco-drinkware.com\/wp-content\/uploads\/2025\/08\/custom-brand-water-bottle.webp",1000,1000,false],"thumbnail":["https:\/\/eco-drinkware.com\/wp-content\/uploads\/2025\/08\/custom-brand-water-bottle-150x150.webp",150,150,true],"medium":["https:\/\/eco-drinkware.com\/wp-content\/uploads\/2025\/08\/custom-brand-water-bottle-300x300.webp",300,300,true],"medium_large":["https:\/\/eco-drinkware.com\/wp-content\/uploads\/2025\/08\/custom-brand-water-bottle-768x768.webp",768,768,true],"large":["https:\/\/eco-drinkware.com\/wp-content\/uploads\/2025\/08\/custom-brand-water-bottle.webp",1000,1000,false],"1536x1536":["https:\/\/eco-drinkware.com\/wp-content\/uploads\/2025\/08\/custom-brand-water-bottle.webp",1000,1000,false],"2048x2048":["https:\/\/eco-drinkware.com\/wp-content\/uploads\/2025\/08\/custom-brand-water-bottle.webp",1000,1000,false],"trp-custom-language-flag":["https:\/\/eco-drinkware.com\/wp-content\/uploads\/2025\/08\/custom-brand-water-bottle.webp",12,12,false],"woocommerce_thumbnail":["https:\/\/eco-drinkware.com\/wp-content\/uploads\/2025\/08\/custom-brand-water-bottle-300x300.webp",300,300,true],"woocommerce_single":["https:\/\/eco-drinkware.com\/wp-content\/uploads\/2025\/08\/custom-brand-water-bottle-600x600.webp",600,600,true],"woocommerce_gallery_thumbnail":["https:\/\/eco-drinkware.com\/wp-content\/uploads\/2025\/08\/custom-brand-water-bottle-100x100.webp",100,100,true]},"uagb_author_info":{"display_name":"Amy","author_link":"https:\/\/eco-drinkware.com\/fr\/author\/"},"uagb_comment_info":0,"uagb_excerpt":"Quality custom durable stainless steel flask with secret compartment \u00a032oz Large Capacity\u00a0\u2013 Perfect for all-day hydration. \u00a0Customizable Design \u2013 Add your logo, text, or artwork for a customization. \u00a0Double-Wall Vacuum Insulation\u00a0\u2013 Keeps drinks hot for 12 hours and cold for 24 hours. Durable Stainless Steel \u2013 Rust-resistant, BPA-free, and built to last.Food safe materials. \u00a0Sweat-Proof\u2026","_links":{"self":[{"href":"https:\/\/eco-drinkware.com\/fr\/wp-json\/wp\/v2\/product\/3118","targetHints":{"allow":["GET"]}}],"collection":[{"href":"https:\/\/eco-drinkware.com\/fr\/wp-json\/wp\/v2\/product"}],"about":[{"href":"https:\/\/eco-drinkware.com\/fr\/wp-json\/wp\/v2\/types\/product"}],"wp:featuredmedia":[{"embeddable":true,"href":"https:\/\/eco-drinkware.com\/fr\/wp-json\/wp\/v2\/media\/3116"}],"wp:attachment":[{"href":"https:\/\/eco-drinkware.com\/fr\/wp-json\/wp\/v2\/media?parent=3118"}],"wp:term":[{"taxonomy":"product_brand","embeddable":true,"href":"https:\/\/eco-drinkware.com\/fr\/wp-json\/wp\/v2\/product_brand?post=3118"},{"taxonomy":"product_cat","embeddable":true,"href":"https:\/\/eco-drinkware.com\/fr\/wp-json\/wp\/v2\/product_cat?post=3118"},{"taxonomy":"product_tag","embeddable":true,"href":"https:\/\/eco-drinkware.com\/fr\/wp-json\/wp\/v2\/product_tag?post=3118"}],"curies":[{"name":"wp","href":"https:\/\/api.w.org\/{rel}","templated":true}]}}